{"id":2202,"date":"2022-03-17T03:40:34","date_gmt":"2022-03-17T03:40:34","guid":{"rendered":"https:\/\/agricultural-gear-boxes.com\/?post_type=product&#038;p=2202"},"modified":"2022-03-17T05:24:29","modified_gmt":"2022-03-17T05:24:29","slug":"rotary-power-tiller-gearbox","status":"publish","type":"product","link":"https:\/\/agricultural-gear-boxes.com\/es\/product\/rotary-power-tiller-gearbox\/","title":{"rendered":"Caja de cambios para motocultor rotativo"},"content":{"rendered":"<table border=\"1\" width=\"100%\" cellspacing=\"1\" cellpadding=\"1\">\n<tbody>\n<tr>\n<td width=\"182\">Nombre del producto<\/td>\n<td width=\"568\">Caja de cambios para motocultor rotativo<\/td>\n<\/tr>\n<tr>\n<td>Modelo<\/td>\n<td>M.C.J.<\/td>\n<\/tr>\n<tr>\n<td>Color<\/td>\n<td>Personalizaci\u00f3n<\/td>\n<\/tr>\n<tr>\n<td>Material<\/td>\n<td>HT250 para carcasa, 20CrMnTi para eje de engranaje.<\/td>\n<\/tr>\n<tr>\n<td>Usado<\/td>\n<td>Transmisi\u00f3n de cultivador rotativo<\/td>\n<\/tr>\n<\/tbody>\n<\/table>\n<p>Im\u00e1genes de la m\u00e1quina:<\/p>\n<p><img loading=\"lazy\" decoding=\"async\" class=\"alignnone wp-image-2217 size-full\" src=\"https:\/\/agricultural-gear-boxes.com\/wp-content\/uploads\/2022\/03\/agricultural-gearbox9.jpg\" alt=\"\" width=\"500\" height=\"371\" data-wp-editing=\"1\" srcset=\"https:\/\/agricultural-gear-boxes.com\/wp-content\/uploads\/2022\/03\/agricultural-gearbox9.jpg 500w, https:\/\/agricultural-gear-boxes.com\/wp-content\/uploads\/2022\/03\/agricultural-gearbox9-480x356.jpg 480w\" sizes=\"(min-width: 0px) and (max-width: 480px) 480px, (min-width: 481px) 500px, 100vw\" \/><\/p>\n<p>Dibujo a m\u00e1quina:<\/p>\n<p><img loading=\"lazy\" decoding=\"async\" class=\"alignnone wp-image-2222 size-full\" src=\"https:\/\/agricultural-gear-boxes.com\/wp-content\/uploads\/2022\/03\/agricultural-gearbox14.jpg\" alt=\"\" width=\"500\" height=\"347\" srcset=\"https:\/\/agricultural-gear-boxes.com\/wp-content\/uploads\/2022\/03\/agricultural-gearbox14.jpg 500w, https:\/\/agricultural-gear-boxes.com\/wp-content\/uploads\/2022\/03\/agricultural-gearbox14-480x333.jpg 480w\" sizes=\"(min-width: 0px) and (max-width: 480px) 480px, (min-width: 481px) 500px, 100vw\" \/><\/p>\n<p>Detalles:<\/p>\n<p><img loading=\"lazy\" decoding=\"async\" class=\"alignnone wp-image-2218 size-full\" src=\"https:\/\/agricultural-gear-boxes.com\/wp-content\/uploads\/2022\/03\/agricultural-gearbox10.jpg\" alt=\"\" width=\"500\" height=\"313\" srcset=\"https:\/\/agricultural-gear-boxes.com\/wp-content\/uploads\/2022\/03\/agricultural-gearbox10.jpg 500w, https:\/\/agricultural-gear-boxes.com\/wp-content\/uploads\/2022\/03\/agricultural-gearbox10-480x300.jpg 480w\" sizes=\"(min-width: 0px) and (max-width: 480px) 480px, (min-width: 481px) 500px, 100vw\" \/><\/p>","protected":false},"excerpt":{"rendered":"<p>Nombre del producto Caja de cambios para motocultor Modelo MCJ Personalizaci\u00f3n del color Material HT250 para la carcasa, 20CrMnTi para el eje del engranaje. Im\u00e1genes de la m\u00e1quina de transmisi\u00f3n para motocultor usada: Dibujo de la m\u00e1quina: Detalles:<\/p>","protected":false},"featured_media":2209,"template":"","meta":{"_et_pb_use_builder":"","_et_pb_old_content":"","_et_gb_content_width":""},"product_brand":[],"product_cat":[10402],"product_tag":[],"class_list":{"0":"post-2202","1":"product","2":"type-product","3":"status-publish","4":"has-post-thumbnail","6":"product_cat-agricultural-gearbox","8":"first","9":"instock","10":"shipping-taxable","11":"product-type-simple"},"_links":{"self":[{"href":"https:\/\/agricultural-gear-boxes.com\/es\/wp-json\/wp\/v2\/product\/2202","targetHints":{"allow":["GET"]}}],"collection":[{"href":"https:\/\/agricultural-gear-boxes.com\/es\/wp-json\/wp\/v2\/product"}],"about":[{"href":"https:\/\/agricultural-gear-boxes.com\/es\/wp-json\/wp\/v2\/types\/product"}],"wp:featuredmedia":[{"embeddable":true,"href":"https:\/\/agricultural-gear-boxes.com\/es\/wp-json\/wp\/v2\/media\/2209"}],"wp:attachment":[{"href":"https:\/\/agricultural-gear-boxes.com\/es\/wp-json\/wp\/v2\/media?parent=2202"}],"wp:term":[{"taxonomy":"product_brand","embeddable":true,"href":"https:\/\/agricultural-gear-boxes.com\/es\/wp-json\/wp\/v2\/product_brand?post=2202"},{"taxonomy":"product_cat","embeddable":true,"href":"https:\/\/agricultural-gear-boxes.com\/es\/wp-json\/wp\/v2\/product_cat?post=2202"},{"taxonomy":"product_tag","embeddable":true,"href":"https:\/\/agricultural-gear-boxes.com\/es\/wp-json\/wp\/v2\/product_tag?post=2202"}],"curies":[{"name":"wp","href":"https:\/\/api.w.org\/{rel}","templated":true}]}}