{"id":2203,"date":"2022-03-17T03:44:12","date_gmt":"2022-03-17T03:44:12","guid":{"rendered":"https:\/\/agricultural-gear-boxes.com\/?post_type=product&#038;p=2203"},"modified":"2022-03-17T05:26:39","modified_gmt":"2022-03-17T05:26:39","slug":"customized-agricultural-lawn-mower-gearbox","status":"publish","type":"product","link":"https:\/\/agricultural-gear-boxes.com\/es\/product\/customized-agricultural-lawn-mower-gearbox\/","title":{"rendered":"Caja de cambios para cortadora de c\u00e9sped agr\u00edcola personalizada"},"content":{"rendered":"<p>Lawn mower gearbox is used for lawn mower transmission, our normal standard from 30HP-90HP, we accept custom-made.We are professional in agricultural gearbox field for\u00a0more than 20 years experience. We can offer you not only gearboxes, but also designing\u00a0solution.<\/p>\n<table border=\"1\" width=\"100%\">\n<tbody>\n<tr>\n<td colspan=\"4\" align=\"center\">SPECIFICATIONS FOR 35HP GEARBOX<\/td>\n<\/tr>\n<tr>\n<td rowspan=\"3\" width=\"228\">Material<\/td>\n<td align=\"center\" width=\"220\">QT450 para vivienda<\/td>\n<td align=\"center\" width=\"103\">Relaci\u00f3n<\/td>\n<td align=\"center\" width=\"80\">1:1.93<\/td>\n<\/tr>\n<tr>\n<td align=\"center\">20CrMnTi para eje de engranaje<\/td>\n<td align=\"center\">Modelo de engranaje<\/td>\n<td align=\"center\">5<\/td>\n<\/tr>\n<tr>\n<td align=\"center\">Aluminio para placa<\/td>\n<td align=\"center\">Dientes<\/td>\n<td align=\"center\">12\/23<\/td>\n<\/tr>\n<tr>\n<td rowspan=\"3\">Principales par\u00e1metros de rendimiento<\/td>\n<td align=\"center\">Ruido<\/td>\n<td align=\"center\">82 dB<\/td>\n<td align=\"center\">1 metro<\/td>\n<\/tr>\n<tr>\n<td align=\"center\">Velocidad de entrada<\/td>\n<td align=\"center\">540 rpm<\/td>\n<td align=\"center\">\/<\/td>\n<\/tr>\n<tr>\n<td align=\"center\">Par de torsi\u00f3n del perno<\/td>\n<td align=\"center\">23-28 millas n\u00e1uticas<\/td>\n<td align=\"center\">\/<\/td>\n<\/tr>\n<\/tbody>\n<\/table>\n<p>Im\u00e1genes de la m\u00e1quina:<\/p>\n<p><img loading=\"lazy\" decoding=\"async\" class=\"alignnone wp-image-2224 size-full\" src=\"https:\/\/agricultural-gear-boxes.com\/wp-content\/uploads\/2022\/03\/agricultural-gearbox16.jpg\" alt=\"\" width=\"500\" height=\"419\" srcset=\"https:\/\/agricultural-gear-boxes.com\/wp-content\/uploads\/2022\/03\/agricultural-gearbox16.jpg 500w, https:\/\/agricultural-gear-boxes.com\/wp-content\/uploads\/2022\/03\/agricultural-gearbox16-480x402.jpg 480w\" sizes=\"(min-width: 0px) and (max-width: 480px) 480px, (min-width: 481px) 500px, 100vw\" \/><\/p>\n<p>Dibujo a m\u00e1quina:<\/p>\n<p><img loading=\"lazy\" decoding=\"async\" class=\"alignnone wp-image-2219 size-full\" src=\"https:\/\/agricultural-gear-boxes.com\/wp-content\/uploads\/2022\/03\/agricultural-gearbox11.jpg\" alt=\"\" width=\"500\" height=\"347\" srcset=\"https:\/\/agricultural-gear-boxes.com\/wp-content\/uploads\/2022\/03\/agricultural-gearbox11.jpg 500w, https:\/\/agricultural-gear-boxes.com\/wp-content\/uploads\/2022\/03\/agricultural-gearbox11-480x333.jpg 480w\" sizes=\"(min-width: 0px) and (max-width: 480px) 480px, (min-width: 481px) 500px, 100vw\" \/><\/p>\n<p>Detalles:<\/p>\n<p><img loading=\"lazy\" decoding=\"async\" class=\"alignnone wp-image-2220 size-full\" src=\"https:\/\/agricultural-gear-boxes.com\/wp-content\/uploads\/2022\/03\/agricultural-gearbox12.jpg\" alt=\"\" width=\"500\" height=\"313\" srcset=\"https:\/\/agricultural-gear-boxes.com\/wp-content\/uploads\/2022\/03\/agricultural-gearbox12.jpg 500w, https:\/\/agricultural-gear-boxes.com\/wp-content\/uploads\/2022\/03\/agricultural-gearbox12-480x300.jpg 480w\" sizes=\"(min-width: 0px) and (max-width: 480px) 480px, (min-width: 481px) 500px, 100vw\" \/><\/p>\n<p>Como uno de los principales fabricantes de cajas de cambios agr\u00edcolas, proveedores y exportadores de productos mec\u00e1nicos, suministramos cajas de cambios agr\u00edcolas y muchos otros productos para cajas de cambios agr\u00edcolas en racimo. caja de cambios agr\u00edcola, fabricante de caja de cambios agr\u00edcola, proveedor de caja de cambios agr\u00edcola, exportador de caja de cambios agr\u00edcola, vendedor de caja de cambios agr\u00edcola, caja de cambios agr\u00edcola fabricada en China, caja de cambios agr\u00edcola al por mayor, comprar caja de cambios agr\u00edcola, personalizar caja de cambios agr\u00edcola - Encuentre fabricantes y proveedores de cajas de cambios agr\u00edcolas. Elija entre fabricantes, proveedores y exportadores de cajas de cambios agr\u00edcolas de calidad en Agricultural-gear-boxes.com.<\/p>","protected":false},"excerpt":{"rendered":"<p>Lawn mower gearbox is used for lawn mower transmission, our normal standard from 30HP-90HP, we accept custom-made.We are professional in agricultural gearbox field for\u00a0more than 20 years experience. We can offer you not only gearboxes, but also designing\u00a0solution. SPECIFICATIONS FOR 35HP GEARBOX Material QT450 for housing Ratio 1:1.93 20CrMnTi for gear shaft Gear model 5 [&hellip;]<\/p>","protected":false},"featured_media":2210,"template":"","meta":{"_et_pb_use_builder":"","_et_pb_old_content":"","_et_gb_content_width":""},"product_brand":[],"product_cat":[10402],"product_tag":[],"class_list":{"0":"post-2203","1":"product","2":"type-product","3":"status-publish","4":"has-post-thumbnail","6":"product_cat-agricultural-gearbox","8":"first","9":"instock","10":"shipping-taxable","11":"product-type-simple"},"_links":{"self":[{"href":"https:\/\/agricultural-gear-boxes.com\/es\/wp-json\/wp\/v2\/product\/2203","targetHints":{"allow":["GET"]}}],"collection":[{"href":"https:\/\/agricultural-gear-boxes.com\/es\/wp-json\/wp\/v2\/product"}],"about":[{"href":"https:\/\/agricultural-gear-boxes.com\/es\/wp-json\/wp\/v2\/types\/product"}],"wp:featuredmedia":[{"embeddable":true,"href":"https:\/\/agricultural-gear-boxes.com\/es\/wp-json\/wp\/v2\/media\/2210"}],"wp:attachment":[{"href":"https:\/\/agricultural-gear-boxes.com\/es\/wp-json\/wp\/v2\/media?parent=2203"}],"wp:term":[{"taxonomy":"product_brand","embeddable":true,"href":"https:\/\/agricultural-gear-boxes.com\/es\/wp-json\/wp\/v2\/product_brand?post=2203"},{"taxonomy":"product_cat","embeddable":true,"href":"https:\/\/agricultural-gear-boxes.com\/es\/wp-json\/wp\/v2\/product_cat?post=2203"},{"taxonomy":"product_tag","embeddable":true,"href":"https:\/\/agricultural-gear-boxes.com\/es\/wp-json\/wp\/v2\/product_tag?post=2203"}],"curies":[{"name":"wp","href":"https:\/\/api.w.org\/{rel}","templated":true}]}}