{"id":2204,"date":"2022-03-17T03:45:48","date_gmt":"2022-03-17T03:45:48","guid":{"rendered":"https:\/\/agricultural-gear-boxes.com\/?post_type=product&#038;p=2204"},"modified":"2022-03-17T05:28:09","modified_gmt":"2022-03-17T05:28:09","slug":"oem-odm-rotary-lawn-mower-gearbox","status":"publish","type":"product","link":"https:\/\/agricultural-gear-boxes.com\/es\/product\/oem-odm-rotary-lawn-mower-gearbox\/","title":{"rendered":"Caja de cambios para cortadora de c\u00e9sped rotativa OEM y ODM"},"content":{"rendered":"<p>Caja de cambios para cortadora de c\u00e9sped rotativa OEM y ODM<\/p>\n<p>1. Caja de cambios RG70 para cortadora de c\u00e9sped rotativa<\/p>\n<p>2. Tipo: RG70-1; RG70-2; RG70-3; RG70-4<\/p>\n<p>3. Aceite: 1,9L<\/p>\n<p>4. Certificaci\u00f3n: ISO9001:2008, SGS<\/p>\n<table border=\"1\" width=\"100%\" cellspacing=\"0\" cellpadding=\"0\">\n<tbody>\n<tr>\n<td>Nombre del producto<\/td>\n<td>Caja de cambios para cortadora de c\u00e9sped rotativa RG70<\/td>\n<\/tr>\n<tr>\n<td>Material<\/td>\n<td>Carcasa como QT450, eje como 20CrMnTi<\/td>\n<\/tr>\n<tr>\n<td>Color<\/td>\n<td>Oscuro o rojo o seg\u00fan personalizaci\u00f3n.<\/td>\n<\/tr>\n<tr>\n<td>Tipo<\/td>\n<td>Engranaje c\u00f3nico<\/td>\n<\/tr>\n<tr>\n<td>Relaci\u00f3n<\/td>\n<td>1:1.92<\/td>\n<\/tr>\n<tr>\n<td>Cojinete<\/td>\n<td>Control de calidad o C&amp;U o NTN<\/td>\n<\/tr>\n<tr>\n<td>Garant\u00eda<\/td>\n<td>un a\u00f1o y medio<\/td>\n<\/tr>\n<tr>\n<td>Usado<\/td>\n<td>cortac\u00e9sped<\/td>\n<\/tr>\n<\/tbody>\n<\/table>\n<p>Im\u00e1genes de la m\u00e1quina:<\/p>\n<p><img loading=\"lazy\" decoding=\"async\" class=\"alignnone wp-image-2215 size-full\" src=\"https:\/\/agricultural-gear-boxes.com\/wp-content\/uploads\/2022\/03\/agricultural-gearbox7.jpg\" alt=\"\" width=\"500\" height=\"419\" srcset=\"https:\/\/agricultural-gear-boxes.com\/wp-content\/uploads\/2022\/03\/agricultural-gearbox7.jpg 500w, https:\/\/agricultural-gear-boxes.com\/wp-content\/uploads\/2022\/03\/agricultural-gearbox7-480x402.jpg 480w\" sizes=\"(min-width: 0px) and (max-width: 480px) 480px, (min-width: 481px) 500px, 100vw\" \/><\/p>\n<p>Dibujo a m\u00e1quina:<\/p>\n<p><img loading=\"lazy\" decoding=\"async\" class=\"alignnone wp-image-2223 size-full\" src=\"https:\/\/agricultural-gear-boxes.com\/wp-content\/uploads\/2022\/03\/agricultural-gearbox15.jpg\" alt=\"\" width=\"500\" height=\"347\" srcset=\"https:\/\/agricultural-gear-boxes.com\/wp-content\/uploads\/2022\/03\/agricultural-gearbox15.jpg 500w, https:\/\/agricultural-gear-boxes.com\/wp-content\/uploads\/2022\/03\/agricultural-gearbox15-480x333.jpg 480w\" sizes=\"(min-width: 0px) and (max-width: 480px) 480px, (min-width: 481px) 500px, 100vw\" \/><\/p>\n<p>Detalles:<\/p>\n<p><img loading=\"lazy\" decoding=\"async\" class=\"alignnone wp-image-2220 size-full\" src=\"https:\/\/agricultural-gear-boxes.com\/wp-content\/uploads\/2022\/03\/agricultural-gearbox12.jpg\" alt=\"\" width=\"500\" height=\"313\" srcset=\"https:\/\/agricultural-gear-boxes.com\/wp-content\/uploads\/2022\/03\/agricultural-gearbox12.jpg 500w, https:\/\/agricultural-gear-boxes.com\/wp-content\/uploads\/2022\/03\/agricultural-gearbox12-480x300.jpg 480w\" sizes=\"(min-width: 0px) and (max-width: 480px) 480px, (min-width: 481px) 500px, 100vw\" \/><\/p>\n<p>Como uno de los principales fabricantes de cajas de cambios agr\u00edcolas, proveedores y exportadores de productos mec\u00e1nicos, suministramos cajas de cambios agr\u00edcolas y muchos otros productos para cajas de cambios agr\u00edcolas en racimo. caja de cambios agr\u00edcola, fabricante de caja de cambios agr\u00edcola, proveedor de caja de cambios agr\u00edcola, exportador de caja de cambios agr\u00edcola, vendedor de caja de cambios agr\u00edcola, caja de cambios agr\u00edcola fabricada en China, caja de cambios agr\u00edcola al por mayor, comprar caja de cambios agr\u00edcola, personalizar caja de cambios agr\u00edcola - Encuentre fabricantes y proveedores de cajas de cambios agr\u00edcolas. Elija entre fabricantes, proveedores y exportadores de cajas de cambios agr\u00edcolas de calidad en Agricultural-gear-boxes.com.<\/p>","protected":false},"excerpt":{"rendered":"<p>OEM &amp; ODM Rotary Lawn Mower Gearbox 1. RG70 gearbox for rotary lawn mower 2. Type:\u00a0RG70-1; RG70-2; RG70-3;RG70-4 3. Oil: 1.9L 4. Certification: ISO9001:2008, SGS Product Name Rotary lawn mower gearbox RG70 Material Housing as QT450, Shaft as 20CrMnTi Color Dark or Red or as customized Type Bevel gear Ratio 1:1.92 Bearing QC or C&amp;U [&hellip;]<\/p>","protected":false},"featured_media":2211,"template":"","meta":{"_et_pb_use_builder":"","_et_pb_old_content":"","_et_gb_content_width":""},"product_brand":[],"product_cat":[10402],"product_tag":[],"class_list":{"0":"post-2204","1":"product","2":"type-product","3":"status-publish","4":"has-post-thumbnail","6":"product_cat-agricultural-gearbox","8":"first","9":"instock","10":"shipping-taxable","11":"product-type-simple"},"_links":{"self":[{"href":"https:\/\/agricultural-gear-boxes.com\/es\/wp-json\/wp\/v2\/product\/2204","targetHints":{"allow":["GET"]}}],"collection":[{"href":"https:\/\/agricultural-gear-boxes.com\/es\/wp-json\/wp\/v2\/product"}],"about":[{"href":"https:\/\/agricultural-gear-boxes.com\/es\/wp-json\/wp\/v2\/types\/product"}],"wp:featuredmedia":[{"embeddable":true,"href":"https:\/\/agricultural-gear-boxes.com\/es\/wp-json\/wp\/v2\/media\/2211"}],"wp:attachment":[{"href":"https:\/\/agricultural-gear-boxes.com\/es\/wp-json\/wp\/v2\/media?parent=2204"}],"wp:term":[{"taxonomy":"product_brand","embeddable":true,"href":"https:\/\/agricultural-gear-boxes.com\/es\/wp-json\/wp\/v2\/product_brand?post=2204"},{"taxonomy":"product_cat","embeddable":true,"href":"https:\/\/agricultural-gear-boxes.com\/es\/wp-json\/wp\/v2\/product_cat?post=2204"},{"taxonomy":"product_tag","embeddable":true,"href":"https:\/\/agricultural-gear-boxes.com\/es\/wp-json\/wp\/v2\/product_tag?post=2204"}],"curies":[{"name":"wp","href":"https:\/\/api.w.org\/{rel}","templated":true}]}}