{"id":2205,"date":"2022-03-17T03:52:25","date_gmt":"2022-03-17T03:52:25","guid":{"rendered":"https:\/\/agricultural-gear-boxes.com\/?post_type=product&#038;p=2205"},"modified":"2022-03-17T05:28:35","modified_gmt":"2022-03-17T05:28:35","slug":"tractor-pto-drive-shaft","status":"publish","type":"product","link":"https:\/\/agricultural-gear-boxes.com\/es\/product\/tractor-pto-drive-shaft\/","title":{"rendered":"Eje de transmisi\u00f3n de la toma de fuerza del tractor"},"content":{"rendered":"<p>El eje de la toma de fuerza es un eje de transmisi\u00f3n estriado que generalmente se coloca en los tractores o se puede utilizar para proporcionar energ\u00eda de respaldo a una m\u00e1quina independiente. Actualmente, se pueden ofrecer m\u00e1s de 8 series de ejes de toma de fuerza. Estos ejes est\u00e1n disponibles en las siguientes especificaciones:<\/p>\n<p>Yugo lateral del tractor: Yugo con pasador de empuje de 6 o 21 estr\u00edas;<\/p>\n<p>Yugo lateral del implemento: Yugo tipo perno de corte con pasador de empuje de 6 estr\u00edas;<\/p>\n<p>Tubos: Tubo triangular o tubo de perfil lim\u00f3n;<\/p>\n<p>Protector de pl\u00e1stico: Amarillo o negro;<\/p>\n<p>Minimum overall length: 600-1800mm or 27&#8243;-60&#8243;.<\/p>\n<p>Aplicaci\u00f3n: Eje de transmisi\u00f3n TDF para grada. Tambi\u00e9n piezas de repuesto aplicables a equipos de labranza.<\/p>\n<p>Descripci\u00f3n:<\/p>\n<p>Aplicado a la transmisi\u00f3n de potencia en maquinaria agr\u00edcola moderna, el m\u00e1s com\u00fan es la transmisi\u00f3n de potencia del tractor y la maquinaria agr\u00edcola, a fin de que la maquinaria agr\u00edcola logre el efecto de trabajo normal.<\/p>\n<p>Caracter\u00edsticas:<\/p>\n<p>Acabado impecable<\/p>\n<p>Alta durabilidad<\/p>\n<p>Robustez<\/p>\n<p><img loading=\"lazy\" decoding=\"async\" class=\"alignnone wp-image-2213 size-full\" src=\"https:\/\/agricultural-gear-boxes.com\/wp-content\/uploads\/2022\/03\/agricultural-gearbox5.jpg\" alt=\"\" width=\"500\" height=\"500\" srcset=\"https:\/\/agricultural-gear-boxes.com\/wp-content\/uploads\/2022\/03\/agricultural-gearbox5.jpg 500w, https:\/\/agricultural-gear-boxes.com\/wp-content\/uploads\/2022\/03\/agricultural-gearbox5-480x480.jpg 480w\" sizes=\"(min-width: 0px) and (max-width: 480px) 480px, (min-width: 481px) 500px, 100vw\" \/><\/p>\n<p>Como uno de los principales fabricantes de cajas de cambios agr\u00edcolas, proveedores y exportadores de productos mec\u00e1nicos, suministramos cajas de cambios agr\u00edcolas y muchos otros productos para cajas de cambios agr\u00edcolas en racimo. caja de cambios agr\u00edcola, fabricante de caja de cambios agr\u00edcola, proveedor de caja de cambios agr\u00edcola, exportador de caja de cambios agr\u00edcola, vendedor de caja de cambios agr\u00edcola, caja de cambios agr\u00edcola fabricada en China, caja de cambios agr\u00edcola al por mayor, comprar caja de cambios agr\u00edcola, personalizar caja de cambios agr\u00edcola - Encuentre fabricantes y proveedores de cajas de cambios agr\u00edcolas. Elija entre fabricantes, proveedores y exportadores de cajas de cambios agr\u00edcolas de calidad en Agricultural-gear-boxes.com.<\/p>","protected":false},"excerpt":{"rendered":"<p>PTO Shaft is a splined drive shaft that is generally placed on tractors or can be used to provide power backup to a separate machine. More than 8 series of PTO shafts can be offered now. These shafts are available in the following specifications: Tractor side yoke: 6 or 21 splines push pin yoke; Implement [&hellip;]<\/p>","protected":false},"featured_media":2213,"template":"","meta":{"_et_pb_use_builder":"","_et_pb_old_content":"","_et_gb_content_width":""},"product_brand":[],"product_cat":[10402],"product_tag":[],"class_list":{"0":"post-2205","1":"product","2":"type-product","3":"status-publish","4":"has-post-thumbnail","6":"product_cat-agricultural-gearbox","8":"first","9":"instock","10":"shipping-taxable","11":"product-type-simple"},"_links":{"self":[{"href":"https:\/\/agricultural-gear-boxes.com\/es\/wp-json\/wp\/v2\/product\/2205","targetHints":{"allow":["GET"]}}],"collection":[{"href":"https:\/\/agricultural-gear-boxes.com\/es\/wp-json\/wp\/v2\/product"}],"about":[{"href":"https:\/\/agricultural-gear-boxes.com\/es\/wp-json\/wp\/v2\/types\/product"}],"wp:featuredmedia":[{"embeddable":true,"href":"https:\/\/agricultural-gear-boxes.com\/es\/wp-json\/wp\/v2\/media\/2213"}],"wp:attachment":[{"href":"https:\/\/agricultural-gear-boxes.com\/es\/wp-json\/wp\/v2\/media?parent=2205"}],"wp:term":[{"taxonomy":"product_brand","embeddable":true,"href":"https:\/\/agricultural-gear-boxes.com\/es\/wp-json\/wp\/v2\/product_brand?post=2205"},{"taxonomy":"product_cat","embeddable":true,"href":"https:\/\/agricultural-gear-boxes.com\/es\/wp-json\/wp\/v2\/product_cat?post=2205"},{"taxonomy":"product_tag","embeddable":true,"href":"https:\/\/agricultural-gear-boxes.com\/es\/wp-json\/wp\/v2\/product_tag?post=2205"}],"curies":[{"name":"wp","href":"https:\/\/api.w.org\/{rel}","templated":true}]}}