{"id":2206,"date":"2022-03-17T03:59:34","date_gmt":"2022-03-17T03:59:34","guid":{"rendered":"https:\/\/agricultural-gear-boxes.com\/?post_type=product&#038;p=2206"},"modified":"2022-03-17T05:29:06","modified_gmt":"2022-03-17T05:29:06","slug":"rotary-tiller-pto-shaft","status":"publish","type":"product","link":"https:\/\/agricultural-gear-boxes.com\/es\/product\/rotary-tiller-pto-shaft\/","title":{"rendered":"Eje de toma de fuerza de cultivador rotativo"},"content":{"rendered":"<table>\n<tbody>\n<tr>\n<td class=\"tdwdt\">Material<\/td>\n<td class=\"tdwdt1 color6\">Acero inoxidable<\/td>\n<\/tr>\n<tr>\n<td class=\"tdwdt\">Refinamiento<\/td>\n<td class=\"tdwdt1 color6\">Endurecido por inducci\u00f3n<\/td>\n<\/tr>\n<tr>\n<td class=\"tdwdt\">Color<\/td>\n<td class=\"tdwdt1 color6\">Negro<\/td>\n<\/tr>\n<tr>\n<td class=\"tdwdt\">Uso\/Aplicaci\u00f3n<\/td>\n<td class=\"tdwdt1 color6\">Tractor, Rotovator, Sembradora, Trilladora, Agricultura<\/td>\n<\/tr>\n<tr>\n<td class=\"tdwdt\">Tipo<\/td>\n<td class=\"tdwdt1 color6\">Eje<\/td>\n<\/tr>\n<tr>\n<td class=\"tdwdt\">Funci\u00f3n<\/td>\n<td class=\"tdwdt1 color6\">Transmisi\u00f3n de potencia<\/td>\n<\/tr>\n<tr>\n<td class=\"tdwdt\">Tipo de paquete<\/td>\n<td class=\"tdwdt1 color6\">Caja<\/td>\n<\/tr>\n<tr>\n<td class=\"tdwdt\">Calificaci\u00f3n<\/td>\n<td class=\"tdwdt1 color6\">ES8<\/td>\n<\/tr>\n<\/tbody>\n<\/table>\n<p>Eje de toma de fuerza de repuesto para cultivadores rotativos Land Pride, Bush Hog, Tarter y Behlen de 4\u2032, 5\u2032 y 6\u2032<\/p>\n<p>Este eje de toma de fuerza de la serie 4 funciona con un movimiento giratorio, con una potencia de 35 caballos de fuerza a 540 RPM y una potencia de 54 caballos de fuerza a 1000 RPM. Hay un extremo doble para el tractor y un extremo para el implemento, ambos con extremos hembra de 1-3\/8 pulg., con 6 estr\u00edas. Este eje de toma de fuerza tiene un extremo retra\u00eddo de 43 pulgadas y un extremo extendido de 58,4 pulgadas. El embrague est\u00e1 dise\u00f1ado para deslizarse cuando el par es demasiado grande para el implemento y funciona para ayudar a proteger la caja de cambios. Se incluyen cadenas de seguridad y, como medida de seguridad, aseg\u00farese de proteger las piezas giratorias y no use accesorios sueltos, que podr\u00edan enredarse y ser arrastrados hacia la m\u00e1quina.<\/p>\n<p>Presupuesto<\/p>\n<ul>\n<li style=\"list-style-type: none;\">\n<ul>\n<li>Eje de toma de fuerza<\/li>\n<li>Serie 4<\/li>\n<li>Longitud extendida: 58,4 pulg.<\/li>\n<li>Longitud retra\u00edda: 43 pulg.<\/li>\n<li>Extremo del tractor: 1-3\/8 pulg., 6 estr\u00edas, hembra<\/li>\n<li>Extremo del implemento: 1-3\/8 pulg., 6 estr\u00edas, hembra<\/li>\n<li>Embrague deslizante: conjunto de 8 pernos de cubo, extremo hembra de 6 estr\u00edas de 1-3\/8 pulgadas<\/li>\n<li>Cadenas de seguridad incluidas<\/li>\n<li>35 HP a 540 RPM<\/li>\n<li>54 HP a 1000 RPM<\/li>\n<li>Compatibilidad del kit cruzado de la serie 4: 27 mm de di\u00e1metro x 74,6 mm de ancho<\/li>\n<li>Proteja todas las piezas giratorias por seguridad.<\/li>\n<\/ul>\n<\/li>\n<\/ul>\n<p><img loading=\"lazy\" decoding=\"async\" class=\"alignnone wp-image-2214 size-full\" src=\"https:\/\/agricultural-gear-boxes.com\/wp-content\/uploads\/2022\/03\/agricultural-gearbox6.png\" alt=\"\" width=\"500\" height=\"500\" srcset=\"https:\/\/agricultural-gear-boxes.com\/wp-content\/uploads\/2022\/03\/agricultural-gearbox6.png 500w, https:\/\/agricultural-gear-boxes.com\/wp-content\/uploads\/2022\/03\/agricultural-gearbox6-480x480.png 480w\" sizes=\"(min-width: 0px) and (max-width: 480px) 480px, (min-width: 481px) 500px, 100vw\" \/><\/p>\n<p>Como uno de los principales fabricantes de cajas de cambios agr\u00edcolas, proveedores y exportadores de productos mec\u00e1nicos, suministramos cajas de cambios agr\u00edcolas y muchos otros productos para cajas de cambios agr\u00edcolas en racimo. caja de cambios agr\u00edcola, fabricante de caja de cambios agr\u00edcola, proveedor de caja de cambios agr\u00edcola, exportador de caja de cambios agr\u00edcola, vendedor de caja de cambios agr\u00edcola, caja de cambios agr\u00edcola fabricada en China, caja de cambios agr\u00edcola al por mayor, comprar caja de cambios agr\u00edcola, personalizar caja de cambios agr\u00edcola - Encuentre fabricantes y proveedores de cajas de cambios agr\u00edcolas. Elija entre fabricantes, proveedores y exportadores de cajas de cambios agr\u00edcolas de calidad en Agricultural-gear-boxes.com.<\/p>","protected":false},"excerpt":{"rendered":"<p>Material Stainless Steel Finishing Induction Hardened Color Black Usage\/Application Tractor, Rotavator, Happy seeder, Thresher, Agriculture Type Shaft Function Power Transmission Pack Type Box Grade EN8 Replacement PTO Shaft for 4\u2032, 5\u2032 and 6\u2032\u00a0Land Pride, Bush Hog, Tarter, Behlen Rotary Tiller This series 4 PTO shaft operates in a rotational motion, with a PTO horsepower of [&hellip;]<\/p>","protected":false},"featured_media":2214,"template":"","meta":{"_et_pb_use_builder":"on","_et_pb_old_content":"<table>\r\n<tbody>\r\n<tr>\r\n<td class=\"tdwdt\">Material<\/td>\r\n<td class=\"tdwdt1 color6\">Stainless Steel<\/td>\r\n<\/tr>\r\n<tr>\r\n<td class=\"tdwdt\">Finishing<\/td>\r\n<td class=\"tdwdt1 color6\">Induction Hardened<\/td>\r\n<\/tr>\r\n<tr>\r\n<td class=\"tdwdt\">Color<\/td>\r\n<td class=\"tdwdt1 color6\">Black<\/td>\r\n<\/tr>\r\n<tr>\r\n<td class=\"tdwdt\">Usage\/Application<\/td>\r\n<td class=\"tdwdt1 color6\">Tractor, Rotavator, Happy seeder, Thresher, Agriculture<\/td>\r\n<\/tr>\r\n<tr>\r\n<td class=\"tdwdt\">Type<\/td>\r\n<td class=\"tdwdt1 color6\">Shaft<\/td>\r\n<\/tr>\r\n<tr>\r\n<td class=\"tdwdt\">Function<\/td>\r\n<td class=\"tdwdt1 color6\">Power Transmission<\/td>\r\n<\/tr>\r\n<tr>\r\n<td class=\"tdwdt\">Pack Type<\/td>\r\n<td class=\"tdwdt1 color6\">Box<\/td>\r\n<\/tr>\r\n<tr>\r\n<td class=\"tdwdt\">Grade<\/td>\r\n<td class=\"tdwdt1 color6\">EN8<\/td>\r\n<\/tr>\r\n<\/tbody>\r\n<\/table>\r\nReplacement PTO Shaft for 4\u2032, 5\u2032 and 6\u2032\u00a0Land Pride, Bush Hog, Tarter, Behlen Rotary Tiller\r\n\r\nThis series 4 PTO shaft operates in a rotational motion, with a PTO horsepower of 35 at 540 RPM and a horsepower of 54 at 1000 RPM. There is dual a tractor end and an implement end that both have female ends measuring 1-3\/8 in., with 6 splines. This PTO shaft has a retracted end measuring 43 inches and an extended end measuring 58.4 inches. The clutch is made to slip when the torque is too great for the implement, and works to help protect the gear box. Safety chains are included, and as a safety precaution, be sure to shield any rotating parts and do not wear loose accessories, which could become entangled and pulled into the machine.\r\n\r\nSpecifications\r\n<ul>\r\n \t<li style=\"list-style-type: none;\">\r\n<ul>\r\n \t<li>PTO Shaft<\/li>\r\n \t<li>Series 4<\/li>\r\n \t<li>Extended length: 58.4 in.<\/li>\r\n \t<li>Retracted length: 43 in.<\/li>\r\n \t<li>Tractor End: 1-3\/8 in. 6 spline, female<\/li>\r\n \t<li>Implement end: 1-3\/8 in. 6 spline, female<\/li>\r\n \t<li>Slip clutch: 8 hub bolt assembly, 1-3\/8 inch 6 spline female end<\/li>\r\n \t<li>Safety chains included<\/li>\r\n \t<li>35 HP at 540 RPM<\/li>\r\n \t<li>54 HP at 1000 RPM<\/li>\r\n \t<li>Series 4 cross kit compatibility: 27 mm diameter x 74.6 mm width<\/li>\r\n \t<li>Shield all rotating parts for safety<\/li>\r\n<\/ul>\r\n<\/li>\r\n<\/ul>\r\n<img class=\"alignnone wp-image-2214 size-full\" src=\"https:\/\/agricultural-gear-boxes.com\/wp-content\/uploads\/2022\/03\/agricultural-gearbox6.png\" alt=\"\" width=\"500\" height=\"500\" \/>\r\n\r\nAs one of the leading agricultural gearbox manufacturers, mechanical product suppliers and exporters, we supply agricultural gearbox and many other products for cluster agricultural gearbox. agricultural gearbox, agricultural gearbox Manufacturer, agricultural gearbox Supplier, agricultural gearbox Exporter, agricultural gearbox Seller, agricultural gearbox Made In China, Wholesale agricultural gearbox, Buy agricultural gearbox, Customize agricultural gearbox - Find agricultural gearbox Manufacturers and Suppliers. Choose from quality agricultural gearbox manufacturers, suppliers and exporters on agricultural-gear-boxes.com.","_et_gb_content_width":""},"product_brand":[],"product_cat":[10402],"product_tag":[],"class_list":{"0":"post-2206","1":"product","2":"type-product","3":"status-publish","4":"has-post-thumbnail","6":"product_cat-agricultural-gearbox","8":"first","9":"instock","10":"shipping-taxable","11":"product-type-simple"},"_links":{"self":[{"href":"https:\/\/agricultural-gear-boxes.com\/es\/wp-json\/wp\/v2\/product\/2206","targetHints":{"allow":["GET"]}}],"collection":[{"href":"https:\/\/agricultural-gear-boxes.com\/es\/wp-json\/wp\/v2\/product"}],"about":[{"href":"https:\/\/agricultural-gear-boxes.com\/es\/wp-json\/wp\/v2\/types\/product"}],"wp:featuredmedia":[{"embeddable":true,"href":"https:\/\/agricultural-gear-boxes.com\/es\/wp-json\/wp\/v2\/media\/2214"}],"wp:attachment":[{"href":"https:\/\/agricultural-gear-boxes.com\/es\/wp-json\/wp\/v2\/media?parent=2206"}],"wp:term":[{"taxonomy":"product_brand","embeddable":true,"href":"https:\/\/agricultural-gear-boxes.com\/es\/wp-json\/wp\/v2\/product_brand?post=2206"},{"taxonomy":"product_cat","embeddable":true,"href":"https:\/\/agricultural-gear-boxes.com\/es\/wp-json\/wp\/v2\/product_cat?post=2206"},{"taxonomy":"product_tag","embeddable":true,"href":"https:\/\/agricultural-gear-boxes.com\/es\/wp-json\/wp\/v2\/product_tag?post=2206"}],"curies":[{"name":"wp","href":"https:\/\/api.w.org\/{rel}","templated":true}]}}