{"id":2207,"date":"2022-03-17T05:08:01","date_gmt":"2022-03-17T05:08:01","guid":{"rendered":"https:\/\/agricultural-gear-boxes.com\/?post_type=product&#038;p=2207"},"modified":"2022-03-17T05:30:05","modified_gmt":"2022-03-17T05:30:05","slug":"agricultural-ratio-11-rotary-tiller-gearbox","status":"publish","type":"product","link":"https:\/\/agricultural-gear-boxes.com\/es\/product\/agricultural-ratio-11-rotary-tiller-gearbox\/","title":{"rendered":"Caja de cambios para cultivador rotativo con relaci\u00f3n agr\u00edcola 1:1"},"content":{"rendered":"<table border=\"1\" width=\"100%\" cellspacing=\"1\" cellpadding=\"1\">\n<tbody>\n<tr>\n<td width=\"176\">Nombre del producto<\/td>\n<td width=\"496\">CAJA DE ENGRANAJES DE CULATA ROTATIVA<\/td>\n<\/tr>\n<tr>\n<td>Material<\/td>\n<td>Carcasa como QT450-10, eje como 40Cr<\/td>\n<\/tr>\n<tr>\n<td>Color<\/td>\n<td>Oscuro o rojo o seg\u00fan personalizaci\u00f3n.<\/td>\n<\/tr>\n<tr>\n<td>Tipo<\/td>\n<td>Engranaje c\u00f3nico<\/td>\n<\/tr>\n<tr>\n<td>Relaci\u00f3n<\/td>\n<td>1:1<\/td>\n<\/tr>\n<tr>\n<td>Cojinete<\/td>\n<td>QC o C&amp;U o NTN o PEER<\/td>\n<\/tr>\n<tr>\n<td>Garant\u00eda<\/td>\n<td>un a\u00f1o y medio<\/td>\n<\/tr>\n<tr>\n<td>Usado<\/td>\n<td>\n<div>Cultivador rotativo<\/div>\n<\/td>\n<\/tr>\n<\/tbody>\n<\/table>\n<p>Im\u00e1genes de la m\u00e1quina:<\/p>\n<p><img loading=\"lazy\" decoding=\"async\" class=\"alignnone wp-image-2216 size-full\" src=\"https:\/\/agricultural-gear-boxes.com\/wp-content\/uploads\/2022\/03\/agricultural-gearbox8.jpg\" alt=\"\" width=\"500\" height=\"371\" srcset=\"https:\/\/agricultural-gear-boxes.com\/wp-content\/uploads\/2022\/03\/agricultural-gearbox8.jpg 500w, https:\/\/agricultural-gear-boxes.com\/wp-content\/uploads\/2022\/03\/agricultural-gearbox8-480x356.jpg 480w\" sizes=\"(min-width: 0px) and (max-width: 480px) 480px, (min-width: 481px) 500px, 100vw\" \/><\/p>\n<p>Dibujo a m\u00e1quina:<\/p>\n<p><img loading=\"lazy\" decoding=\"async\" class=\"alignnone wp-image-2221 size-full\" src=\"https:\/\/agricultural-gear-boxes.com\/wp-content\/uploads\/2022\/03\/agricultural-gearbox13.jpg\" alt=\"\" width=\"500\" height=\"347\" srcset=\"https:\/\/agricultural-gear-boxes.com\/wp-content\/uploads\/2022\/03\/agricultural-gearbox13.jpg 500w, https:\/\/agricultural-gear-boxes.com\/wp-content\/uploads\/2022\/03\/agricultural-gearbox13-480x333.jpg 480w\" sizes=\"(min-width: 0px) and (max-width: 480px) 480px, (min-width: 481px) 500px, 100vw\" \/><\/p>\n<table border=\"1\" width=\"100%\" cellspacing=\"1\" cellpadding=\"1\">\n<tbody>\n<tr>\n<td>\n<div>Tipo<\/div>\n<\/td>\n<td>\n<div>Relaci\u00f3n<\/div>\n<\/td>\n<td>\n<div>RPM de salida<\/div>\n<\/td>\n<td>\n<div>Fuerza<\/div>\n<\/td>\n<td>\n<div>Par de salida Nm<\/div>\n<\/td>\n<td>\n<div>RPM de entrada<\/div>\n<\/td>\n<\/tr>\n<tr>\n<td>\n<div>5910-1<\/div>\n<\/td>\n<td>\n<div>1:1<\/div>\n<\/td>\n<td>\n<div>540<\/div>\n<\/td>\n<td>\n<div>82 caballos<\/div>\n<\/td>\n<td>\n<div>1066<\/div>\n<\/td>\n<td>\n<div>540<\/div>\n<\/td>\n<\/tr>\n<tr>\n<td>\n<div>5910-2<\/div>\n<\/td>\n<td>\n<div>1.33:1<\/div>\n<\/td>\n<td>\n<div>406<\/div>\n<\/td>\n<td>\n<div>55 caballos de fuerza<\/div>\n<\/td>\n<td>\n<div>951<\/div>\n<\/td>\n<td>\n<div>540<\/div>\n<\/td>\n<\/tr>\n<\/tbody>\n<\/table>\n<p>Detalles:<\/p>\n<p><img loading=\"lazy\" decoding=\"async\" class=\"alignnone wp-image-2218 size-full\" src=\"https:\/\/agricultural-gear-boxes.com\/wp-content\/uploads\/2022\/03\/agricultural-gearbox10.jpg\" alt=\"\" width=\"500\" height=\"313\" srcset=\"https:\/\/agricultural-gear-boxes.com\/wp-content\/uploads\/2022\/03\/agricultural-gearbox10.jpg 500w, https:\/\/agricultural-gear-boxes.com\/wp-content\/uploads\/2022\/03\/agricultural-gearbox10-480x300.jpg 480w\" sizes=\"(min-width: 0px) and (max-width: 480px) 480px, (min-width: 481px) 500px, 100vw\" \/><\/p>\n<p>Como uno de los principales fabricantes de cajas de cambios agr\u00edcolas, proveedores y exportadores de productos mec\u00e1nicos, suministramos cajas de cambios agr\u00edcolas y muchos otros productos para cajas de cambios agr\u00edcolas en racimo. caja de cambios agr\u00edcola, fabricante de caja de cambios agr\u00edcola, proveedor de caja de cambios agr\u00edcola, exportador de caja de cambios agr\u00edcola, vendedor de caja de cambios agr\u00edcola, caja de cambios agr\u00edcola fabricada en China, caja de cambios agr\u00edcola al por mayor, comprar caja de cambios agr\u00edcola, personalizar caja de cambios agr\u00edcola - Encuentre fabricantes y proveedores de cajas de cambios agr\u00edcolas. Elija entre fabricantes, proveedores y exportadores de cajas de cambios agr\u00edcolas de calidad en Agricultural-gear-boxes.com.<\/p>","protected":false},"excerpt":{"rendered":"<p>Nombre del producto CAJA DE ENGRANAJES PARA CULADORA ROTATIVA Material Carcasa como QT450-10, Eje como 40Cr Color Oscuro o rojo o personalizado Tipo Engranaje c\u00f3nico Relaci\u00f3n 1:1 Cojinete QC o C&amp;U o NTN o PEER Garant\u00eda Un a\u00f1o y medio Cultivadora rotativa usada Im\u00e1genes de la m\u00e1quina: Dibujo de la m\u00e1quina: Tipo Relaci\u00f3n Rpm de salida Potencia Par de salida Nm Rpm de entrada 5910-1 1:1 540 [\u2026]<\/p>","protected":false},"featured_media":2212,"template":"","meta":{"_et_pb_use_builder":"","_et_pb_old_content":"","_et_gb_content_width":""},"product_brand":[],"product_cat":[10402],"product_tag":[],"class_list":{"0":"post-2207","1":"product","2":"type-product","3":"status-publish","4":"has-post-thumbnail","6":"product_cat-agricultural-gearbox","8":"first","9":"instock","10":"shipping-taxable","11":"product-type-simple"},"_links":{"self":[{"href":"https:\/\/agricultural-gear-boxes.com\/es\/wp-json\/wp\/v2\/product\/2207","targetHints":{"allow":["GET"]}}],"collection":[{"href":"https:\/\/agricultural-gear-boxes.com\/es\/wp-json\/wp\/v2\/product"}],"about":[{"href":"https:\/\/agricultural-gear-boxes.com\/es\/wp-json\/wp\/v2\/types\/product"}],"wp:featuredmedia":[{"embeddable":true,"href":"https:\/\/agricultural-gear-boxes.com\/es\/wp-json\/wp\/v2\/media\/2212"}],"wp:attachment":[{"href":"https:\/\/agricultural-gear-boxes.com\/es\/wp-json\/wp\/v2\/media?parent=2207"}],"wp:term":[{"taxonomy":"product_brand","embeddable":true,"href":"https:\/\/agricultural-gear-boxes.com\/es\/wp-json\/wp\/v2\/product_brand?post=2207"},{"taxonomy":"product_cat","embeddable":true,"href":"https:\/\/agricultural-gear-boxes.com\/es\/wp-json\/wp\/v2\/product_cat?post=2207"},{"taxonomy":"product_tag","embeddable":true,"href":"https:\/\/agricultural-gear-boxes.com\/es\/wp-json\/wp\/v2\/product_tag?post=2207"}],"curies":[{"name":"wp","href":"https:\/\/api.w.org\/{rel}","templated":true}]}}