{"id":2382,"date":"2022-12-20T03:03:53","date_gmt":"2022-12-20T03:03:53","guid":{"rendered":"https:\/\/agricultural-gear-boxes.com\/?post_type=product&#038;p=2382"},"modified":"2022-12-20T05:08:04","modified_gmt":"2022-12-20T05:08:04","slug":"other-products","status":"publish","type":"product","link":"https:\/\/agricultural-gear-boxes.com\/es\/product\/other-products\/","title":{"rendered":"Otros productos"},"content":{"rendered":"<p>Si necesita productos personalizados, o los productos que necesita no se encuentran en nuestro sitio web o necesita un cat\u00e1logo de productos, no se preocupe; todav\u00eda estamos cargando m\u00e1s productos nuestros. \u00a1Puede enviarnos un correo electr\u00f3nico directamente y le responderemos en 24 horas!<\/p>\n<p>&nbsp;<\/p>\n<h2>producto personalizado<\/h2>\n<h4>1. Consulta de clientes y lanzamiento del proyecto<\/h4>\n<p>Puede ponerse en contacto con nosotros y concertar una reuni\u00f3n para analizar sus necesidades. Una vez que se haya determinado un esquema preliminar de su proyecto, desarrollaremos el primer enfoque posible para su producto.<\/p>\n<h4>2. Concepto de dise\u00f1o<\/h4>\n<p>Durante la fase de dise\u00f1o, nuestros dise\u00f1adores discuten las diferentes opciones y determinan si su producto puede realizarse bas\u00e1ndose en soluciones est\u00e1ndar adaptadas o requiere un dise\u00f1o completamente nuevo.<\/p>\n<h4>3. Calcular la cotizaci\u00f3n<\/h4>\n<p>Calculamos el coste de su soluci\u00f3n especial de caja de cambios y le proporcionamos una cotizaci\u00f3n inicial concreta.<\/p>\n<h4>4. Detalles y desarrollo posterior<\/h4>\n<p>Si nuestra cotizaci\u00f3n le resulta atractiva y realiza un pedido con nosotros, nuestros dise\u00f1adores comenzar\u00e1n el desarrollo t\u00e9cnico detallado de su producto.<\/p>\n<h4>5. Fabricaci\u00f3n y procesamiento de componentes individuales<\/h4>\n<p>Gracias a nuestra amplia gama de maquinaria, podemos combinar todos los pasos del proceso de fabricaci\u00f3n bajo un mismo techo. De esta forma, logramos un alto nivel de eficiencia en la fabricaci\u00f3n de sus productos y mantenemos un nivel de calidad de los mismos constantemente alto.<\/p>\n<h4>6. Embalaje y env\u00edo<\/h4>\n<p>En el paso final, su caja de cambios dedicada se empaqueta para su env\u00edo y se la entregamos.<\/p>\n<p><img loading=\"lazy\" decoding=\"async\" class=\"alignnone wp-image-378\" src=\"https:\/\/clamp-coupling.com\/wp-content\/uploads\/2022\/12\/custom-process.jpg\" sizes=\"(min-width: 0px) and (max-width: 480px) 480px, (min-width: 481px) 920px, 100vw\" srcset=\"https:\/\/clamp-coupling.com\/wp-content\/uploads\/2022\/12\/custom-process.jpg 920w, https:\/\/clamp-coupling.com\/wp-content\/uploads\/2022\/12\/custom-process-480x76.jpg 480w\" alt=\"Proceso personalizado\" width=\"920\" height=\"146\" \/><\/p>","protected":false},"excerpt":{"rendered":"<p>Si necesita productos personalizados, o los productos que necesita no se encuentran en nuestro sitio web o necesita un cat\u00e1logo de productos, no se preocupe; todav\u00eda estamos cargando m\u00e1s de nuestros productos. \u00a1Puede enviarnos un correo electr\u00f3nico directamente y le responderemos en 24 horas! producto personalizado 1. Consulta del cliente y lanzamiento del proyecto Puede contactarnos y concertar una reuni\u00f3n para analizar sus necesidades. Una vez que se haya determinado un esquema aproximado de su proyecto, desarrollaremos el primer enfoque posible para su producto. 2. Concepto de dise\u00f1o Durante la fase de dise\u00f1o, nuestros dise\u00f1adores analizan las distintas opciones y determinan si su producto se puede realizar en base a soluciones est\u00e1ndar adaptadas o requiere un dise\u00f1o completamente nuevo. 3. Calcular la cotizaci\u00f3n Calculamos el costo de su soluci\u00f3n de caja de cambios especial y le proporcionamos una cotizaci\u00f3n concreta inicial. 4. Detalles y desarrollo posterior Si nuestra cotizaci\u00f3n le resulta atractiva y realiza un pedido con nosotros, nuestros dise\u00f1adores comenzar\u00e1n el desarrollo t\u00e9cnico detallado de su producto. [\u2026]<\/p>","protected":false},"featured_media":2396,"template":"","meta":{"_et_pb_use_builder":"","_et_pb_old_content":"","_et_gb_content_width":""},"product_brand":[],"product_cat":[10402],"product_tag":[],"class_list":{"0":"post-2382","1":"product","2":"type-product","3":"status-publish","4":"has-post-thumbnail","6":"product_cat-agricultural-gearbox","8":"first","9":"instock","10":"shipping-taxable","11":"product-type-simple"},"_links":{"self":[{"href":"https:\/\/agricultural-gear-boxes.com\/es\/wp-json\/wp\/v2\/product\/2382","targetHints":{"allow":["GET"]}}],"collection":[{"href":"https:\/\/agricultural-gear-boxes.com\/es\/wp-json\/wp\/v2\/product"}],"about":[{"href":"https:\/\/agricultural-gear-boxes.com\/es\/wp-json\/wp\/v2\/types\/product"}],"wp:featuredmedia":[{"embeddable":true,"href":"https:\/\/agricultural-gear-boxes.com\/es\/wp-json\/wp\/v2\/media\/2396"}],"wp:attachment":[{"href":"https:\/\/agricultural-gear-boxes.com\/es\/wp-json\/wp\/v2\/media?parent=2382"}],"wp:term":[{"taxonomy":"product_brand","embeddable":true,"href":"https:\/\/agricultural-gear-boxes.com\/es\/wp-json\/wp\/v2\/product_brand?post=2382"},{"taxonomy":"product_cat","embeddable":true,"href":"https:\/\/agricultural-gear-boxes.com\/es\/wp-json\/wp\/v2\/product_cat?post=2382"},{"taxonomy":"product_tag","embeddable":true,"href":"https:\/\/agricultural-gear-boxes.com\/es\/wp-json\/wp\/v2\/product_tag?post=2382"}],"curies":[{"name":"wp","href":"https:\/\/api.w.org\/{rel}","templated":true}]}}