{"id":2384,"date":"2022-12-20T06:03:49","date_gmt":"2022-12-20T06:03:49","guid":{"rendered":"https:\/\/agricultural-gear-boxes.com\/?post_type=product&#038;p=2384"},"modified":"2022-12-20T06:03:49","modified_gmt":"2022-12-20T06:03:49","slug":"agricultural-pto-gearbox-for-tractor-slasher-rotary-tiller","status":"publish","type":"product","link":"https:\/\/agricultural-gear-boxes.com\/es\/product\/agricultural-pto-gearbox-for-tractor-slasher-rotary-tiller\/","title":{"rendered":"Caja de cambios de toma de fuerza agr\u00edcola para tractor, motocultor, cultivador rotativo"},"content":{"rendered":"<p><img loading=\"lazy\" decoding=\"async\" class=\"alignnone  wp-image-2398\" src=\"https:\/\/agricultural-gear-boxes.com\/wp-content\/uploads\/2022\/12\/agricultural-pto-gearbox-size-chart.jpg\" alt=\"\" width=\"636\" height=\"418\" srcset=\"https:\/\/agricultural-gear-boxes.com\/wp-content\/uploads\/2022\/12\/agricultural-pto-gearbox-size-chart.jpg 636w, https:\/\/agricultural-gear-boxes.com\/wp-content\/uploads\/2022\/12\/agricultural-pto-gearbox-size-chart-480x316.jpg 480w\" sizes=\"(min-width: 0px) and (max-width: 480px) 480px, (min-width: 481px) 636px, 100vw\" \/> <img loading=\"lazy\" decoding=\"async\" class=\"alignnone  wp-image-2397\" src=\"https:\/\/agricultural-gear-boxes.com\/wp-content\/uploads\/2022\/12\/agricultural-pto-gearbox-size-chart2.jpg\" alt=\"\" width=\"668\" height=\"474\" srcset=\"https:\/\/agricultural-gear-boxes.com\/wp-content\/uploads\/2022\/12\/agricultural-pto-gearbox-size-chart2.jpg 668w, https:\/\/agricultural-gear-boxes.com\/wp-content\/uploads\/2022\/12\/agricultural-pto-gearbox-size-chart2-480x341.jpg 480w\" sizes=\"(min-width: 0px) and (max-width: 480px) 480px, (min-width: 481px) 668px, 100vw\" \/><\/p>\n<p><img loading=\"lazy\" decoding=\"async\" class=\"alignnone  wp-image-2399\" src=\"https:\/\/agricultural-gear-boxes.com\/wp-content\/uploads\/2022\/12\/agricultural-pto-gearbox-size-chart31.webp\" alt=\"\" width=\"779\" height=\"554\" srcset=\"https:\/\/agricultural-gear-boxes.com\/wp-content\/uploads\/2022\/12\/agricultural-pto-gearbox-size-chart31.webp 779w, https:\/\/agricultural-gear-boxes.com\/wp-content\/uploads\/2022\/12\/agricultural-pto-gearbox-size-chart31-480x341.webp 480w\" sizes=\"(min-width: 0px) and (max-width: 480px) 480px, (min-width: 481px) 779px, 100vw\" \/><\/p>\n<h3 align=\"left\">Ventajas de Nuestra Empresa<\/h3>\n<p>1. Producci\u00f3n y venta profesional de maquinaria agr\u00edcola durante m\u00e1s de 20 a\u00f1os.<br \/>\n2. Estricto control de calidad y el mejor servicio para los clientes.<br \/>\n3. Podemos proporcionar un servicio posventa r\u00e1pido y de alta calidad.<br \/>\n4. Nuestro objetivo: ganar-ganar.<br \/>\n5. We can design and produce machines according to customers&#8217; needs.<br \/>\n6. Hemos desarrollado docenas de piezas para tractores japoneses y podemos entregarlas junto con la m\u00e1quina.<\/p>","protected":false},"excerpt":{"rendered":"<p>Advantages of Our Company 1. Professional production and sales of agricultural machinery for more than 20 years. 2. Strict quality control and best service for customers. 3. We can provide high-quality and fast after-sales service. 4. Our aim: win-win. 5. We can design and produce machines according to customers&#8217; needs. 6. We have developed dozens [&hellip;]<\/p>","protected":false},"featured_media":2400,"template":"","meta":{"_et_pb_use_builder":"","_et_pb_old_content":"","_et_gb_content_width":""},"product_brand":[],"product_cat":[10402],"product_tag":[],"class_list":{"0":"post-2384","1":"product","2":"type-product","3":"status-publish","4":"has-post-thumbnail","6":"product_cat-agricultural-gearbox","8":"first","9":"instock","10":"shipping-taxable","11":"product-type-simple"},"_links":{"self":[{"href":"https:\/\/agricultural-gear-boxes.com\/es\/wp-json\/wp\/v2\/product\/2384","targetHints":{"allow":["GET"]}}],"collection":[{"href":"https:\/\/agricultural-gear-boxes.com\/es\/wp-json\/wp\/v2\/product"}],"about":[{"href":"https:\/\/agricultural-gear-boxes.com\/es\/wp-json\/wp\/v2\/types\/product"}],"wp:featuredmedia":[{"embeddable":true,"href":"https:\/\/agricultural-gear-boxes.com\/es\/wp-json\/wp\/v2\/media\/2400"}],"wp:attachment":[{"href":"https:\/\/agricultural-gear-boxes.com\/es\/wp-json\/wp\/v2\/media?parent=2384"}],"wp:term":[{"taxonomy":"product_brand","embeddable":true,"href":"https:\/\/agricultural-gear-boxes.com\/es\/wp-json\/wp\/v2\/product_brand?post=2384"},{"taxonomy":"product_cat","embeddable":true,"href":"https:\/\/agricultural-gear-boxes.com\/es\/wp-json\/wp\/v2\/product_cat?post=2384"},{"taxonomy":"product_tag","embeddable":true,"href":"https:\/\/agricultural-gear-boxes.com\/es\/wp-json\/wp\/v2\/product_tag?post=2384"}],"curies":[{"name":"wp","href":"https:\/\/api.w.org\/{rel}","templated":true}]}}