{"id":2401,"date":"2022-12-20T06:30:35","date_gmt":"2022-12-20T06:30:35","guid":{"rendered":"https:\/\/agricultural-gear-boxes.com\/?post_type=product&#038;p=2401"},"modified":"2022-12-20T06:33:01","modified_gmt":"2022-12-20T06:33:01","slug":"standard-agricultural-bevel-gearbox-4490-series","status":"publish","type":"product","link":"https:\/\/agricultural-gear-boxes.com\/es\/product\/standard-agricultural-bevel-gearbox-4490-series\/","title":{"rendered":"Caja de engranajes c\u00f3nicos agr\u00edcolas est\u00e1ndar serie 4490"},"content":{"rendered":"<p>Cajas de engranajes c\u00f3nicos de hierro fundido de baja relaci\u00f3n de la serie 4490 con un di\u00e1metro de eje de hasta 1,25&quot;. Disponibles en relaciones de hasta 2:1.<\/p>\n<p>Nuestras cajas de engranajes c\u00f3nicos est\u00e1n disponibles en varias capacidades de HP. Elija entre las relaciones y configuraciones de eje existentes o personal\u00edcelas para satisfacer las necesidades de su aplicaci\u00f3n. Nuestros ingenieros de aplicaciones trabajar\u00e1n con usted para comprender los requisitos de su aplicaci\u00f3n y seleccionar la caja de engranajes adecuada para su aplicaci\u00f3n. Si su aplicaci\u00f3n requiere una soluci\u00f3n de transmisi\u00f3n personalizada, nuestros ingenieros trabajar\u00e1n con usted para dise\u00f1ar una caja de engranajes c\u00f3nicos que se adapte a su aplicaci\u00f3n espec\u00edfica para minimizar la tensi\u00f3n y el desgaste de su equipo y maximizar la vida \u00fatil.<\/p>\n<h2>Caracter\u00edsticas del dise\u00f1o:<\/h2>\n<p>\u2022 Configuraciones de eje personalizables de hasta 1,25\u201d [30 mm] de di\u00e1metro<br \/>\n\u2022 Relaciones disponibles (otras relaciones disponibles a pedido)<br \/>\n\u2022 Bisel recto: 1:1, 1,22:1, 1,5:1<br \/>\n\u2022 Potencia m\u00e1xima nominal<br \/>\n\u2022 540 rpm = 50 CV<br \/>\n\u2022 1000 rpm = 90 CV<br \/>\n\u2022 Dise\u00f1o robusto de hierro fundido.<br \/>\n\u2022 Cono nasal integrado para mayor resistencia.<br \/>\n\u2022 Rodamientos de rodillos c\u00f3nicos<br \/>\n\u2022 Sello con resorte de doble labio<\/p>\n<h3>Opciones disponibles:<\/h3>\n<p>\u2022 Configuraci\u00f3n del eje izquierdo\/derecho\/T<br \/>\n\u2022 Disposici\u00f3n de caja de cambios doble<br \/>\n\u2022 Cambio interno \u2013 (Adelante \u2013 Neutral)<br \/>\n\u2022 Juntas de Viton<br \/>\n\u2022 alivio de presi\u00f3n<\/p>\n<p><img loading=\"lazy\" decoding=\"async\" class=\"alignnone  wp-image-2404\" src=\"https:\/\/agricultural-gear-boxes.com\/wp-content\/uploads\/2022\/12\/Bevel-STD-4490-Top.jpg\" alt=\"\" width=\"765\" height=\"869\" \/><\/p>","protected":false},"excerpt":{"rendered":"<p>4490 Series Low Ratio Cast Iron Bevel Gearboxes up to 1.25\u201d shaft diameter. Available in ratios up to 2:1 Our bevel gearboxes are available in various HP capacities. Choose from existing ratios and shaft configurations or customize them to meet your application needs. Our application engineers will work with you to understand your application requirements [&hellip;]<\/p>","protected":false},"featured_media":2403,"template":"","meta":{"_et_pb_use_builder":"","_et_pb_old_content":"","_et_gb_content_width":""},"product_brand":[],"product_cat":[10402],"product_tag":[],"class_list":{"0":"post-2401","1":"product","2":"type-product","3":"status-publish","4":"has-post-thumbnail","6":"product_cat-agricultural-gearbox","8":"first","9":"instock","10":"shipping-taxable","11":"product-type-simple"},"_links":{"self":[{"href":"https:\/\/agricultural-gear-boxes.com\/es\/wp-json\/wp\/v2\/product\/2401","targetHints":{"allow":["GET"]}}],"collection":[{"href":"https:\/\/agricultural-gear-boxes.com\/es\/wp-json\/wp\/v2\/product"}],"about":[{"href":"https:\/\/agricultural-gear-boxes.com\/es\/wp-json\/wp\/v2\/types\/product"}],"wp:featuredmedia":[{"embeddable":true,"href":"https:\/\/agricultural-gear-boxes.com\/es\/wp-json\/wp\/v2\/media\/2403"}],"wp:attachment":[{"href":"https:\/\/agricultural-gear-boxes.com\/es\/wp-json\/wp\/v2\/media?parent=2401"}],"wp:term":[{"taxonomy":"product_brand","embeddable":true,"href":"https:\/\/agricultural-gear-boxes.com\/es\/wp-json\/wp\/v2\/product_brand?post=2401"},{"taxonomy":"product_cat","embeddable":true,"href":"https:\/\/agricultural-gear-boxes.com\/es\/wp-json\/wp\/v2\/product_cat?post=2401"},{"taxonomy":"product_tag","embeddable":true,"href":"https:\/\/agricultural-gear-boxes.com\/es\/wp-json\/wp\/v2\/product_tag?post=2401"}],"curies":[{"name":"wp","href":"https:\/\/api.w.org\/{rel}","templated":true}]}}