{"id":2406,"date":"2022-12-20T07:54:53","date_gmt":"2022-12-20T07:54:53","guid":{"rendered":"https:\/\/agricultural-gear-boxes.com\/?post_type=product&#038;p=2406"},"modified":"2022-12-20T07:54:53","modified_gmt":"2022-12-20T07:54:53","slug":"agricultural-tractor-gearbox","status":"publish","type":"product","link":"https:\/\/agricultural-gear-boxes.com\/es\/product\/agricultural-tractor-gearbox\/","title":{"rendered":"Caja de cambios para tractores agr\u00edcolas"},"content":{"rendered":"<h2>Caracter\u00edsticas de la caja de cambios del tractor agr\u00edcola<\/h2>\n<p>1. Dise\u00f1o modular de alto nivel<br \/>\nEl producto puede conectarse y accionar f\u00e1cilmente distintos tipos de motores u otros tipos de potencia de entrada. El mismo tipo de motorreductor se puede adaptar a la potencia del motor seleccionado. De este modo, es f\u00e1cil implementar distintas soluciones para distintos requisitos.<\/p>\n<p>2. Proporci\u00f3n<br \/>\nCon muchas relaciones de transmisi\u00f3n muy bien divididas y relaciones de transmisi\u00f3n de amplio rango. Se pueden obtener relaciones de transmisi\u00f3n muy grandes combinando unidades para lograr velocidades de salida extremadamente bajas.<\/p>\n<p>3. Disposici\u00f3n de la instalaci\u00f3n<br \/>\nNo existen restricciones estrictas sobre el dise\u00f1o de la instalaci\u00f3n.<\/p>\n<p>4. Alta resistencia, tama\u00f1o compacto.<br \/>\nLa carcasa est\u00e1 fabricada en fundici\u00f3n de alta resistencia. Los engranajes y los engranajes del eje est\u00e1n cementados con gas y rectificados con precisi\u00f3n, lo que a su vez permite obtener una gran capacidad para un determinado volumen.<\/p>\n<p>5. Larga vida \u00fatil<br \/>\nEn caso de una selecci\u00f3n precisa del tama\u00f1o del modelo y un mantenimiento y uso normales, la vida \u00fatil de los componentes principales (excepto las piezas de desgaste) puede alcanzar m\u00e1s de 25.000 horas. Las piezas que se da\u00f1an f\u00e1cilmente incluyen el aceite lubricante, los sellos de aceite y los cojinetes.<\/p>\n<p>6. Bajo nivel de ruido<br \/>\nTodos los componentes clave est\u00e1n mecanizados con precisi\u00f3n, ensamblados con precisi\u00f3n y finalmente probados con un ruido extremadamente bajo.<\/p>\n<p>7. Alta eficiencia<br \/>\nLa eficiencia del reductor puede alcanzar 95%. La eficiencia del engranaje helicoidal hasta 89%.<\/p>\n<p>8. Gran capacidad de carga radial.<\/p>\n<p>9. La capacidad de carga axial puede alcanzar 5% de la carga radial.<\/p>\n<p>Condiciones del sitio<br \/>\nEl motorreductor es adecuado para lugares de trabajo donde la temperatura ambiente es de -10 grados a 40 grados y la altitud puede alcanzar los 1000 metros sobre el nivel del mar. Est\u00e1n disponibles para funcionamiento en sentido horario y antihorario. No hay restricciones en \u00e1reas espec\u00edficas de aplicaci\u00f3n. Si se aplica a otras atm\u00f3sferas de funcionamiento o condiciones ambientales adversas, comun\u00edquese con nuestro departamento t\u00e9cnico.<\/p>\n<p><img loading=\"lazy\" decoding=\"async\" class=\"alignnone  wp-image-2408\" src=\"https:\/\/agricultural-gear-boxes.com\/wp-content\/uploads\/2022\/12\/agricultural-tractor-gearbox2.jpg\" alt=\"\" width=\"811\" height=\"358\" srcset=\"https:\/\/agricultural-gear-boxes.com\/wp-content\/uploads\/2022\/12\/agricultural-tractor-gearbox2.jpg 811w, https:\/\/agricultural-gear-boxes.com\/wp-content\/uploads\/2022\/12\/agricultural-tractor-gearbox2-480x212.jpg 480w\" sizes=\"(min-width: 0px) and (max-width: 480px) 480px, (min-width: 481px) 811px, 100vw\" \/><\/p>\n<p><img loading=\"lazy\" decoding=\"async\" class=\"alignnone  wp-image-2409\" src=\"https:\/\/agricultural-gear-boxes.com\/wp-content\/uploads\/2022\/12\/agricultural-tractor-gearbox3.jpg\" alt=\"\" width=\"839\" height=\"573\" \/><\/p>","protected":false},"excerpt":{"rendered":"<p>Features of Agricultural Tractor Gearbox 1. High-standard modular design The product can easily connect and drive different types of motors or other types of input power. The same type of geared motor can be adapted to the selected motor power. It is thus easy to implement different solutions for different requirements. 2. Proportion With many [&hellip;]<\/p>","protected":false},"featured_media":2410,"template":"","meta":{"_et_pb_use_builder":"","_et_pb_old_content":"","_et_gb_content_width":""},"product_brand":[],"product_cat":[10402],"product_tag":[],"class_list":{"0":"post-2406","1":"product","2":"type-product","3":"status-publish","4":"has-post-thumbnail","6":"product_cat-agricultural-gearbox","8":"first","9":"instock","10":"shipping-taxable","11":"product-type-simple"},"_links":{"self":[{"href":"https:\/\/agricultural-gear-boxes.com\/es\/wp-json\/wp\/v2\/product\/2406","targetHints":{"allow":["GET"]}}],"collection":[{"href":"https:\/\/agricultural-gear-boxes.com\/es\/wp-json\/wp\/v2\/product"}],"about":[{"href":"https:\/\/agricultural-gear-boxes.com\/es\/wp-json\/wp\/v2\/types\/product"}],"wp:featuredmedia":[{"embeddable":true,"href":"https:\/\/agricultural-gear-boxes.com\/es\/wp-json\/wp\/v2\/media\/2410"}],"wp:attachment":[{"href":"https:\/\/agricultural-gear-boxes.com\/es\/wp-json\/wp\/v2\/media?parent=2406"}],"wp:term":[{"taxonomy":"product_brand","embeddable":true,"href":"https:\/\/agricultural-gear-boxes.com\/es\/wp-json\/wp\/v2\/product_brand?post=2406"},{"taxonomy":"product_cat","embeddable":true,"href":"https:\/\/agricultural-gear-boxes.com\/es\/wp-json\/wp\/v2\/product_cat?post=2406"},{"taxonomy":"product_tag","embeddable":true,"href":"https:\/\/agricultural-gear-boxes.com\/es\/wp-json\/wp\/v2\/product_tag?post=2406"}],"curies":[{"name":"wp","href":"https:\/\/api.w.org\/{rel}","templated":true}]}}