{"id":2411,"date":"2022-12-20T08:33:01","date_gmt":"2022-12-20T08:33:01","guid":{"rendered":"https:\/\/agricultural-gear-boxes.com\/?post_type=product&#038;p=2411"},"modified":"2022-12-20T08:33:02","modified_gmt":"2022-12-20T08:33:02","slug":"agricultural-right-angle-gearbox","status":"publish","type":"product","link":"https:\/\/agricultural-gear-boxes.com\/es\/product\/agricultural-right-angle-gearbox\/","title":{"rendered":"Caja de cambios angular agr\u00edcola"},"content":{"rendered":"<p>La caja de cambios se utiliza para la transmisi\u00f3n de cortadoras de c\u00e9sped; nuestro est\u00e1ndar es de 30 HP a 90 HP y aceptamos modelos personalizados. Somos profesionales en el campo de las cajas de cambios agr\u00edcolas con m\u00e1s de 20 a\u00f1os de experiencia.<br \/>\nEsta serie de cajas de cambios se desarroll\u00f3 de forma independiente. Tiene las caracter\u00edsticas de alta versatilidad, estructura simple y buen rendimiento y se usa ampliamente en maquinaria de jardiner\u00eda y otra maquinaria agr\u00edcola.<br \/>\nEn maquinaria agr\u00edcola y maquinaria industrial se utilizan diversas cajas de cambios.<br \/>\nCon tecnolog\u00eda avanzada y s\u00f3lidas capacidades de investigaci\u00f3n y desarrollo independientes, se pueden producir nuevas cajas de cambios de acuerdo con los dibujos de dise\u00f1o del cliente.<\/p>\n<p>* Todas las cajas de cambios est\u00e1n libres de aceite.<br \/>\n* Primer cambio de aceite despu\u00e9s de 50-70 horas de funcionamiento, luego despu\u00e9s de 500-700 horas o al menos una vez al a\u00f1o.<br \/>\n*Cont\u00e1ctanos para potencia a diferentes RPM.<\/p>\n<table class=\"has-title is-zebra hight-light-first-column all magic-13\">\n<tbody>\n<tr>\n<td colspan=\"1\" rowspan=\"1\">\n<div class=\"magic-14\" data-spm-anchor-id=\"a2700.details.0.i20.2a841930lXpNOd\"><b>ART\u00cdCULO<\/b><\/div>\n<\/td>\n<td colspan=\"1\" rowspan=\"1\">\n<div class=\"magic-15\"><b><i>EP-75<\/i><\/b><\/div>\n<\/td>\n<td colspan=\"1\" rowspan=\"1\">\n<div class=\"magic-16\"><b><i>EP-9.310<\/i><\/b><\/div>\n<\/td>\n<td colspan=\"1\" rowspan=\"1\">\n<div class=\"magic-17\"><b><i>EP-20100.131.00<\/i><\/b><\/div>\n<\/td>\n<td colspan=\"1\" rowspan=\"1\">\n<div class=\"magic-18\"><b><i>EP-9.311-JCG<\/i><\/b><\/div>\n<\/td>\n<td colspan=\"1\" rowspan=\"1\">\n<div class=\"magic-18\"><b><i>EP-9.312<\/i><\/b><\/div>\n<\/td>\n<td colspan=\"1\" rowspan=\"1\">\n<div class=\"magic-19\"><b><i>EP-30<\/i><\/b><\/div>\n<\/td>\n<td colspan=\"1\" rowspan=\"1\">\n<div class=\"magic-20\"><b><i>EP-9.311<\/i><\/b><\/div>\n<\/td>\n<\/tr>\n<tr>\n<td colspan=\"1\" rowspan=\"1\">\n<div class=\"magic-14\"><b>Relaci\u00f3n<\/b><\/div>\n<\/td>\n<td colspan=\"1\" rowspan=\"1\">\n<div class=\"magic-15\">1:3 \/ 1:2.83 \/ 1:1.65 \/ 1:1.6<\/div>\n<\/td>\n<td colspan=\"1\" rowspan=\"1\">\n<div class=\"magic-16\">1:3<\/div>\n<\/td>\n<td colspan=\"1\" rowspan=\"1\">\n<div class=\"magic-17\">1.31:1<\/div>\n<\/td>\n<td colspan=\"1\" rowspan=\"1\">\n<div class=\"magic-18\">1:3<\/div>\n<\/td>\n<td colspan=\"1\" rowspan=\"1\">\n<div class=\"magic-18\">1:3<\/div>\n<\/td>\n<td colspan=\"1\" rowspan=\"1\">\n<div class=\"magic-19\">1:2.9<\/div>\n<\/td>\n<td colspan=\"1\" rowspan=\"1\">\n<div class=\"magic-20\">1:3<\/div>\n<\/td>\n<\/tr>\n<tr>\n<td colspan=\"1\" rowspan=\"1\">\n<div class=\"magic-14\"><b>Dientes<\/b><\/div>\n<\/td>\n<td colspan=\"1\" rowspan=\"1\">\n<div class=\"magic-15\">12\/36 34\/12 33\/20 24\/15<\/div>\n<\/td>\n<td colspan=\"1\" rowspan=\"1\">\n<div class=\"magic-16\">12\/36<\/div>\n<\/td>\n<td colspan=\"1\" rowspan=\"1\">\n<div class=\"magic-17\">16\/21<\/div>\n<\/td>\n<td colspan=\"1\" rowspan=\"1\">\n<div class=\"magic-18\">36\/12<\/div>\n<\/td>\n<td colspan=\"1\" rowspan=\"1\">\n<div class=\"magic-18\">12\/364.58<\/div>\n<\/td>\n<td colspan=\"1\" rowspan=\"1\">\n<div class=\"magic-19\">32\/11<\/div>\n<\/td>\n<td colspan=\"1\" rowspan=\"1\">\n<div class=\"magic-20\">36\/12<\/div>\n<\/td>\n<\/tr>\n<tr>\n<td colspan=\"1\" rowspan=\"1\">\n<div class=\"magic-14\"><b>M\u00f3dulo<\/b><\/div>\n<\/td>\n<td colspan=\"1\" rowspan=\"1\">\n<div class=\"magic-15\">6.0\/5.35\/5.5\/7.5<\/div>\n<\/td>\n<td colspan=\"1\" rowspan=\"1\">\n<div class=\"magic-16\">3.45<\/div>\n<\/td>\n<td colspan=\"1\" rowspan=\"1\">\n<div class=\"magic-17\">7.0<\/div>\n<\/td>\n<td colspan=\"1\" rowspan=\"1\">\n<div class=\"magic-18\">4.35<\/div>\n<\/td>\n<td colspan=\"1\" rowspan=\"1\">\n<div class=\"magic-18\">4.58<\/div>\n<\/td>\n<td colspan=\"1\" rowspan=\"1\">\n<div class=\"magic-19\">3.0<\/div>\n<\/td>\n<td colspan=\"1\" rowspan=\"1\">\n<div class=\"magic-20\">4.35<\/div>\n<\/td>\n<\/tr>\n<tr>\n<td colspan=\"1\" rowspan=\"1\">\n<div class=\"magic-14\"><b>Potencia (HP)<\/b><\/div>\n<\/td>\n<td colspan=\"1\" rowspan=\"1\">\n<div class=\"magic-15\">75\/75\/100\/125<\/div>\n<\/td>\n<td colspan=\"1\" rowspan=\"1\">\n<div class=\"magic-16\">30<\/div>\n<\/td>\n<td colspan=\"1\" rowspan=\"1\">\n<div class=\"magic-17\">100<\/div>\n<\/td>\n<td colspan=\"1\" rowspan=\"1\">\n<div class=\"magic-18\">50<\/div>\n<\/td>\n<td colspan=\"1\" rowspan=\"1\">\n<div class=\"magic-18\">62<\/div>\n<\/td>\n<td colspan=\"1\" rowspan=\"1\">\n<div class=\"magic-19\">30<\/div>\n<\/td>\n<td colspan=\"1\" rowspan=\"1\">\n<div class=\"magic-20\">50<\/div>\n<\/td>\n<\/tr>\n<tr>\n<td colspan=\"1\" rowspan=\"1\">\n<div class=\"magic-21\"><b>Entrada nominal<\/b><\/div>\n<\/td>\n<td colspan=\"1\" rowspan=\"1\">\n<div class=\"magic-22\">540 rpm<\/div>\n<\/td>\n<td colspan=\"1\" rowspan=\"1\">\n<div class=\"magic-23\">540 rpm<\/div>\n<\/td>\n<td colspan=\"1\" rowspan=\"1\">\n<div class=\"magic-24\">600 rpm<\/div>\n<\/td>\n<td colspan=\"1\" rowspan=\"1\">\n<div class=\"magic-25\">540 rpm<\/div>\n<\/td>\n<td colspan=\"1\" rowspan=\"1\">\n<div class=\"magic-18\">540 rpm<\/div>\n<\/td>\n<td colspan=\"1\" rowspan=\"1\">\n<div class=\"magic-19\">540 rpm<\/div>\n<\/td>\n<td colspan=\"1\" rowspan=\"1\">\n<div class=\"magic-20\">540 rpm<\/div>\n<\/td>\n<\/tr>\n<tr>\n<td colspan=\"1\" rowspan=\"1\">\n<div class=\"magic-21\"><b>Descripci\u00f3n de entrada\/salida<\/b><\/div>\n<\/td>\n<td colspan=\"1\" rowspan=\"1\">\n<div class=\"magic-22\">3\/8 Z6 \/ Eje \u00f3ptico<\/div>\n<\/td>\n<td colspan=\"1\" rowspan=\"1\">\n<div class=\"magic-23\">1 3\/8 Z6 \/ Eje \u00f3ptico<\/div>\n<\/td>\n<td colspan=\"1\" rowspan=\"1\">\n<div class=\"magic-24\">8-\u03a648\u00d7\u03a642\u00d78<\/div>\n<\/td>\n<td colspan=\"1\" rowspan=\"1\">\n<div class=\"magic-25\">1 3\/8 Z6 \/ Eje \u00f3ptico<\/div>\n<\/td>\n<td colspan=\"1\" rowspan=\"1\">\n<div class=\"magic-18\">1 3\/8 Z6 \/ Eje \u00f3ptico<\/div>\n<\/td>\n<td colspan=\"1\" rowspan=\"1\">\n<div class=\"magic-19\">1 3\/8 Z6 \/ Eje \u00f3ptico<\/div>\n<\/td>\n<td colspan=\"1\" rowspan=\"1\">\n<div class=\"magic-20\">1 3\/8 Z6 \/ Eje \u00f3ptico<\/div>\n<\/td>\n<\/tr>\n<tr>\n<td colspan=\"1\" rowspan=\"1\">\n<div class=\"magic-21\"><b>Peso (NW)<\/b><\/div>\n<\/td>\n<td colspan=\"1\" rowspan=\"1\">\n<div class=\"magic-22\">37 kilogramos<\/div>\n<\/td>\n<td colspan=\"1\" rowspan=\"1\">\n<div class=\"magic-23\">18 kilos<\/div>\n<\/td>\n<td colspan=\"1\" rowspan=\"1\">\n<div class=\"magic-24\">58 kilos<\/div>\n<\/td>\n<td colspan=\"1\" rowspan=\"1\">\n<div class=\"magic-25\">21 kilogramos<\/div>\n<\/td>\n<td colspan=\"1\" rowspan=\"1\">\n<div class=\"magic-18\">27 kilogramos<\/div>\n<\/td>\n<td colspan=\"1\" rowspan=\"1\">\n<div class=\"magic-19\">13,5 kilos<\/div>\n<\/td>\n<td colspan=\"1\" rowspan=\"1\">\n<div class=\"magic-20\" data-spm-anchor-id=\"a2700.details.0.i21.2a841930lXpNOd\">21 kilogramos<\/div>\n<\/td>\n<\/tr>\n<\/tbody>\n<\/table>\n<p>1. Gran par de salida<br \/>\n2. Seguro, confiable, econ\u00f3mico y duradero.<br \/>\n3. Transmisi\u00f3n estable y funcionamiento silencioso.<br \/>\n4. Fuerte capacidad de carga.<br \/>\n5. Dise\u00f1o altamente modular, que puede equiparse f\u00e1cilmente con varias entradas de energ\u00eda externa. El mismo modelo puede configurarse con diferentes motores de potencia. Realice f\u00e1cilmente la combinaci\u00f3n y conexi\u00f3n entre varios modelos.<br \/>\n6. Relaci\u00f3n de transmisi\u00f3n: divisi\u00f3n fina, rango amplio. Los modelos combinados pueden formar relaciones de transmisi\u00f3n muy grandes, es decir, E. La velocidad de salida es muy baja.<br \/>\n7. Forma de instalaci\u00f3n: la posici\u00f3n de instalaci\u00f3n no est\u00e1 limitada.<br \/>\n8. Alta resistencia. El cuerpo de la caja est\u00e1 hecho de hierro fundido de alta resistencia. Los engranajes y ejes de los engranajes est\u00e1n hechos de procesos de carburaci\u00f3n con gas, temple y pulido fino, y la capacidad de carga por unidad de volumen es alta.<br \/>\n9. Larga vida \u00fatil: En condiciones de selecci\u00f3n correcta del modelo (incluida la selecci\u00f3n de par\u00e1metros operativos apropiados) y funcionamiento y mantenimiento normales, la vida \u00fatil de las partes principales del reductor (excepto las piezas de desgaste) no es inferior a 20.000 horas. Las partes vulnerables incluyen aceite lubricante, sellos de aceite, cojinetes, etc.<br \/>\n10. Bajo nivel de ruido: dado que las partes principales del reductor han sido estrictamente procesadas y probadas, el ruido del reductor es muy bajo.<br \/>\n11. La caja de cambios de nuestra empresa ha alcanzado el nivel internacional avanzado y puede reemplazar productos importados similares.<\/p>\n<h3><b><span class=\"magic-26\" data-spm-anchor-id=\"a2700.details.0.i25.2a841930lXpNOd\">Solicitud<\/span><\/b><\/h3>\n<p><img loading=\"lazy\" decoding=\"async\" class=\"alignnone size-full wp-image-2413\" src=\"https:\/\/agricultural-gear-boxes.com\/wp-content\/uploads\/2022\/12\/agricultural_right_angle_gearbox2.jpg\" alt=\"Caja de cambios angular agr\u00edcola\" width=\"971\" height=\"231\" srcset=\"https:\/\/agricultural-gear-boxes.com\/wp-content\/uploads\/2022\/12\/agricultural_right_angle_gearbox2.jpg 971w, https:\/\/agricultural-gear-boxes.com\/wp-content\/uploads\/2022\/12\/agricultural_right_angle_gearbox2-480x114.jpg 480w\" sizes=\"(min-width: 0px) and (max-width: 480px) 480px, (min-width: 481px) 971px, 100vw\" \/><\/p>\n<h3><b><span class=\"magic-26\">Tambi\u00e9n suministramos ejes de toma de fuerza<\/span><\/b><\/h3>\n<p><img loading=\"lazy\" decoding=\"async\" class=\"alignnone size-full wp-image-2414\" src=\"https:\/\/agricultural-gear-boxes.com\/wp-content\/uploads\/2022\/12\/agricultural_right_angle_gearbox3.webp\" alt=\"Caja de cambios angular agr\u00edcola\" width=\"1826\" height=\"500\" srcset=\"https:\/\/agricultural-gear-boxes.com\/wp-content\/uploads\/2022\/12\/agricultural_right_angle_gearbox3.webp 1826w, https:\/\/agricultural-gear-boxes.com\/wp-content\/uploads\/2022\/12\/agricultural_right_angle_gearbox3-1280x350.webp 1280w, https:\/\/agricultural-gear-boxes.com\/wp-content\/uploads\/2022\/12\/agricultural_right_angle_gearbox3-980x268.webp 980w, https:\/\/agricultural-gear-boxes.com\/wp-content\/uploads\/2022\/12\/agricultural_right_angle_gearbox3-480x131.webp 480w\" sizes=\"(min-width: 0px) and (max-width: 480px) 480px, (min-width: 481px) and (max-width: 980px) 980px, (min-width: 981px) and (max-width: 1280px) 1280px, (min-width: 1281px) 1826px, 100vw\" \/><\/p>","protected":false},"excerpt":{"rendered":"<p>The gearbox is used for lawn mower transmission; our standard is from 30 HP-90 HP, and we accept customized. We are professionals in the field of agricultural gearboxes with over 20 years of experience. This series of gearboxes are independently developed. It has the characteristics of high versatility, simple structure, and good performance and is [&hellip;]<\/p>","protected":false},"featured_media":2415,"template":"","meta":{"_et_pb_use_builder":"","_et_pb_old_content":"","_et_gb_content_width":""},"product_brand":[],"product_cat":[10402],"product_tag":[],"class_list":{"0":"post-2411","1":"product","2":"type-product","3":"status-publish","4":"has-post-thumbnail","6":"product_cat-agricultural-gearbox","8":"first","9":"instock","10":"shipping-taxable","11":"product-type-simple"},"_links":{"self":[{"href":"https:\/\/agricultural-gear-boxes.com\/es\/wp-json\/wp\/v2\/product\/2411","targetHints":{"allow":["GET"]}}],"collection":[{"href":"https:\/\/agricultural-gear-boxes.com\/es\/wp-json\/wp\/v2\/product"}],"about":[{"href":"https:\/\/agricultural-gear-boxes.com\/es\/wp-json\/wp\/v2\/types\/product"}],"wp:featuredmedia":[{"embeddable":true,"href":"https:\/\/agricultural-gear-boxes.com\/es\/wp-json\/wp\/v2\/media\/2415"}],"wp:attachment":[{"href":"https:\/\/agricultural-gear-boxes.com\/es\/wp-json\/wp\/v2\/media?parent=2411"}],"wp:term":[{"taxonomy":"product_brand","embeddable":true,"href":"https:\/\/agricultural-gear-boxes.com\/es\/wp-json\/wp\/v2\/product_brand?post=2411"},{"taxonomy":"product_cat","embeddable":true,"href":"https:\/\/agricultural-gear-boxes.com\/es\/wp-json\/wp\/v2\/product_cat?post=2411"},{"taxonomy":"product_tag","embeddable":true,"href":"https:\/\/agricultural-gear-boxes.com\/es\/wp-json\/wp\/v2\/product_tag?post=2411"}],"curies":[{"name":"wp","href":"https:\/\/api.w.org\/{rel}","templated":true}]}}