{"id":2885,"date":"2024-08-20T03:27:48","date_gmt":"2024-08-20T03:27:48","guid":{"rendered":"https:\/\/agricultural-gear-boxes.com\/product\/agricultural-gearbox-for-sprayers\/"},"modified":"2024-08-20T03:27:50","modified_gmt":"2024-08-20T03:27:50","slug":"agricultural-gearbox-for-sprayers","status":"publish","type":"product","link":"https:\/\/agricultural-gear-boxes.com\/es\/product\/agricultural-gearbox-for-sprayers\/","title":{"rendered":"Caja de cambios agr\u00edcola para pulverizadores"},"content":{"rendered":"<h2>Introducci\u00f3n: Caja de cambios agr\u00edcola para pulverizadores<\/h2>\n<p style=\"text-align: center;\"><span style=\"color: #000000;\"><strong><span style=\"font-size: 24pt;\">Caja de cambios agr\u00edcola para pulverizadores<\/span><\/strong><\/span><\/p>\n<p>La maquinaria agr\u00edcola, como los pulverizadores, utiliza cajas de cambios de toma de fuerza para aumentar la eficiencia de la m\u00e1quina. Estas transmisiones permiten al conductor cambiar la direcci\u00f3n del pulverizador sin utilizar un embrague. El conductor puede cambiar de marcha presionando hacia abajo o hacia arriba la palanca de cambios o utilizando una palanca de cambio que selecciona la marcha adelante o atr\u00e1s y proporciona una posici\u00f3n neutra. La \u00fanica vez que el conductor tendr\u00e1 que utilizar el embrague ser\u00e1 al elegir el rango de velocidad.<\/p>\n<p>A diferencia de la transmisi\u00f3n manual tradicional, la caja de cambios agr\u00edcola Ever-power es un componente muy vers\u00e1til. Sus materiales de alta calidad y dise\u00f1os de calidad de construcci\u00f3n la convierten en la soluci\u00f3n perfecta para una variedad de equipos de construcci\u00f3n, desde pulverizadores hasta aireadores. Estas cajas de cambios cuentan con conmutadores de alto rendimiento, lo que permite un control y una eficiencia \u00f3ptimos. La caja de cambios de la m\u00e1quina pulverizadora tambi\u00e9n es capaz de manejar terrenos irregulares, lo que ayuda a los agricultores a aplicar fertilizantes y pesticidas con precisi\u00f3n y facilidad.<\/p>\n<h2>Ventajas de la caja de cambios del pulverizador<\/h2>\n<p>La caja de engranajes de un pulverizador puede ser una herramienta valiosa para atomizar la aplicaci\u00f3n de agua o una mezcla de productos qu\u00edmicos en diversos procesos agr\u00edcolas. Su dise\u00f1o y funcionamiento son sencillos, lo que la convierte en una herramienta pr\u00e1ctica tanto para riegos autopropulsados como para sequ\u00edas. Adem\u00e1s, la caja de engranajes del pulverizador es c\u00f3moda de utilizar.<\/p>\n<p>Un pulverizador autopropulsado de doble prop\u00f3sito para agua y tierra est\u00e1 provisto de una rueda dentada c\u00f3nica para la salida. Su estructura y dise\u00f1o son f\u00e1ciles de operar, y su bajo costo de producci\u00f3n significa que tiene una vida \u00fatil prolongada. Un modelo autopropulsado tambi\u00e9n puede ser una opci\u00f3n conveniente para agricultores y usuarios industriales, quienes pueden simplemente montar la caja de cambios en la cabina. Otra ventaja de esta caja de cambios de toma de fuerza agr\u00edcola es que es f\u00e1cil de instalar y mantener, por lo que el costo de las piezas de repuesto es bajo.<\/p>\n<h2>Detalles de la caja de cambios agr\u00edcola Ever-power para pulverizadores<\/h2>\n<p><img loading=\"lazy\" decoding=\"async\" class=\"aligncenter wp-image-4801\" src=\"https:\/\/www.ever-power.net\/wp-content\/uploads\/2019\/07\/Agricultural-Gearbox-For-Sprayers-1.png\" alt=\"Caja de cambios del pulverizador\" width=\"500\" height=\"500\" \/><\/p>\n<p><img loading=\"lazy\" decoding=\"async\" class=\"alignnone wp-image-4802 size-full\" src=\"https:\/\/www.ever-power.net\/wp-content\/uploads\/2019\/07\/Agricultural-Gearbox-For-Sprayers-2.jpg\" alt=\"Detalles de la caja de cambios del pulverizador\" width=\"550\" height=\"540\" \/><\/p>\n<p><img loading=\"lazy\" decoding=\"async\" class=\"alignnone wp-image-4803 size-full\" src=\"https:\/\/www.ever-power.net\/wp-content\/uploads\/2019\/07\/Agricultural-Gearbox-For-Sprayers-3.jpg\" alt=\"Detalles de la caja de cambios del pulverizador\" width=\"550\" height=\"497\" \/><\/p>\n<h2>Material utilizado de la caja de engranajes del pulverizador<\/h2>\n<ol>\n<li>Acero inoxidable: SS201, SS303, SS304, SS316, SS416, SS420<\/li>\n<li>Acero: C45(K1045), C46(K1046),C20<\/li>\n<li>Lat\u00f3n: C36000 (C26800), C37700 (HPb59), C38500 (HPb58), C27200 (CuZn37), C28000 (CuZn40)<\/li>\n<li>Bronce: C51000, C52100, C54400, etc.<\/li>\n<li>Hierro: 1213, 12L14,1215<\/li>\n<li>Aluminio: Al6061, Al6063<\/li>\n<li>OEM seg\u00fan su solicitud<\/li>\n<\/ol>\n<h2>\u00bfPor qu\u00e9 elegir la caja de cambios agr\u00edcola Ever-Power para pulverizadores?<\/h2>\n<p>We specialize in manufacturing various mechanical and hydraulic transmissions such as planetary gearboxes, worm gear reducers, agricultural gearboxes, automotive transmissions, PTO drive shafts, special reducers, and related gear components and other related products such as sprockets, hydraulic systems, vacuum pumps, fluid couplings, rack and pinion, chains, hydraulic cylinders, etc. In addition, we can manufacture custom transmissions, gear motors, motors, and other hydraulic products according to customers&#8217; drawings to meet their needs.<\/p>\n<p>Nuestro avanzado equipo de inspecci\u00f3n y prueba proporciona una garant\u00eda confiable de la calidad del producto. Adem\u00e1s, contamos con un equipo t\u00e9cnico profesional, una tecnolog\u00eda de procesamiento exquisita y un estricto sistema de control.<\/p>\n<p><img loading=\"lazy\" decoding=\"async\" class=\"aligncenter wp-image-380768\" src=\"https:\/\/www.ever-power.net\/wp-content\/uploads\/2019\/07\/agricultural-gearbox-factory.webp\" alt=\"F\u00e1brica de cajas de cambios\" width=\"600\" height=\"389\" \/><\/p>\n<p>Adem\u00e1s, la <a href=\"https:\/\/www.ever-power.net\/pto-drive-shaft\/\" target=\"_blank\" rel=\"noopener\">Eje de transmisi\u00f3n de la toma de fuerza<\/a> es un buen socio para las cajas de engranajes agr\u00edcolas. Tambi\u00e9n ofrecemos estos ejes de toma de fuerza de alta calidad. \u00a1No dude en contactarnos y obtenga lo que necesita!<\/p>\n<p><img loading=\"lazy\" decoding=\"async\" class=\"aligncenter size-full wp-image-378923\" src=\"https:\/\/www.ever-power.net\/wp-content\/uploads\/2022\/05\/ep_pto-shaft-5-2.webp\" alt=\"Eje de toma de fuerza\" width=\"1826\" height=\"500\" \/><\/p>\n<h2>Otros productos de negocios<\/h2>\n<p>Suministramos principalmente diversos engranajes de pl\u00e1stico utilizados en la industria, como cajas de engranajes agr\u00edcolas, ejes de salida de potencia, ruedas dentadas, acoplamientos de fluidos, reductores de engranajes helicoidales, engranajes y cremalleras, cadenas desmontables, poleas y poleas, cajas de engranajes planetarios, poleas de distribuci\u00f3n, bujes y m\u00e1s. Nuestros productos son de alta calidad, se ofrecen a precios favorables y van acompa\u00f1ados de un servicio considerado. Damos la bienvenida a los clientes a que vengan a nosotros para obtener productos personalizados seg\u00fan sus dibujos o muestras.<\/p>\n<h2>Preguntas y respuestas<\/h2>\n<ol>\n<li>P: \u00bfC\u00f3mo funciona la caja de cambios de un pulverizador?<\/li>\n<li>A: Una caja de cambios para pulverizador permite al conductor cambiar la direcci\u00f3n del pulverizador sin utilizar un embrague. Ofrece opciones de cambio de marchas a trav\u00e9s de una palanca de cambios o de un inversor, lo que proporciona control y eficiencia en aplicaciones agr\u00edcolas.<\/li>\n<li>P: \u00bfQu\u00e9 materiales se utilizan en la fabricaci\u00f3n de cajas de engranajes para pulverizadores?<\/li>\n<li>R: Las cajas de engranajes del pulverizador est\u00e1n hechas de varios materiales, incluidos acero inoxidable (SS201, SS303, SS304, SS316, SS416, SS420), acero (C45, C46, C20), lat\u00f3n (C36000, C37700, C38500, C27200, C28000), bronce (C51000, C52100, C54400), hierro (1213, 12L14, 1215), aluminio (Al6061, Al6063), y se pueden personalizar seg\u00fan requisitos espec\u00edficos.<\/li>\n<li>P: \u00bfQu\u00e9 tan f\u00e1cil es instalar y mantener una caja de engranajes de un pulverizador?<\/li>\n<li>A: Las cajas de engranajes de los pulverizadores son conocidas por su f\u00e1cil instalaci\u00f3n y sus bajos requisitos de mantenimiento. Esto reduce el costo de las piezas de repuesto y garantiza una vida \u00fatil m\u00e1s prolongada de la caja de engranajes.<\/li>\n<\/ol>","protected":false},"excerpt":{"rendered":"<p>Introduction: Agricultural Gearbox for Sprayers Agricultural Gearbox for Sprayers Agricultural machinery such as sprayers uses PTO gearboxes to increase the efficiency of the machine. These transmissions allow the driver to change the direction of the sprayer without the use of a clutch. The driver can change gear by pressing down or up on the gear [&hellip;]<\/p>","protected":false},"featured_media":2884,"template":"","meta":{"_et_pb_use_builder":"","_et_pb_old_content":"","_et_gb_content_width":""},"product_brand":[],"product_cat":[10402],"product_tag":[],"class_list":{"0":"post-2885","1":"product","2":"type-product","3":"status-publish","4":"has-post-thumbnail","6":"product_cat-agricultural-gearbox","8":"first","9":"instock","10":"shipping-taxable","11":"product-type-simple"},"_links":{"self":[{"href":"https:\/\/agricultural-gear-boxes.com\/es\/wp-json\/wp\/v2\/product\/2885","targetHints":{"allow":["GET"]}}],"collection":[{"href":"https:\/\/agricultural-gear-boxes.com\/es\/wp-json\/wp\/v2\/product"}],"about":[{"href":"https:\/\/agricultural-gear-boxes.com\/es\/wp-json\/wp\/v2\/types\/product"}],"wp:featuredmedia":[{"embeddable":true,"href":"https:\/\/agricultural-gear-boxes.com\/es\/wp-json\/wp\/v2\/media\/2884"}],"wp:attachment":[{"href":"https:\/\/agricultural-gear-boxes.com\/es\/wp-json\/wp\/v2\/media?parent=2885"}],"wp:term":[{"taxonomy":"product_brand","embeddable":true,"href":"https:\/\/agricultural-gear-boxes.com\/es\/wp-json\/wp\/v2\/product_brand?post=2885"},{"taxonomy":"product_cat","embeddable":true,"href":"https:\/\/agricultural-gear-boxes.com\/es\/wp-json\/wp\/v2\/product_cat?post=2885"},{"taxonomy":"product_tag","embeddable":true,"href":"https:\/\/agricultural-gear-boxes.com\/es\/wp-json\/wp\/v2\/product_tag?post=2885"}],"curies":[{"name":"wp","href":"https:\/\/api.w.org\/{rel}","templated":true}]}}