{"id":2890,"date":"2024-08-20T03:27:55","date_gmt":"2024-08-20T03:27:55","guid":{"rendered":"https:\/\/agricultural-gear-boxes.com\/product\/agricultural-gearbox-for-lawn-mowers\/"},"modified":"2024-08-20T03:27:56","modified_gmt":"2024-08-20T03:27:56","slug":"agricultural-gearbox-for-lawn-mowers","status":"publish","type":"product","link":"https:\/\/agricultural-gear-boxes.com\/es\/product\/agricultural-gearbox-for-lawn-mowers\/","title":{"rendered":"Caja de cambios agr\u00edcola para cortadoras de c\u00e9sped"},"content":{"rendered":"<h2>Caja de cambios agr\u00edcola para cortac\u00e9spedes: la soluci\u00f3n perfecta para las necesidades de mantenimiento de espacios verdes<\/h2>\n<p>Cuando se trata del mantenimiento de espacios verdes, es fundamental utilizar el equipo adecuado. La caja de cambios agr\u00edcola para cortac\u00e9spedes es uno de esos equipos que est\u00e1 dise\u00f1ado para satisfacer las necesidades espec\u00edficas de transmisi\u00f3n de potencia de la maquinaria utilizada en jardiner\u00eda y mantenimiento de espacios verdes. Esta caja de cambios es una soluci\u00f3n perfecta para cortac\u00e9spedes y otros equipos similares utilizados en proyectos de paisajismo.<\/p>\n<h3>\u00bfQu\u00e9 es la caja de cambios agr\u00edcola para cortadoras de c\u00e9sped?<\/h3>\n<p>La caja de cambios agr\u00edcola para cortadoras de c\u00e9sped es un sistema de transmisi\u00f3n de potencia que proporciona el par y la velocidad necesarios a las cuchillas de las cortadoras de c\u00e9sped para cortar el c\u00e9sped de manera eficiente. Estas cajas de cambios est\u00e1n dise\u00f1adas para ser duraderas y resistentes, proporcionando el m\u00e1ximo rendimiento incluso en entornos hostiles.<\/p>\n<h3>Ventajas de utilizar cajas de cambios agr\u00edcolas para cortadoras de c\u00e9sped<\/h3>\n<ul>\n<li>Transmisi\u00f3n de potencia de alta calidad que ofrece el m\u00e1ximo par y velocidad.<\/li>\n<li>Durable y de larga duraci\u00f3n, dise\u00f1ado para soportar entornos hostiles.<\/li>\n<li>F\u00e1cil de instalar, mantener y reparar.<\/li>\n<li>Compatible con una amplia gama de cortadoras de c\u00e9sped y equipos de jardiner\u00eda.<\/li>\n<\/ul>\n<h3>C\u00f3mo elegir la caja de cambios agr\u00edcola adecuada para cortadoras de c\u00e9sped<\/h3>\n<p>A la hora de seleccionar una caja de cambios agr\u00edcola para cortadoras de c\u00e9sped, es importante tener en cuenta los requisitos de par y velocidad del equipo para garantizar un rendimiento \u00f3ptimo. El material de la caja de cambios tambi\u00e9n es un factor importante a tener en cuenta, ya que debe ser duradera y resistente al desgaste. Una instalaci\u00f3n adecuada y un mantenimiento regular son cruciales para garantizar la longevidad y el rendimiento \u00f3ptimo de la caja de cambios.<\/p>\n<h3>Company&#8217;s Other High-Quality Products<\/h3>\n<p>Adem\u00e1s de las cajas de engranajes agr\u00edcolas, nuestra empresa suministra una amplia gama de engranajes de pl\u00e1stico de alta calidad y otros productos de transmisi\u00f3n utilizados en diversas industrias. Nuestros productos incluyen ejes de salida de potencia, ruedas dentadas, acoplamientos de fluido, reductores de engranajes helicoidales, engranajes y cremalleras, cadenas desmontables, poleas y poleas, cajas de engranajes planetarios, poleas de distribuci\u00f3n, bujes y m\u00e1s. Nos comprometemos a proporcionar a nuestros clientes productos de alta calidad a precios favorables, junto con un servicio al cliente excepcional. Damos la bienvenida a los clientes a que vengan a nosotros con sus dibujos personalizados o muestras para la personalizaci\u00f3n.<\/p>\n<h2>Preguntas y respuestas:<\/h2>\n<h3>1. \u00bfQu\u00e9 es una caja de cambios agr\u00edcola para cortadoras de c\u00e9sped?<\/h3>\n<p>Una caja de cambios agr\u00edcola para cortadoras de c\u00e9sped es un sistema de transmisi\u00f3n de potencia dise\u00f1ado para satisfacer las necesidades espec\u00edficas de la maquinaria utilizada en jardiner\u00eda y mantenimiento de espacios verdes. Proporciona el par y la velocidad necesarios a las cuchillas de las cortadoras de c\u00e9sped para cortar el c\u00e9sped de manera eficiente.<\/p>\n<h3>2. \u00bfCu\u00e1les son las ventajas de utilizar cajas de cambios agr\u00edcolas para cortadoras de c\u00e9sped?<\/h3>\n<p>Las ventajas de utilizar una caja de cambios agr\u00edcola para cortadoras de c\u00e9sped incluyen transmisi\u00f3n de potencia de alta calidad, durabilidad, facilidad de instalaci\u00f3n, mantenimiento y reparaci\u00f3n, y compatibilidad con una amplia gama de cortadoras de c\u00e9sped y equipos de jardiner\u00eda.<\/p>\n<h3>3. \u00bfC\u00f3mo elijo la caja de cambios agr\u00edcola adecuada para mi cortadora de c\u00e9sped?<\/h3>\n<p>Al seleccionar una caja de cambios agr\u00edcola para su cortadora de c\u00e9sped, es importante tener en cuenta los requisitos de par y velocidad del equipo para garantizar un rendimiento \u00f3ptimo. El material de la caja de cambios tambi\u00e9n es un factor importante a tener en cuenta, ya que debe ser duradero y resistente al desgaste. Una instalaci\u00f3n adecuada y un mantenimiento regular son cruciales para garantizar la longevidad y el rendimiento \u00f3ptimo de la caja de cambios.<\/p>\n<h3>4. \u00bfCu\u00e1les son los otros productos que suministra la empresa?<\/h3>\n<p>Adem\u00e1s de las cajas de engranajes agr\u00edcolas, nuestra empresa suministra una amplia gama de engranajes de pl\u00e1stico de alta calidad y otros productos de transmisi\u00f3n utilizados en diversas industrias. Nuestros productos incluyen ejes de salida de potencia, ruedas dentadas, acoplamientos hidr\u00e1ulicos, reductores de engranajes helicoidales, engranajes y cremalleras, cadenas desmontables, poleas y poleas, cajas de engranajes planetarios, poleas de distribuci\u00f3n, bujes y m\u00e1s.<\/p>\n<h3>5. \u00bfLa empresa ofrece personalizaciones?<\/h3>\n<p>S\u00ed, invitamos a los clientes a que nos traigan sus dibujos o muestras personalizados para personalizarlos. Nuestro equipo se dedica a proporcionar productos de alta calidad que satisfagan las necesidades espec\u00edficas de nuestros clientes.<\/p>","protected":false},"excerpt":{"rendered":"<p>Agricultural Gearbox For Lawn Mowers: The Perfect Solution for Green Space Maintenance Needs When it comes to the maintenance of green spaces, using the right equipment is crucial. Agricultural gearbox for lawn mowers is one such equipment that is designed to meet the specific power transmission needs of machinery used in gardening and maintenance of [&hellip;]<\/p>","protected":false},"featured_media":2889,"template":"","meta":{"_et_pb_use_builder":"","_et_pb_old_content":"","_et_gb_content_width":""},"product_brand":[],"product_cat":[10402],"product_tag":[],"class_list":{"0":"post-2890","1":"product","2":"type-product","3":"status-publish","4":"has-post-thumbnail","6":"product_cat-agricultural-gearbox","8":"first","9":"instock","10":"shipping-taxable","11":"product-type-simple"},"_links":{"self":[{"href":"https:\/\/agricultural-gear-boxes.com\/es\/wp-json\/wp\/v2\/product\/2890","targetHints":{"allow":["GET"]}}],"collection":[{"href":"https:\/\/agricultural-gear-boxes.com\/es\/wp-json\/wp\/v2\/product"}],"about":[{"href":"https:\/\/agricultural-gear-boxes.com\/es\/wp-json\/wp\/v2\/types\/product"}],"wp:featuredmedia":[{"embeddable":true,"href":"https:\/\/agricultural-gear-boxes.com\/es\/wp-json\/wp\/v2\/media\/2889"}],"wp:attachment":[{"href":"https:\/\/agricultural-gear-boxes.com\/es\/wp-json\/wp\/v2\/media?parent=2890"}],"wp:term":[{"taxonomy":"product_brand","embeddable":true,"href":"https:\/\/agricultural-gear-boxes.com\/es\/wp-json\/wp\/v2\/product_brand?post=2890"},{"taxonomy":"product_cat","embeddable":true,"href":"https:\/\/agricultural-gear-boxes.com\/es\/wp-json\/wp\/v2\/product_cat?post=2890"},{"taxonomy":"product_tag","embeddable":true,"href":"https:\/\/agricultural-gear-boxes.com\/es\/wp-json\/wp\/v2\/product_tag?post=2890"}],"curies":[{"name":"wp","href":"https:\/\/api.w.org\/{rel}","templated":true}]}}