{"id":2895,"date":"2024-08-20T03:28:12","date_gmt":"2024-08-20T03:28:12","guid":{"rendered":"https:\/\/agricultural-gear-boxes.com\/product\/agricultural-gearbox-for-micro-tiller\/"},"modified":"2024-08-20T03:28:13","modified_gmt":"2024-08-20T03:28:13","slug":"agricultural-gearbox-for-micro-tiller","status":"publish","type":"product","link":"https:\/\/agricultural-gear-boxes.com\/es\/product\/agricultural-gearbox-for-micro-tiller\/","title":{"rendered":"Caja de cambios agr\u00edcola para microcultivador"},"content":{"rendered":"<h2>Caja de cambios agr\u00edcola para microcultivadores: un componente indispensable para una agricultura eficaz<\/h2>\n<p>The agricultural gearbox for micro tiller is a key component of any agricultural machine. Its main function is to ensure that the tiller has enough power to cultivate soil effectively. That&#8217;s why Ever-Power is dedicated to manufacturing the best agricultural gearboxes that deliver maximum torque to the cutter roller, thanks to their revolutionary design.<\/p>\n<p>Whether you&#8217;re tilling a small garden or a large field, the agricultural gearbox for micro tiller offers a perfect solution to your needs. The gearbox makes it easy for farmers to choose the right speed and power for their machines, depending on the type of soil, the size of the field, and other variables.<\/p>\n<h3>Las ventajas de nuestra caja de cambios agr\u00edcola para microcultivadores<\/h3>\n<ul>\n<li>Par m\u00e1ximo en el rodillo de corte, garantizando un cultivo eficiente.<\/li>\n<li>Funcionamiento suave y sin esfuerzo, incluso en condiciones de suelo dif\u00edciles.<\/li>\n<li>Construcci\u00f3n duradera que dura m\u00e1s y requiere menos mantenimiento.<\/li>\n<li>F\u00e1cil de instalar, usar y reemplazar.<\/li>\n<\/ul>\n<h3>Especificaciones de nuestra caja de cambios agr\u00edcola para microcultivadores<\/h3>\n<table style=\"width: 98%;\" border=\"1\">\n<tbody>\n<tr>\n<td style=\"width: 31.0234%;\"><strong>Paquete<\/strong><\/td>\n<td style=\"width: 68.3369%;\">Caja\/contenedor de madera y pal\u00e9, o seg\u00fan especificaciones personalizadas<\/td>\n<\/tr>\n<tr>\n<td style=\"width: 31.0234%;\"><strong>Certificado<\/strong><\/td>\n<td style=\"width: 68.3369%;\">ISO9001:2008, ISO14001:2001, ISO\/TS 16949:2009<\/td>\n<\/tr>\n<tr>\n<td style=\"width: 31.0234%;\"><strong>Tratamiento de superficies<\/strong><\/td>\n<td style=\"width: 68.3369%;\">Recocido, anodizado natural, tratamiento t\u00e9rmico, pulido, niquelado, cromado, galvanizado, pasivaci\u00f3n amarilla, pasivaci\u00f3n dorada, satinado, pintura superficial negra, etc.<\/td>\n<\/tr>\n<tr>\n<td style=\"width: 31.0234%;\"><strong>M\u00e9todo de procesamiento<\/strong><\/td>\n<td style=\"width: 68.3369%;\">Mecanizado CNC, punzonado, torneado, fresado, taladrado, rectificado, brochado, soldadura y montaje<\/td>\n<\/tr>\n<tr>\n<td style=\"width: 31.0234%;\"><strong>Control de calidad<\/strong><\/td>\n<td style=\"width: 68.3369%;\">Los t\u00e9cnicos realizan autocontrol en la producci\u00f3n, control final antes del embalaje por parte de un inspector de calidad profesional<\/td>\n<\/tr>\n<tr>\n<td style=\"width: 31.0234%;\"><strong>Ventaja<\/strong><\/td>\n<td style=\"width: 68.3369%;\">Calidad primero, servicio superior, equipo avanzado, trabajadores experimentados, equipo de prueba perfecto.<\/td>\n<\/tr>\n<\/tbody>\n<\/table>\n<h3>Eje de toma de fuerza para caja de cambios de microcultivadores: la combinaci\u00f3n perfecta para sus necesidades agr\u00edcolas<\/h3>\n<p>The agricultural PTO gearbox is a high-quality mechanical transmission part that&#8217;s designed to change the output speed of a PTO drive shaft. It can be used as a decreasing or increasing ratio gearbox, depending on your needs. As a professional manufacturer of mechanical transmission parts, Ever-Power offers a wide range of high-quality PTO shafts for Micro Tiller Gearbox that are perfect for your agricultural needs.<\/p>\n<h3>Ventajas de nuestro eje de toma de fuerza para caja de cambios de micro cultivadores<\/h3>\n<ul>\n<li>Dise\u00f1ado para funcionar a la perfecci\u00f3n con nuestra caja de cambios agr\u00edcola para micro cultivadores.<\/li>\n<li>Construcci\u00f3n de alta calidad que garantiza un rendimiento duradero.<\/li>\n<li>F\u00e1cil de instalar, usar y reemplazar.<\/li>\n<li>Personalizable para satisfacer sus necesidades y requisitos espec\u00edficos.<\/li>\n<\/ul>\n<h3>Otros productos ofrecidos por Ever-Power<\/h3>\n<p>En Ever-Power, nos comprometemos a ofrecer productos de alta calidad que satisfagan las necesidades y los requisitos de nuestros clientes. Adem\u00e1s de nuestra caja de cambios agr\u00edcola para microcultivadores y ejes de toma de fuerza, ofrecemos una amplia gama de otros productos dise\u00f1ados para satisfacer las necesidades de diversas industrias, como:<\/p>\n<ul>\n<li>Cajas de cambios agr\u00edcolas<\/li>\n<li>Ejes de salida de potencia<\/li>\n<li>Pi\u00f1ones<\/li>\n<li>Acoplamientos de fluidos<\/li>\n<li>Reductores de engranajes helicoidales<\/li>\n<li>Engranajes y cremalleras<\/li>\n<li>Cadenas desmontables<\/li>\n<li>Poleas y poleas<\/li>\n<li>Cajas de engranajes planetarios<\/li>\n<li>Poleas de distribuci\u00f3n<\/li>\n<li>Bujes<\/li>\n<li>\u00bfY m\u00e1s??<\/li>\n<\/ul>\n<p>Nos comprometemos a ofrecer productos de alta calidad a un precio favorable y nuestros productos est\u00e1n acompa\u00f1ados de un servicio atento. Damos la bienvenida a los clientes a que vengan a realizar dibujos o muestras personalizadas para satisfacer sus necesidades y requisitos espec\u00edficos.<\/p>\n<h2>Preguntas y respuestas<\/h2>\n<p>1. \u00bfCu\u00e1l es la funci\u00f3n principal de una caja de cambios agr\u00edcola para micro cultivadores?<br \/>\n   &#8211; The main function of an agricultural gearbox for micro tiller is to ensure that the tiller has enough power to cultivate soil effectively.<\/p>\n<p>2. \u00bfCu\u00e1les son las ventajas de utilizar una caja de cambios agr\u00edcola para micro cultivadores?<br \/>\n   &#8211; The advantages of using an agricultural gearbox for micro tiller include maximum torque to the cutter roller, smooth and effortless operation, durable construction, and easy installation, use, and replacement.<\/p>\n<p>3. \u00bfQu\u00e9 es un eje de toma de fuerza y c\u00f3mo se relaciona con una caja de cambios agr\u00edcola para micro cultivadores?<br \/>\n   &#8211; A PTO shaft is a high-quality mechanical transmission part that&#8217;s designed to change the output speed of a PTO drive shaft. It can be used as a decreasing or increasing ratio gearbox, depending on your needs. It&#8217;s designed to work seamlessly with our agricultural gearbox for micro tiller.<\/p>\n<p>4. \u00bfQu\u00e9 otros productos ofrece Ever-Power?<br \/>\n   &#8211; In addition to our agricultural gearbox for micro tiller and PTO shaft, we offer a wide range of other products, such as agricultural gearboxes, power output shafts, sprockets, fluid couplings, worm gear reducers, gears and racks, detachable chains, pulleys and pulleys, planetary gearboxes, timing pulleys, bushings, and more.<\/p>\n<p>5. \u00bfQu\u00e9 diferencia a Ever-Power de otros fabricantes de cajas de engranajes agr\u00edcolas y ejes de toma de fuerza?<br \/>\n   &#8211; Ever-Power is committed to delivering high-quality products at a favorable price, and our products are accompanied by considerate service. We also offer customization services to meet the specific needs and requirements of our customers.<\/p>","protected":false},"excerpt":{"rendered":"<p>Agricultural Gearbox for Micro Tiller: A Must-Have Component for Effective Agriculture The agricultural gearbox for micro tiller is a key component of any agricultural machine. Its main function is to ensure that the tiller has enough power to cultivate soil effectively. That&#8217;s why Ever-Power is dedicated to manufacturing the best agricultural gearboxes that deliver maximum [&hellip;]<\/p>","protected":false},"featured_media":2894,"template":"","meta":{"_et_pb_use_builder":"","_et_pb_old_content":"","_et_gb_content_width":""},"product_brand":[],"product_cat":[10402],"product_tag":[],"class_list":{"0":"post-2895","1":"product","2":"type-product","3":"status-publish","4":"has-post-thumbnail","6":"product_cat-agricultural-gearbox","8":"first","9":"instock","10":"shipping-taxable","11":"product-type-simple"},"_links":{"self":[{"href":"https:\/\/agricultural-gear-boxes.com\/es\/wp-json\/wp\/v2\/product\/2895","targetHints":{"allow":["GET"]}}],"collection":[{"href":"https:\/\/agricultural-gear-boxes.com\/es\/wp-json\/wp\/v2\/product"}],"about":[{"href":"https:\/\/agricultural-gear-boxes.com\/es\/wp-json\/wp\/v2\/types\/product"}],"wp:featuredmedia":[{"embeddable":true,"href":"https:\/\/agricultural-gear-boxes.com\/es\/wp-json\/wp\/v2\/media\/2894"}],"wp:attachment":[{"href":"https:\/\/agricultural-gear-boxes.com\/es\/wp-json\/wp\/v2\/media?parent=2895"}],"wp:term":[{"taxonomy":"product_brand","embeddable":true,"href":"https:\/\/agricultural-gear-boxes.com\/es\/wp-json\/wp\/v2\/product_brand?post=2895"},{"taxonomy":"product_cat","embeddable":true,"href":"https:\/\/agricultural-gear-boxes.com\/es\/wp-json\/wp\/v2\/product_cat?post=2895"},{"taxonomy":"product_tag","embeddable":true,"href":"https:\/\/agricultural-gear-boxes.com\/es\/wp-json\/wp\/v2\/product_tag?post=2895"}],"curies":[{"name":"wp","href":"https:\/\/api.w.org\/{rel}","templated":true}]}}