{"id":2908,"date":"2024-08-20T03:28:26","date_gmt":"2024-08-20T03:28:26","guid":{"rendered":"https:\/\/agricultural-gear-boxes.com\/product\/gearbox-and-reducer-for-crop-storage-drive-systems\/"},"modified":"2024-08-20T03:28:26","modified_gmt":"2024-08-20T03:28:26","slug":"gearbox-and-reducer-for-crop-storage-drive-systems","status":"publish","type":"product","link":"https:\/\/agricultural-gear-boxes.com\/es\/product\/gearbox-and-reducer-for-crop-storage-drive-systems\/","title":{"rendered":"Caja de cambios y reductor para sistemas de transmisi\u00f3n de almacenamiento de cultivos"},"content":{"rendered":"<h2>Caja de cambios y reductor para sistemas de transmisi\u00f3n para almacenamiento de cultivos: Soluciones de EP para un almacenamiento \u00f3ptimo de los cultivos<\/h2>\n<p>La demanda de patatas, verduras y frutas ya no se limita a la demanda estacional o local. Los avances tecnol\u00f3gicos han hecho posible almacenar grandes cantidades de cosechas en instalaciones de almacenamiento para satisfacer la demanda durante todo el a\u00f1o. Esto ha dado lugar a la necesidad de un control preciso del clima dentro de la instalaci\u00f3n de almacenamiento para garantizar que los cultivos se mantengan frescos y de buena calidad. EP, a trav\u00e9s de sus avanzados ordenadores clim\u00e1ticos, ha desarrollado sistemas de accionamiento especiales que garantizan un control preciso y fiable de la ventilaci\u00f3n en las instalaciones de almacenamiento, garantizando as\u00ed un almacenamiento \u00f3ptimo de los cultivos.<\/p>\n<h3>Historia y clasificaci\u00f3n de los reductores y cajas de cambios de EP para sistemas de transmisi\u00f3n de almacenamiento de cultivos<\/h3>\n<p>EP cuenta con a\u00f1os de experiencia en el desarrollo de sistemas de transmisi\u00f3n especiales para diversas aplicaciones, incluido el almacenamiento de cultivos. Sus reductores y cajas de cambios para sistemas de transmisi\u00f3n de almacenamiento de cultivos est\u00e1n dise\u00f1ados para proporcionar un control preciso de la ventilaci\u00f3n en las instalaciones de almacenamiento, lo que garantiza que se mantenga el clima de almacenamiento \u00f3ptimo. Estos sistemas de transmisi\u00f3n se clasifican como equipos de precisi\u00f3n, lo que significa que son muy precisos y confiables, lo que los hace ideales para su uso en instalaciones de almacenamiento a gran escala.<\/p>\n<h3>Ventajas de la caja de cambios y el reductor de EP para sistemas de transmisi\u00f3n de almacenamiento de cultivos<\/h3>\n<ul>\n<li>Altamente preciso y confiable<\/li>\n<li>Control de precisi\u00f3n de la ventilaci\u00f3n en instalaciones de almacenamiento<\/li>\n<li>Garantiza un clima de almacenamiento \u00f3ptimo para los cultivos.<\/li>\n<li>Ayuda a garantizar la calidad del cultivo.<\/li>\n<li>Durable y de larga duraci\u00f3n<\/li>\n<li>F\u00e1cil de instalar, mantener y reparar.<\/li>\n<\/ul>\n<h3>Materiales utilizados en la caja de cambios y reductora de EP para sistemas de transmisi\u00f3n de almacenamiento de cultivos<\/h3>\n<p>EP utiliza \u00fanicamente materiales de alta calidad en la fabricaci\u00f3n de sus cajas de cambios y reductores para sistemas de transmisi\u00f3n de almacenamiento de cultivos. Estos materiales se seleccionan cuidadosamente para garantizar que los sistemas de transmisi\u00f3n puedan soportar las demandas de las instalaciones de almacenamiento a gran escala y mantener su precisi\u00f3n y confiabilidad a lo largo del tiempo. Algunos de los materiales utilizados incluyen:<\/p>\n<ul>\n<li>Acero de alta calidad para la caja de cambios y la carcasa del reductor.<\/li>\n<li>Cojinetes y engranajes de precisi\u00f3n para mayor precisi\u00f3n y confiabilidad.<\/li>\n<li>Correas y poleas de alta resistencia para un funcionamiento suave.<\/li>\n<\/ul>\n<h3>Instalaci\u00f3n, mantenimiento y reparaci\u00f3n de cajas de cambios y reductores de EP para sistemas de transmisi\u00f3n de almacenamiento de cultivos<\/h3>\n<p>Los reductores y cajas de cambios de EP para sistemas de transmisi\u00f3n de almacenamiento de cultivos est\u00e1n dise\u00f1ados para facilitar su instalaci\u00f3n, mantenimiento y reparaci\u00f3n. Los sistemas de transmisi\u00f3n son f\u00e1ciles de instalar y se proporcionan instrucciones claras para guiar el proceso. El mantenimiento es m\u00ednimo y se requieren controles y lubricaci\u00f3n peri\u00f3dicos para garantizar un rendimiento \u00f3ptimo. En caso de que se requieran reparaciones, EP ofrece servicios integrales de reparaci\u00f3n y reemplazo para garantizar que su sistema de transmisi\u00f3n est\u00e9 siempre en \u00f3ptimas condiciones.<\/p>\n<h3>Otros productos y negocios de EP<\/h3>\n<p>Adem\u00e1s de sus cajas de cambios y reductores para sistemas de transmisi\u00f3n de almacenamiento de cultivos, EP tambi\u00e9n suministra varios productos de engranajes de pl\u00e1stico, incluidas cajas de cambios agr\u00edcolas, ejes de salida de potencia, ruedas dentadas, acoplamientos de fluido, reductores de engranajes helicoidales, engranajes y cremalleras, cadenas desmontables, poleas y poleas, cajas de cambios planetarias, poleas de distribuci\u00f3n, bujes y m\u00e1s. EP se compromete a proporcionar productos de alta calidad a un precio favorable, con un servicio considerado. Los clientes son bienvenidos a venir a EP con sus solicitudes de personalizaci\u00f3n de dibujos o muestras.<\/p>\n<h2>Preguntas y respuestas<\/h2>\n<h3>P: \u00bfQu\u00e9 es la caja de cambios y el reductor de EP para sistemas de transmisi\u00f3n de almacenamiento de cultivos?<\/h3>\n<p>A: Los reductores y cajas de cambios de EP para sistemas de transmisi\u00f3n de almacenamiento de cultivos son sistemas de transmisi\u00f3n especiales dise\u00f1ados para proporcionar un control preciso sobre la ventilaci\u00f3n en las instalaciones de almacenamiento, garantizando un almacenamiento y una calidad \u00f3ptimos de los cultivos.<\/p>\n<h3>P: \u00bfCu\u00e1les son las ventajas de la caja de cambios y el reductor de EP para los sistemas de accionamiento de almacenamiento de cultivos?<\/h3>\n<p>R: Las ventajas de los reductores y cajas de cambios de EP para sistemas de transmisi\u00f3n de almacenamiento de cultivos incluyen un control de precisi\u00f3n altamente preciso y confiable sobre la ventilaci\u00f3n, un clima de almacenamiento \u00f3ptimo para los cultivos, garant\u00eda de la calidad del cultivo, durabilidad y facilidad de instalaci\u00f3n, mantenimiento y reparaci\u00f3n.<\/p>\n<h3>P: \u00bfQu\u00e9 materiales se utilizan en la fabricaci\u00f3n de cajas de cambios y reductores de EP para sistemas de transmisi\u00f3n de almacenamiento de cultivos?<\/h3>\n<p>A: EP utiliza materiales de alta calidad como acero de alta calidad para la caja de engranajes y la carcasa del reductor, cojinetes y engranajes de precisi\u00f3n para mayor exactitud y confiabilidad, y correas y poleas de alta resistencia para un funcionamiento suave en la fabricaci\u00f3n de sus cajas de engranajes y reductores para sistemas de transmisi\u00f3n de almacenamiento de cultivos.<\/p>\n<h3>P: \u00bfEs necesario realizar mantenimiento a la caja de cambios y al reductor de EP para los sistemas de transmisi\u00f3n de almacenamiento de cultivos?<\/h3>\n<p>R: S\u00ed, se requieren controles peri\u00f3dicos y lubricaci\u00f3n para garantizar el rendimiento \u00f3ptimo de la caja de cambios y el reductor de EP para los sistemas de transmisi\u00f3n de almacenamiento de cultivos.<\/p>\n<h3>P: \u00bfQu\u00e9 tan f\u00e1cil es instalar la caja de cambios y el reductor de EP para los sistemas de transmisi\u00f3n de almacenamiento de cultivos?<\/h3>\n<p>A: Los reductores y cajas de cambios de EP para sistemas de transmisi\u00f3n de almacenamiento de cultivos est\u00e1n dise\u00f1ados teniendo en cuenta la facilidad de instalaci\u00f3n y se proporcionan instrucciones claras para guiar el proceso.<\/p>","protected":false},"excerpt":{"rendered":"<p>Gearbox and Reducer for Crop Storage Drive Systems: EP??s Solutions for Optimal Crop Storage The demand for potatoes, vegetables, and fruit is no longer limited to seasonal or local demand. Advances in technology have made it possible to store large quantities of harvested crops in storage facilities for all-year-round demand. This has resulted in the [&hellip;]<\/p>","protected":false},"featured_media":2907,"template":"","meta":{"_et_pb_use_builder":"","_et_pb_old_content":"","_et_gb_content_width":""},"product_brand":[],"product_cat":[10402],"product_tag":[],"class_list":{"0":"post-2908","1":"product","2":"type-product","3":"status-publish","4":"has-post-thumbnail","6":"product_cat-agricultural-gearbox","8":"first","9":"instock","10":"shipping-taxable","11":"product-type-simple"},"_links":{"self":[{"href":"https:\/\/agricultural-gear-boxes.com\/es\/wp-json\/wp\/v2\/product\/2908","targetHints":{"allow":["GET"]}}],"collection":[{"href":"https:\/\/agricultural-gear-boxes.com\/es\/wp-json\/wp\/v2\/product"}],"about":[{"href":"https:\/\/agricultural-gear-boxes.com\/es\/wp-json\/wp\/v2\/types\/product"}],"wp:featuredmedia":[{"embeddable":true,"href":"https:\/\/agricultural-gear-boxes.com\/es\/wp-json\/wp\/v2\/media\/2907"}],"wp:attachment":[{"href":"https:\/\/agricultural-gear-boxes.com\/es\/wp-json\/wp\/v2\/media?parent=2908"}],"wp:term":[{"taxonomy":"product_brand","embeddable":true,"href":"https:\/\/agricultural-gear-boxes.com\/es\/wp-json\/wp\/v2\/product_brand?post=2908"},{"taxonomy":"product_cat","embeddable":true,"href":"https:\/\/agricultural-gear-boxes.com\/es\/wp-json\/wp\/v2\/product_cat?post=2908"},{"taxonomy":"product_tag","embeddable":true,"href":"https:\/\/agricultural-gear-boxes.com\/es\/wp-json\/wp\/v2\/product_tag?post=2908"}],"curies":[{"name":"wp","href":"https:\/\/api.w.org\/{rel}","templated":true}]}}