{"id":2911,"date":"2024-08-20T03:28:27","date_gmt":"2024-08-20T03:28:27","guid":{"rendered":"https:\/\/agricultural-gear-boxes.com\/product\/drive-systems-for-ventilation-in-livestock-farming\/"},"modified":"2024-08-20T03:28:28","modified_gmt":"2024-08-20T03:28:28","slug":"drive-systems-for-ventilation-in-livestock-farming","status":"publish","type":"product","link":"https:\/\/agricultural-gear-boxes.com\/es\/product\/drive-systems-for-ventilation-in-livestock-farming\/","title":{"rendered":"Sistemas de accionamiento para ventilaci\u00f3n en ganader\u00eda"},"content":{"rendered":"<h2>Sistemas de accionamiento para ventilaci\u00f3n en la ganader\u00eda<\/h2>\n<p>Una ventilaci\u00f3n adecuada es esencial para crear el mejor ambiente posible en las naves ganaderas. Los pollos, cerdos y ganado se desarrollan mejor en un clima perfectamente adaptado a sus necesidades espec\u00edficas. Esto beneficia la producci\u00f3n, la salud y la calidad, y aumenta la rentabilidad de su explotaci\u00f3n.<\/p>\n<p>Para garantizar la precisi\u00f3n y el control en la ventilaci\u00f3n de cualquier tipo de nave, Ever-power ha desarrollado sistemas de accionamiento especiales para la ganader\u00eda intensiva. Esta gama incluye una serie de innovadores sistemas de accionamiento para respiraderos y v\u00e1lvulas de entrada de aire, sistemas de ventilaci\u00f3n de cumbrera, sistemas de ventilaci\u00f3n enrollable para cortinas y sistemas enrollables para sistemas de refrigeraci\u00f3n PAD. <\/p>\n<h3>Historia y clasificaci\u00f3n<\/h3>\n<p>Ever-power lleva m\u00e1s de una d\u00e9cada fabricando sistemas de accionamiento y ha desarrollado una gama completa de productos que se adapta a las necesidades espec\u00edficas de los ganaderos. Los sistemas de accionamiento est\u00e1n disponibles en diferentes tama\u00f1os y dise\u00f1os, lo que los hace adecuados para una amplia gama de aplicaciones. Los productos se clasifican seg\u00fan el tipo de sistema de ventilaci\u00f3n para el que est\u00e1n dise\u00f1ados, lo que facilita a los ganaderos la selecci\u00f3n del producto adecuado para su nave.<\/p>\n<h3>Ventajas y materiales utilizados<\/h3>\n<ul>\n<li>Los sistemas de accionamiento son altamente eficientes y precisos, lo que permite a los agricultores controlar eficazmente la ventilaci\u00f3n de sus naves ganaderas.<\/li>\n<li>Los productos est\u00e1n fabricados con materiales de alta calidad, como acero inoxidable y aluminio, lo que los hace duraderos y resistentes.<\/li>\n<li>Los sistemas de accionamiento son f\u00e1ciles de instalar, mantener y reparar, lo que reduce el tiempo de inactividad de los sistemas de ventilaci\u00f3n.<\/li>\n<li>Est\u00e1n dise\u00f1ados para soportar duras condiciones clim\u00e1ticas y resistir la corrosi\u00f3n, garantizando la longevidad de los sistemas.<\/li>\n<li>Los sistemas de accionamiento son rentables, lo que los convierte en una inversi\u00f3n adecuada tanto para ganaderos de peque\u00f1a como de gran escala.<\/li>\n<\/ul>\n<h3>Instalaci\u00f3n, mantenimiento y reparaci\u00f3n<\/h3>\n<p>Los sistemas de accionamiento son f\u00e1ciles de instalar y se entregan con manuales de instalaci\u00f3n completos que gu\u00edan a los agricultores durante el proceso. El mantenimiento es m\u00ednimo e implica la limpieza y lubricaci\u00f3n peri\u00f3dicas de los sistemas. En caso de aver\u00eda, los productos se pueden reparar f\u00e1cilmente y las piezas de repuesto est\u00e1n f\u00e1cilmente disponibles.<\/p>\n<h3>Otros productos<\/h3>\n<p>Ever-power ofrece una amplia gama de productos para la industria agr\u00edcola, incluyendo engranajes de pl\u00e1stico, ejes de transmisi\u00f3n, ruedas dentadas, acoplamientos hidr\u00e1ulicos, reductores de tornillo sin fin, engranajes y cremalleras, cadenas desmontables, poleas y reductores planetarios, entre otros. La empresa se enorgullece de ofrecer productos de alta calidad a precios competitivos y un excelente servicio al cliente. Los clientes pueden solicitar productos personalizados seg\u00fan sus necesidades espec\u00edficas.<\/p>\n<h2>Preguntas y respuestas<\/h2>\n<h3>1. What is the main advantage of using Ever-power&#8217;s drive systems for ventilation in livestock farming?<\/h3>\n<p>Ever-power&#8217;s drive systems offer precise and efficient ventilation, allowing farmers to create the best possible living environment for their livestock. This improves production, health, and quality, ultimately increasing the profitability of the operation.<\/p>\n<h3>2. \u00bfSe pueden utilizar los sistemas de accionamiento para diferentes tipos de naves ganaderas?<\/h3>\n<p>Yes, Ever-power&#8217;s drive systems are designed to be suitable for a wide range of livestock houses, including those for chickens, pigs, and cattle.<\/p>\n<h3>3. What materials are used to make Ever-power&#8217;s drive systems?<\/h3>\n<p>Los productos est\u00e1n fabricados con materiales de alta calidad, como acero inoxidable y aluminio, lo que garantiza durabilidad y longevidad.<\/p>\n<h3>4. \u00bfQu\u00e9 tan f\u00e1ciles son de instalar, mantener y reparar los sistemas de accionamiento?<\/h3>\n<p>Los sistemas de accionamiento son f\u00e1ciles de instalar y se entregan con manuales de instalaci\u00f3n completos. El mantenimiento es m\u00ednimo e implica limpieza y lubricaci\u00f3n peri\u00f3dicas. En caso de aver\u00eda, los sistemas se pueden reparar f\u00e1cilmente con repuestos disponibles.<\/p>\n<h3>5. \u00bfQu\u00e9 otros productos ofrece Ever-power para la industria agr\u00edcola?<\/h3>\n<p>Ever-power ofrece una amplia gama de productos para la industria agr\u00edcola, incluyendo engranajes de pl\u00e1stico, ejes de salida de potencia, ruedas dentadas, acoplamientos de fluido, reductores de tornillo sin fin, engranajes y cremalleras, cadenas desmontables, poleas y cajas de engranajes planetarios, entre otros.<\/p>","protected":false},"excerpt":{"rendered":"<p>Drive Systems for Ventilation in Livestock Farming Accurate ventilation is essential to create the best possible living environment in livestock houses. Chickens, pigs, and cattle thrive better in a climate that is perfectly adjusted to their specific needs. This is good for production, health, and quality, and increases the profitability of your operation. To ensure [&hellip;]<\/p>","protected":false},"featured_media":2907,"template":"","meta":{"_et_pb_use_builder":"","_et_pb_old_content":"","_et_gb_content_width":""},"product_brand":[],"product_cat":[10402],"product_tag":[],"class_list":{"0":"post-2911","1":"product","2":"type-product","3":"status-publish","4":"has-post-thumbnail","6":"product_cat-agricultural-gearbox","8":"first","9":"instock","10":"shipping-taxable","11":"product-type-simple"},"_links":{"self":[{"href":"https:\/\/agricultural-gear-boxes.com\/es\/wp-json\/wp\/v2\/product\/2911","targetHints":{"allow":["GET"]}}],"collection":[{"href":"https:\/\/agricultural-gear-boxes.com\/es\/wp-json\/wp\/v2\/product"}],"about":[{"href":"https:\/\/agricultural-gear-boxes.com\/es\/wp-json\/wp\/v2\/types\/product"}],"wp:featuredmedia":[{"embeddable":true,"href":"https:\/\/agricultural-gear-boxes.com\/es\/wp-json\/wp\/v2\/media\/2907"}],"wp:attachment":[{"href":"https:\/\/agricultural-gear-boxes.com\/es\/wp-json\/wp\/v2\/media?parent=2911"}],"wp:term":[{"taxonomy":"product_brand","embeddable":true,"href":"https:\/\/agricultural-gear-boxes.com\/es\/wp-json\/wp\/v2\/product_brand?post=2911"},{"taxonomy":"product_cat","embeddable":true,"href":"https:\/\/agricultural-gear-boxes.com\/es\/wp-json\/wp\/v2\/product_cat?post=2911"},{"taxonomy":"product_tag","embeddable":true,"href":"https:\/\/agricultural-gear-boxes.com\/es\/wp-json\/wp\/v2\/product_tag?post=2911"}],"curies":[{"name":"wp","href":"https:\/\/api.w.org\/{rel}","templated":true}]}}