{"id":2929,"date":"2024-08-20T03:28:48","date_gmt":"2024-08-20T03:28:48","guid":{"rendered":"https:\/\/agricultural-gear-boxes.com\/product\/gearbox-for-self-loading-trailer\/"},"modified":"2024-08-20T03:28:49","modified_gmt":"2024-08-20T03:28:49","slug":"gearbox-for-self-loading-trailer","status":"publish","type":"product","link":"https:\/\/agricultural-gear-boxes.com\/es\/product\/gearbox-for-self-loading-trailer\/","title":{"rendered":"Caja de cambios para remolque autocargable"},"content":{"rendered":"<h2>Caja de cambios para remolque autocargable: la soluci\u00f3n definitiva para sus necesidades de transporte<\/h2>\n<p>Ever-Power es su tienda \u00fanica de cajas de cambios de alta calidad para remolques autocargables. Ofrecemos una amplia gama de opciones de cajas de cambios adecuadas para remolques de carga peque\u00f1os y pesados. Nuestros productos est\u00e1n dise\u00f1ados para brindar una experiencia de transporte suave y confiable, lo que los hace ideales para diversas aplicaciones. <\/p>\n<h3>El ajuste perfecto para sus necesidades de remolque<\/h3>\n<p>Sabemos que cada necesidad de transporte es \u00fanica y por eso ofrecemos diferentes tipos y potencias de caja de cambios adecuadas para una variedad de aplicaciones de remolque. Nuestros productos pueden soportar cargas pesadas y proporcionar un funcionamiento suave incluso en las condiciones m\u00e1s duras.<\/p>\n<h3>Ventajas de nuestra caja de cambios<\/h3>\n<ul>\n<li>Alta calidad y durabilidad.<\/li>\n<li>Funcionamiento suave y fiable<\/li>\n<li>Bajo costo de mantenimiento<\/li>\n<li>F\u00e1cil de instalar y mantener.<\/li>\n<li>Disponible en diferentes tipos y potencias.<\/li>\n<\/ul>\n<h3>Instalaci\u00f3n y mantenimiento<\/h3>\n<p>Nuestra caja de cambios para remolques autocargables es f\u00e1cil de instalar y mantener. Puede consultar nuestro manual de usuario para obtener instrucciones de instalaci\u00f3n o puede ponerse en contacto con nuestro servicio de asistencia t\u00e9cnica para obtener ayuda. Para garantizar la longevidad de nuestros productos, recomendamos realizar un mantenimiento y una inspecci\u00f3n regulares.<\/p>\n<h3>Reemplazo de la caja de cambios<\/h3>\n<p>Si llega el momento de reemplazar su caja de cambios, nuestro equipo estar\u00e1 listo para ayudarlo. Podemos proporcionarle las piezas de repuesto necesarias y guiarlo a trav\u00e9s del proceso de instalaci\u00f3n.<\/p>\n<h3>Nuestros otros productos<\/h3>\n<p>Adem\u00e1s de nuestra caja de cambios de alta calidad para remolques autocargables, tambi\u00e9n suministramos varios engranajes de pl\u00e1stico utilizados en industrias como cajas de cambios agr\u00edcolas, ejes de salida de potencia, ruedas dentadas, acoplamientos de fluido, reductores de engranajes helicoidales, engranajes y cremalleras, cadenas desmontables, poleas y poleas, cajas de engranajes planetarios, poleas de distribuci\u00f3n, bujes y m\u00e1s. Nuestros productos est\u00e1n dise\u00f1ados para brindar el mejor valor a nuestros clientes, con alta calidad y precios asequibles.<\/p>\n<h2>Preguntas y respuestas<\/h2>\n<h3>1. \u00bfQu\u00e9 hace que su caja de cambios para remolques autocargables sea \u00fanica?<\/h3>\n<p>Nuestra caja de cambios para remolques autocargables est\u00e1 dise\u00f1ada para brindar una experiencia de transporte suave y confiable incluso en las condiciones m\u00e1s duras. Est\u00e1 disponible en diferentes tipos y potencias, lo que la convierte en la opci\u00f3n perfecta para diversas necesidades de remolques.<\/p>\n<h3>2. \u00bfSu caja de cambios es f\u00e1cil de instalar y mantener?<\/h3>\n<p>S\u00ed, nuestra caja de cambios para remolques autocargables es f\u00e1cil de instalar y mantener. Puede consultar nuestro manual de usuario para obtener instrucciones de instalaci\u00f3n o puede comunicarse con nuestro soporte t\u00e9cnico para obtener ayuda. Tambi\u00e9n recomendamos realizar un mantenimiento e inspecci\u00f3n regulares para garantizar su longevidad.<\/p>\n<h3>3. \u00bfQu\u00e9 otros productos ofrec\u00e9is adem\u00e1s de cajas de cambios para remolques autocargables?<\/h3>\n<p>Adem\u00e1s de nuestras cajas de cambios de alta calidad para remolques autocargables, tambi\u00e9n suministramos varios engranajes de pl\u00e1stico utilizados en industrias como cajas de engranajes agr\u00edcolas, ejes de salida de potencia, pi\u00f1ones, acoplamientos de fluido, reductores de tornillo sin fin, engranajes y cremalleras, cadenas desmontables, poleas y poleas, cajas de engranajes planetarios, poleas de distribuci\u00f3n, bujes y m\u00e1s.<\/p>\n<h3>4. \u00bfC\u00f3mo puedo reemplazar mi caja de cambios?<\/h3>\n<p>Si necesita reemplazar su caja de cambios, nuestro equipo estar\u00e1 listo para ayudarlo. Podemos proporcionarle las piezas de repuesto necesarias y guiarlo a trav\u00e9s del proceso de instalaci\u00f3n.<\/p>\n<h3>5. \u00bfC\u00f3mo s\u00e9 qu\u00e9 tipo de caja de cambios elegir para mi remolque?<\/h3>\n<p>Ofrecemos diferentes tipos y potencias de caja de cambios adecuadas para diversas aplicaciones de remolque. Tambi\u00e9n podemos brindarle asistencia t\u00e9cnica para ayudarlo a elegir la caja de cambios adecuada para sus necesidades de transporte.<\/p>","protected":false},"excerpt":{"rendered":"<p>Gearbox for Self Loading Trailer: The Ultimate Solution for Your Hauling Needs Ever-Power is your one-stop-shop for high-quality gearbox for self loading trailers. We offer a wide range of gearbox options suitable for small to heavy loading trailers. Our products are designed to provide a smooth and reliable hauling experience, making them ideal for various [&hellip;]<\/p>","protected":false},"featured_media":2928,"template":"","meta":{"_et_pb_use_builder":"","_et_pb_old_content":"","_et_gb_content_width":""},"product_brand":[],"product_cat":[10402],"product_tag":[],"class_list":{"0":"post-2929","1":"product","2":"type-product","3":"status-publish","4":"has-post-thumbnail","6":"product_cat-agricultural-gearbox","8":"first","9":"instock","10":"shipping-taxable","11":"product-type-simple"},"_links":{"self":[{"href":"https:\/\/agricultural-gear-boxes.com\/es\/wp-json\/wp\/v2\/product\/2929","targetHints":{"allow":["GET"]}}],"collection":[{"href":"https:\/\/agricultural-gear-boxes.com\/es\/wp-json\/wp\/v2\/product"}],"about":[{"href":"https:\/\/agricultural-gear-boxes.com\/es\/wp-json\/wp\/v2\/types\/product"}],"wp:featuredmedia":[{"embeddable":true,"href":"https:\/\/agricultural-gear-boxes.com\/es\/wp-json\/wp\/v2\/media\/2928"}],"wp:attachment":[{"href":"https:\/\/agricultural-gear-boxes.com\/es\/wp-json\/wp\/v2\/media?parent=2929"}],"wp:term":[{"taxonomy":"product_brand","embeddable":true,"href":"https:\/\/agricultural-gear-boxes.com\/es\/wp-json\/wp\/v2\/product_brand?post=2929"},{"taxonomy":"product_cat","embeddable":true,"href":"https:\/\/agricultural-gear-boxes.com\/es\/wp-json\/wp\/v2\/product_cat?post=2929"},{"taxonomy":"product_tag","embeddable":true,"href":"https:\/\/agricultural-gear-boxes.com\/es\/wp-json\/wp\/v2\/product_tag?post=2929"}],"curies":[{"name":"wp","href":"https:\/\/api.w.org\/{rel}","templated":true}]}}