{"id":2941,"date":"2024-08-20T03:28:56","date_gmt":"2024-08-20T03:28:56","guid":{"rendered":"https:\/\/agricultural-gear-boxes.com\/product\/agricultural-gearbox-for-harvest-fruits\/"},"modified":"2024-08-20T03:28:57","modified_gmt":"2024-08-20T03:28:57","slug":"agricultural-gearbox-for-harvest-fruits","status":"publish","type":"product","link":"https:\/\/agricultural-gear-boxes.com\/es\/product\/agricultural-gearbox-for-harvest-fruits\/","title":{"rendered":"Caja de cambios agr\u00edcola para cosecha de frutas"},"content":{"rendered":"<h1 style=\"text-align: center;\">Caja de cambios agr\u00edcola para cosecha de frutas<\/h1>\n<p><img loading=\"lazy\" decoding=\"async\" class=\"alignnone size-full wp-image-4556 aligncenter\" src=\"https:\/\/www.ever-power.net\/wp-content\/uploads\/2019\/07\/Agricultural-Gearbox-For-Harvest-Fruits-1.jpg\" alt=\"\" width=\"750\" height=\"750\" \/><\/p>\n<p style=\"text-align: center;\"><img loading=\"lazy\" decoding=\"async\" class=\"alignnone size-full wp-image-4557\" src=\"https:\/\/www.ever-power.net\/wp-content\/uploads\/2019\/07\/Agricultural-Gearbox-For-Harvest-Fruits-2.jpg\" alt=\"\" width=\"935\" height=\"459\" \/><\/p>\n<h2>Mejore la eficiencia de su cosecha con una caja de cambios agr\u00edcola para frutas<\/h2>\n<p>If you&#8217;re working in the fruit industry, you already know how labor-intensive it can be to harvest fruits by hand. But with the help of an agricultural gearbox for harvest fruits, you can save time and money while improving your harvest efficiency.<\/p>\n<p>Las cajas de engranajes agr\u00edcolas para la recolecci\u00f3n de frutas son componentes esenciales para los equipos de recolecci\u00f3n de frutas, incluidas las cosechadoras de frutas y las sacudidoras de \u00e1rboles. Las cajas de engranajes agr\u00edcolas son las encargadas de accionar el equipo que sacude el \u00e1rbol, retirando la fruta de forma segura y eficiente sin da\u00f1arla. Este tipo de caja de engranajes se utiliza en la recolecci\u00f3n de manzanas, peras, aceitunas, nueces y otras frutas y frutos secos.<\/p>\n<h3>Ventajas de una caja de cambios agr\u00edcola para la cosecha de frutas<\/h3>\n<ul>\n<li>Aumenta la eficiencia de la cosecha.<\/li>\n<li>Reduce los costes de mano de obra<\/li>\n<li>Mejora la calidad de la fruta.<\/li>\n<li>Minimiza los da\u00f1os al \u00e1rbol.<\/li>\n<\/ul>\n<h3>Materiales utilizados<\/h3>\n<p>Las cajas de engranajes agr\u00edcolas para la cosecha de frutas suelen estar hechas de materiales duraderos y de alta calidad, como aleaciones de aluminio, hierro fundido y acero. Estos materiales se eligen por su resistencia, durabilidad y resistencia a la corrosi\u00f3n y al desgaste.<\/p>\n<h3>Instalaci\u00f3n, mantenimiento y reparaci\u00f3n<\/h3>\n<p>La instalaci\u00f3n y el mantenimiento adecuados son fundamentales para la longevidad de su caja de cambios agr\u00edcola. Se recomienda que un profesional instale la caja de cambios. El mantenimiento regular, que incluye la limpieza y la lubricaci\u00f3n, tambi\u00e9n garantizar\u00e1 que su caja de cambios se mantenga en buenas condiciones de funcionamiento.<\/p>\n<p>If your agricultural gearbox does need repair, it&#8217;s essential to address the issue quickly. Common problems with agricultural gearboxes include bearing failure, gear damage, and oil leaks. Many repairs can be done on-site, but more extensive repairs may require the gearbox to be sent to a specialist.<\/p>\n<h3>Otros productos ofrecidos por nuestra empresa<\/h3>\n<p>Adem\u00e1s de nuestras cajas de engranajes agr\u00edcolas para cosecha de frutas, ofrecemos una amplia gama de productos de engranajes de pl\u00e1stico para diversas industrias. Nuestros productos incluyen cajas de engranajes agr\u00edcolas, ejes de salida de potencia, ruedas dentadas, acoplamientos de fluidos, reductores de engranajes sinf\u00edn, engranajes y cremalleras, cadenas desmontables, poleas y poleas, cajas de engranajes planetarios, poleas de distribuci\u00f3n, bujes y m\u00e1s.<\/p>\n<h3>Preguntas y respuestas<\/h3>\n<p><strong>Q1: \u00bfQu\u00e9 es una caja de cambios agr\u00edcola para la cosecha de frutas?<\/strong><br \/>\nA1: Una caja de cambios agr\u00edcola para cosecha de frutas es un componente esencial de los equipos de recolecci\u00f3n de frutas que alimenta el equipo responsable de sacudir el \u00e1rbol y retirar la fruta sin da\u00f1arlo.<\/p>\n<p><strong>P2: \u00bfCu\u00e1les son las ventajas de utilizar una caja de cambios agr\u00edcola para cosechar frutas?<\/strong><br \/>\nA2: Las cajas de engranajes agr\u00edcolas pueden aumentar la eficiencia de la cosecha, reducir los costos de mano de obra, mejorar la calidad de la fruta y minimizar el da\u00f1o al \u00e1rbol.<\/p>\n<p><strong>P3: \u00bfQu\u00e9 materiales se utilizan para fabricar cajas de engranajes agr\u00edcolas para la cosecha de frutas?<\/strong><br \/>\nA3: Las cajas de engranajes agr\u00edcolas generalmente est\u00e1n hechas de materiales duraderos y de alta calidad, como aleaciones de aluminio, hierro fundido y acero.<\/p>\n<p><strong>Q4: \u00bfC\u00f3mo instalo y mantengo mi caja de cambios agr\u00edcola?<\/strong><br \/>\nA4: Se recomienda que un profesional instale la caja de cambios. El mantenimiento regular, que incluye limpieza y lubricaci\u00f3n, tambi\u00e9n garantizar\u00e1 que la caja de cambios se mantenga en buenas condiciones de funcionamiento.<\/p>\n<p><strong>Q5: \u00bfQu\u00e9 otros productos ofrece su empresa?<\/strong><br \/>\nA5: Adem\u00e1s de cajas de engranajes agr\u00edcolas para cosechar frutas, ofrecemos una amplia gama de productos de engranajes de pl\u00e1stico para diversas industrias, incluidos ejes de salida de potencia, pi\u00f1ones, acoplamientos de fluido, reductores de tornillo sin fin, engranajes y cremalleras, cadenas desmontables, poleas y poleas, cajas de engranajes planetarios, poleas de distribuci\u00f3n, bujes y m\u00e1s.<\/p>","protected":false},"excerpt":{"rendered":"<p>Agricultural Gearbox For Harvest Fruits Improve Your Harvest Efficiency with an Agricultural Gearbox for Fruits If you&#8217;re working in the fruit industry, you already know how labor-intensive it can be to harvest fruits by hand. But with the help of an agricultural gearbox for harvest fruits, you can save time and money while improving your [&hellip;]<\/p>","protected":false},"featured_media":2940,"template":"","meta":{"_et_pb_use_builder":"","_et_pb_old_content":"","_et_gb_content_width":""},"product_brand":[],"product_cat":[10402],"product_tag":[],"class_list":{"0":"post-2941","1":"product","2":"type-product","3":"status-publish","4":"has-post-thumbnail","6":"product_cat-agricultural-gearbox","8":"first","9":"instock","10":"shipping-taxable","11":"product-type-simple"},"_links":{"self":[{"href":"https:\/\/agricultural-gear-boxes.com\/es\/wp-json\/wp\/v2\/product\/2941","targetHints":{"allow":["GET"]}}],"collection":[{"href":"https:\/\/agricultural-gear-boxes.com\/es\/wp-json\/wp\/v2\/product"}],"about":[{"href":"https:\/\/agricultural-gear-boxes.com\/es\/wp-json\/wp\/v2\/types\/product"}],"wp:featuredmedia":[{"embeddable":true,"href":"https:\/\/agricultural-gear-boxes.com\/es\/wp-json\/wp\/v2\/media\/2940"}],"wp:attachment":[{"href":"https:\/\/agricultural-gear-boxes.com\/es\/wp-json\/wp\/v2\/media?parent=2941"}],"wp:term":[{"taxonomy":"product_brand","embeddable":true,"href":"https:\/\/agricultural-gear-boxes.com\/es\/wp-json\/wp\/v2\/product_brand?post=2941"},{"taxonomy":"product_cat","embeddable":true,"href":"https:\/\/agricultural-gear-boxes.com\/es\/wp-json\/wp\/v2\/product_cat?post=2941"},{"taxonomy":"product_tag","embeddable":true,"href":"https:\/\/agricultural-gear-boxes.com\/es\/wp-json\/wp\/v2\/product_tag?post=2941"}],"curies":[{"name":"wp","href":"https:\/\/api.w.org\/{rel}","templated":true}]}}