{"id":2943,"date":"2024-08-20T03:28:58","date_gmt":"2024-08-20T03:28:58","guid":{"rendered":"https:\/\/agricultural-gear-boxes.com\/product\/gearbox-for-cattle-cleaning\/"},"modified":"2024-08-20T03:28:58","modified_gmt":"2024-08-20T03:28:58","slug":"gearbox-for-cattle-cleaning","status":"publish","type":"product","link":"https:\/\/agricultural-gear-boxes.com\/es\/product\/gearbox-for-cattle-cleaning\/","title":{"rendered":"Caja de cambios para limpieza de ganado"},"content":{"rendered":"<h2>Gearbox for Cattle Cleaning &#8211; Efficient and Durable Solution<\/h2>\n<p>La caja de engranajes para limpieza de ganado es una soluci\u00f3n altamente eficiente y duradera para la limpieza de suelos y otras m\u00e1quinas de limpieza. Est\u00e1 dise\u00f1ada para satisfacer las necesidades de diversas industrias y se utiliza ampliamente en aplicaciones agr\u00edcolas, industriales y comerciales. <\/p>\n<h3>Escenarios de uso com\u00fan de la caja de cambios para la limpieza del ganado<\/h3>\n<p>La caja de engranajes para limpieza de ganado se utiliza com\u00fanmente en m\u00e1quinas de limpieza que se utilizan para limpiar granjas de animales, cobertizos de ganado y otras \u00e1reas agr\u00edcolas. Tambi\u00e9n se utiliza en aplicaciones industriales como la limpieza de f\u00e1bricas, almacenes y otras \u00e1reas comerciales. <\/p>\n<h3>Ventajas de la caja de cambios para la limpieza del ganado<\/h3>\n<ul>\n<li>La caja de cambios para limpieza de ganado est\u00e1 fabricada con materiales de alta calidad, lo que la hace duradera y duradera.<\/li>\n<li>Es f\u00e1cil de instalar, mantener y reparar, lo que lo convierte en una soluci\u00f3n rentable para todo tipo de m\u00e1quinas de limpieza.<\/li>\n<li>La caja de cambios est\u00e1 dise\u00f1ada para ser eficiente, lo que ayuda a reducir la carga de trabajo en la m\u00e1quina de limpieza y aumentar su vida \u00fatil.<\/li>\n<li>Est\u00e1 disponible en diferentes tama\u00f1os y especificaciones, lo que lo hace adecuado para una amplia gama de m\u00e1quinas de limpieza.<\/li>\n<\/ul>\n<h3>C\u00f3mo instalar, mantener y reparar la caja de cambios para la limpieza del ganado<\/h3>\n<p>The installation process of Gearbox for Cattle Cleaning is simple and straightforward. It is important to follow the manufacturer&#8217;s instructions carefully to ensure proper installation. Regular maintenance is necessary to keep the gearbox in good working condition. It is recommended to check for any signs of wear and tear and to replace worn-out parts immediately. If the gearbox needs repair, it is best to seek the services of a professional technician. <\/p>\n<h3>Otros productos ofrecidos por nuestra empresa<\/h3>\n<p>Adem\u00e1s de cajas de engranajes para limpieza de ganado, ofrecemos una amplia gama de otros productos para diversas industrias. Nuestros productos incluyen cajas de engranajes agr\u00edcolas, ejes de salida de potencia, ruedas dentadas, acoplamientos de fluidos, reductores de engranajes helicoidales, engranajes y cremalleras, cadenas desmontables, poleas y poleas, cajas de engranajes planetarios, poleas de distribuci\u00f3n, bujes y m\u00e1s. Estamos comprometidos a proporcionar productos de alta calidad a un precio favorable y con un servicio considerado. Damos la bienvenida a los clientes a que vengan a nosotros para la personalizaci\u00f3n de dibujos o muestras.<\/p>\n<h2>Preguntas y respuestas<\/h2>\n<h3>P1. \u00bfPara qu\u00e9 se utiliza la caja de cambios para limpieza de ganado?<\/h3>\n<p>Respuesta: La caja de engranajes para limpieza de ganado se utiliza en m\u00e1quinas de limpieza que se utilizan para limpiar granjas de animales, cobertizos de ganado y otras \u00e1reas agr\u00edcolas. Tambi\u00e9n se utiliza en aplicaciones industriales como la limpieza de f\u00e1bricas, almacenes y otras \u00e1reas comerciales.<\/p>\n<h3>P2. \u00bfCu\u00e1les son las ventajas de utilizar Gearbox para la limpieza del ganado?<\/h3>\n<p>Respuesta: La caja de cambios para limpieza de ganado est\u00e1 hecha de materiales de alta calidad, lo que la hace duradera y resistente. Es f\u00e1cil de instalar, mantener y reparar, lo que la convierte en una soluci\u00f3n rentable para todo tipo de m\u00e1quinas de limpieza. La caja de cambios est\u00e1 dise\u00f1ada para ser eficiente, lo que ayuda a reducir la carga de trabajo de la m\u00e1quina de limpieza y aumentar su vida \u00fatil. Est\u00e1 disponible en diferentes tama\u00f1os y especificaciones, lo que la hace adecuada para una amplia gama de m\u00e1quinas de limpieza.<\/p>\n<h3>P3. \u00bfC\u00f3mo instalar la caja de cambios para la limpieza del ganado?<\/h3>\n<p>Answer: The installation process of Gearbox for Cattle Cleaning is simple and straightforward. It is important to follow the manufacturer&#8217;s instructions carefully to ensure proper installation.<\/p>\n<h3>Q4. \u00bfC\u00f3mo realizar el mantenimiento de la caja de cambios para la limpieza del ganado?<\/h3>\n<p>Respuesta: Es necesario realizar un mantenimiento peri\u00f3dico para mantener la caja de cambios en buenas condiciones de funcionamiento. Se recomienda comprobar si hay signos de desgaste y sustituir las piezas desgastadas de inmediato.<\/p>\n<h3>P5. \u00bfQu\u00e9 otros productos ofrece la empresa?<\/h3>\n<p>Respuesta: Adem\u00e1s de Cajas de Cambio para Limpieza de Ganado, la empresa ofrece una amplia gama de otros productos para diversas industrias. Estos productos incluyen cajas de cambios agr\u00edcolas, ejes de salida de potencia, ruedas dentadas, acoplamientos hidr\u00e1ulicos, reductores de engranajes sinf\u00edn, engranajes y cremalleras, cadenas desmontables, poleas y poleas, cajas de cambios planetarias, poleas de distribuci\u00f3n, bujes y m\u00e1s.<\/p>","protected":false},"excerpt":{"rendered":"<p>Gearbox for Cattle Cleaning &#8211; Efficient and Durable Solution The Gearbox for Cattle Cleaning is a highly efficient and durable solution for ground cleaning and other cleaning machines. It is designed to meet the needs of various industries and is widely used in agricultural, industrial, and commercial applications. The Common Use Scenarios of Gearbox for [&hellip;]<\/p>","protected":false},"featured_media":2942,"template":"","meta":{"_et_pb_use_builder":"","_et_pb_old_content":"","_et_gb_content_width":""},"product_brand":[],"product_cat":[10402],"product_tag":[],"class_list":{"0":"post-2943","1":"product","2":"type-product","3":"status-publish","4":"has-post-thumbnail","6":"product_cat-agricultural-gearbox","8":"first","9":"instock","10":"shipping-taxable","11":"product-type-simple"},"_links":{"self":[{"href":"https:\/\/agricultural-gear-boxes.com\/es\/wp-json\/wp\/v2\/product\/2943","targetHints":{"allow":["GET"]}}],"collection":[{"href":"https:\/\/agricultural-gear-boxes.com\/es\/wp-json\/wp\/v2\/product"}],"about":[{"href":"https:\/\/agricultural-gear-boxes.com\/es\/wp-json\/wp\/v2\/types\/product"}],"wp:featuredmedia":[{"embeddable":true,"href":"https:\/\/agricultural-gear-boxes.com\/es\/wp-json\/wp\/v2\/media\/2942"}],"wp:attachment":[{"href":"https:\/\/agricultural-gear-boxes.com\/es\/wp-json\/wp\/v2\/media?parent=2943"}],"wp:term":[{"taxonomy":"product_brand","embeddable":true,"href":"https:\/\/agricultural-gear-boxes.com\/es\/wp-json\/wp\/v2\/product_brand?post=2943"},{"taxonomy":"product_cat","embeddable":true,"href":"https:\/\/agricultural-gear-boxes.com\/es\/wp-json\/wp\/v2\/product_cat?post=2943"},{"taxonomy":"product_tag","embeddable":true,"href":"https:\/\/agricultural-gear-boxes.com\/es\/wp-json\/wp\/v2\/product_tag?post=2943"}],"curies":[{"name":"wp","href":"https:\/\/api.w.org\/{rel}","templated":true}]}}