{"id":2961,"date":"2024-08-20T03:29:21","date_gmt":"2024-08-20T03:29:21","guid":{"rendered":"https:\/\/agricultural-gear-boxes.com\/product\/agriculture-gearbox-for-rotary-harrows\/"},"modified":"2024-08-20T03:29:21","modified_gmt":"2024-08-20T03:29:21","slug":"agriculture-gearbox-for-rotary-harrows","status":"publish","type":"product","link":"https:\/\/agricultural-gear-boxes.com\/es\/product\/agriculture-gearbox-for-rotary-harrows\/","title":{"rendered":"Caja de cambios agr\u00edcola para gradas rotativas"},"content":{"rendered":"<h2>Agriculture Gearbox For Rotary Harrows &#8211; Durable, Reliable and Efficient<\/h2>\n<p>Si est\u00e1 buscando una caja de cambios de alta calidad para su grada rotativa, \u00a1ha llegado al lugar correcto! Nuestra empresa produce todo tipo de cajas de cambios para gradas rotativas agr\u00edcolas. Nuestras cajas de cambios est\u00e1n hechas de materiales de alta calidad y est\u00e1n dise\u00f1adas para funcionar en una variedad de entornos desafiantes.<\/p>\n<p>Nuestra caja de cambios agr\u00edcola para gradas rotativas se utiliza com\u00fanmente en aplicaciones agr\u00edcolas, especialmente para la labranza del suelo, la preparaci\u00f3n del lecho de siembra y el control de malezas. Con su construcci\u00f3n robusta y su gran capacidad de par, nuestra caja de cambios puede funcionar en condiciones de suelo dif\u00edciles y brindarle un funcionamiento suave y eficiente.<\/p>\n<p>Nuestra caja de cambios tiene una larga trayectoria de funcionamiento confiable y ha sido utilizada por agricultores y profesionales agr\u00edcolas de todo el mundo. Ofrecemos una amplia gama de relaciones de transmisi\u00f3n y velocidades de salida para satisfacer las necesidades de cualquier aplicaci\u00f3n.<\/p>\n<p>Las ventajas de nuestra caja de engranajes agr\u00edcola para gradas rotativas incluyen sus bajos requisitos de mantenimiento, durabilidad y facilidad de instalaci\u00f3n. Nuestra caja de engranajes est\u00e1 dise\u00f1ada para que su mantenimiento y reparaci\u00f3n sean sencillos, lo que garantiza una larga vida \u00fatil y un bajo costo de propiedad.<\/p>\n<p>Utilizamos \u00fanicamente materiales de alta calidad en la construcci\u00f3n de nuestras cajas de engranajes, incluidos hierro fundido, acero y aluminio. Esto garantiza que nuestras cajas de engranajes puedan soportar los rigores del uso agr\u00edcola y brindarle un rendimiento confiable durante muchos a\u00f1os.<\/p>\n<p>La instalaci\u00f3n, el mantenimiento y la reparaci\u00f3n de nuestra caja de engranajes agr\u00edcolas para gradas rotativas son sencillos y pueden ser realizados por profesionales capacitados. Brindamos instrucciones detalladas y asistencia para garantizar que su caja de engranajes funcione a su m\u00e1ximo potencial.<\/p>\n<h3>Caracter\u00edsticas de nuestra caja de cambios agr\u00edcola para gradas rotativas:<\/h3>\n<ul>\n<li>Alta capacidad de par<\/li>\n<li>Amplia gama de relaciones de transmisi\u00f3n<\/li>\n<li>Construcci\u00f3n duradera<\/li>\n<li>Bajos requisitos de mantenimiento<\/li>\n<li>F\u00e1cil instalaci\u00f3n y reparaci\u00f3n.<\/li>\n<li>Materiales de alta calidad<\/li>\n<\/ul>\n<h3>Otros productos ofrecidos por nuestra empresa:<\/h3>\n<p>Adem\u00e1s de nuestra caja de engranajes agr\u00edcola para gradas rotativas, tambi\u00e9n ofrecemos una amplia gama de engranajes de pl\u00e1stico utilizados en la industria. Nuestros productos incluyen cajas de engranajes agr\u00edcolas, ejes de salida de potencia, ruedas dentadas, acoplamientos hidr\u00e1ulicos, reductores de engranajes sinf\u00edn, engranajes y cremalleras, cadenas desmontables, poleas y poleas, cajas de engranajes planetarios, poleas de distribuci\u00f3n, bujes y m\u00e1s.<\/p>\n<p>Nuestros productos son conocidos por su alta calidad, precio favorable y servicio atento. Invitamos a los clientes a que vengan a nosotros para personalizar sus dise\u00f1os o muestras.<\/p>\n<h3>Preguntas y respuestas:<\/h3>\n<ol>\n<li>\u00bfQu\u00e9 es una caja de cambios agr\u00edcola para gradas rotativas?<\/li>\n<li>\u00bfCu\u00e1les son las ventajas de utilizar una caja de cambios agr\u00edcola para gradas rotativas?<\/li>\n<li>\u00bfQu\u00e9 materiales se utilizan para construir una caja de cambios agr\u00edcola para gradas rotativas?<\/li>\n<li>\u00bfC\u00f3mo se instala y se mantiene una caja de cambios agr\u00edcola para gradas rotativas?<\/li>\n<li>\u00bfQu\u00e9 otros productos ofrece la empresa adem\u00e1s de cajas de cambios agr\u00edcolas para gradas rotativas?<\/li>\n<\/ol>","protected":false},"excerpt":{"rendered":"<p>Agriculture Gearbox For Rotary Harrows &#8211; Durable, Reliable and Efficient If you are looking for a high-quality gearbox for your rotary harrow, you have come to the right place! Our company produces all kinds of gearboxes for agriculture gearbox for Rotary Harrows. Our gearboxes are made of high-quality materials and are designed to perform in [&hellip;]<\/p>","protected":false},"featured_media":2960,"template":"","meta":{"_et_pb_use_builder":"","_et_pb_old_content":"","_et_gb_content_width":""},"product_brand":[],"product_cat":[10402],"product_tag":[],"class_list":{"0":"post-2961","1":"product","2":"type-product","3":"status-publish","4":"has-post-thumbnail","6":"product_cat-agricultural-gearbox","8":"first","9":"instock","10":"shipping-taxable","11":"product-type-simple"},"_links":{"self":[{"href":"https:\/\/agricultural-gear-boxes.com\/es\/wp-json\/wp\/v2\/product\/2961","targetHints":{"allow":["GET"]}}],"collection":[{"href":"https:\/\/agricultural-gear-boxes.com\/es\/wp-json\/wp\/v2\/product"}],"about":[{"href":"https:\/\/agricultural-gear-boxes.com\/es\/wp-json\/wp\/v2\/types\/product"}],"wp:featuredmedia":[{"embeddable":true,"href":"https:\/\/agricultural-gear-boxes.com\/es\/wp-json\/wp\/v2\/media\/2960"}],"wp:attachment":[{"href":"https:\/\/agricultural-gear-boxes.com\/es\/wp-json\/wp\/v2\/media?parent=2961"}],"wp:term":[{"taxonomy":"product_brand","embeddable":true,"href":"https:\/\/agricultural-gear-boxes.com\/es\/wp-json\/wp\/v2\/product_brand?post=2961"},{"taxonomy":"product_cat","embeddable":true,"href":"https:\/\/agricultural-gear-boxes.com\/es\/wp-json\/wp\/v2\/product_cat?post=2961"},{"taxonomy":"product_tag","embeddable":true,"href":"https:\/\/agricultural-gear-boxes.com\/es\/wp-json\/wp\/v2\/product_tag?post=2961"}],"curies":[{"name":"wp","href":"https:\/\/api.w.org\/{rel}","templated":true}]}}