{"id":2971,"date":"2024-08-20T03:29:27","date_gmt":"2024-08-20T03:29:27","guid":{"rendered":"https:\/\/agricultural-gear-boxes.com\/product\/agricultural-gearbox-for-hay-tedder\/"},"modified":"2024-08-20T03:29:28","modified_gmt":"2024-08-20T03:29:28","slug":"agricultural-gearbox-for-hay-tedder","status":"publish","type":"product","link":"https:\/\/agricultural-gear-boxes.com\/es\/product\/agricultural-gearbox-for-hay-tedder\/","title":{"rendered":"Caja de cambios agr\u00edcola para henificadora"},"content":{"rendered":"<h1 style=\"text-align:center;\"> Caja de cambios agr\u00edcola para henificadora <\/h1>\n<h2>Introducci\u00f3n<\/h2>\n<p>La caja de cambios agr\u00edcola para henificadoras es una caja de cambios especializada que se utiliza en maquinaria agr\u00edcola para accionar las p\u00faas del heno, que son responsables de esparcir y girar el heno reci\u00e9n cortado para facilitar el secado. Esta caja de cambios es un componente crucial en las henificadoras y est\u00e1 dise\u00f1ada para soportar un uso y abuso constantes en condiciones que a menudo no son las ideales.<\/p>\n<h2>Usos y ventajas<\/h2>\n<p>Las henificadoras se utilizan ampliamente en la agricultura para acelerar el proceso de secado del heno al esparcirlo y sacarlo al sol. La caja de cambios agr\u00edcola para henificadoras es un componente esencial de estas m\u00e1quinas y est\u00e1 dise\u00f1ada para proporcionar potencia constante y confiable a las p\u00faas del heno. Con su construcci\u00f3n robusta y materiales duraderos, esta caja de cambios puede soportar un uso y abuso constantes en entornos hostiles.<\/p>\n<p>Estas cajas de cambios est\u00e1n disponibles en una variedad de materiales, incluidos hierro fundido y aluminio, para adaptarse a diferentes aplicaciones y rangos de precios. Tambi\u00e9n est\u00e1n disponibles en diferentes tama\u00f1os y relaciones para adaptarse a diferentes requisitos de potencia y configuraciones de m\u00e1quinas.<\/p>\n<h3>Instalaci\u00f3n, mantenimiento y reparaci\u00f3n<\/h3>\n<p>La instalaci\u00f3n de una caja de cambios agr\u00edcola para una henificadora requiere algunos conocimientos mec\u00e1nicos b\u00e1sicos. La caja de cambios debe estar alineada correctamente con los dem\u00e1s componentes de la henificadora para garantizar un funcionamiento sin problemas. Es necesario realizar un mantenimiento regular para mantener la caja de cambios en buenas condiciones de funcionamiento. Esto incluye cambios de aceite, reemplazos de filtros e inspecciones para detectar desgaste.<\/p>\n<p>Si una caja de cambios falla, debe repararse o reemplazarse. Esto requiere ciertos conocimientos mec\u00e1nicos y acceso a las herramientas y piezas de repuesto adecuadas. Un mec\u00e1nico calificado o un taller mec\u00e1nico pueden brindar estos servicios.<\/p>\n<h3>Otras aplicaciones de cajas de cambios agr\u00edcolas<\/h3>\n<p>Adem\u00e1s de las henificadoras, la caja de cambios agr\u00edcola para henificadoras tiene otras aplicaciones en la agricultura, como rastrillos para heno, esparcidores de fertilizantes y esparcidores de esti\u00e9rcol. Estas cajas de cambios est\u00e1n dise\u00f1adas para proporcionar potencia confiable y constante en una variedad de aplicaciones agr\u00edcolas.<\/p>\n<h2>Company&#8217;s Other Products Business<\/h2>\n<p>En nuestra empresa, nos especializamos en el suministro de una amplia gama de engranajes pl\u00e1sticos industriales, incluidas cajas de engranajes agr\u00edcolas, ejes de salida de potencia, ruedas dentadas, acoplamientos de fluidos, reductores de engranajes helicoidales, engranajes y cremalleras, cadenas desmontables, poleas y poleas, cajas de engranajes planetarios, poleas de distribuci\u00f3n, bujes y m\u00e1s. Nos enorgullecemos de proporcionar productos de alta calidad a precios competitivos y de ofrecer un excelente servicio al cliente.<\/p>\n<h2>Preguntas y respuestas<\/h2>\n<h3>1. \u00bfQu\u00e9 es una caja de cambios agr\u00edcola para HENDERIZADORA?<\/h3>\n<p>A: Una caja de cambios agr\u00edcola para HENDERIZADORA es una caja de cambios especializada que se utiliza en maquinaria agr\u00edcola para accionar las p\u00faas del heno, que son responsables de esparcir y girar el heno reci\u00e9n cortado para facilitar el secado.<\/p>\n<h3>2. \u00bfEn qu\u00e9 materiales est\u00e1n disponibles las cajas de engranajes agr\u00edcolas para henificadoras?<\/h3>\n<p>A: La caja de engranajes agr\u00edcola para TEDDER est\u00e1 disponible en una variedad de materiales, incluidos hierro fundido y aluminio, para adaptarse a diferentes aplicaciones y rangos de precios.<\/p>\n<h3>3. \u00bfCu\u00e1les son algunas aplicaciones comunes para la caja de cambios agr\u00edcola para HENADORA?<\/h3>\n<p>R: Adem\u00e1s de las henificadoras, la caja de engranajes agr\u00edcolas para henificadoras tiene otras aplicaciones en la agricultura, incluso en rastrillos de heno, esparcidores de fertilizantes y esparcidores de esti\u00e9rcol.<\/p>\n<h3>4. \u00bfC\u00f3mo se instala y se mantiene una caja de cambios agr\u00edcola para HENDERIZADORA?<\/h3>\n<p>A: La instalaci\u00f3n de una caja de cambios agr\u00edcola para una TORRE HENO requiere algunos conocimientos b\u00e1sicos de mec\u00e1nica. Es necesario realizar un mantenimiento regular para mantener la caja de cambios en buenas condiciones de funcionamiento, incluidos cambios de aceite, reemplazos de filtros e inspecciones para detectar desgaste.<\/p>\n<h3>5. \u00bfQu\u00e9 otros productos suministra la empresa?<\/h3>\n<p>A: Nuestra empresa suministra una amplia gama de engranajes pl\u00e1sticos industriales, incluyendo cajas de engranajes agr\u00edcolas, ejes de salida de potencia, pi\u00f1ones, acoplamientos de fluido, reductores de tornillo sin fin, engranajes y cremalleras, cadenas desmontables, poleas y poleas, cajas de engranajes planetarios, poleas de distribuci\u00f3n, bujes y m\u00e1s.<\/p>","protected":false},"excerpt":{"rendered":"<p>Agricultural Gearbox For HAY TEDDER Introduction The Agricultural Gearbox For HAY TEDDER is a specialized gearbox used in agricultural machinery to power the hay tines, which are responsible for spreading and turning newly cut hay to facilitate drying. This gearbox is a crucial component in hay tedders and is designed to withstand constant use and [&hellip;]<\/p>","protected":false},"featured_media":2970,"template":"","meta":{"_et_pb_use_builder":"","_et_pb_old_content":"","_et_gb_content_width":""},"product_brand":[],"product_cat":[10402],"product_tag":[],"class_list":{"0":"post-2971","1":"product","2":"type-product","3":"status-publish","4":"has-post-thumbnail","6":"product_cat-agricultural-gearbox","8":"first","9":"instock","10":"shipping-taxable","11":"product-type-simple"},"_links":{"self":[{"href":"https:\/\/agricultural-gear-boxes.com\/es\/wp-json\/wp\/v2\/product\/2971","targetHints":{"allow":["GET"]}}],"collection":[{"href":"https:\/\/agricultural-gear-boxes.com\/es\/wp-json\/wp\/v2\/product"}],"about":[{"href":"https:\/\/agricultural-gear-boxes.com\/es\/wp-json\/wp\/v2\/types\/product"}],"wp:featuredmedia":[{"embeddable":true,"href":"https:\/\/agricultural-gear-boxes.com\/es\/wp-json\/wp\/v2\/media\/2970"}],"wp:attachment":[{"href":"https:\/\/agricultural-gear-boxes.com\/es\/wp-json\/wp\/v2\/media?parent=2971"}],"wp:term":[{"taxonomy":"product_brand","embeddable":true,"href":"https:\/\/agricultural-gear-boxes.com\/es\/wp-json\/wp\/v2\/product_brand?post=2971"},{"taxonomy":"product_cat","embeddable":true,"href":"https:\/\/agricultural-gear-boxes.com\/es\/wp-json\/wp\/v2\/product_cat?post=2971"},{"taxonomy":"product_tag","embeddable":true,"href":"https:\/\/agricultural-gear-boxes.com\/es\/wp-json\/wp\/v2\/product_tag?post=2971"}],"curies":[{"name":"wp","href":"https:\/\/api.w.org\/{rel}","templated":true}]}}