{"id":2973,"date":"2024-08-20T03:29:32","date_gmt":"2024-08-20T03:29:32","guid":{"rendered":"https:\/\/agricultural-gear-boxes.com\/product\/agricultural-pto-gearboxes-for-powered-generator\/"},"modified":"2024-08-20T03:29:32","modified_gmt":"2024-08-20T03:29:32","slug":"agricultural-pto-gearboxes-for-powered-generator","status":"publish","type":"product","link":"https:\/\/agricultural-gear-boxes.com\/es\/product\/agricultural-pto-gearboxes-for-powered-generator\/","title":{"rendered":"Cajas de engranajes de toma de fuerza agr\u00edcolas para generadores el\u00e9ctricos"},"content":{"rendered":"<h2>Cajas de cambios para tomas de fuerza agr\u00edcolas para generadores el\u00e9ctricos<\/h2>\n<p>Agricultural PTO gearboxes for powered generator is a highly efficient, powerful, and reliable gearbox that is used in the agricultural industry for various applications. The gearbox is designed to transfer power from a tractor or other agricultural vehicle&#8217;s power take-off (PTO) to a powered generator, providing a reliable source of electricity to power various farm equipment and machinery.<\/p>\n<h3>Escenarios de uso com\u00fan<\/h3>\n<p>La caja de cambios de la toma de fuerza agr\u00edcola para generadores el\u00e9ctricos se utiliza com\u00fanmente en diversas aplicaciones agr\u00edcolas, incluidos los sistemas de riego, la cosecha de cultivos, el procesamiento de cultivos y los sistemas de alimentaci\u00f3n del ganado. Tambi\u00e9n se puede utilizar para alimentar equipos el\u00e9ctricos como luces, calentadores, ventiladores de refrigeraci\u00f3n y otros dispositivos el\u00e9ctricos necesarios para el funcionamiento eficiente de una granja.<\/p>\n<h3>Ventajas de las cajas de cambios de toma de fuerza agr\u00edcolas para generadores el\u00e9ctricos<\/h3>\n<ul>\n<li>Transferencia de potencia de alta eficiencia<\/li>\n<li>Fuente confiable de electricidad para equipos y maquinaria agr\u00edcola.<\/li>\n<li>Durable y de larga duraci\u00f3n<\/li>\n<li>F\u00e1cil de instalar y mantener.<\/li>\n<li>Vers\u00e1til y se puede utilizar en una variedad de aplicaciones en la industria agr\u00edcola.<\/li>\n<\/ul>\n<h3>Instalaci\u00f3n, mantenimiento y reparaci\u00f3n<\/h3>\n<p>Instalar una caja de cambios de toma de fuerza agr\u00edcola para un generador el\u00e9ctrico es un proceso sencillo que requiere algunas herramientas b\u00e1sicas y algunos conocimientos t\u00e9cnicos. La caja de cambios debe estar correctamente alineada con el eje de la toma de fuerza y montada de forma segura en el tractor u otro veh\u00edculo agr\u00edcola. El mantenimiento regular es fundamental para garantizar que la caja de cambios funcione de manera eficiente y confiable. Esto incluye verificar el nivel de aceite de la caja de cambios, limpiar el filtro de aire e inspeccionar la caja de cambios para detectar signos de desgaste o da\u00f1os. En caso de aver\u00eda o mal funcionamiento, un t\u00e9cnico calificado puede reparar o reemplazar la caja de cambios.<\/p>\n<h3>Materiales utilizados<\/h3>\n<p>Las cajas de engranajes de toma de fuerza agr\u00edcolas para generadores el\u00e9ctricos pueden estar hechas de una variedad de materiales, incluidos hierro fundido, acero y aluminio. El material utilizado depende de la aplicaci\u00f3n espec\u00edfica y los requisitos del equipo que se alimenta.<\/p>\n<h3>Otros productos<\/h3>\n<p>Adem\u00e1s de las cajas de engranajes de toma de fuerza agr\u00edcolas para generadores el\u00e9ctricos, nuestra empresa suministra diversos engranajes de pl\u00e1stico utilizados en la industria, como cajas de engranajes agr\u00edcolas, ejes de salida de potencia, ruedas dentadas, acoplamientos de fluido, reductores de engranajes helicoidales, engranajes y cremalleras, cadenas desmontables, poleas y poleas, cajas de engranajes planetarios, poleas de distribuci\u00f3n, bujes y m\u00e1s. Nuestros productos son de alta calidad, se ofrecen a un precio favorable y cuentan con un atento servicio al cliente. Damos la bienvenida a los clientes a que vengan a nosotros para personalizar dibujos o muestras.<\/p>\n<h2>Preguntas y respuestas<\/h2>\n<h3>P1. \u00bfQu\u00e9 es una caja de cambios de toma de fuerza agr\u00edcola para un generador el\u00e9ctrico?<\/h3>\n<p>A1. An agricultural PTO gearbox for powered generator is a highly efficient, powerful, and reliable gearbox that is used in the agricultural industry for various applications. The gearbox is designed to transfer power from a tractor or other agricultural vehicle&#8217;s power take-off (PTO) to a powered generator, providing a reliable source of electricity to power various farm equipment and machinery.<\/p>\n<h3>P2. \u00bfCu\u00e1les son los escenarios de uso comunes para una caja de cambios de toma de fuerza agr\u00edcola para un generador el\u00e9ctrico?<\/h3>\n<p>A2. La caja de cambios de la toma de fuerza agr\u00edcola para generadores el\u00e9ctricos se utiliza com\u00fanmente en diversas aplicaciones agr\u00edcolas, incluidos los sistemas de riego, la cosecha de cultivos, el procesamiento de cultivos y los sistemas de alimentaci\u00f3n del ganado. Tambi\u00e9n se puede utilizar para alimentar equipos el\u00e9ctricos como luces, calentadores, ventiladores de refrigeraci\u00f3n y otros dispositivos el\u00e9ctricos necesarios para el funcionamiento eficiente de una granja.<\/p>\n<h3>P3. \u00bfCu\u00e1les son las ventajas de utilizar una caja de cambios de toma de fuerza agr\u00edcola para un generador el\u00e9ctrico?<\/h3>\n<p>A3. Las ventajas de utilizar una caja de cambios de toma de fuerza agr\u00edcola para un generador el\u00e9ctrico incluyen una transferencia de potencia altamente eficiente, una fuente confiable de electricidad para equipos y maquinaria agr\u00edcola, durabilidad, facilidad de instalaci\u00f3n y mantenimiento, versatilidad y la capacidad de usarse en una variedad de aplicaciones en la industria agr\u00edcola.<\/p>\n<h3>P4. \u00bfC\u00f3mo se instala y se mantiene una caja de cambios de toma de fuerza agr\u00edcola para un generador el\u00e9ctrico?<\/h3>\n<p>A4. Instalar una caja de cambios de toma de fuerza agr\u00edcola para un generador el\u00e9ctrico es un proceso sencillo que requiere algunas herramientas b\u00e1sicas y algunos conocimientos t\u00e9cnicos. La caja de cambios debe estar correctamente alineada con el eje de la toma de fuerza y montada de forma segura en el tractor u otro veh\u00edculo agr\u00edcola. El mantenimiento regular es fundamental para garantizar que la caja de cambios funcione de manera eficiente y confiable. Esto incluye verificar el nivel de aceite de la caja de cambios, limpiar el filtro de aire e inspeccionar la caja de cambios para detectar signos de desgaste o da\u00f1os.<\/p>\n<h3>P5. \u00bfDe qu\u00e9 materiales est\u00e1n hechas las cajas de cambios de las tomas de fuerza agr\u00edcolas para generadores el\u00e9ctricos?<\/h3>\n<p>A5. Las cajas de engranajes de toma de fuerza agr\u00edcolas para generadores el\u00e9ctricos pueden estar hechas de una variedad de materiales, incluidos hierro fundido, acero y aluminio. El material utilizado depende de la aplicaci\u00f3n espec\u00edfica y los requisitos del equipo que se alimenta.<\/p>","protected":false},"excerpt":{"rendered":"<p>Agricultural PTO Gearboxes for Powered Generator Agricultural PTO gearboxes for powered generator is a highly efficient, powerful, and reliable gearbox that is used in the agricultural industry for various applications. The gearbox is designed to transfer power from a tractor or other agricultural vehicle&#8217;s power take-off (PTO) to a powered generator, providing a reliable source [&hellip;]<\/p>","protected":false},"featured_media":2972,"template":"","meta":{"_et_pb_use_builder":"","_et_pb_old_content":"","_et_gb_content_width":""},"product_brand":[],"product_cat":[10402],"product_tag":[],"class_list":{"0":"post-2973","1":"product","2":"type-product","3":"status-publish","4":"has-post-thumbnail","6":"product_cat-agricultural-gearbox","8":"first","9":"instock","10":"shipping-taxable","11":"product-type-simple"},"_links":{"self":[{"href":"https:\/\/agricultural-gear-boxes.com\/es\/wp-json\/wp\/v2\/product\/2973","targetHints":{"allow":["GET"]}}],"collection":[{"href":"https:\/\/agricultural-gear-boxes.com\/es\/wp-json\/wp\/v2\/product"}],"about":[{"href":"https:\/\/agricultural-gear-boxes.com\/es\/wp-json\/wp\/v2\/types\/product"}],"wp:featuredmedia":[{"embeddable":true,"href":"https:\/\/agricultural-gear-boxes.com\/es\/wp-json\/wp\/v2\/media\/2972"}],"wp:attachment":[{"href":"https:\/\/agricultural-gear-boxes.com\/es\/wp-json\/wp\/v2\/media?parent=2973"}],"wp:term":[{"taxonomy":"product_brand","embeddable":true,"href":"https:\/\/agricultural-gear-boxes.com\/es\/wp-json\/wp\/v2\/product_brand?post=2973"},{"taxonomy":"product_cat","embeddable":true,"href":"https:\/\/agricultural-gear-boxes.com\/es\/wp-json\/wp\/v2\/product_cat?post=2973"},{"taxonomy":"product_tag","embeddable":true,"href":"https:\/\/agricultural-gear-boxes.com\/es\/wp-json\/wp\/v2\/product_tag?post=2973"}],"curies":[{"name":"wp","href":"https:\/\/api.w.org\/{rel}","templated":true}]}}