{"id":2981,"date":"2024-08-20T03:29:44","date_gmt":"2024-08-20T03:29:44","guid":{"rendered":"https:\/\/agricultural-gear-boxes.com\/product\/center-dive-gear-box-of-irrigation-system\/"},"modified":"2024-08-20T03:29:45","modified_gmt":"2024-08-20T03:29:45","slug":"center-dive-gear-box-of-irrigation-system","status":"publish","type":"product","link":"https:\/\/agricultural-gear-boxes.com\/es\/product\/center-dive-gear-box-of-irrigation-system\/","title":{"rendered":"Caja de engranajes de inmersi\u00f3n central del sistema de riego"},"content":{"rendered":"<h2>Caja de engranajes de inmersi\u00f3n central del sistema de riego: serie SYF-1<\/h2>\n<p>If you&#8217;re looking for a reliable center-dive gear box for your irrigation system, the SYF-1 Series is a great option. Used widely in North America, European area, and Middle East, this type of worm gear box is designed for the driveline (drive train) of the center pivot and linear move irrigation system. Its aluminum alloy case and major transmission parts made from high strength alloy make it lightweight, long-lasting, and dust-proof. <\/p>\n<h3>Actuaci\u00f3n:<\/h3>\n<p>Con una capacidad de torsi\u00f3n de 4500 lb.in (510 Nm), la serie SYF-1 ofrece m\u00faltiples relaciones que van desde 20:1, 30:1, 40:1, 50:1, 58:1, hasta 60:1 (hay otras disponibles). Acepta motores NEMA 56-C con ejes de 0,625&quot; de di\u00e1metro, 2&quot; de largo con ranura para llave de 0,19&quot; y tiene m\u00faltiples patrones de pernos de montaje de 5&quot; de di\u00e1metro, 6&quot; de di\u00e1metro y 3,38&quot; de di\u00e1metro, 6,38&quot; de di\u00e1metro para adaptarse a todos los pivotes. <\/p>\n<p>El engranaje helicoidal de bronce y aluminio de alta resistencia garantiza la durabilidad y el acoplamiento de chavetero incluido en la carcasa de la caja de cambios conecta el motor y la caja de cambios. Tambi\u00e9n viene con 2 protectores de sellos para los ejes de salida para protegerlos de los residuos. <\/p>\n<h3>Ventajas:<\/h3>\n<p>The SYF-1 Series center-dive gear box boasts several advantages that make it an excellent choice for irrigation systems. Apart from its high torque capacity, it comes with a range of ratios to fit different applications. The aluminum gearbox housing ensures that it&#8217;s lightweight and easy to handle, and its high-strength aluminum bronze bull gear ensures long service life. <\/p>\n<h3>Instalaci\u00f3n y mantenimiento:<\/h3>\n<p>The installation process of the SYF-1 Series center-dive gear box is straightforward. Follow the manufacturer&#8217;s instructions, and you&#8217;ll have it up and running in no time. To maintain the gearbox, regular inspection and cleaning should be carried out to ensure no debris or moisture is trapped inside. The gearbox should be lubricated according to the manufacturer&#8217;s instructions to keep it running smoothly.<\/p>\n<h3>Reemplazo:<\/h3>\n<p>If you need to replace the SYF-1 Series center-dive gear box, it&#8217;s essential to get a replacement that matches the original. Always have a professional carry out the replacement to ensure that it&#8217;s done correctly.<\/p>\n<h3>Acerca de la empresa:<\/h3>\n<p>Adem\u00e1s de la caja de engranajes de inmersi\u00f3n central de la serie SYF-1, nuestra empresa ofrece una amplia gama de cajas de engranajes agr\u00edcolas, ejes de salida de potencia, ruedas dentadas, acoplamientos de fluido, reductores de engranajes helicoidales, engranajes y cremalleras, cadenas desmontables, poleas y poleas, cajas de engranajes planetarios, poleas de distribuci\u00f3n, bujes y m\u00e1s. Nos enorgullecemos de ofrecer productos de alta calidad, precios favorables y un servicio considerado. Damos la bienvenida a los clientes a que vengan a nosotros para personalizar dibujos o muestras.<\/p>\n<h2>Preguntas y respuestas:<\/h2>\n<p>1. \u00bfCu\u00e1l es la capacidad de torque de la caja de cambios de inmersi\u00f3n central de la serie SYF-1?<br \/>\n2. \u00bfCu\u00e1les son las relaciones disponibles para la caja de cambios de inmersi\u00f3n central de la serie SYF-1?<br \/>\n3. \u00bfCu\u00e1l es el material de las principales piezas de transmisi\u00f3n de la caja de cambios de inmersi\u00f3n central de la serie SYF-1?<br \/>\n4. \u00bfCu\u00e1les son las ventajas de la caja de cambios de inmersi\u00f3n central de la serie SYF-1?<br \/>\n5. \u00bfC\u00f3mo se debe realizar el mantenimiento de la caja de engranajes de inmersi\u00f3n central de la serie SYF-1?<\/p>","protected":false},"excerpt":{"rendered":"<p>Center-Dive Gear Box Of Irrigation System: SYF-1 Series If you&#8217;re looking for a reliable center-dive gear box for your irrigation system, the SYF-1 Series is a great option. Used widely in North America, European area, and Middle East, this type of worm gear box is designed for the driveline (drive train) of the center pivot [&hellip;]<\/p>","protected":false},"featured_media":2980,"template":"","meta":{"_et_pb_use_builder":"","_et_pb_old_content":"","_et_gb_content_width":""},"product_brand":[],"product_cat":[10402],"product_tag":[],"class_list":{"0":"post-2981","1":"product","2":"type-product","3":"status-publish","4":"has-post-thumbnail","6":"product_cat-agricultural-gearbox","8":"first","9":"instock","10":"shipping-taxable","11":"product-type-simple"},"_links":{"self":[{"href":"https:\/\/agricultural-gear-boxes.com\/es\/wp-json\/wp\/v2\/product\/2981","targetHints":{"allow":["GET"]}}],"collection":[{"href":"https:\/\/agricultural-gear-boxes.com\/es\/wp-json\/wp\/v2\/product"}],"about":[{"href":"https:\/\/agricultural-gear-boxes.com\/es\/wp-json\/wp\/v2\/types\/product"}],"wp:featuredmedia":[{"embeddable":true,"href":"https:\/\/agricultural-gear-boxes.com\/es\/wp-json\/wp\/v2\/media\/2980"}],"wp:attachment":[{"href":"https:\/\/agricultural-gear-boxes.com\/es\/wp-json\/wp\/v2\/media?parent=2981"}],"wp:term":[{"taxonomy":"product_brand","embeddable":true,"href":"https:\/\/agricultural-gear-boxes.com\/es\/wp-json\/wp\/v2\/product_brand?post=2981"},{"taxonomy":"product_cat","embeddable":true,"href":"https:\/\/agricultural-gear-boxes.com\/es\/wp-json\/wp\/v2\/product_cat?post=2981"},{"taxonomy":"product_tag","embeddable":true,"href":"https:\/\/agricultural-gear-boxes.com\/es\/wp-json\/wp\/v2\/product_tag?post=2981"}],"curies":[{"name":"wp","href":"https:\/\/api.w.org\/{rel}","templated":true}]}}