{"id":2983,"date":"2024-08-20T03:29:46","date_gmt":"2024-08-20T03:29:46","guid":{"rendered":"https:\/\/agricultural-gear-boxes.com\/product\/hydraulic-pto-drive-gearbox-speed-increaser-for-tractor\/"},"modified":"2024-08-20T03:29:46","modified_gmt":"2024-08-20T03:29:46","slug":"hydraulic-pto-drive-gearbox-speed-increaser-for-tractor","status":"publish","type":"product","link":"https:\/\/agricultural-gear-boxes.com\/es\/product\/hydraulic-pto-drive-gearbox-speed-increaser-for-tractor\/","title":{"rendered":"Caja de cambios con transmisi\u00f3n hidr\u00e1ulica de toma de fuerza para tractor"},"content":{"rendered":"<h2>Caja de cambios con transmisi\u00f3n hidr\u00e1ulica de toma de fuerza para tractor<\/h2>\n<p>Si est\u00e1 buscando un multiplicador de velocidad de caja de cambios de transmisi\u00f3n de TDF hidr\u00e1ulica confiable para su tractor, ha llegado al lugar correcto. Nuestras cajas de cambios est\u00e1n dise\u00f1adas para conectar bombas de engranajes a las tomas de fuerza (TDF) de tractores agr\u00edcolas, lo que le permite alcanzar las velocidades de funcionamiento adecuadas de las bombas hidr\u00e1ulicas. Ofrecemos una amplia gama de series, incluidas 60001, 60002, 60003, 60004, 70001, 70002, 70003, 70004, 70005, 70006, 70007 y 70007-4\/24.<\/p>\n<p>Nuestras cajas de cambios vienen con una carcasa de aluminio o hierro fundido y una conexi\u00f3n para la bomba hidr\u00e1ulica al tractor. Tienen una velocidad de entrada de 540 o 1000 RPM y un eje de entrada macho o de desconexi\u00f3n r\u00e1pida. La doble entrada de las cajas divisoras garantiza un rendimiento y una eficiencia \u00f3ptimos.<\/p>\n<h3>Materiales de alta calidad y dise\u00f1o robusto<\/h3>\n<p>Nuestros reductores est\u00e1n fabricados con carcasa de aluminio fundido a presi\u00f3n o fundici\u00f3n de hierro de alta resistencia mec\u00e1nica, lo que los hace ligeros pero robustos. Los engranajes est\u00e1n fabricados en acero UNI 18 PCR M03 con dientes cortos que garantizan una resistencia muy alta y un funcionamiento muy silencioso. Los ejes est\u00e1n fabricados en acero UNI 16 CRN4 y est\u00e1n acoplados a los engranajes mediante piezas estriadas, lo que los hace m\u00e1s adecuados para soportar los pares indicados en el cat\u00e1logo.<\/p>\n<p>The torque figures mentioned in the technical charts of all the PTO Gearboxes refer to continuous duty cycles. Torques under intermittent working conditions can be exceeded by 20%. The gear oil must be put in the PTO gearbox prior to use &#8211; please note we do not supply the gear oil and will not accept responsibility for customers not putting oil in. Change the oil after the first 60-80 hours and then every 12 months or 1500 hours whichever falls first. Please check the oil level via the special oil window every 50 hours. Working temperatures should not exceed 120 degrees Celsius under a continuous duty cycle.<\/p>\n<h3>Aplicaci\u00f3n del aumentador de velocidad de la toma de fuerza hidr\u00e1ulica<\/h3>\n<p>Nuestro multiplicador de velocidad de toma de fuerza hidr\u00e1ulica es ideal para a\u00f1adir potencia hidr\u00e1ulica a tractores y equipos de jardiner\u00eda que no est\u00e1n equipados con circuitos hidr\u00e1ulicos. Se utiliza habitualmente para accionar sinfines hidr\u00e1ulicos, cargadores frontales, cortadoras de c\u00e9sped, barredoras rotativas, perforadoras para postes y transmisiones para postes. Estas cajas de cambios se utilizan principalmente para conectar el eje de la toma de fuerza en la parte trasera del tractor para accionar la bomba hidr\u00e1ulica y generar potencia hidr\u00e1ulica.<\/p>\n<h3>Otras cajas de cambios agr\u00edcolas relacionadas<\/h3>\n<p>Adem\u00e1s de los multiplicadores de velocidad hidr\u00e1ulicos para tomas de fuerza, tambi\u00e9n ofrecemos una amplia gama de cajas de cambios y accesorios para maquinaria agr\u00edcola. Nuestros productos incluyen ejes de salida de potencia, ruedas dentadas, acoplamientos hidr\u00e1ulicos, reductores de tornillo sin fin, engranajes y cremalleras, cadenas desmontables, poleas y poleas, cajas de cambios planetarias, poleas de distribuci\u00f3n, bujes y m\u00e1s. Nos comprometemos a suministrar productos de alta calidad a precios favorables y con un servicio considerado. Damos la bienvenida a los clientes a que vengan a realizar el dibujo o la personalizaci\u00f3n de la muestra.<\/p>\n<h2>Preguntas y respuestas<\/h2>\n<h3>P: \u00bfCu\u00e1l es la velocidad de salida de las cajas de cambios PTO?<\/h3>\n<p>R: La velocidad de salida de las cajas de cambios PTO es de 540 rpm, lo que puede compararse con las velocidades de funcionamiento adecuadas de las bombas hidr\u00e1ulicas.<\/p>\n<h3>P: \u00bfQu\u00e9 diferentes velocidades de funcionamiento de entrada son adecuadas para las cajas de cambios PTO?<\/h3>\n<p>R: Tambi\u00e9n pueden ser adecuadas diferentes velocidades de entrada, siempre que la velocidad de salida de la caja de cambios no supere las 3000 rpm.<\/p>\n<h3>P: \u00bfDe qu\u00e9 material est\u00e1n hechos los engranajes?<\/h3>\n<p>R: Los engranajes est\u00e1n fabricados en acero UNI 18 PCR M03, lo que garantiza una alta resistencia y un funcionamiento silencioso.<\/p>\n<h3>P: \u00bfCon qu\u00e9 frecuencia se debe cambiar el aceite de la caja de cambios de la TDF?<\/h3>\n<p>R: El aceite de engranaje debe cambiarse despu\u00e9s de las primeras 60-80 horas y luego cada 12 meses o 1500 horas, lo que ocurra primero.<\/p>\n<h3>P: \u00bfCu\u00e1l es la temperatura de trabajo \u00f3ptima para las cajas de cambios PTO?<\/h3>\n<p>R: Las temperaturas de trabajo no deben superar los 120 grados Celsius bajo un ciclo de trabajo continuo.<\/p>\n<h3>P: \u00bfQu\u00e9 otros productos de maquinaria agr\u00edcola ofrecen?<\/h3>\n<p>R: Adem\u00e1s de los incrementadores de velocidad de toma de fuerza hidr\u00e1ulicos, tambi\u00e9n ofrecemos ejes de salida de potencia, pi\u00f1ones, acoplamientos de fluido, reductores de tornillo sin fin, engranajes y cremalleras, cadenas desmontables, poleas y poleas, cajas de engranajes planetarios, poleas de distribuci\u00f3n, bujes y m\u00e1s.<\/p>","protected":false},"excerpt":{"rendered":"<p>Hydraulic PTO Drive Gearbox Speed Increaser for Tractor If you are looking for a reliable hydraulic PTO drive gearbox speed increaser for your tractor, you have come to the right place. Our gearboxes are designed to connect gear pumps to farm tractor power take-offs (PTO), allowing you to achieve the proper running speeds of hydraulic [&hellip;]<\/p>","protected":false},"featured_media":2982,"template":"","meta":{"_et_pb_use_builder":"","_et_pb_old_content":"","_et_gb_content_width":""},"product_brand":[],"product_cat":[10402],"product_tag":[],"class_list":{"0":"post-2983","1":"product","2":"type-product","3":"status-publish","4":"has-post-thumbnail","6":"product_cat-agricultural-gearbox","8":"first","9":"instock","10":"shipping-taxable","11":"product-type-simple"},"_links":{"self":[{"href":"https:\/\/agricultural-gear-boxes.com\/es\/wp-json\/wp\/v2\/product\/2983","targetHints":{"allow":["GET"]}}],"collection":[{"href":"https:\/\/agricultural-gear-boxes.com\/es\/wp-json\/wp\/v2\/product"}],"about":[{"href":"https:\/\/agricultural-gear-boxes.com\/es\/wp-json\/wp\/v2\/types\/product"}],"wp:featuredmedia":[{"embeddable":true,"href":"https:\/\/agricultural-gear-boxes.com\/es\/wp-json\/wp\/v2\/media\/2982"}],"wp:attachment":[{"href":"https:\/\/agricultural-gear-boxes.com\/es\/wp-json\/wp\/v2\/media?parent=2983"}],"wp:term":[{"taxonomy":"product_brand","embeddable":true,"href":"https:\/\/agricultural-gear-boxes.com\/es\/wp-json\/wp\/v2\/product_brand?post=2983"},{"taxonomy":"product_cat","embeddable":true,"href":"https:\/\/agricultural-gear-boxes.com\/es\/wp-json\/wp\/v2\/product_cat?post=2983"},{"taxonomy":"product_tag","embeddable":true,"href":"https:\/\/agricultural-gear-boxes.com\/es\/wp-json\/wp\/v2\/product_tag?post=2983"}],"curies":[{"name":"wp","href":"https:\/\/api.w.org\/{rel}","templated":true}]}}