{"id":3005,"date":"2024-08-20T03:30:10","date_gmt":"2024-08-20T03:30:10","guid":{"rendered":"https:\/\/agricultural-gear-boxes.com\/product\/harvester-gearbox-reversing-bevel-gearbox\/"},"modified":"2024-08-20T03:30:10","modified_gmt":"2024-08-20T03:30:10","slug":"harvester-gearbox-reversing-bevel-gearbox","status":"publish","type":"product","link":"https:\/\/agricultural-gear-boxes.com\/es\/product\/harvester-gearbox-reversing-bevel-gearbox\/","title":{"rendered":"Caja de engranajes de la cosechadora Caja de engranajes c\u00f3nicos reversible"},"content":{"rendered":"<h2>Caja de engranajes c\u00f3nicos reversibles para cosechadoras: confiable y duradera<\/h2>\n<p>La caja de engranajes c\u00f3nica reversible para cosechadoras es una caja de engranajes muy confiable y duradera que se usa com\u00fanmente en m\u00e1quinas cosechadoras de granos. Fabricada con materiales de alta calidad, como HT200 para el material de la carcasa y 40CrMnTi para el eje del engranaje, esta caja de engranajes est\u00e1 dise\u00f1ada para soportar las condiciones m\u00e1s dif\u00edciles y ofrecer un rendimiento duradero. Es un componente esencial de la m\u00e1quina cosechadora de granos y desempe\u00f1a un papel crucial para garantizar el funcionamiento sin problemas de la m\u00e1quina.<\/p>\n<h3>Ventajas de la caja de cambios de la cosechadora Caja de cambios c\u00f3nica reversible<\/h3>\n<ul>\n<li>Materiales de alta calidad para mayor durabilidad.<\/li>\n<li>Dise\u00f1ado para soportar condiciones dif\u00edciles.<\/li>\n<li>Rendimiento duradero<\/li>\n<li>Componente esencial de la m\u00e1quina cosechadora de granos<\/li>\n<\/ul>\n<h3>Instalaci\u00f3n, mantenimiento y reparaci\u00f3n<\/h3>\n<p>La instalaci\u00f3n, el mantenimiento y la reparaci\u00f3n de la caja de engranajes c\u00f3nicos reversibles de la cosechadora son fundamentales para garantizar su rendimiento \u00f3ptimo y su longevidad. La caja de engranajes debe ser instalada por un profesional para garantizar una alineaci\u00f3n adecuada, y se debe realizar un mantenimiento regular para evitar el desgaste. En caso de aver\u00eda, se debe realizar una reparaci\u00f3n inmediata para evitar m\u00e1s da\u00f1os en la caja de engranajes. Si la caja de engranajes no se puede reparar, se debe reemplazar por una nueva.<\/p>\n<h3>Historia y clasificaci\u00f3n<\/h3>\n<p>La caja de engranajes c\u00f3nica reversible para cosechadoras tiene una larga historia y ha experimentado varios avances a lo largo de los a\u00f1os para mejorar su dise\u00f1o y rendimiento. La caja de engranajes pertenece a la categor\u00eda de cajas de engranajes c\u00f3nicos o de inglete, que se utilizan ampliamente en diversas aplicaciones industriales.<\/p>\n<h3>Otros usos de la caja de cambios agr\u00edcola y del eje de toma de fuerza<\/h3>\n<p>Adem\u00e1s de su uso principal, que consiste en transferir potencia mec\u00e1nica entre tractores agr\u00edcolas, la caja de cambios agr\u00edcola y el eje de la toma de fuerza tambi\u00e9n tienen otros usos. Se pueden utilizar en diversas aplicaciones industriales que requieren la transferencia de potencia mec\u00e1nica.<\/p>\n<h3>Nuestros otros productos<\/h3>\n<p>En Ever-Power, nos comprometemos a proporcionar productos de alta calidad a un precio favorable y con un excelente servicio al cliente. Adem\u00e1s de la caja de engranajes c\u00f3nicos reversibles para cosechadoras, tambi\u00e9n suministramos varios engranajes de pl\u00e1stico utilizados en la industria, como cajas de engranajes agr\u00edcolas, ejes de salida de potencia, ruedas dentadas, acoplamientos de fluido, reductores de engranajes helicoidales, engranajes y cremalleras, cadenas desmontables, poleas y poleas, cajas de engranajes planetarios, poleas de distribuci\u00f3n, bujes y m\u00e1s. Ofrecemos servicios de personalizaci\u00f3n para nuestros productos en funci\u00f3n de los requisitos del cliente.<\/p>\n<h2>Preguntas y respuestas<\/h2>\n<h3>1. \u00bfDe qu\u00e9 est\u00e1 hecha la caja de engranajes c\u00f3nicos reversible de la caja de engranajes de la cosechadora?<\/h3>\n<p>La caja de engranajes c\u00f3nicos reversible de la caja de engranajes de la cosechadora est\u00e1 hecha de materiales de alta calidad, como HT200 para el material de la carcasa y 40CrMnTi para el eje del engranaje.<\/p>\n<h3>2. \u00bfCu\u00e1l es el uso principal de la caja de cambios agr\u00edcola y del eje de la toma de fuerza?<\/h3>\n<p>El uso principal de la caja de cambios agr\u00edcola y del eje de toma de fuerza es transferir potencia mec\u00e1nica entre tractores agr\u00edcolas.<\/p>\n<h3>3. \u00bfQu\u00e9 importancia tiene la instalaci\u00f3n de la caja de cambios c\u00f3nica reversible de la caja de cambios de la cosechadora?<\/h3>\n<p>La instalaci\u00f3n de la caja de engranajes c\u00f3nicos reversibles de la caja de engranajes de la cosechadora es vital para garantizar una alineaci\u00f3n adecuada, lo cual es esencial para un rendimiento y una longevidad \u00f3ptimos.<\/p>\n<h3>4. \u00bfQu\u00e9 otros productos suministra Ever-Power?<\/h3>\n<p>Adem\u00e1s de las cajas de engranajes c\u00f3nicos reversibles para cosechadoras, Ever-Power suministra varios engranajes de pl\u00e1stico utilizados en la industria, como cajas de engranajes agr\u00edcolas, ejes de salida de potencia, pi\u00f1ones, acoplamientos de fluido, reductores de tornillo sin fin, engranajes y cremalleras, cadenas desmontables, poleas y poleas, cajas de engranajes planetarios, poleas de distribuci\u00f3n, bujes y m\u00e1s.<\/p>\n<h3>5. \u00bfEver-Power ofrece servicios de personalizaci\u00f3n para sus productos?<\/h3>\n<p>S\u00ed, Ever-Power ofrece servicios de personalizaci\u00f3n de sus productos seg\u00fan los requisitos del cliente.<\/p>","protected":false},"excerpt":{"rendered":"<p>Harvester Gearbox Reversing Bevel Gearbox: Reliable and Durable Harvester Gearbox Reversing Bevel Gearbox is a highly reliable and durable gearbox that is commonly used in grain harvester machines. Made with high-quality materials such as HT200 for housing material and 40CrMnTi for gear shaft, this gearbox is designed to withstand the toughest conditions and offer long-lasting [&hellip;]<\/p>","protected":false},"featured_media":3004,"template":"","meta":{"_et_pb_use_builder":"","_et_pb_old_content":"","_et_gb_content_width":""},"product_brand":[],"product_cat":[10402],"product_tag":[],"class_list":{"0":"post-3005","1":"product","2":"type-product","3":"status-publish","4":"has-post-thumbnail","6":"product_cat-agricultural-gearbox","8":"first","9":"instock","10":"shipping-taxable","11":"product-type-simple"},"_links":{"self":[{"href":"https:\/\/agricultural-gear-boxes.com\/es\/wp-json\/wp\/v2\/product\/3005","targetHints":{"allow":["GET"]}}],"collection":[{"href":"https:\/\/agricultural-gear-boxes.com\/es\/wp-json\/wp\/v2\/product"}],"about":[{"href":"https:\/\/agricultural-gear-boxes.com\/es\/wp-json\/wp\/v2\/types\/product"}],"wp:featuredmedia":[{"embeddable":true,"href":"https:\/\/agricultural-gear-boxes.com\/es\/wp-json\/wp\/v2\/media\/3004"}],"wp:attachment":[{"href":"https:\/\/agricultural-gear-boxes.com\/es\/wp-json\/wp\/v2\/media?parent=3005"}],"wp:term":[{"taxonomy":"product_brand","embeddable":true,"href":"https:\/\/agricultural-gear-boxes.com\/es\/wp-json\/wp\/v2\/product_brand?post=3005"},{"taxonomy":"product_cat","embeddable":true,"href":"https:\/\/agricultural-gear-boxes.com\/es\/wp-json\/wp\/v2\/product_cat?post=3005"},{"taxonomy":"product_tag","embeddable":true,"href":"https:\/\/agricultural-gear-boxes.com\/es\/wp-json\/wp\/v2\/product_tag?post=3005"}],"curies":[{"name":"wp","href":"https:\/\/api.w.org\/{rel}","templated":true}]}}