{"id":3013,"date":"2024-08-20T03:30:20","date_gmt":"2024-08-20T03:30:20","guid":{"rendered":"https:\/\/agricultural-gear-boxes.com\/product\/salt-spreader-sprocket-chain-gearbox-for-road-snow-removal\/"},"modified":"2024-08-20T03:30:21","modified_gmt":"2024-08-20T03:30:21","slug":"salt-spreader-sprocket-chain-gearbox-for-road-snow-removal","status":"publish","type":"product","link":"https:\/\/agricultural-gear-boxes.com\/es\/product\/salt-spreader-sprocket-chain-gearbox-for-road-snow-removal\/","title":{"rendered":"Caja de cambios de cadena de pi\u00f1\u00f3n para esparcidor de sal para remoci\u00f3n de nieve en carreteras"},"content":{"rendered":"<h2>Caja de cambios de cadena de pi\u00f1\u00f3n para esparcidor de sal para remoci\u00f3n de nieve en carreteras<\/h2>\n<p>If you are looking for a reliable replacement gearbox for your salt spreader, you have come to the right place. At Ever Power, we offer high-quality replacements for all types of salt spreaders, whether they are commercial, residential, walk-behind, tailgate, or hopper salt spreaders. Our replaceable salt spreader gearbox comes with a 50:1 ratio and a 2&#8243; diameter shaft, making it ideal for full-size salt spreaders.<\/p>\n<h3>Caracter\u00edsticas de nuestra caja de cambios de repuesto<\/h3>\n<p>Nuestra caja de engranajes de repuesto est\u00e1 fabricada en hierro fundido resistente y se fabrica en EE. UU. Es un componente de transmisi\u00f3n universal para esparcidores de tolva, lo que la hace compatible con una amplia gama de modelos de esparcidores de sal. Adem\u00e1s, cuenta con una garant\u00eda de 1 a\u00f1o, lo que le brinda la tranquilidad de contar con un repuesto de alta calidad y duradero.<\/p>\n<h3>Modelos de esparcidores de sal compatibles<\/h3>\n<p>Nuestro conjunto de caja de engranajes es compatible con los esparcidores de sal Salt Dogg serie SCH e incluye la rueda dentada. Es compatible con varios modelos, como los esparcidores SCH072SS, SCH072SSX, SCH096C, SCH096CX, SCH096SS, SCH096SSX, SCH120SS y SCH120SSX. <\/p>\n<h3>Caja de engranajes de cadena de pi\u00f1\u00f3n del esparcidor de sal<\/h3>\n<p>Los esparcidores de sal suelen utilizar cadenas American Pintler de los tama\u00f1os 662, 667H, 667X, 667XH, 88K y 88C. Disponemos de una l\u00ednea completa de estos pi\u00f1ones para cadena de pivote y podemos suministrarlos en fundici\u00f3n o acero. Tambi\u00e9n disponemos de pi\u00f1ones tensores para esparcidores de sal, fabricados con cojinetes sellados o bujes de bronce, seg\u00fan la aplicaci\u00f3n. Adem\u00e1s de pi\u00f1ones, tambi\u00e9n suministramos cadenas, cojinetes, ejes, reductores, motores y paneles de desgaste de UHMW.<\/p>\n<h3>Vista despiezada del esparcidor de sal<\/h3>\n<p>Para comprender mejor la relaci\u00f3n entre la caja de cambios y el esparcidor de sal, aqu\u00ed hay una vista ampliada del esparcidor de sal: <\/p>\n<ul>\n<li>Conjunto de base de tolva<\/li>\n<li>Conjunto de caja de cambios<\/li>\n<li>Eje de transmisi\u00f3n con 2 cojinetes<\/li>\n<li>Conjunto de control de puerta<\/li>\n<li>Impulso<\/li>\n<li>Ruedas con herrajes<\/li>\n<li>Empu\u00f1aduras de manillar<\/li>\n<li>Kit de bl\u00edster de hardware<\/li>\n<li>Deflectores de sal<\/li>\n<li>Deflector trasero<\/li>\n<li>Funda para lluvia<\/li>\n<li>Barrena<\/li>\n<\/ul>\n<h3>C\u00f3mo funciona un esparcidor de sal<\/h3>\n<p>Un esparcidor de sal es un dispositivo que distribuye materiales s\u00f3lidos en la carretera, montado en la parte trasera del veh\u00edculo, y dispersa sal o arena mientras el veh\u00edculo est\u00e1 en movimiento. Nuestra caja de cambios de repuesto puede ayudar a mantener su esparcidor de sal funcionando eficientemente. Normalmente, los operadores utilizan cloruro de sodio como sal de roca s\u00f3lida. El cloruro de calcio, el cloruro de potasio y el cloruro de magnesio son otras opciones. Los esparcidores de sal suelen utilizar un motor el\u00e9ctrico para accionar un disco giratorio que esparce la sal.<\/p>\n<h4>Mantenimiento de su esparcidor de sal<\/h4>\n<p>Para garantizar que su esparcidor de sal siga funcionando eficientemente a lo largo del tiempo, le recomendamos estos consejos de mantenimiento:<\/p>\n<ol>\n<li>Lubrique peri\u00f3dicamente todas las conexiones para evitar la corrosi\u00f3n y da\u00f1os en los cables del motor.<\/li>\n<li>Vac\u00ede y limpie su esparcidor de sal despu\u00e9s de cada uso para evitar que se atasque o se bloquee con la sal.<\/li>\n<li>Lubrique los cojinetes del eje de transmisi\u00f3n y del eje giratorio despu\u00e9s de cada 10 horas de uso.<\/li>\n<li>Revise los cojinetes y el aceite de la caja de cambios cada 50 horas de uso para asegurarse de que coincida con el nivel de aceite en el orificio de llenado.<\/li>\n<li>Check the drive components, including the spinner drive assembly, electrical connections, and conveyor chain tension, regularly to maintain proper belt tension according to the manufacturer&#8217;s specifications<\/li>\n<\/ol>\n<h2>Ejes de toma de fuerza y cajas de cambios agr\u00edcolas<\/h2>\n<p>Un eje de toma de fuerza (TDF) es parte integral de cualquier caja de engranajes agr\u00edcola. Se utiliza en todo tipo de maquinaria agr\u00edcola y est\u00e1 dise\u00f1ado para transmitir potencia a las ruedas. Los diferentes tipos de ejes tienen distintas funciones y est\u00e1n dise\u00f1ados para soportar diversas potencias.<\/p>\n<p>Ever Power, fabricante y f\u00e1brica confiable de piezas de transmisi\u00f3n mec\u00e1nica en China, ofrece diversas opciones de series y cajas de engranajes agr\u00edcolas. Si necesita un eje de toma de fuerza con junta universal para cajas de engranajes agr\u00edcolas y otra maquinaria agr\u00edcola, \u00a1cont\u00e1ctenos ahora!<\/p>\n<h3>Nuestro negocio de otros productos<\/h3>\n<p>Suministramos principalmente diversos engranajes de pl\u00e1stico para la industria, como cajas de engranajes agr\u00edcolas, ejes de salida, ruedas dentadas, acoplamientos hidr\u00e1ulicos, reductores de tornillo sin fin, engranajes y cremalleras, cadenas desmontables, poleas, reductores planetarios, poleas de distribuci\u00f3n, bujes, entre otros. Nuestros productos son de alta calidad, tienen precios competitivos y un servicio atento. Invitamos a nuestros clientes a solicitar planos o muestras personalizadas.<\/p>\n<h2>Preguntas y respuestas<\/h2>\n<p>1. \u00bfQu\u00e9 es un esparcidor de sal?<br \/>\nUn esparcidor de sal es un dispositivo que distribuye materiales s\u00f3lidos en la carretera, montado en la parte trasera del veh\u00edculo, y dispersa sal o arena mientras el veh\u00edculo est\u00e1 en movimiento.<\/p>\n<p>2. \u00bfCu\u00e1l es la funci\u00f3n de una caja de cambios en un esparcidor de sal?<br \/>\nUna caja de cambios en un esparcidor de sal ayuda a distribuir la sal de manera eficiente en la carretera.<\/p>\n<p>3. What are the compatible salt spreader models with Ever Power&#8217;s replacement gearbox?<br \/>\nThe compatible salt spreader models with Ever Power&#8217;s replacement gearbox are SCH072SS, SCH072SSX, SCH096C, SCH096CX, SCH096SS, SCH096SSX, SCH120SS, and SCH120SSX Spreaders.<\/p>\n<p>4. \u00bfCu\u00e1les son los consejos de mantenimiento para un esparcidor de sal?<br \/>\nLos consejos de mantenimiento para un esparcidor de sal incluyen lubricar regularmente todas las conexiones, vaciar y limpiar el esparcidor despu\u00e9s de cada uso, lubricar los cojinetes del eje de transmisi\u00f3n y del eje giratorio, revisar los cojinetes y el aceite de la caja de engranajes y revisar regularmente los componentes de la transmisi\u00f3n.<\/p>\n<p>5. \u00bfQu\u00e9 otros productos suministra Ever Power adem\u00e1s de componentes para esparcidores de sal?<br \/>\nEver Power suministra diversos engranajes de pl\u00e1stico utilizados en la industria, como cajas de engranajes agr\u00edcolas, ejes de salida de potencia, pi\u00f1ones, acoplamientos de fluido, reductores de engranajes helicoidales, engranajes y cremalleras, cadenas desmontables, poleas y poleas, cajas de engranajes planetarios, poleas de distribuci\u00f3n, bujes y m\u00e1s.<\/p>","protected":false},"excerpt":{"rendered":"<p>Salt Spreader Sprocket Chain Gearbox for Road Snow Removal If you are looking for a reliable replacement gearbox for your salt spreader, you have come to the right place. At Ever Power, we offer high-quality replacements for all types of salt spreaders, whether they are commercial, residential, walk-behind, tailgate, or hopper salt spreaders. Our replaceable [&hellip;]<\/p>","protected":false},"featured_media":3012,"template":"","meta":{"_et_pb_use_builder":"","_et_pb_old_content":"","_et_gb_content_width":""},"product_brand":[],"product_cat":[10402],"product_tag":[],"class_list":{"0":"post-3013","1":"product","2":"type-product","3":"status-publish","4":"has-post-thumbnail","6":"product_cat-agricultural-gearbox","8":"first","9":"instock","10":"shipping-taxable","11":"product-type-simple"},"_links":{"self":[{"href":"https:\/\/agricultural-gear-boxes.com\/es\/wp-json\/wp\/v2\/product\/3013","targetHints":{"allow":["GET"]}}],"collection":[{"href":"https:\/\/agricultural-gear-boxes.com\/es\/wp-json\/wp\/v2\/product"}],"about":[{"href":"https:\/\/agricultural-gear-boxes.com\/es\/wp-json\/wp\/v2\/types\/product"}],"wp:featuredmedia":[{"embeddable":true,"href":"https:\/\/agricultural-gear-boxes.com\/es\/wp-json\/wp\/v2\/media\/3012"}],"wp:attachment":[{"href":"https:\/\/agricultural-gear-boxes.com\/es\/wp-json\/wp\/v2\/media?parent=3013"}],"wp:term":[{"taxonomy":"product_brand","embeddable":true,"href":"https:\/\/agricultural-gear-boxes.com\/es\/wp-json\/wp\/v2\/product_brand?post=3013"},{"taxonomy":"product_cat","embeddable":true,"href":"https:\/\/agricultural-gear-boxes.com\/es\/wp-json\/wp\/v2\/product_cat?post=3013"},{"taxonomy":"product_tag","embeddable":true,"href":"https:\/\/agricultural-gear-boxes.com\/es\/wp-json\/wp\/v2\/product_tag?post=3013"}],"curies":[{"name":"wp","href":"https:\/\/api.w.org\/{rel}","templated":true}]}}