{"id":3018,"date":"2024-08-20T03:30:23","date_gmt":"2024-08-20T03:30:23","guid":{"rendered":"https:\/\/agricultural-gear-boxes.com\/product\/agricultural-gearbox-suppliers\/"},"modified":"2024-08-20T03:30:23","modified_gmt":"2024-08-20T03:30:23","slug":"agricultural-gearbox-suppliers","status":"publish","type":"product","link":"https:\/\/agricultural-gear-boxes.com\/es\/product\/agricultural-gearbox-suppliers\/","title":{"rendered":"Proveedores de cajas de cambios agr\u00edcolas"},"content":{"rendered":"<h2>Proveedores de cajas de cambios agr\u00edcolas: Ever-Power<\/h2>\n<p>If you&#8217;re looking for reliable and high-quality agricultural gearbox suppliers, look no further than Ever-Power. Our mission is to manufacture the highest value power transmission systems for agricultural, mobile off-highway, and industrial equipment manufacturers. We offer a range of gearboxes, specialty forgings, and custom gears globally for a variety of industries and applications.<\/p>\n<h3>Tipos de cajas de cambios<\/h3>\n<p>Las cajas de cambios son un componente esencial de la cadena cinem\u00e1tica de las m\u00e1quinas agr\u00edcolas. Son las encargadas de transmitir la potencia del tractor a las distintas m\u00e1quinas agr\u00edcolas. Ever-Power ofrece una gama de cajas de cambios, entre las que se incluyen:<\/p>\n<h4>Cajas de engranajes de \u00e1ngulo ortogonal<\/h4>\n<p>Estas cajas de cambios tienen un eje de entrada y al menos un eje de salida colocados en un \u00e1ngulo de 90 grados. Se conocen com\u00fanmente como cajas de cambios de \u00e1ngulo recto.<\/p>\n<h4>Cajas de engranajes de ejes paralelos<\/h4>\n<p>Estas cajas de cambios tienen sus ejes de entrada y salida colocados paralelos entre s\u00ed.<\/p>\n<h4>Reductores y Aumentadores<\/h4>\n<p>Los reductores son cajas de cambios en las que el engranaje impulsor tiene menos dientes, lo que da como resultado una rotaci\u00f3n m\u00e1s lenta del eje de salida. Los multiplicadores, por otro lado, tienen el eje de entrada montado en el engranaje con m\u00e1s dientes, lo que da como resultado una rotaci\u00f3n m\u00e1s r\u00e1pida del eje de salida.<\/p>\n<h4>Cajas de cambios en \u00e1ngulo recto, distribuidores o cajas de cambios de marcha atr\u00e1s rotativas<\/h4>\n<p>Los reductores de \u00e1ngulo recto tienen engranajes con el mismo n\u00famero de dientes y solo dos ejes (entrada y salida), mientras que los distribuidores tienen al menos dos ejes de salida. Los reductores de marcha atr\u00e1s rotativos y los reductores de desplazamiento paralelo son variantes con ejes paralelos.<\/p>\n<h4>Cajas de cambios con cambio de velocidad<\/h4>\n<p>Adem\u00e1s del par principal de engranajes y los ejes correspondientes, estas cajas de cambios tambi\u00e9n pueden tener otros engranajes con diferentes n\u00fameros de dientes, lo que permite diferentes velocidades.<\/p>\n<h3>Ventajas de las cajas de cambios Ever-Power<\/h3>\n<p>Una de las ventajas de elegir a Ever-Power como su proveedor de cajas de engranajes agr\u00edcolas es que utilizamos una amplia gama de materiales para fabricar nuestras cajas de engranajes, incluido acero de alta calidad y otros metales. Nuestras cajas de engranajes est\u00e1n dise\u00f1adas para proporcionar una transmisi\u00f3n de potencia confiable y eficiente para su maquinaria agr\u00edcola.<\/p>\n<p>Tambi\u00e9n ofrecemos servicios de instalaci\u00f3n, mantenimiento y reparaci\u00f3n de nuestras cajas de cambios. Nuestros t\u00e9cnicos altamente capacitados pueden ayudarlo con cualquier necesidad de instalaci\u00f3n o mantenimiento, y brindamos servicios de reparaci\u00f3n para ayudarlo a que su maquinaria vuelva a funcionar si algo sale mal.<\/p>\n<h3>Otros productos de Ever-Power<\/h3>\n<p>Adem\u00e1s de nuestras cajas de engranajes agr\u00edcolas, tambi\u00e9n suministramos una gama de otros productos de transmisi\u00f3n de potencia de alta calidad, incluidos ejes de salida de potencia, ruedas dentadas, acoplamientos de fluido, reductores de engranajes helicoidales, engranajes y cremalleras, cadenas desmontables, poleas y poleas, cajas de engranajes planetarios, poleas de distribuci\u00f3n, bujes y m\u00e1s. Nos enorgullecemos de proporcionar productos de alta calidad a precios favorables y de ofrecer servicios considerados a nuestros clientes. Tambi\u00e9n damos la bienvenida a los clientes que desean personalizar sus productos en funci\u00f3n de sus necesidades espec\u00edficas.<\/p>\n<h2>Preguntas y respuestas:<\/h2>\n<p>1. \u00bfCu\u00e1les son los diferentes tipos de cajas de cambios que ofrece Ever-Power?<br \/>\n2. \u00bfCu\u00e1les son las ventajas de elegir a Ever-Power como su proveedor de cajas de cambios agr\u00edcolas?<br \/>\n3. \u00bfQu\u00e9 materiales se utilizan para fabricar las cajas de cambios Ever-Power?<br \/>\n4. \u00bfEver-Power ofrece servicios de instalaci\u00f3n y mantenimiento para sus cajas de cambios?<br \/>\n5. \u00bfQu\u00e9 otros productos ofrece Ever-Power adem\u00e1s de cajas de engranajes agr\u00edcolas?<\/p>","protected":false},"excerpt":{"rendered":"<p>Agricultural Gearbox Suppliers: Ever-Power If you&#8217;re looking for reliable and high-quality agricultural gearbox suppliers, look no further than Ever-Power. Our mission is to manufacture the highest value power transmission systems for agricultural, mobile off-highway, and industrial equipment manufacturers. We offer a range of gearboxes, specialty forgings, and custom gears globally for a variety of industries [&hellip;]<\/p>","protected":false},"featured_media":3017,"template":"","meta":{"_et_pb_use_builder":"","_et_pb_old_content":"","_et_gb_content_width":""},"product_brand":[],"product_cat":[10402],"product_tag":[],"class_list":{"0":"post-3018","1":"product","2":"type-product","3":"status-publish","4":"has-post-thumbnail","6":"product_cat-agricultural-gearbox","8":"first","9":"instock","10":"shipping-taxable","11":"product-type-simple"},"_links":{"self":[{"href":"https:\/\/agricultural-gear-boxes.com\/es\/wp-json\/wp\/v2\/product\/3018","targetHints":{"allow":["GET"]}}],"collection":[{"href":"https:\/\/agricultural-gear-boxes.com\/es\/wp-json\/wp\/v2\/product"}],"about":[{"href":"https:\/\/agricultural-gear-boxes.com\/es\/wp-json\/wp\/v2\/types\/product"}],"wp:featuredmedia":[{"embeddable":true,"href":"https:\/\/agricultural-gear-boxes.com\/es\/wp-json\/wp\/v2\/media\/3017"}],"wp:attachment":[{"href":"https:\/\/agricultural-gear-boxes.com\/es\/wp-json\/wp\/v2\/media?parent=3018"}],"wp:term":[{"taxonomy":"product_brand","embeddable":true,"href":"https:\/\/agricultural-gear-boxes.com\/es\/wp-json\/wp\/v2\/product_brand?post=3018"},{"taxonomy":"product_cat","embeddable":true,"href":"https:\/\/agricultural-gear-boxes.com\/es\/wp-json\/wp\/v2\/product_cat?post=3018"},{"taxonomy":"product_tag","embeddable":true,"href":"https:\/\/agricultural-gear-boxes.com\/es\/wp-json\/wp\/v2\/product_tag?post=3018"}],"curies":[{"name":"wp","href":"https:\/\/api.w.org\/{rel}","templated":true}]}}