{"id":3022,"date":"2024-08-20T03:30:25","date_gmt":"2024-08-20T03:30:25","guid":{"rendered":"https:\/\/agricultural-gear-boxes.com\/product\/rotary-cutter-mower-gearbox-manufacturers\/"},"modified":"2024-08-20T03:30:25","modified_gmt":"2024-08-20T03:30:25","slug":"rotary-cutter-mower-gearbox-manufacturers","status":"publish","type":"product","link":"https:\/\/agricultural-gear-boxes.com\/es\/product\/rotary-cutter-mower-gearbox-manufacturers\/","title":{"rendered":"Fabricantes de cajas de engranajes para cortadoras rotativas"},"content":{"rendered":"<h2>Fabricantes de cajas de engranajes para cortadoras rotativas<\/h2>\n<p>If you are looking for a reliable and efficient rotary cutter gearbox for your mower, look no further. Our 40 HP Rotary cutter gearbox with 1-3\/8&#8243; smooth input shaft and a gear ratio of 1:1.47, is the perfect solution for replacing OEM gearboxes on 4&#8242;, 5&#8242;, and some 6&#8242; rotary cutters by these manufacturers. The cast iron housing is sealed to protect the gears and bearings, and the mounting plate has four bolt holes spaced 4.75&#8243; square. The gearbox has a piloted flange bottom to fit a 5-1\/4&#8243; pilot hole in the mower\/cutter deck. <\/p>\n<h3>Informaci\u00f3n t\u00e9cnica:<\/h3>\n<ul>\n<li><strong>Patr\u00f3n de pernos:<\/strong> 4-3\/4&#8243; Square with holes for 5\/8&#8243; bolt<\/li>\n<li><strong>Tama\u00f1o del orificio piloto:<\/strong> 5-1\/4&#8243;<\/li>\n<li><strong>Eje de entrada:<\/strong> 1-3\/8&#8243; Smooth with 1\/2 Shear-hole<\/li>\n<li><strong>Eje de salida:<\/strong> 1-9\/16&#8243; Tapered 12-spline<\/li>\n<li><strong>Potencia de entrada m\u00e1xima:<\/strong> 40 caballos de fuerza<\/li>\n<li><strong>Velocidad de entrada:<\/strong> 540\/1000 RPM<\/li>\n<li><strong>Rotaci\u00f3n del eje:<\/strong> De CCW a CW con una relaci\u00f3n de 1:1,47<\/li>\n<\/ul>\n<h3>Aplicaciones:<\/h3>\n<p>Our rotary cutter gearbox is specially designed to replace OEM gearboxes on 4&#8242;, 5&#8242;, and some 6&#8242; rotary cutters by these manufacturers. It is perfect for use in agricultural and industrial settings where reliable and efficient equipment is needed. This gearbox is an essential component of any rotary cutter, as it provides the necessary power to cut through even the toughest of materials.<\/p>\n<h3>Ventajas:<\/h3>\n<ul>\n<li>La carcasa de hierro fundido est\u00e1 sellada para proteger los engranajes y cojinetes.<\/li>\n<li>Piloted flange bottom fits a 5-1\/4&#8243; pilot hole in the mower\/cutter deck<\/li>\n<li>Four bolt holes spaced 4.75&#8243; square for easy installation<\/li>\n<li>1-3\/8&#8243; smooth input shaft with 1\/2 shear-hole for optimal power transfer<\/li>\n<li>1-9\/16&#8243; tapered 12-spline output shaft for maximum torque<\/li>\n<li>Puede manejar hasta 40 HP de potencia.<\/li>\n<li>Compatible con velocidades de entrada de 540\/1000 RPM<\/li>\n<li>La rotaci\u00f3n del eje es de CCW a CW con una relaci\u00f3n de 1:1,47, lo que lo convierte en una opci\u00f3n vers\u00e1til para una variedad de aplicaciones de corte.<\/li>\n<\/ul>\n<h3>Instalaci\u00f3n, mantenimiento y reparaci\u00f3n:<\/h3>\n<p>Installing our rotary cutter gearbox is quick and easy, thanks to the four bolt holes spaced 4.75&#8243; square. Simply bolt the gearbox onto your cutter deck and you&#8217;re ready to go. When it comes to maintenance, be sure to regularly check the gearbox for any signs of wear or damage. Regular oil changes are also recommended to keep the gears and bearings lubricated and running smoothly. If you do need to repair the gearbox, our team of experts is available to assist you with any repairs or replacements.<\/p>\n<h3>Otros productos:<\/h3>\n<p>Adem\u00e1s de nuestra caja de engranajes para cortadoras rotativas, tambi\u00e9n suministramos una variedad de otros engranajes y componentes de pl\u00e1stico y metal de alta calidad para uso industrial. Nuestros productos incluyen cajas de engranajes agr\u00edcolas, ejes de salida de potencia, ruedas dentadas, acoplamientos de fluidos, reductores de engranajes helicoidales, engranajes y cremalleras, cadenas desmontables, poleas y poleas, cajas de engranajes planetarios, poleas de distribuci\u00f3n, bujes y m\u00e1s. Nos enorgullecemos de ofrecer productos de alta calidad a precios competitivos y estamos comprometidos a brindarles a nuestros clientes un servicio excepcional.<\/p>\n<h2>Preguntas y respuestas<\/h2>\n<ol>\n<li><strong>\u00bfQu\u00e9 es una caja de engranajes de cortadora rotativa?<\/strong><br \/>Una caja de engranajes de cortadora rotativa es un componente esencial de cualquier cortadora rotativa, ya que proporciona la potencia necesaria para cortar incluso los materiales m\u00e1s duros.<\/li>\n<li><strong>\u00bfCu\u00e1l es la potencia m\u00e1xima que puede manejar la caja de cambios de la cortadora rotativa de 40 HP?<\/strong><br \/>La caja de cambios de la cortadora rotativa de 40 HP puede manejar hasta 40 HP de potencia.<\/li>\n<li><strong>\u00bfCu\u00e1l es la velocidad de entrada de la caja de cambios de la cortadora rotativa de 40 HP?<\/strong><br \/>La caja de cambios de la cortadora rotativa de 40 HP es compatible con velocidades de entrada de 540\/1000 RPM.<\/li>\n<li><strong>\u00bfC\u00f3mo instalo la caja de engranajes de la cortadora rotativa de 40 HP?<\/strong><br \/>Installing the 40 HP Rotary cutter gearbox is quick and easy, thanks to the four bolt holes spaced 4.75&#8243; square. Simply bolt the gearbox onto your cutter deck and you&#8217;re ready to go.<\/li>\n<li><strong>\u00bfQu\u00e9 otros productos suministra la empresa?<\/strong><br \/>Adem\u00e1s de los engranajes para cortadoras rotativas, la empresa tambi\u00e9n suministra una variedad de otros engranajes y componentes de pl\u00e1stico y metal de alta calidad para uso industrial.<\/li>\n<\/ol>","protected":false},"excerpt":{"rendered":"<p>Rotary Cutter Mower Gearbox Manufacturers If you are looking for a reliable and efficient rotary cutter gearbox for your mower, look no further. Our 40 HP Rotary cutter gearbox with 1-3\/8&#8243; smooth input shaft and a gear ratio of 1:1.47, is the perfect solution for replacing OEM gearboxes on 4&#8242;, 5&#8242;, and some 6&#8242; rotary [&hellip;]<\/p>","protected":false},"featured_media":3021,"template":"","meta":{"_et_pb_use_builder":"","_et_pb_old_content":"","_et_gb_content_width":""},"product_brand":[],"product_cat":[10402],"product_tag":[],"class_list":{"0":"post-3022","1":"product","2":"type-product","3":"status-publish","4":"has-post-thumbnail","6":"product_cat-agricultural-gearbox","8":"first","9":"instock","10":"shipping-taxable","11":"product-type-simple"},"_links":{"self":[{"href":"https:\/\/agricultural-gear-boxes.com\/es\/wp-json\/wp\/v2\/product\/3022","targetHints":{"allow":["GET"]}}],"collection":[{"href":"https:\/\/agricultural-gear-boxes.com\/es\/wp-json\/wp\/v2\/product"}],"about":[{"href":"https:\/\/agricultural-gear-boxes.com\/es\/wp-json\/wp\/v2\/types\/product"}],"wp:featuredmedia":[{"embeddable":true,"href":"https:\/\/agricultural-gear-boxes.com\/es\/wp-json\/wp\/v2\/media\/3021"}],"wp:attachment":[{"href":"https:\/\/agricultural-gear-boxes.com\/es\/wp-json\/wp\/v2\/media?parent=3022"}],"wp:term":[{"taxonomy":"product_brand","embeddable":true,"href":"https:\/\/agricultural-gear-boxes.com\/es\/wp-json\/wp\/v2\/product_brand?post=3022"},{"taxonomy":"product_cat","embeddable":true,"href":"https:\/\/agricultural-gear-boxes.com\/es\/wp-json\/wp\/v2\/product_cat?post=3022"},{"taxonomy":"product_tag","embeddable":true,"href":"https:\/\/agricultural-gear-boxes.com\/es\/wp-json\/wp\/v2\/product_tag?post=3022"}],"curies":[{"name":"wp","href":"https:\/\/api.w.org\/{rel}","templated":true}]}}