{"id":3026,"date":"2024-08-20T03:30:27","date_gmt":"2024-08-20T03:30:27","guid":{"rendered":"https:\/\/agricultural-gear-boxes.com\/product\/agricultural-lawn-mower-gearbox-ep-rc31-193-ep-rc31-147\/"},"modified":"2024-08-20T03:30:27","modified_gmt":"2024-08-20T03:30:27","slug":"agricultural-lawn-mower-gearbox-ep-rc31-193-ep-rc31-147","status":"publish","type":"product","link":"https:\/\/agricultural-gear-boxes.com\/es\/product\/agricultural-lawn-mower-gearbox-ep-rc31-193-ep-rc31-147\/","title":{"rendered":"Caja de cambios para cortac\u00e9sped agr\u00edcola EP-RC31-193 EP-RC31-147"},"content":{"rendered":"<h2>Caja de cambios para cortac\u00e9sped agr\u00edcola EP-RC31-193 EP-RC31-147<\/h2>\n<p>Caja de engranajes para cortadora de c\u00e9sped agr\u00edcola EP-RC31-193 La EP-RC31-147 es una caja de engranajes sumamente vers\u00e1til y duradera dise\u00f1ada para usarse en una variedad de maquinaria agr\u00edcola. Estas cajas de engranajes se han exportado a Venezuela, Australia, EE. UU., Sri Lanka, India y otros pa\u00edses y regiones, y se utilizan en el transporte y almacenamiento de granos, cortadoras de c\u00e9sped rotativas, cosechadoras de arroz, cultivadoras rotativas, pulverizadores de pesticidas, cosechadoras de papas, excavadoras de pozos para postes, caja de engranajes de cadena, reductores de gato para bomba de aceite, esparcidores de fertilizantes y muchas otras aplicaciones.<\/p>\n<p>El cuerpo de la caja de cambios est\u00e1 hecho de hierro fundido d\u00factil resistente al desgaste de alta calidad, mientras que los engranajes y ejes est\u00e1n hechos de acero de aleaci\u00f3n de bajo carbono de alta calidad y se someten a un tratamiento de carburaci\u00f3n y temple para una resistencia y durabilidad superiores. La caja de cambios de la cortadora de c\u00e9sped EP-RC31-193 tiene una relaci\u00f3n de 1:1,93, mientras que la caja de cambios de la cortadora de c\u00e9sped EP-RC31-147 tiene una relaci\u00f3n de 1:1,47. Las cajas de cambios tienen 15\/29 y 15\/22 dientes, respectivamente, y el m\u00f3dulo de la caja de cambios de la cortadora de c\u00e9sped EP-RC31-193 es 4,0, mientras que el m\u00f3dulo de la caja de cambios de la cortadora de c\u00e9sped EP-RC31-147 es 5,08. Estas cajas de cambios tienen una potencia nominal de 30 HP y 40 HP, respectivamente.<\/p>\n<p>The input and output of the gearboxes have a 1-3\/8 Z6 Cone base aequilate spline shaft, and the gearboxes have a weight of 24.5KG. The gearboxes are designed with large deep groove ball bearings to support output, and they have four 5\/16&#8243;-18 tapped holes on 4-1\/8&#8243; dia. B.C. For ships without oil, the user must add oil before use per the user??s manual. <\/p>\n<h3>Ventajas de la caja de cambios para cortac\u00e9sped agr\u00edcola EP-RC31-193 EP-RC31-147<\/h3>\n<ul>\n<li>Construcci\u00f3n de hierro fundido d\u00factil resistente al desgaste de alta calidad para una durabilidad superior<\/li>\n<li>Los engranajes y ejes de acero de aleaci\u00f3n con bajo contenido de carbono y alta calidad se someten a un tratamiento de carburaci\u00f3n y temple para lograr una resistencia y durabilidad superiores.<\/li>\n<li>Rodamientos de bolas de ranura profunda de gran tama\u00f1o para soportar la salida<\/li>\n<li>Four 5\/16&#8243;-18 tapped holes on 4-1\/8&#8243; dia. B.C.<\/li>\n<li>Eje estriado equil\u00e1tero de base c\u00f3nica de 1-3\/8 Z6 para entrada\/salida<\/li>\n<\/ul>\n<h3>Instalaci\u00f3n, mantenimiento y reemplazo de caja de engranajes de cortadora de c\u00e9sped agr\u00edcola EP-RC31-193 EP-RC31-147<\/h3>\n<p>Before installing the gearbox, the user must add oil per the user&#8217;s manual. The gearbox should be mounted in a horizontal position for proper operation. Maintenance of the gearbox involves regular lubrication of the gears and shafts, as well as the replacement of any worn or damaged parts. Replacement parts for the EP-RC31-193 and EP-RC31-147 gearboxes are readily available through Ever-power.<\/p>\n<h2>Ejes de toma de fuerza para cajas de cambios agr\u00edcolas<\/h2>\n<p>Un eje de toma de fuerza (PTO) es un componente esencial del sistema de caja de cambios agr\u00edcola y permite que los implementos extraigan energ\u00eda de un motor. Ever-power fabrica una amplia gama de ejes de toma de fuerza duraderos para satisfacer todos sus requisitos. Un eje de toma de fuerza de alta calidad debe ser lo suficientemente duradero como para soportar la torsi\u00f3n y minimizar la vibraci\u00f3n.<\/p>\n<h3>Otras cajas de cambios agr\u00edcolas<\/h3>\n<p>Adem\u00e1s de la caja de cambios para cortac\u00e9sped agr\u00edcola EP-RC31-193 EP-RC31-147, Ever-power tambi\u00e9n ofrece una amplia gama de otras cajas de cambios agr\u00edcolas. Estas cajas de cambios se utilizan ampliamente en motoazadas, cortac\u00e9spedes, cosechadoras, excavadoras, pulverizadores de pesticidas, m\u00e1quinas de riego, esparcidores de fertilizantes, batidoras, etc. Los principales productos son:<\/p>\n<ul>\n<li>Caja de engranajes c\u00f3nicos rectos<\/li>\n<li>Caja de engranajes c\u00f3nicos en espiral<\/li>\n<li>Reductor planetario<\/li>\n<li>Caja de engranajes de tornillo sin fin<\/li>\n<\/ul>\n<p>Ever-power is focused on the development and production of gearboxes with a professional team and continues to learn advanced technology, using first-class equipment, and relying on a high-quality supply chain system. The company&#8217;s gearboxes have a high reputation among customers at home and abroad.<\/p>\n<h2>Preguntas y respuestas<\/h2>\n<h3>1. \u00bfCu\u00e1les son las principales aplicaciones de la caja de cambios para cortadora de c\u00e9sped agr\u00edcola EP-RC31-193 EP-RC31-147?<\/h3>\n<p>Las cajas de engranajes EP-RC31-193 y EP-RC31-147 son cajas de engranajes altamente vers\u00e1tiles y duraderas dise\u00f1adas para su uso en una variedad de maquinaria agr\u00edcola, que incluyen transporte y almacenamiento de granos, cortadoras de c\u00e9sped rotativas, cosechadoras de arroz, cultivadoras rotativas, pulverizadores de pesticidas, cosechadoras de papas, excavadoras de postes, cajas de engranajes de cadena, reductores de gato de bomba de aceite, esparcidores de fertilizantes y muchas otras aplicaciones.<\/p>\n<h3>2. \u00bfCu\u00e1les son las ventajas de la caja de cambios para cortadora de c\u00e9sped agr\u00edcola EP-RC31-193 EP-RC31-147?<\/h3>\n<p>The advantages of the EP-RC31-193 and EP-RC31-147 gearboxes include high-quality wear-resisting ductile cast iron construction for superior durability, high-quality, low carbon alloy steel gears and shafts undergo carburizing and quenching treatment for superior strength and durability, large deep groove ball bearings to support output, four 5\/16&#8243;-18 tapped holes on 4-1\/8&#8243; dia. B.C., and 1-3\/8 Z6 Cone base aequilate spline shaft for input\/output.<\/p>\n<h3>3. \u00bfC\u00f3mo instalo la caja de engranajes del cortac\u00e9sped agr\u00edcola EP-RC31-193 EP-RC31-147?<\/h3>\n<p>Before installing the gearbox, the user must add oil per the user&#8217;s manual. The gearbox should be mounted in a horizontal position for proper operation.<\/p>\n<h3>4. \u00bfC\u00f3mo realizo el mantenimiento de la caja de cambios de la cortadora de c\u00e9sped agr\u00edcola EP-RC31-193 EP-RC31-147?<\/h3>\n<p>El mantenimiento de la caja de cambios implica la lubricaci\u00f3n peri\u00f3dica de los engranajes y ejes, as\u00ed como la sustituci\u00f3n de las piezas desgastadas o da\u00f1adas. Las piezas de repuesto para las cajas de cambios EP-RC31-193 y EP-RC31-147 est\u00e1n disponibles en Ever-power.<\/p>\n<h3>5. \u00bfQu\u00e9 otras cajas de cambios agr\u00edcolas ofrece Ever-power?<\/h3>\n<p>Adem\u00e1s de la caja de cambios para cortadora de c\u00e9sped agr\u00edcola EP-RC31-193 EP-RC31-147, Ever-power tambi\u00e9n ofrece una amplia gama de otras cajas de cambios agr\u00edcolas, que incluyen caja de cambios c\u00f3nica recta, caja de cambios c\u00f3nica espiral, reductor planetario y caja de cambios sin fin.<\/p>\n<h2>Ever-power&#8217;s Other Products Business<\/h2>\n<p>Adem\u00e1s de las cajas de engranajes agr\u00edcolas, Ever-power suministra varios engranajes de pl\u00e1stico utilizados en la industria, incluidos ejes de salida de potencia, ruedas dentadas, acoplamientos de fluido, engranajes y cremalleras, cadenas desmontables, poleas y poleas, cajas de engranajes planetarios, poleas de distribuci\u00f3n, bujes y m\u00e1s. Ofrecemos productos de alta calidad, precios favorables y un servicio considerado, y damos la bienvenida a los clientes para que vengan a nosotros para personalizar dibujos o muestras.<\/p>","protected":false},"excerpt":{"rendered":"<p>Agricultural Lawn Mower Gearbox EP-RC31-193 EP-RC31-147 Agricultural Lawn Mower Gearbox EP-RC31-193 EP-RC31-147 is a highly versatile and durable gearbox designed for use in a variety of agricultural machinery. These gearboxes have been exported to Venezuela, Australia, the USA, Sri Lanka, India, and other countries and regions and are used in Grain transportation storage, Rotary lawn [&hellip;]<\/p>","protected":false},"featured_media":3025,"template":"","meta":{"_et_pb_use_builder":"","_et_pb_old_content":"","_et_gb_content_width":""},"product_brand":[],"product_cat":[10402],"product_tag":[],"class_list":{"0":"post-3026","1":"product","2":"type-product","3":"status-publish","4":"has-post-thumbnail","6":"product_cat-agricultural-gearbox","8":"first","9":"instock","10":"shipping-taxable","11":"product-type-simple"},"_links":{"self":[{"href":"https:\/\/agricultural-gear-boxes.com\/es\/wp-json\/wp\/v2\/product\/3026","targetHints":{"allow":["GET"]}}],"collection":[{"href":"https:\/\/agricultural-gear-boxes.com\/es\/wp-json\/wp\/v2\/product"}],"about":[{"href":"https:\/\/agricultural-gear-boxes.com\/es\/wp-json\/wp\/v2\/types\/product"}],"wp:featuredmedia":[{"embeddable":true,"href":"https:\/\/agricultural-gear-boxes.com\/es\/wp-json\/wp\/v2\/media\/3025"}],"wp:attachment":[{"href":"https:\/\/agricultural-gear-boxes.com\/es\/wp-json\/wp\/v2\/media?parent=3026"}],"wp:term":[{"taxonomy":"product_brand","embeddable":true,"href":"https:\/\/agricultural-gear-boxes.com\/es\/wp-json\/wp\/v2\/product_brand?post=3026"},{"taxonomy":"product_cat","embeddable":true,"href":"https:\/\/agricultural-gear-boxes.com\/es\/wp-json\/wp\/v2\/product_cat?post=3026"},{"taxonomy":"product_tag","embeddable":true,"href":"https:\/\/agricultural-gear-boxes.com\/es\/wp-json\/wp\/v2\/product_tag?post=3026"}],"curies":[{"name":"wp","href":"https:\/\/api.w.org\/{rel}","templated":true}]}}