{"id":3030,"date":"2024-08-20T03:30:30","date_gmt":"2024-08-20T03:30:30","guid":{"rendered":"https:\/\/agricultural-gear-boxes.com\/product\/ep-rc81-agricultural-lawn-mower-gearbox\/"},"modified":"2024-08-20T03:30:30","modified_gmt":"2024-08-20T03:30:30","slug":"ep-rc81-agricultural-lawn-mower-gearbox","status":"publish","type":"product","link":"https:\/\/agricultural-gear-boxes.com\/es\/product\/ep-rc81-agricultural-lawn-mower-gearbox\/","title":{"rendered":"Caja de cambios para cortadora de c\u00e9sped agr\u00edcola EP-RC81"},"content":{"rendered":"<h2>Caja de cambios para cortadora de c\u00e9sped agr\u00edcola EP-RC81: caja de cambios duradera y de alto rendimiento para horas de trabajo \u00f3ptimas<\/h2>\n<p>Si busca una caja de cambios de alta calidad para su cortadora rotativa agr\u00edcola, la caja de cambios para cortadora de c\u00e9sped agr\u00edcola EP-RC81 es la opci\u00f3n perfecta. Esta caja de cambios garantiza un funcionamiento suave y un mayor rendimiento sin importar en qu\u00e9 est\u00e9 trabajando, incluso en diversas condiciones.<\/p>\n<p>La caja de cambios para cortadora de c\u00e9sped agr\u00edcola EP-RC81 cuenta con unidades de cojinetes de bolas de alta velocidad, junto con engranajes y ejes tratados t\u00e9rmicamente para garantizar una larga vida \u00fatil. Las especificaciones de nuestras cajas de cambios est\u00e1n dise\u00f1adas para cumplir con los est\u00e1ndares de la industria, por lo que puede esperar un rendimiento constante y confiable de su equipo.<\/p>\n<p>Todas nuestras cajas de cambios se env\u00edan secas y requieren aceite lubricante que cumpla con los est\u00e1ndares del fabricante. Es importante utilizar el aceite lubricante adecuado para el conmutador de engranaje c\u00f3nico espiral para aprovechar al m\u00e1ximo la eficiencia del mecanismo de direcci\u00f3n y mejorar su vida \u00fatil.<\/p>\n<table style=\"width: 97.8297%;\" border=\"1\">\n<tbody>\n<tr>\n<td style=\"width: 54.1401%;\"><strong>ART\u00cdCULO<\/strong><\/td>\n<td style=\"width: 117.197%;\">EP-RC81<\/td>\n<\/tr>\n<tr>\n<td style=\"width: 54.1401%;\"><strong>Relaci\u00f3n<\/strong><\/td>\n<td style=\"width: 117.197%;\">1:1.93\/1:1.46<\/td>\n<\/tr>\n<tr>\n<td style=\"width: 54.1401%;\"><strong>Dientes<\/strong><\/td>\n<td style=\"width: 117.197%;\">27\/14 19\/13<\/td>\n<\/tr>\n<tr>\n<td style=\"width: 54.1401%;\"><strong>M\u00f3dulo<\/strong><\/td>\n<td style=\"width: 117.197%;\">5.5 \/ 7.0<\/td>\n<\/tr>\n<tr>\n<td style=\"width: 54.1401%;\"><strong>Potencia (CV)<\/strong><\/td>\n<td style=\"width: 117.197%;\">80<\/td>\n<\/tr>\n<tr>\n<td style=\"width: 54.1401%;\"><strong>Entrada nominal<\/strong><\/td>\n<td style=\"width: 117.197%;\">600 rpm<\/td>\n<\/tr>\n<tr>\n<td style=\"width: 54.1401%;\"><strong>Descripci\u00f3n de entrada\/salida<\/strong><\/td>\n<td style=\"width: 117.197%;\">Ranura c\u00f3nica Z6 de 1-3\/8&quot;<\/td>\n<\/tr>\n<tr>\n<td style=\"width: 54.1401%;\"><strong>Peso (NW)<\/strong><\/td>\n<td style=\"width: 117.197%;\">28,7 kg<\/td>\n<\/tr>\n<\/tbody>\n<\/table>\n<h3>Caracter\u00edsticas de la caja de cambios para cortadora de c\u00e9sped agr\u00edcola EP-RC81<\/h3>\n<ul>\n<li><b>Caparaz\u00f3n:<\/b> Fabricado en fundici\u00f3n fc-25 de alta rigidez.<\/li>\n<li><b>Engranaje:<\/b> El acero de aleaci\u00f3n de alta pureza 20crmnt se utiliza para temple y revenido, carburaci\u00f3n, temple y rectificado.<\/li>\n<li><b>Huso:<\/b> Procesamiento de temple y revenido de acero de aleaci\u00f3n de alta pureza 40Cr, con alta capacidad de carga colgante.<\/li>\n<li><b>Cojinete:<\/b> Equipado con rodamiento de rodillos c\u00f3nicos con gran capacidad de carga.<\/li>\n<li><b>Sello de aceite:<\/b> Sello de aceite de doble labio importado, con capacidad de prevenci\u00f3n de fugas de polvo y aceite.<\/li>\n<\/ul>\n<h3>C\u00f3mo realizar el mantenimiento y la reparaci\u00f3n de la caja de cambios de la cortadora de c\u00e9sped agr\u00edcola EP-RC81<\/h3>\n<p>Para mantener un rendimiento \u00f3ptimo, es importante realizar el mantenimiento y la reparaci\u00f3n adecuados de la caja de cambios de su cortadora de c\u00e9sped agr\u00edcola EP-RC81. A continuaci\u00f3n, se ofrecen algunos consejos para que su caja de cambios funcione sin problemas:<\/p>\n<ul>\n<li><b>Periodo de uso inicial:<\/b> Durante las primeras dos semanas o 100-200 horas, puede haber una peque\u00f1a cantidad de part\u00edculas de desgaste de metal entre las piezas de la caja de cambios. Limpie el interior y reempl\u00e1celo con aceite lubricante nuevo.<\/li>\n<li><b>Uso a largo plazo:<\/b> Cambie el aceite lubricante cada medio a\u00f1o o cada 1000-2000 horas de uso.<\/li>\n<li><b>Reparar:<\/b> Si hay alg\u00fan da\u00f1o en la caja de cambios, se recomienda llevarla a un profesional para su reparaci\u00f3n.<\/li>\n<li><b>Reemplazo:<\/b> Al reemplazar la caja de cambios, aseg\u00farese de utilizar una caja de cambios que sea compatible con su equipo y que cumpla con los est\u00e1ndares de la industria.<\/li>\n<\/ul>\n<h3>Escenarios de uso de la caja de cambios de la cortadora de c\u00e9sped<\/h3>\n<p>La caja de cambios para cortadora de c\u00e9sped agr\u00edcola EP-RC81 es ideal para usar en diversas aplicaciones agr\u00edcolas, que incluyen:<\/p>\n<ul>\n<li>Segadoras agr\u00edcolas<\/li>\n<li>Barredoras de nieve<\/li>\n<li>Aplicadores de fertilizantes<\/li>\n<li>Transportadores de granos<\/li>\n<li>Equipos industriales<\/li>\n<li>Maquinaria para la extracci\u00f3n de petr\u00f3leo<\/li>\n<li>Equipos industriales marinos<\/li>\n<li>Ingenier\u00eda de componentes hidr\u00e1ulicos<\/li>\n<\/ul>\n<h3>Otras cajas de cambios agr\u00edcolas<\/h3>\n<p>Adem\u00e1s de la caja de cambios para cortac\u00e9sped agr\u00edcola EP-RC81, Ever-power tambi\u00e9n ofrece una amplia gama de cajas de cambios agr\u00edcolas para satisfacer todas sus necesidades. Nuestros productos est\u00e1n dise\u00f1ados para ser duraderos, confiables y de alto rendimiento, e incluyen:<\/p>\n<ul>\n<li>Ejes de salida de potencia<\/li>\n<li>Pi\u00f1ones<\/li>\n<li>Acoplamientos de fluidos<\/li>\n<li>Reductores de engranajes helicoidales<\/li>\n<li>Engranajes y cremalleras<\/li>\n<li>Cadenas desmontables<\/li>\n<li>Poleas y poleas<\/li>\n<li>Cajas de engranajes planetarios<\/li>\n<li>Poleas de distribuci\u00f3n<\/li>\n<li>Bujes<\/li>\n<\/ul>\n<p>En Ever-power, nos dedicamos a brindarles a nuestros clientes productos de alta calidad a precios competitivos, y nuestro equipo de atenci\u00f3n al cliente siempre est\u00e1 listo para ayudarlo. \u00a1Cont\u00e1ctenos hoy para obtener m\u00e1s informaci\u00f3n sobre nuestras cajas de engranajes agr\u00edcolas y otros productos!<\/p>\n<h2>Preguntas y respuestas<\/h2>\n<p>1. \u00bfQu\u00e9 aceite lubricante se debe utilizar para la caja de cambios del cortac\u00e9sped agr\u00edcola EP-RC81?<\/p>\n<p>Respuesta: La caja de engranajes del cortac\u00e9sped agr\u00edcola EP-RC81 requiere aceite lubricante seg\u00fan los est\u00e1ndares del fabricante.<\/p>\n<p>2. \u00bfCon qu\u00e9 frecuencia se debe cambiar el aceite lubricante de la caja de cambios del cortac\u00e9sped agr\u00edcola EP-RC81?<\/p>\n<p>Respuesta: Para un uso a largo plazo, se recomienda cambiar el aceite lubricante cada medio a\u00f1o o cada 1000-2000 horas de uso.<\/p>\n<p>3. \u00bfCu\u00e1les son las caracter\u00edsticas de la caja de cambios para cortadora de c\u00e9sped agr\u00edcola EP-RC81?<\/p>\n<p>Respuesta: La caja de cambios de la cortadora de c\u00e9sped agr\u00edcola EP-RC81 cuenta con unidades de cojinetes de bolas de alta velocidad, junto con engranajes y ejes tratados t\u00e9rmicamente para garantizar una larga vida \u00fatil. Est\u00e1 hecha de hierro fundido FC-25 de alta rigidez y equipada con cojinetes de rodillos c\u00f3nicos con gran capacidad de carga.<\/p>\n<p>4. \u00bfCu\u00e1les son los escenarios de uso comunes de la caja de cambios para cortadora de c\u00e9sped agr\u00edcola EP-RC81?<\/p>\n<p>Respuesta: La caja de engranajes para cortadora de c\u00e9sped agr\u00edcola EP-RC81 es ideal para usar en diversas aplicaciones agr\u00edcolas, incluidas cortadoras de c\u00e9sped agr\u00edcolas, barredoras de nieve, aplicadores de fertilizantes, transportadores de granos, equipos industriales, maquinaria de extracci\u00f3n de petr\u00f3leo, equipos industriales marinos y componentes hidr\u00e1ulicos de ingenier\u00eda.<\/p>\n<p>5. \u00bfQu\u00e9 otras cajas de cambios agr\u00edcolas ofrece Ever-power?<\/p>\n<p>Respuesta: Adem\u00e1s de la caja de cambios para cortadora de c\u00e9sped agr\u00edcola EP-RC81, Ever-power tambi\u00e9n ofrece una amplia gama de cajas de cambios agr\u00edcolas, incluidos ejes de salida de potencia, pi\u00f1ones, acoplamientos de fluido, reductores de tornillo sin fin, engranajes y cremalleras, cadenas desmontables, poleas y poleas, cajas de cambios planetarias, poleas de distribuci\u00f3n y bujes.<\/p>","protected":false},"excerpt":{"rendered":"<p>EP-RC81 Agricultural Lawn Mower Gearbox: Durable and High-Performance Gearbox for Optimal Work Hours If you are looking for a high-quality gearbox for your agriculture rotary cutter, the EP-RC81 Agricultural Lawn Mower Gearbox is the perfect choice. This gearbox guarantees smooth operation and increased performance no matter what you are working on, even under various conditions. [&hellip;]<\/p>","protected":false},"featured_media":3029,"template":"","meta":{"_et_pb_use_builder":"","_et_pb_old_content":"","_et_gb_content_width":""},"product_brand":[],"product_cat":[10402],"product_tag":[],"class_list":{"0":"post-3030","1":"product","2":"type-product","3":"status-publish","4":"has-post-thumbnail","6":"product_cat-agricultural-gearbox","8":"first","9":"instock","10":"shipping-taxable","11":"product-type-simple"},"_links":{"self":[{"href":"https:\/\/agricultural-gear-boxes.com\/es\/wp-json\/wp\/v2\/product\/3030","targetHints":{"allow":["GET"]}}],"collection":[{"href":"https:\/\/agricultural-gear-boxes.com\/es\/wp-json\/wp\/v2\/product"}],"about":[{"href":"https:\/\/agricultural-gear-boxes.com\/es\/wp-json\/wp\/v2\/types\/product"}],"wp:featuredmedia":[{"embeddable":true,"href":"https:\/\/agricultural-gear-boxes.com\/es\/wp-json\/wp\/v2\/media\/3029"}],"wp:attachment":[{"href":"https:\/\/agricultural-gear-boxes.com\/es\/wp-json\/wp\/v2\/media?parent=3030"}],"wp:term":[{"taxonomy":"product_brand","embeddable":true,"href":"https:\/\/agricultural-gear-boxes.com\/es\/wp-json\/wp\/v2\/product_brand?post=3030"},{"taxonomy":"product_cat","embeddable":true,"href":"https:\/\/agricultural-gear-boxes.com\/es\/wp-json\/wp\/v2\/product_cat?post=3030"},{"taxonomy":"product_tag","embeddable":true,"href":"https:\/\/agricultural-gear-boxes.com\/es\/wp-json\/wp\/v2\/product_tag?post=3030"}],"curies":[{"name":"wp","href":"https:\/\/api.w.org\/{rel}","templated":true}]}}