{"id":3032,"date":"2024-08-20T03:30:31","date_gmt":"2024-08-20T03:30:31","guid":{"rendered":"https:\/\/agricultural-gear-boxes.com\/product\/ep-lf205-agricultural-lawnmower-gearbox\/"},"modified":"2024-08-20T03:30:32","modified_gmt":"2024-08-20T03:30:32","slug":"ep-lf205-agricultural-lawnmower-gearbox","status":"publish","type":"product","link":"https:\/\/agricultural-gear-boxes.com\/es\/product\/ep-lf205-agricultural-lawnmower-gearbox\/","title":{"rendered":"Caja de cambios para cortadora de c\u00e9sped agr\u00edcola EP-LF205"},"content":{"rendered":"<h2>Caja de cambios para cortadora de c\u00e9sped agr\u00edcola EP-LF205<\/h2>\n<p>The EP-LF205 Agricultural Lawnmower Gearbox is designed to withstand the extreme conditions of real-world use. Whether you&#8217;re cutting brush or mowing pastures, EVER-POWER has the rotary cutter gearbox to meet your needs.<\/p>\n<p>This new gearbox is designed to fit Comer finishing mower model LF-205-J. It has a gearbox ratio of 1:1.93, an input shaft of 1-3\/8&#8243; 6 spline, and an output shaft with a clockwise rotation 1-1\/4&#8243; round shaft with 1\/4&#8243; keyway. The gearbox is rated at 30 hp at 540 rpm and has a counter-clockwise rotation.<\/p>\n<h3>Caracter\u00edsticas de la caja de cambios del cortac\u00e9sped agr\u00edcola EP-LF205<\/h3>\n<ul>\n<li>Gran par de salida<\/li>\n<li>Seguro, confiable, econ\u00f3mico y duradero.<\/li>\n<li>Transmisi\u00f3n estable y funcionamiento silencioso.<\/li>\n<li>Alta capacidad de carga<\/li>\n<li>Dise\u00f1o de alta modularizaci\u00f3n, puede equiparse con varias entradas de energ\u00eda externas de manera conveniente.<\/li>\n<li>Relaci\u00f3n de transmisi\u00f3n: divisi\u00f3n fina, amplio alcance.<\/li>\n<li>Forma de instalaci\u00f3n: la posici\u00f3n a instalar no est\u00e1 limitada<\/li>\n<li>Alta resistencia, cuerpo de caja compacto de hierro fundido de alta resistencia, engranaje y eje de engranaje se adapta al proceso de carbonizaci\u00f3n de gas, temple y molienda fina, por lo tanto, la capacidad de carga del volumen de la unidad es alta.<\/li>\n<li>Larga vida \u00fatil: bajo la condici\u00f3n de elegir el tipo correcto (incluida la elecci\u00f3n del par\u00e1metro de operaci\u00f3n adecuado), operaci\u00f3n y mantenimiento normales, la vida \u00fatil de las partes principales del reductor de velocidad (excepto las piezas de desgaste) no debe ser inferior a 20000 horas.<\/li>\n<li>Bajo nivel de ruido: debido a que las partes principales del reductor de velocidad se procesan y prueban cr\u00edticamente, el ruido del reductor de velocidad es bajo.<\/li>\n<li>Motor de reducci\u00f3n de velocidad de rueda c\u00f3nica de eje paralelo<\/li>\n<li>Tama\u00f1o: 40 mm - 160 mm<\/li>\n<li>Relaci\u00f3n de reducci\u00f3n: 3 \u2014 512<\/li>\n<li>Torque transmission: 5 Nm &#8212; 895 Nm<\/li>\n<li>Juego de precisi\u00f3n: ?? 5 arcmin<\/li>\n<li>Ruido de funcionamiento: 51-70 dB(A)<\/li>\n<\/ul>\n<p>Nuestra caja de cambios para cortadora de c\u00e9sped tiene muchos elementos para su elecci\u00f3n y podemos producirla seg\u00fan su dibujo o muestra para satisfacer su solicitud especial.<\/p>\n<h3>Escenario de uso de la caja de cambios de la cortadora de c\u00e9sped<\/h3>\n<p>La caja de cambios de la cortadora de c\u00e9sped es una parte fundamental de las cortadoras de c\u00e9sped, ya que se encarga de transmitir la potencia del motor a las cuchillas de corte. Est\u00e1 dise\u00f1ada para soportar condiciones de alto par y tensi\u00f3n, lo que la convierte en un componente esencial para mantener el rendimiento de la cortadora de c\u00e9sped. La caja de cambios de la cortadora de c\u00e9sped agr\u00edcola EP-LF205 se puede utilizar para cortar maleza o pastos, lo que la convierte en una herramienta vers\u00e1til y esencial para el mantenimiento del c\u00e9sped.<\/p>\n<p>El mantenimiento adecuado es esencial para garantizar la longevidad y el rendimiento de la caja de engranajes de la cortadora de c\u00e9sped. La limpieza y lubricaci\u00f3n peri\u00f3dicas pueden evitar da\u00f1os causados por la acumulaci\u00f3n de suciedad y mugre. Tambi\u00e9n es importante revisar la caja de engranajes para detectar signos de desgaste y reemplazar cualquier pieza da\u00f1ada de inmediato.<\/p>\n<h3>Ejes de toma de fuerza para cajas de cambios agr\u00edcolas<\/h3>\n<p>Un eje de toma de fuerza es una parte integral de una caja de cambios agr\u00edcola. Si no se le realiza el mantenimiento adecuado, el mecanismo de la toma de fuerza puede sufrir da\u00f1os graves. Los ejes de toma de fuerza son fundamentales para mantener el rendimiento del implemento agr\u00edcola, ya que son los responsables de conectar la transmisi\u00f3n al implemento. Para evitar problemas de vibraci\u00f3n, un buen eje de toma de fuerza debe resistir la torsi\u00f3n y el esfuerzo cortante. Ofrecemos una variedad de ejes de toma de fuerza duraderos para satisfacer todos sus requisitos.<\/p>\n<h3>Otras cajas de cambios agr\u00edcolas<\/h3>\n<p>Como proveedor l\u00edder de cajas de engranajes agr\u00edcolas, Ever-power ofrece una amplia gama de cajas de engranajes agr\u00edcolas a la venta a precios bajos. Suministramos principalmente diversos engranajes de pl\u00e1stico utilizados en la industria, como cajas de engranajes agr\u00edcolas, ejes de salida de potencia, ruedas dentadas, acoplamientos de fluido, reductores de engranajes helicoidales, engranajes y cremalleras, cadenas desmontables, poleas y poleas, cajas de engranajes planetarios, poleas de distribuci\u00f3n, bujes y m\u00e1s. Nuestros productos est\u00e1n dise\u00f1ados para ser duraderos, confiables y eficientes, lo que los convierte en una excelente opci\u00f3n para una variedad de aplicaciones agr\u00edcolas.<\/p>\n<h2>Preguntas y respuestas<\/h2>\n<ol>\n<li>\u00bfCu\u00e1l es la relaci\u00f3n de la caja de cambios del cortac\u00e9sped agr\u00edcola EP-LF205?<\/li>\n<li>\u00bfCu\u00e1l es el tama\u00f1o del eje de entrada de la caja de cambios del cortac\u00e9sped agr\u00edcola EP-LF205?<\/li>\n<li>\u00bfCu\u00e1l es el tama\u00f1o del eje de salida de la caja de cambios del cortac\u00e9sped agr\u00edcola EP-LF205?<\/li>\n<li>\u00bfCu\u00e1l es la potencia m\u00e1xima nominal de la caja de cambios del cortac\u00e9sped agr\u00edcola EP-LF205?<\/li>\n<li>\u00bfQu\u00e9 se debe revisar peri\u00f3dicamente para mantener el rendimiento de la caja de cambios del cortac\u00e9sped?<\/li>\n<\/ol>","protected":false},"excerpt":{"rendered":"<p>EP-LF205 Agricultural Lawnmower Gearbox The EP-LF205 Agricultural Lawnmower Gearbox is designed to withstand the extreme conditions of real-world use. Whether you&#8217;re cutting brush or mowing pastures, EVER-POWER has the rotary cutter gearbox to meet your needs. This new gearbox is designed to fit Comer finishing mower model LF-205-J. It has a gearbox ratio of 1:1.93, [&hellip;]<\/p>","protected":false},"featured_media":3031,"template":"","meta":{"_et_pb_use_builder":"","_et_pb_old_content":"","_et_gb_content_width":""},"product_brand":[],"product_cat":[10402],"product_tag":[],"class_list":{"0":"post-3032","1":"product","2":"type-product","3":"status-publish","4":"has-post-thumbnail","6":"product_cat-agricultural-gearbox","8":"first","9":"instock","10":"shipping-taxable","11":"product-type-simple"},"_links":{"self":[{"href":"https:\/\/agricultural-gear-boxes.com\/es\/wp-json\/wp\/v2\/product\/3032","targetHints":{"allow":["GET"]}}],"collection":[{"href":"https:\/\/agricultural-gear-boxes.com\/es\/wp-json\/wp\/v2\/product"}],"about":[{"href":"https:\/\/agricultural-gear-boxes.com\/es\/wp-json\/wp\/v2\/types\/product"}],"wp:featuredmedia":[{"embeddable":true,"href":"https:\/\/agricultural-gear-boxes.com\/es\/wp-json\/wp\/v2\/media\/3031"}],"wp:attachment":[{"href":"https:\/\/agricultural-gear-boxes.com\/es\/wp-json\/wp\/v2\/media?parent=3032"}],"wp:term":[{"taxonomy":"product_brand","embeddable":true,"href":"https:\/\/agricultural-gear-boxes.com\/es\/wp-json\/wp\/v2\/product_brand?post=3032"},{"taxonomy":"product_cat","embeddable":true,"href":"https:\/\/agricultural-gear-boxes.com\/es\/wp-json\/wp\/v2\/product_cat?post=3032"},{"taxonomy":"product_tag","embeddable":true,"href":"https:\/\/agricultural-gear-boxes.com\/es\/wp-json\/wp\/v2\/product_tag?post=3032"}],"curies":[{"name":"wp","href":"https:\/\/api.w.org\/{rel}","templated":true}]}}