{"id":3034,"date":"2024-08-20T03:30:33","date_gmt":"2024-08-20T03:30:33","guid":{"rendered":"https:\/\/agricultural-gear-boxes.com\/product\/ep-gs4rc-agricultural-lawn-mower-gearbox\/"},"modified":"2024-08-20T03:30:34","modified_gmt":"2024-08-20T03:30:34","slug":"ep-gs4rc-agricultural-lawn-mower-gearbox","status":"publish","type":"product","link":"https:\/\/agricultural-gear-boxes.com\/es\/product\/ep-gs4rc-agricultural-lawn-mower-gearbox\/","title":{"rendered":"Caja de cambios para cortadora de c\u00e9sped agr\u00edcola EP-GS4RC"},"content":{"rendered":"<h2>Caja de cambios para cortadora de c\u00e9sped agr\u00edcola EP-GS4RC: todo lo que necesita saber<\/h2>\n<p>La caja de cambios para cortadora de c\u00e9sped agr\u00edcola EP-GS4RC es una caja de cambios robusta y de alta calidad adecuada para su uso en maquinaria agr\u00edcola e industrial. La caja de cambios est\u00e1 dise\u00f1ada para ofrecer un rendimiento superior, alta eficiencia y durabilidad. Es una opci\u00f3n perfecta para su uso en desbrozadoras rotativas, cortadoras rotativas, picadoras de algod\u00f3n, cortadoras de \u00e1rboles, tolvas de campo y otra maquinaria agr\u00edcola. En este art\u00edculo, exploraremos todo lo que necesita saber sobre la caja de cambios para cortadora de c\u00e9sped agr\u00edcola EP-GS4RC.<\/p>\n<h3>Caracter\u00edsticas y especificaciones<\/h3>\n<p>La caja de cambios de la cortadora de c\u00e9sped EP-GS4RC tiene una relaci\u00f3n de 1:1,46\/1:1,93, 22\/15 23\/12 dientes y un m\u00f3dulo de 5,08\/5,0. Est\u00e1 dise\u00f1ada para ofrecer una potencia de 30 HP y una entrada nominal de 540 rpm. La descripci\u00f3n de entrada\/salida es 1-3\/8 Z6 Taper spline y el peso (NW) es 19 KG. La caja de cambios est\u00e1 hecha de materiales de alta calidad, que incluyen carcasa QT450, eje de engranaje 20CrMnTi y placa de aluminio.<\/p>\n<h3>Instalaci\u00f3n, mantenimiento y reparaci\u00f3n<\/h3>\n<p>La instalaci\u00f3n y el mantenimiento adecuados de la caja de engranajes de la cortadora de c\u00e9sped agr\u00edcola EP-GS4RC son esenciales para maximizar su rendimiento y durabilidad. La caja de engranajes debe lubricarse peri\u00f3dicamente para reducir la fricci\u00f3n y evitar da\u00f1os. Si alguna parte de la caja de engranajes est\u00e1 da\u00f1ada o desgastada, debe repararse o reemplazarse de inmediato para evitar da\u00f1os mayores.<\/p>\n<h3>Ventajas<\/h3>\n<p>La caja de cambios para cortadora de c\u00e9sped agr\u00edcola EP-GS4RC ofrece varias ventajas, entre ellas, alta eficiencia, rendimiento superior y durabilidad. La caja de cambios est\u00e1 dise\u00f1ada para soportar duras condiciones de funcionamiento, lo que la hace adecuada para su uso en diversas maquinarias agr\u00edcolas. Es f\u00e1cil de instalar, usar y mantener, lo que la convierte en una soluci\u00f3n rentable para agricultores y otros usuarios industriales.<\/p>\n<h3>Aplicaciones<\/h3>\n<p>La caja de cambios para cortadora de c\u00e9sped agr\u00edcola EP-GS4RC es adecuada para su uso en diversas maquinarias agr\u00edcolas e industriales, incluidas cortadoras rotativas, cortadoras rotativas, picadoras de algod\u00f3n, cortadoras de \u00e1rboles, tolvas de campo y otras.<\/p>\n<h3>Servicio personalizado<\/h3>\n<p>We offer a customized service for our agricultural gearbox to meet our customers&#8217; specific needs. We can produce gearboxes as per customer&#8217;s drawing or sample to meet their special requests. Our aim is to provide tailor-made solutions for the market and customers, whether a single product or a complete set of equipment.<\/p>\n<h2>Otros productos que ofrecemos<\/h2>\n<p>Adem\u00e1s de la caja de cambios para cortadora de c\u00e9sped agr\u00edcola EP-GS4RC, ofrecemos varios engranajes de pl\u00e1stico utilizados en la industria, como ejes de salida de potencia, ruedas dentadas, acoplamientos de fluido, reductores de engranajes helicoidales, engranajes y cremalleras, cadenas desmontables, poleas y poleas, cajas de engranajes planetarios, poleas de distribuci\u00f3n, bujes y m\u00e1s. Ofrecemos productos de alta calidad a precios favorables y un servicio considerado, y damos la bienvenida a los clientes para que vengan a nosotros para personalizar dibujos o muestras.<\/p>\n<h2>Preguntas y respuestas<\/h2>\n<p>1. \u00bfCu\u00e1les son las caracter\u00edsticas de la caja de cambios para cortadora de c\u00e9sped agr\u00edcola EP-GS4RC?<br \/>\n2. \u00bfPara qu\u00e9 tipo de maquinaria es adecuada la caja de cambios para cortadora de c\u00e9sped agr\u00edcola EP-GS4RC?<br \/>\n3. \u00bfQu\u00e9 importancia tiene la instalaci\u00f3n y el mantenimiento adecuados de la caja de cambios del cortac\u00e9sped agr\u00edcola EP-GS4RC?<br \/>\n4. \u00bfQu\u00e9 ventajas ofrece la caja de cambios para cortadora de c\u00e9sped agr\u00edcola EP-GS4RC?<br \/>\n5. \u00bfQu\u00e9 otros productos ofrece la empresa adem\u00e1s de la caja de cambios para cortadora de c\u00e9sped agr\u00edcola EP-GS4RC?<\/p>","protected":false},"excerpt":{"rendered":"<p>EP-GS4RC Agricultural Lawn Mower Gearbox: Everything You Need to Know EP-GS4RC Agricultural Lawn Mower Gearbox is a robust and high-quality gearbox suitable for use in agricultural and industrial machinery. The gearbox is designed to offer superior performance, high efficiency, and durability. It is a perfect choice for use in rotary slashers, rotary cutters, cotton choppers, [&hellip;]<\/p>","protected":false},"featured_media":3033,"template":"","meta":{"_et_pb_use_builder":"","_et_pb_old_content":"","_et_gb_content_width":""},"product_brand":[],"product_cat":[10402],"product_tag":[],"class_list":{"0":"post-3034","1":"product","2":"type-product","3":"status-publish","4":"has-post-thumbnail","6":"product_cat-agricultural-gearbox","8":"first","9":"instock","10":"shipping-taxable","11":"product-type-simple"},"_links":{"self":[{"href":"https:\/\/agricultural-gear-boxes.com\/es\/wp-json\/wp\/v2\/product\/3034","targetHints":{"allow":["GET"]}}],"collection":[{"href":"https:\/\/agricultural-gear-boxes.com\/es\/wp-json\/wp\/v2\/product"}],"about":[{"href":"https:\/\/agricultural-gear-boxes.com\/es\/wp-json\/wp\/v2\/types\/product"}],"wp:featuredmedia":[{"embeddable":true,"href":"https:\/\/agricultural-gear-boxes.com\/es\/wp-json\/wp\/v2\/media\/3033"}],"wp:attachment":[{"href":"https:\/\/agricultural-gear-boxes.com\/es\/wp-json\/wp\/v2\/media?parent=3034"}],"wp:term":[{"taxonomy":"product_brand","embeddable":true,"href":"https:\/\/agricultural-gear-boxes.com\/es\/wp-json\/wp\/v2\/product_brand?post=3034"},{"taxonomy":"product_cat","embeddable":true,"href":"https:\/\/agricultural-gear-boxes.com\/es\/wp-json\/wp\/v2\/product_cat?post=3034"},{"taxonomy":"product_tag","embeddable":true,"href":"https:\/\/agricultural-gear-boxes.com\/es\/wp-json\/wp\/v2\/product_tag?post=3034"}],"curies":[{"name":"wp","href":"https:\/\/api.w.org\/{rel}","templated":true}]}}