{"id":3040,"date":"2024-08-20T03:30:39","date_gmt":"2024-08-20T03:30:39","guid":{"rendered":"https:\/\/agricultural-gear-boxes.com\/product\/ep30-rotary-tiller-cultivator-gearbox-for-agricultural\/"},"modified":"2024-08-20T03:30:40","modified_gmt":"2024-08-20T03:30:40","slug":"ep30-rotary-tiller-cultivator-gearbox-for-agricultural","status":"publish","type":"product","link":"https:\/\/agricultural-gear-boxes.com\/es\/product\/ep30-rotary-tiller-cultivator-gearbox-for-agricultural\/","title":{"rendered":"Caja de cambios para cultivador rotativo EP30 para uso agr\u00edcola"},"content":{"rendered":"<h1>Caja de cambios para cultivador rotativo EP30 para uso agr\u00edcola<\/h1>\n<h2>Introducci\u00f3n<\/h2>\n<p>La caja de engranajes para cultivador rotativo EP30 es un producto de alta calidad que es perfecto para cultivar, airear y remover la tierra para jardines, huertos y otras necesidades de labranza. Esta caja de engranajes agr\u00edcola funciona perfectamente con tractores de 25 a 50 HP. El producto cuenta con cuchillas fundidas que mantienen un filo afilado y maximizan el rendimiento del rotovator. Estas cuchillas est\u00e1n hechas de un material especial, con un proceso de tratamiento t\u00e9rmico de horas extras para garantizar un gran rendimiento de trabajo.<\/p>\n<p>La caja de engranajes del cultivador rotativo viene con lubricaci\u00f3n por ba\u00f1o de aceite y tiene una transmisi\u00f3n completamente accionada por engranajes. La forma de la placa de suspensi\u00f3n de este producto se realiza mediante corte y moldeado por l\u00e1ser. Las p\u00faas autoafilables tratadas t\u00e9rmicamente garantizan que el producto se pueda utilizar durante un per\u00edodo prolongado sin necesidad de reparaciones frecuentes. Las etiquetas de este producto son impermeables, a prueba de humedad, a prueba de moho y antirradiaci\u00f3n ultravioleta. El producto tambi\u00e9n viene con corredores ajustables para profundidades de trabajo de 1 pulgada a 7 pulgadas y un eje de toma de fuerza de alta resistencia y embrague deslizante.<\/p>\n<table style=\"width: 94.5815%;\" border=\"1\">\n<tbody>\n<tr>\n<td style=\"width: 20.5388%;\"><strong>ART\u00cdCULO<\/strong><\/td>\n<td style=\"width: 232.66%;\">Caja de cambios para cultivador rotativo EP30<\/td>\n<\/tr>\n<tr>\n<td style=\"width: 20.5388%;\"><strong>Relaci\u00f3n<\/strong><\/td>\n<td style=\"width: 232.66%;\">1:2.9<\/td>\n<\/tr>\n<tr>\n<td style=\"width: 20.5388%;\"><strong>Dientes<\/strong><\/td>\n<td style=\"width: 232.66%;\">32\/11<\/td>\n<\/tr>\n<tr>\n<td style=\"width: 20.5388%;\"><strong>M\u00f3dulo<\/strong><\/td>\n<td style=\"width: 232.66%;\"> 3.0<\/td>\n<\/tr>\n<tr>\n<td style=\"width: 20.5388%;\"><strong>Potencia (CV)<\/strong><\/td>\n<td style=\"width: 232.66%;\">30<\/td>\n<\/tr>\n<tr>\n<td style=\"width: 20.5388%;\"><strong>Entrada nominal<\/strong><\/td>\n<td style=\"width: 232.66%;\">540 rpm<\/td>\n<\/tr>\n<tr>\n<td style=\"width: 20.5388%;\"><strong>Descripci\u00f3n de entrada\/salida<\/strong><\/td>\n<td style=\"width: 232.66%;\">Eje \u00f3ptico 1 3\/8 Z6<\/td>\n<\/tr>\n<tr>\n<td style=\"width: 20.5388%;\"><strong>Peso (NW)<\/strong><\/td>\n<td style=\"width: 232.66%;\">13,5 kg<\/td>\n<\/tr>\n<\/tbody>\n<\/table>\n<h2>Caracter\u00edsticas del producto<\/h2>\n<p>The EP30 Rotary Tiller Cultivator Gearbox is known for its durability, low noise, and exceptional quality. This product has a ten-year history and features advanced techniques. It&#8217;s mostly exported to Europe and the United States. The gearbox is used on rotovator, rotary cultivator, power tiller, vertical tiller, flail mower, mower, etc.<\/p>\n<h3>Ventajas de la caja de cambios del cultivador rotativo EP30<\/h3>\n<ul>\n<li>Calidad sustancial<\/li>\n<li>Bajo nivel de ruido<\/li>\n<li>Calidad excepcional<\/li>\n<li>Tecnolog\u00eda avanzada<\/li>\n<\/ul>\n<h3>\u00bfC\u00f3mo instalar la caja de cambios del cultivador rotativo EP30?<\/h3>\n<p>La instalaci\u00f3n de la caja de engranajes del cultivador rotativo EP30 es un proceso sencillo que se puede realizar en unos pocos y sencillos pasos. En primer lugar, aseg\u00farese de que el producto sea compatible con su tractor. A continuaci\u00f3n, fije el producto al tractor utilizando el eje de la toma de fuerza de alta resistencia y el embrague deslizante. Por \u00faltimo, ajuste las gu\u00edas a la profundidad de trabajo deseada.<\/p>\n<h3>\u00bfC\u00f3mo mantener y reparar la caja de engranajes del cultivador rotativo EP30?<\/h3>\n<p>El mantenimiento y la reparaci\u00f3n de la caja de engranajes del cultivador rotativo EP30 son fundamentales para prolongar su vida \u00fatil. Para realizar el mantenimiento del producto, aseg\u00farese de que est\u00e9 correctamente lubricado y de que se limpie con regularidad. Para reparar la caja de engranajes, consulte a un mec\u00e1nico profesional o consulte el manual del producto.<\/p>\n<h2>Otras cajas de cambios agr\u00edcolas<\/h2>\n<p>Ever Power es un proveedor l\u00edder de cajas de engranajes agr\u00edcolas en China. Ofrecemos una amplia gama de cajas de engranajes agr\u00edcolas, como mezcladoras de alimentos, segadoras de mayales, cosechadoras de papas, unidades de bombeo, desbrozadoras de rocas y m\u00e1s. Cont\u00e1ctenos para obtener m\u00e1s informaci\u00f3n sobre nuestros productos de alta calidad y precios favorables.<\/p>\n<h2>Preguntas y respuestas<\/h2>\n<p>1. \u00bfLa caja de cambios del cultivador rotativo EP30 es compatible con todos los tractores?<\/p>\n<p>Respuesta: La caja de cambios del cultivador rotativo EP30 es compatible con tractores de 25 a 50 HP.<\/p>\n<p>2. \u00bfCu\u00e1l es el peso de la caja de cambios del cultivador rotativo EP30?<\/p>\n<p>Respuesta: El peso de la caja de cambios del cultivador rotativo EP30 es de 13,5 kg.<\/p>\n<p>3. \u00bfCu\u00e1les son las ventajas de la caja de cambios del cultivador rotativo EP30?<\/p>\n<p>Respuesta: La caja de cambios del cultivador rotativo EP30 es conocida por su durabilidad, bajo nivel de ruido y calidad excepcional.<\/p>\n<p>4. \u00bfC\u00f3mo instalar la caja de cambios del cultivador rotativo EP30?<\/p>\n<p>Respuesta: Para instalar la caja de engranajes del cultivador rotativo EP30, f\u00edjela al tractor utilizando el eje de toma de fuerza de alta resistencia y el embrague deslizante.<\/p>\n<p>5. \u00bfC\u00f3mo realizar el mantenimiento y la reparaci\u00f3n de la caja de cambios del cultivador rotativo EP30?<\/p>\n<p>Respuesta: Para realizar el mantenimiento de la caja de engranajes del cultivador rotativo EP30, aseg\u00farese de que est\u00e9 correctamente lubricada y de que se limpie con regularidad. Para reparar la caja de engranajes, consulte a un mec\u00e1nico profesional o consulte el manual del producto.<\/p>","protected":false},"excerpt":{"rendered":"<p>EP30 Rotary Tiller Cultivator Gearbox for Agricultural Introduction The EP30 Rotary Tiller Cultivator Gearbox is a high-quality product that is perfect for cultivating, aerating, and stirring up soil for garden, food plots, and other tillage needs. This agricultural gearbox works perfectly with 25-50HP tractors. The product features cast blades that keep a sharp cutting edge [&hellip;]<\/p>","protected":false},"featured_media":3039,"template":"","meta":{"_et_pb_use_builder":"","_et_pb_old_content":"","_et_gb_content_width":""},"product_brand":[],"product_cat":[10402],"product_tag":[],"class_list":{"0":"post-3040","1":"product","2":"type-product","3":"status-publish","4":"has-post-thumbnail","6":"product_cat-agricultural-gearbox","8":"first","9":"instock","10":"shipping-taxable","11":"product-type-simple"},"_links":{"self":[{"href":"https:\/\/agricultural-gear-boxes.com\/es\/wp-json\/wp\/v2\/product\/3040","targetHints":{"allow":["GET"]}}],"collection":[{"href":"https:\/\/agricultural-gear-boxes.com\/es\/wp-json\/wp\/v2\/product"}],"about":[{"href":"https:\/\/agricultural-gear-boxes.com\/es\/wp-json\/wp\/v2\/types\/product"}],"wp:featuredmedia":[{"embeddable":true,"href":"https:\/\/agricultural-gear-boxes.com\/es\/wp-json\/wp\/v2\/media\/3039"}],"wp:attachment":[{"href":"https:\/\/agricultural-gear-boxes.com\/es\/wp-json\/wp\/v2\/media?parent=3040"}],"wp:term":[{"taxonomy":"product_brand","embeddable":true,"href":"https:\/\/agricultural-gear-boxes.com\/es\/wp-json\/wp\/v2\/product_brand?post=3040"},{"taxonomy":"product_cat","embeddable":true,"href":"https:\/\/agricultural-gear-boxes.com\/es\/wp-json\/wp\/v2\/product_cat?post=3040"},{"taxonomy":"product_tag","embeddable":true,"href":"https:\/\/agricultural-gear-boxes.com\/es\/wp-json\/wp\/v2\/product_tag?post=3040"}],"curies":[{"name":"wp","href":"https:\/\/api.w.org\/{rel}","templated":true}]}}