{"id":3044,"date":"2024-08-20T03:30:42","date_gmt":"2024-08-20T03:30:42","guid":{"rendered":"https:\/\/agricultural-gear-boxes.com\/product\/john-deere-47-snowblower-gearbox\/"},"modified":"2024-08-20T03:30:42","modified_gmt":"2024-08-20T03:30:42","slug":"john-deere-47-snowblower-gearbox","status":"publish","type":"product","link":"https:\/\/agricultural-gear-boxes.com\/es\/product\/john-deere-47-snowblower-gearbox\/","title":{"rendered":"Caja de cambios para quitanieves John Deere 47"},"content":{"rendered":"<h2>Presentamos la caja de cambios para quitanieves John Deere 47<\/h2>\n<p>The John Deere 47 Snowblower Gearbox is a high-quality and reliable gearbox specifically designed for the 47-inch snowblower attachment for 2016 and later X500 tractors. It is an essential component that ensures efficient snow removal operations. Let&#8217;s explore the features and benefits of this snowblower gearbox:<\/p>\n<h3>Rendimiento superior en remoci\u00f3n de nieve<\/h3>\n<ul>\n<li>Funciona eficazmente en todas las condiciones de nieve, lo que lo hace adecuado para una amplia gama de aplicaciones, incluidos parques de ocio, parques industriales y otras \u00e1reas donde es necesario trasladar nieve a distancias m\u00e1s largas.<\/li>\n<li>Ideal para familias y propietarios de inmuebles en zonas nevadas, proporcionando potentes capacidades de remoci\u00f3n de nieve.<\/li>\n<li>Supera a los quitanieves de una sola etapa en condiciones de nieve h\u00fameda, intensa y profunda. El sinf\u00edn de baja velocidad determina el tama\u00f1o del material de la corteza mientras traslada la nieve al soplador de segunda etapa.<\/li>\n<li>Ofrece una distribuci\u00f3n uniforme de la nieve en condiciones de nieve variables. El soplador de alta velocidad mantiene una velocidad de descarga constante incluso con un volumen de limpieza m\u00ednimo.<\/li>\n<li>Compatible con los tractores de la serie X500 del a\u00f1o modelo 2016 y posteriores equipados con un elevador hidr\u00e1ulico.<\/li>\n<\/ul>\n<h3>Funcionamiento eficiente y durabilidad<\/h3>\n<p>La caja de cambios de la m\u00e1quina quitanieves funciona mediante un proceso de dos etapas. El transportador de tornillo de baja velocidad recoge la nieve y la mueve hacia el centro de la m\u00e1quina, donde ingresa al rotor de alta velocidad para expulsarla a trav\u00e9s del conducto de descarga.<\/p>\n<p>La caja de cambios est\u00e1 hecha de hierro fundido, lo que permite reducir la velocidad necesaria para las perforadoras. Adem\u00e1s, est\u00e1 protegida por pernos de seguridad en cada semi-barrena.<\/p>\n<p>En condiciones de nieve profunda, el quitanieves de dos etapas con su barrena de baja velocidad resulta m\u00e1s eficaz en comparaci\u00f3n con un quitanieves de una sola etapa. Los rotores de alta velocidad garantizan una velocidad de descarga constante, incluso con una limpieza m\u00ednima, lo que da como resultado una distribuci\u00f3n uniforme de la nieve en condiciones de nieve variables.<\/p>\n<p>El soplador de segunda etapa est\u00e1 fabricado con material de polietileno de peso molecular ultraalto (UHMW) resistente a la oxidaci\u00f3n y duradero, conocido por su longevidad y resistencia a la flexi\u00f3n. Esto garantiza que el ventilador mantenga el equilibrio y la durabilidad incluso en tareas rigurosas de remoci\u00f3n de nieve.<\/p>\n<h2>Productos relacionados con la caja de cambios<\/h2>\n<p>Como proveedor l\u00edder de cajas de engranajes agr\u00edcolas, Ever-power ofrece una amplia gama de cajas de engranajes agr\u00edcolas de alta calidad a precios asequibles. Nuestra gama de productos incluye cajas de engranajes c\u00f3nicos espirales, cajas de engranajes rectos, cajas de engranajes helicoidales, cajas de engranajes cil\u00edndricos y m\u00e1s. Adem\u00e1s, ofrecemos varios cuerpos de v\u00e1lvulas de alta presi\u00f3n y cajas de fundici\u00f3n.<\/p>\n<p>Nuestras cajas de cambios se utilizan ampliamente en cortadoras de c\u00e9sped agr\u00edcolas, barredoras de nieve, aplicadores de fertilizantes, transportadores de granos, equipos industriales, equipos de extracci\u00f3n de petr\u00f3leo, equipos industriales marinos, equipos de ingenier\u00eda hidr\u00e1ulica y m\u00e1s. Con m\u00e1s de 95% de nuestros productos exportados a Europa, Estados Unidos, Australia, Asia, Canad\u00e1 y otras regiones, hemos construido una s\u00f3lida reputaci\u00f3n de experiencia t\u00e9cnica, calidad confiable y servicio al cliente excepcional.<\/p>\n<p>If you&#8217;re looking for durable and reliable gearbox solutions, Ever-power is your trusted partner. Contact us now for a quote or to discuss customization options based on your specific requirements!<\/p>\n<h2>Preguntas frecuentes (FAQ)<\/h2>\n<h3>1. \u00bfC\u00f3mo instalo la caja de cambios del quitanieves John Deere 47?<\/h3>\n<p>Para instalar la caja de cambios del quitanieves John Deere 47, siga estos pasos:<\/p>\n<ol>\n<li>Consulte el manual del usuario para obtener instrucciones detalladas sobre c\u00f3mo conectar el accesorio quitanieves a su tractor X500.<\/li>\n<li>Aseg\u00farese de seguir todas las precauciones de seguridad, como desconectar la alimentaci\u00f3n y dejar que la m\u00e1quina se enfr\u00ede antes de la instalaci\u00f3n.<\/li>\n<li>Coloque la caja de cambios en la ubicaci\u00f3n designada y f\u00edjela utilizando los pernos y accesorios provistos.<\/li>\n<li>Verifique nuevamente todas las conexiones y aseg\u00farese de que est\u00e9n correctamente apretadas.<\/li>\n<li>Una vez instalada, pruebe la caja de cambios del quitanieves para asegurarse de que funciona sin problemas antes de usarlo.<\/li>\n<\/ol>\n<h3>2. \u00bfC\u00f3mo debo mantener y reparar la caja de cambios de la quitanieves John Deere 47?<\/h3>\n<p>Para mantener y reparar la caja de cambios de la quitanieves John Deere 47, tenga en cuenta los siguientes consejos:<\/p>\n<ul>\n<li>Inspeccione peri\u00f3dicamente la caja de cambios para detectar cualquier signo de da\u00f1o o desgaste, como fugas de aceite o ruidos inusuales.<\/li>\n<li>Mantenga la caja de cambios limpia y libre de residuos para evitar problemas de obstrucciones o atascos.<\/li>\n<li>Siga el programa de mantenimiento recomendado que se proporciona en el manual del usuario, que puede incluir lubricaci\u00f3n e inspecci\u00f3n de componentes clave.<\/li>\n<li>Si necesita alguna reparaci\u00f3n, consulte el manual del usuario o comun\u00edquese con un t\u00e9cnico certificado para obtener ayuda.<\/li>\n<\/ul>\n<h3>3. \u00bfPuedo reemplazar la caja de cambios por mi cuenta?<\/h3>\n<p>Si bien es posible reemplazar la caja de cambios por su cuenta, le recomendamos consultar el manual del usuario o solicitar la asistencia de un t\u00e9cnico calificado. La instalaci\u00f3n y la alineaci\u00f3n adecuadas son fundamentales para el funcionamiento eficiente y seguro del accesorio quitanieves.<\/p>\n<h3>4. \u00bfHay otras opciones de caja de cambios disponibles para diferentes aplicaciones?<\/h3>\n<p>\u00a1Por supuesto! Ever-power ofrece una amplia gama de opciones de cajas de cambios para diversas aplicaciones. Ya sea que necesite cajas de cambios para equipos agr\u00edcolas, sistemas de transmisi\u00f3n de potencia o maquinaria industrial, lo tenemos cubierto. Cont\u00e1ctenos para explorar la gama completa de soluciones de cajas de cambios que ofrecemos.<\/p>\n<h3>5. Are Ever-power&#8217;s gearboxes of high quality?<\/h3>\n<p>S\u00ed, en Ever-power, priorizamos la calidad en todos los productos que ofrecemos. Nuestras cajas de cambios se someten a rigurosas pruebas y medidas de control de calidad para garantizar que cumplan con los est\u00e1ndares de la industria y superen las expectativas de los clientes. Nos comprometemos a proporcionar cajas de cambios de alta calidad a precios competitivos, respaldados por un excelente servicio al cliente.<\/p>","protected":false},"excerpt":{"rendered":"<p>Introducing the John Deere 47 Snowblower Gearbox The John Deere 47 Snowblower Gearbox is a high-quality and reliable gearbox specifically designed for the 47-inch snowblower attachment for 2016 and later X500 tractors. It is an essential component that ensures efficient snow removal operations. Let&#8217;s explore the features and benefits of this snowblower gearbox: Superior Snow [&hellip;]<\/p>","protected":false},"featured_media":3043,"template":"","meta":{"_et_pb_use_builder":"","_et_pb_old_content":"","_et_gb_content_width":""},"product_brand":[],"product_cat":[10402],"product_tag":[],"class_list":{"0":"post-3044","1":"product","2":"type-product","3":"status-publish","4":"has-post-thumbnail","6":"product_cat-agricultural-gearbox","8":"first","9":"instock","10":"shipping-taxable","11":"product-type-simple"},"_links":{"self":[{"href":"https:\/\/agricultural-gear-boxes.com\/es\/wp-json\/wp\/v2\/product\/3044","targetHints":{"allow":["GET"]}}],"collection":[{"href":"https:\/\/agricultural-gear-boxes.com\/es\/wp-json\/wp\/v2\/product"}],"about":[{"href":"https:\/\/agricultural-gear-boxes.com\/es\/wp-json\/wp\/v2\/types\/product"}],"wp:featuredmedia":[{"embeddable":true,"href":"https:\/\/agricultural-gear-boxes.com\/es\/wp-json\/wp\/v2\/media\/3043"}],"wp:attachment":[{"href":"https:\/\/agricultural-gear-boxes.com\/es\/wp-json\/wp\/v2\/media?parent=3044"}],"wp:term":[{"taxonomy":"product_brand","embeddable":true,"href":"https:\/\/agricultural-gear-boxes.com\/es\/wp-json\/wp\/v2\/product_brand?post=3044"},{"taxonomy":"product_cat","embeddable":true,"href":"https:\/\/agricultural-gear-boxes.com\/es\/wp-json\/wp\/v2\/product_cat?post=3044"},{"taxonomy":"product_tag","embeddable":true,"href":"https:\/\/agricultural-gear-boxes.com\/es\/wp-json\/wp\/v2\/product_tag?post=3044"}],"curies":[{"name":"wp","href":"https:\/\/api.w.org\/{rel}","templated":true}]}}