{"id":3094,"date":"2024-08-20T05:42:18","date_gmt":"2024-08-20T05:42:18","guid":{"rendered":"https:\/\/agricultural-gear-boxes.com\/product\/worm-gear-units\/"},"modified":"2024-08-20T05:42:19","modified_gmt":"2024-08-20T05:42:19","slug":"worm-gear-units","status":"publish","type":"product","link":"https:\/\/agricultural-gear-boxes.com\/es\/product\/worm-gear-units\/","title":{"rendered":"Reductores de tornillo sin fin"},"content":{"rendered":"<h2>Reductores helicoidales: mejora del rendimiento y la versatilidad<\/h2>\n<p>Los reductores de tornillo sin fin son un componente crucial en diversas aplicaciones industriales, ya que ofrecen un rendimiento y una versatilidad excepcionales. Con una brida de montaje del motor separable y una carcasa que incorpora un sello de aceite, estos reductores brindan una soluci\u00f3n confiable y, al mismo tiempo, minimizan el riesgo de da\u00f1ar el sello durante el reemplazo de la brida de entrada. Adem\u00e1s, la inclusi\u00f3n de juntas t\u00f3ricas en las tapas laterales garantiza un sellado seguro y eficiente, que reemplaza las juntas planas tradicionales.<\/p>\n<p>Una caracter\u00edstica destacable de los reductores de sinf\u00edn, especialmente en los tama\u00f1os 03-04-05, es la posibilidad de girar los pies sin desmontarlos. Adem\u00e1s, las versiones con tapas abatibles permiten colocar f\u00e1cilmente bridas laterales en ambos lados mediante simples tornillos de fijaci\u00f3n, lo que aumenta la flexibilidad durante la instalaci\u00f3n.<\/p>\n<p>El tornillo sin fin de estos reductores presenta un perfil evolvente ZI, lo que mejora el rendimiento y reduce la temperatura. El acoplamiento preciso del tornillo sin fin y la rueda helicoidal garantiza un funcionamiento suave, lo que hace que estas unidades sean muy eficientes en la transmisi\u00f3n de potencia.<\/p>\n<p>Para garantizar una larga vida \u00fatil, los reductores y motores est\u00e1n recubiertos con polvo epoxi de color aluminio RAL 9022. Esta capa protectora protege contra la oxidaci\u00f3n y minimiza el riesgo de microagujeros que pueden producirse durante los procesos de fundici\u00f3n a presi\u00f3n.<\/p>\n<p>For enhanced adaptability, the CHPC pre-stage gears, already included in the CHM catalogue, can be mounted with this range of worm gear units. This allows for gear ratios of up to 1:300, making them suitable for a wide range of applications. In cases where larger reductions are required, two gears can be combined using an appropriate kit, expanding the product&#8217;s utility.<\/p>\n<h3>Caracter\u00edsticas principales de los reductores helicoidales:<\/h3>\n<ul>\n<li>Un dise\u00f1o de carcasa y brida de montaje de motor separables para un f\u00e1cil reemplazo<\/li>\n<li>Juntas t\u00f3ricas en tapas laterales para un sellado eficiente<\/li>\n<li>Patas giratorias en tama\u00f1os espec\u00edficos para una instalaci\u00f3n simplificada<\/li>\n<li>Tornillo sin fin con perfil evolvente ZI para un mejor rendimiento y reducci\u00f3n de temperatura<\/li>\n<li>Recubrimiento de polvo epoxi color aluminio RAL 9022 para protecci\u00f3n contra la oxidaci\u00f3n.<\/li>\n<li>Compatibilidad con engranajes pre-etapa CHPC para mayores relaciones de transmisi\u00f3n<\/li>\n<\/ul>\n<h3>Instalaci\u00f3n, mantenimiento y reemplazo:<\/h3>\n<p>Installing worm gear units is a straightforward process. Begin by securing the separable motor mounting flange to the desired surface, ensuring proper alignment for efficient power transmission. Regular maintenance involves inspecting the O-Rings and aside covers for any signs of wear or damage. Lubrication should be applied periodically to ensure smooth operation and extend the lifespan of the gear unit. In cases where replacement is necessary, carefully follow the manufacturer&#8217;s instructions to ensure a seamless transition.<\/p>\n<h3>Nuestros otros productos de calidad:<\/h3>\n<p>En nuestra empresa, nos enorgullecemos de ofrecer una amplia gama de productos industriales de alta calidad. Adem\u00e1s de los reductores helicoidales, ofrecemos diversos engranajes de pl\u00e1stico, cajas de engranajes agr\u00edcolas, ejes de salida de potencia, ruedas dentadas, acoplamientos de fluidos, engranajes y cremalleras, cadenas desmontables, poleas y correas, cajas de engranajes planetarios, poleas de distribuci\u00f3n, bujes y m\u00e1s. Nuestros productos est\u00e1n elaborados meticulosamente para cumplir con los est\u00e1ndares de la industria y brindar soluciones confiables para sus necesidades espec\u00edficas. Nos esforzamos por ofrecer precios competitivos, un servicio al cliente excepcional y damos la bienvenida a las consultas para obtener soluciones personalizadas basadas en sus requisitos \u00fanicos.<\/p>\n<h3>Preguntas y respuestas:<\/h3>\n<ol>\n<li>\n<h4>1. \u00bfC\u00f3mo mejoran el rendimiento los reductores helicoidales?<\/h4>\n<p>Los reductores de tornillo sin fin, con su perfil evolvente ZI y acoplamiento preciso, ofrecen un rendimiento mejorado al transmitir potencia de manera eficiente y al mismo tiempo reducir la temperatura.<\/p>\n<\/li>\n<li>\n<h4>2. \u00bfCu\u00e1l es la importancia de las juntas t\u00f3ricas en los reductores de tornillo sin fin?<\/h4>\n<p>Las juntas t\u00f3ricas en las cubiertas laterales de las unidades de engranajes sinf\u00edn reemplazan las juntas planas tradicionales, proporcionando un sellado m\u00e1s seguro y eficiente.<\/p>\n<\/li>\n<li>\n<h4>3. \u00bfEs posible instalar f\u00e1cilmente los reductores de tornillo sin fin?<\/h4>\n<p>S\u00ed, los reductores sinf\u00edn est\u00e1n dise\u00f1ados para una f\u00e1cil instalaci\u00f3n. La brida de montaje del motor separable simplifica el proceso, lo que garantiza una alineaci\u00f3n adecuada y una transmisi\u00f3n de potencia eficiente.<\/p>\n<\/li>\n<li>\n<h4>4. \u00bfQu\u00e9 mantenimiento se requiere para los reductores de tornillo sin fin?<\/h4>\n<p>Routine maintenance involves inspecting the O-Rings and aside covers for wear or damage, and applying lubrication to ensure smooth operation and extend the unit&#8217;s lifespan.<\/p>\n<\/li>\n<li>\n<h4>5. \u00bfQu\u00e9 otros productos ofrece su empresa?<\/h4>\n<p>Adem\u00e1s de los reductores helicoidales, ofrecemos una amplia gama de productos industriales, incluidos engranajes de pl\u00e1stico, cajas de engranajes agr\u00edcolas, ruedas dentadas, poleas y m\u00e1s. P\u00f3ngase en contacto con nosotros para obtener m\u00e1s informaci\u00f3n sobre nuestra amplia gama de productos.<\/p>\n<\/li>\n<\/ol>","protected":false},"excerpt":{"rendered":"<p>Worm Gear Units: Enhancing Performance and Versatility Worm gear units are a crucial component in various industrial applications, offering exceptional performance and versatility. With a separable motor mounting flange and housing that incorporates an oil seal, these gear units provide a reliable solution while minimizing the risk of damaging the seal during replacement of the [&hellip;]<\/p>","protected":false},"featured_media":3093,"template":"","meta":{"_et_pb_use_builder":"","_et_pb_old_content":"","_et_gb_content_width":""},"product_brand":[],"product_cat":[11281],"product_tag":[],"class_list":{"0":"post-3094","1":"product","2":"type-product","3":"status-publish","4":"has-post-thumbnail","6":"product_cat-worm-gearbox","8":"first","9":"instock","10":"shipping-taxable","11":"product-type-simple"},"_links":{"self":[{"href":"https:\/\/agricultural-gear-boxes.com\/es\/wp-json\/wp\/v2\/product\/3094","targetHints":{"allow":["GET"]}}],"collection":[{"href":"https:\/\/agricultural-gear-boxes.com\/es\/wp-json\/wp\/v2\/product"}],"about":[{"href":"https:\/\/agricultural-gear-boxes.com\/es\/wp-json\/wp\/v2\/types\/product"}],"wp:featuredmedia":[{"embeddable":true,"href":"https:\/\/agricultural-gear-boxes.com\/es\/wp-json\/wp\/v2\/media\/3093"}],"wp:attachment":[{"href":"https:\/\/agricultural-gear-boxes.com\/es\/wp-json\/wp\/v2\/media?parent=3094"}],"wp:term":[{"taxonomy":"product_brand","embeddable":true,"href":"https:\/\/agricultural-gear-boxes.com\/es\/wp-json\/wp\/v2\/product_brand?post=3094"},{"taxonomy":"product_cat","embeddable":true,"href":"https:\/\/agricultural-gear-boxes.com\/es\/wp-json\/wp\/v2\/product_cat?post=3094"},{"taxonomy":"product_tag","embeddable":true,"href":"https:\/\/agricultural-gear-boxes.com\/es\/wp-json\/wp\/v2\/product_tag?post=3094"}],"curies":[{"name":"wp","href":"https:\/\/api.w.org\/{rel}","templated":true}]}}