{"id":3096,"date":"2024-08-20T05:42:20","date_gmt":"2024-08-20T05:42:20","guid":{"rendered":"https:\/\/agricultural-gear-boxes.com\/product\/worm-gear-screw-lift\/"},"modified":"2024-08-20T05:42:21","modified_gmt":"2024-08-20T05:42:21","slug":"worm-gear-screw-lift","status":"publish","type":"product","link":"https:\/\/agricultural-gear-boxes.com\/es\/product\/worm-gear-screw-lift\/","title":{"rendered":"Elevador de tornillo sin fin"},"content":{"rendered":"<h2>Elevador de tornillo sin fin: la mejor soluci\u00f3n para las necesidades de elevaci\u00f3n<\/h2>\n<p>Un elevador de tornillo sin fin de la serie SWL es un dispositivo de elevaci\u00f3n mec\u00e1nico de alta eficiencia con diversas aplicaciones en diferentes industrias. Este elevador de tornillo tiene una estructura compacta, un volumen peque\u00f1o, peso ligero, no produce ruido, es f\u00e1cil de instalar, se puede usar de forma flexible, es muy confiable y tiene una larga vida \u00fatil. Es un componente de elevaci\u00f3n esencial que se utiliza en maquinaria, metalurgia, construcci\u00f3n, equipos de conservaci\u00f3n de agua y otras industrias.<\/p>\n<h3>La historia del elevador de tornillo sin fin<\/h3>\n<p>El concepto de elevador de tornillo se introdujo por primera vez en el siglo III a. C., pero no fue hasta el siglo XIX cuando se desarrollaron los elevadores de tornillo modernos. Los elevadores de tornillo sin fin, en particular, se introdujeron por primera vez en el siglo XX.<\/p>\n<h3>Clasificaci\u00f3n de elevadores de tornillo de la serie SWL<\/h3>\n<p>Los elevadores de tornillo de la serie SWL se pueden clasificar seg\u00fan diferentes criterios, entre ellos:<\/p>\n<ul>\n<li>Estructura y tipo de montaje<\/li>\n<li>Altura de elevaci\u00f3n<\/li>\n<li>Potencia de entrada<\/li>\n<li>Capacidad de elevaci\u00f3n<\/li>\n<li>Relaci\u00f3n<\/li>\n<\/ul>\n<h3>Las ventajas del elevador de tornillo de la serie SWL<\/h3>\n<p>El elevador de tornillo de la serie SWL tiene numerosas ventajas sobre otros dispositivos de elevaci\u00f3n, entre ellas:<\/p>\n<ul>\n<li>Estructura compacta<\/li>\n<li>Peque\u00f1o volumen<\/li>\n<li>Peso ligero<\/li>\n<li>Sin ruido<\/li>\n<li>F\u00e1cil instalaci\u00f3n<\/li>\n<li>Uso flexible<\/li>\n<li>Alta confiabilidad<\/li>\n<li>Larga vida \u00fatil<\/li>\n<\/ul>\n<h3>Materiales utilizados en elevadores de tornillo de la serie SWL<\/h3>\n<p>El elevador de tornillo de la serie SWL puede estar fabricado con diferentes materiales, entre ellos:<\/p>\n<ul>\n<li>Aluminio<\/li>\n<li>Acero<\/li>\n<li>Hierro fundido<\/li>\n<li>Acero inoxidable<\/li>\n<li>Lat\u00f3n<\/li>\n<li>Bronce<\/li>\n<\/ul>\n<h3>Instalaci\u00f3n, mantenimiento y reparaci\u00f3n de elevadores de tornillo de la serie SWL<\/h3>\n<p>El elevador de tornillo de la serie SWL es f\u00e1cil de instalar y mantener. Requiere un mantenimiento regular para garantizar su rendimiento \u00f3ptimo. Algunos consejos b\u00e1sicos de mantenimiento incluyen:<\/p>\n<ul>\n<li>Lubricaci\u00f3n peri\u00f3dica de las piezas m\u00f3viles<\/li>\n<li>Inspecci\u00f3n del ascensor para detectar posibles da\u00f1os o defectos.<\/li>\n<li>Reemplazo de cualquier pieza da\u00f1ada<\/li>\n<\/ul>\n<h3>Reemplazo del elevador de tornillo de la serie SWL<\/h3>\n<p>Si es necesario reemplazar un elevador de tornillo de la serie SWL, es importante encontrar un reemplazo adecuado que cumpla con las especificaciones requeridas. Se recomienda consultar con un profesional antes de reemplazar cualquier componente.<\/p>\n<h3>Escenarios de uso com\u00fan de los elevadores de tornillo de la serie SWL<\/h3>\n<p>El elevador de tornillo de la serie SWL se utiliza ampliamente en diversas industrias, entre ellas:<\/p>\n<ul>\n<li>Maquinaria<\/li>\n<li>Metalurgia<\/li>\n<li>Construcci\u00f3n<\/li>\n<li>Equipos de conservaci\u00f3n de agua<\/li>\n<li>Otras industrias<\/li>\n<\/ul>\n<h2>Otros productos de nuestra empresa<\/h2>\n<p>Adem\u00e1s de los elevadores de tornillo de la serie SWL, nuestra empresa tambi\u00e9n suministra diversos engranajes de pl\u00e1stico utilizados en la industria, como cajas de engranajes agr\u00edcolas, ejes de salida de potencia, ruedas dentadas, acoplamientos de fluidos, reductores de engranajes helicoidales, engranajes y cremalleras, cadenas desmontables, poleas y poleas, cajas de engranajes planetarios, poleas de distribuci\u00f3n, bujes y m\u00e1s. Ofrecemos productos de alta calidad a un precio favorable, junto con un servicio considerado. Damos la bienvenida a los clientes a que vengan a nosotros para la personalizaci\u00f3n de dibujos o muestras.<\/p>\n<h2>Preguntas y respuestas<\/h2>\n<ol>\n<li>\n    <strong>\u00bfQu\u00e9 es un elevador de tornillo de la serie SWL?<\/strong><br \/>\n    <br \/>Un elevador de tornillo de la serie SWL es un dispositivo de elevaci\u00f3n mec\u00e1nico de alta eficiencia con diversas aplicaciones en diferentes industrias. Tiene una estructura compacta, un volumen peque\u00f1o, peso ligero, no produce ruido, es f\u00e1cil de instalar, se puede usar de forma flexible, es muy confiable y tiene una larga vida \u00fatil.\n  <\/li>\n<li>\n    <strong>\u00bfCu\u00e1les son las ventajas del elevador de tornillo de la serie SWL?<\/strong><br \/>\n    <br \/>Las ventajas del elevador de tornillo de la serie SWL incluyen su estructura compacta, peque\u00f1o volumen, peso ligero, sin ruido, f\u00e1cil instalaci\u00f3n, uso flexible, alta confiabilidad y larga vida \u00fatil.\n  <\/li>\n<li>\n    <strong>\u00bfCu\u00e1les son los materiales utilizados en el elevador de tornillo de la serie SWL?<\/strong><br \/>\n    <br \/>Los materiales utilizados en los elevadores de tornillo de la serie SWL incluyen aluminio, acero, hierro fundido, acero inoxidable, lat\u00f3n y bronce.\n  <\/li>\n<li>\n    <strong>\u00bfCu\u00e1les son los escenarios de uso comunes del elevador de tornillo de la serie SWL?<\/strong><br \/>\n    <br \/>El elevador de tornillo de la serie SWL se utiliza ampliamente en diversas industrias, incluidas maquinaria, metalurgia, construcci\u00f3n, equipos de conservaci\u00f3n de agua y otras industrias.\n  <\/li>\n<li>\n    <strong>\u00bfQu\u00e9 otros productos ofrece su empresa?<\/strong><br \/>\n    <br \/>Adem\u00e1s de los elevadores de tornillo de la serie SWL, nuestra empresa tambi\u00e9n suministra varios engranajes de pl\u00e1stico utilizados en la industria, como cajas de engranajes agr\u00edcolas, ejes de salida de potencia, pi\u00f1ones, acoplamientos de fluido, reductores de tornillo sin fin, engranajes y cremalleras, cadenas desmontables, poleas y poleas, cajas de engranajes planetarios, poleas de distribuci\u00f3n, bujes y m\u00e1s.\n  <\/li>\n<\/ol>","protected":false},"excerpt":{"rendered":"<p>Worm Gear Screw Lift: The Best Solution for Lifting Needs A SWL series worm wheel screw lift is a highly efficient mechanical lifting device with various applications in different industries. This screw lift has a compact structure, small volume, light weight, no noise, easy installation, flexible use, high reliability, and long service life. It is [&hellip;]<\/p>","protected":false},"featured_media":3095,"template":"","meta":{"_et_pb_use_builder":"","_et_pb_old_content":"","_et_gb_content_width":""},"product_brand":[],"product_cat":[11281],"product_tag":[],"class_list":{"0":"post-3096","1":"product","2":"type-product","3":"status-publish","4":"has-post-thumbnail","6":"product_cat-worm-gearbox","8":"first","9":"instock","10":"shipping-taxable","11":"product-type-simple"},"_links":{"self":[{"href":"https:\/\/agricultural-gear-boxes.com\/es\/wp-json\/wp\/v2\/product\/3096","targetHints":{"allow":["GET"]}}],"collection":[{"href":"https:\/\/agricultural-gear-boxes.com\/es\/wp-json\/wp\/v2\/product"}],"about":[{"href":"https:\/\/agricultural-gear-boxes.com\/es\/wp-json\/wp\/v2\/types\/product"}],"wp:featuredmedia":[{"embeddable":true,"href":"https:\/\/agricultural-gear-boxes.com\/es\/wp-json\/wp\/v2\/media\/3095"}],"wp:attachment":[{"href":"https:\/\/agricultural-gear-boxes.com\/es\/wp-json\/wp\/v2\/media?parent=3096"}],"wp:term":[{"taxonomy":"product_brand","embeddable":true,"href":"https:\/\/agricultural-gear-boxes.com\/es\/wp-json\/wp\/v2\/product_brand?post=3096"},{"taxonomy":"product_cat","embeddable":true,"href":"https:\/\/agricultural-gear-boxes.com\/es\/wp-json\/wp\/v2\/product_cat?post=3096"},{"taxonomy":"product_tag","embeddable":true,"href":"https:\/\/agricultural-gear-boxes.com\/es\/wp-json\/wp\/v2\/product_tag?post=3096"}],"curies":[{"name":"wp","href":"https:\/\/api.w.org\/{rel}","templated":true}]}}