{"id":3112,"date":"2024-08-20T05:42:41","date_gmt":"2024-08-20T05:42:41","guid":{"rendered":"https:\/\/agricultural-gear-boxes.com\/product\/multi-steps-valve-actuator-h-type\/"},"modified":"2024-08-20T05:42:42","modified_gmt":"2024-08-20T05:42:42","slug":"multi-steps-valve-actuator-h-type","status":"publish","type":"product","link":"https:\/\/agricultural-gear-boxes.com\/es\/product\/multi-steps-valve-actuator-h-type\/","title":{"rendered":"Actuador de v\u00e1lvula de varios pasos, tipo H"},"content":{"rendered":"<h2>Actuador de v\u00e1lvula de varios pasos tipo H: una gu\u00eda completa<\/h2>\n<p>El actuador de v\u00e1lvula de pasos m\u00faltiples tipo H es un actuador de v\u00e1lvula de alto rendimiento dise\u00f1ado para diversas aplicaciones en sistemas de control de fluidos. Este actuador est\u00e1 dise\u00f1ado para proporcionar un funcionamiento eficiente y confiable en aplicaciones sobre el suelo, enterradas y sumergidas. Con pares de salida de v\u00e1lvula de hasta 180 000 ft-lb, el actuador de v\u00e1lvula de pasos m\u00faltiples tipo H proporciona un control y una precisi\u00f3n excepcionales en el funcionamiento de la v\u00e1lvula. <\/p>\n<p>Este actuador de v\u00e1lvula se fabrica bajo un sistema de calidad certificado ISO 9001, lo que garantiza su alta calidad y confiabilidad. El actuador est\u00e1 totalmente cerrado y sellado, lo que lo hace resistente a condiciones ambientales adversas. Sus topes mec\u00e1nicos ajustables externamente tienen una capacidad nominal de hasta 300 ft-lbs y cuentan con un mecanismo de autobloqueo que mantiene la posici\u00f3n de la v\u00e1lvula para garantizar la m\u00e1xima seguridad y confiabilidad. <\/p>\n<p>Multi-Steps Valve Actuator-H Type also features a position indicator that clearly indicates the valve position for above ground service. The actuator is sealed and grease packed for buried or submerged service, and its corrosion-resistant input shaft makes it ideal for these applications. It can easily adapt to Handwheel, Chainwheel or 2&#8243; Nut operation, and its spur gear is available for ease of operation. <\/p>\n<p>El actuador cuenta con orificios de montaje para montaje en campo y m\u00faltiples orientaciones de 90\u00b0, utilizando m\u00faltiples ranuras para un posicionamiento preciso. Tambi\u00e9n cuenta con un paquete de cojinetes exclusivo para un funcionamiento suave y una vida \u00fatil prolongada, que incluye cojinetes radiales de bronce y cojinetes de empuje de rodillos.<\/p>\n<h3>Ventajas del actuador de v\u00e1lvula de pasos m\u00faltiples tipo H<\/h3>\n<ul>\n<li>Disponible para aplicaciones sobre el suelo, servicios enterrados y sumergidas.<\/li>\n<li>Fabricado bajo un sistema de calidad certificado ISO 9001<\/li>\n<li>Totalmente cerrado y sellado contra duras condiciones ambientales.<\/li>\n<li>Topes mec\u00e1nicos ajustables externamente con capacidad para 300 ft-lbs<\/li>\n<li>Mecanismo de autobloqueo para mantener la posici\u00f3n de la v\u00e1lvula.<\/li>\n<li>El indicador de posici\u00f3n indica claramente la posici\u00f3n de la v\u00e1lvula para el servicio sobre el suelo.<\/li>\n<li>Sellado y engrasado para servicio enterrado o sumergido.<\/li>\n<li>Eje de entrada resistente a la corrosi\u00f3n para servicio enterrado y sumergido<\/li>\n<li>Easily adapts to Handwheel, Chainwheel or 2&#8243; Nut operation<\/li>\n<li>Engranaje recto disponible para facilitar la operaci\u00f3n.<\/li>\n<li>Orificios de montaje para montaje en campo y m\u00faltiples orientaciones de 90\u00b0, utilizando m\u00faltiples ranuras para un posicionamiento preciso<\/li>\n<li>Paquete de cojinetes exclusivo para un funcionamiento suave y una vida \u00fatil prolongada que incluye cojinetes radiales de bronce y cojinetes axiales de rodillos.<\/li>\n<\/ul>\n<h3>Instalaci\u00f3n y mantenimiento<\/h3>\n<p>Multi-Steps Valve Actuator-H Type is easy to install and maintain. The actuator can be mounted in multiple orientations, utilizing multiple keyways for precise positioning. It can be easily adapted to Handwheel, Chainwheel, or 2&#8243; Nut operation. <\/p>\n<p>Para garantizar la longevidad del actuador, se recomienda realizar un mantenimiento regular. El actuador est\u00e1 sellado y engrasado, lo que lo hace ideal para servicio enterrado o sumergido. El eje de entrada resistente a la corrosi\u00f3n lo hace adecuado para estas aplicaciones. <\/p>\n<h3>Reparaci\u00f3n y reemplazo<\/h3>\n<p>En caso de mal funcionamiento del actuador, se recomienda contactar a un t\u00e9cnico calificado para su reparaci\u00f3n o reemplazo. El actuador cuenta con orificios de montaje para instalaci\u00f3n en campo, lo que facilita su reemplazo. <\/p>\n<h3>Acerca de la empresa<\/h3>\n<p>Ever-Power es un proveedor l\u00edder de diversos engranajes pl\u00e1sticos utilizados en la industria, como cajas de engranajes agr\u00edcolas, ejes de salida de potencia, ruedas dentadas, acoplamientos de fluidos, reductores de engranajes helicoidales, engranajes y cremalleras, cadenas desmontables, poleas y poleas, cajas de engranajes planetarios, poleas de distribuci\u00f3n, bujes y m\u00e1s. Nos enorgullecemos de ofrecer productos de alta calidad, precios favorables y un servicio considerado. Damos la bienvenida a los clientes a que vengan a la personalizaci\u00f3n de dibujos o muestras para satisfacer sus necesidades \u00fanicas.<\/p>\n<h2>Preguntas y respuestas<\/h2>\n<h3>1. \u00bfQu\u00e9 es el actuador de v\u00e1lvula de m\u00faltiples pasos tipo H?<\/h3>\n<p>El actuador de v\u00e1lvula de m\u00faltiples pasos tipo H es un actuador de v\u00e1lvula de alto rendimiento dise\u00f1ado para diversas aplicaciones en sistemas de control de fluidos. <\/p>\n<h3>2. \u00bfCu\u00e1les son las ventajas del actuador de v\u00e1lvula de m\u00faltiples pasos tipo H?<\/h3>\n<p>El actuador de v\u00e1lvula de pasos m\u00faltiples tipo H cuenta con un mecanismo de autobloqueo que mantiene la posici\u00f3n de la v\u00e1lvula, est\u00e1 sellado y engrasado para servicio enterrado o sumergido y tiene un paquete de cojinetes exclusivo para un funcionamiento suave y una vida \u00fatil prolongada.<\/p>\n<h3>3. \u00bfC\u00f3mo se puede instalar el actuador de v\u00e1lvula de m\u00faltiples pasos tipo H?<\/h3>\n<p>Multi-Steps Valve Actuator-H Type can be mounted in multiple orientations, utilizing multiple keyways for precise positioning. It can be easily adapted to Handwheel, Chainwheel, or 2&#8243; Nut operation.<\/p>\n<h3>4. \u00bfC\u00f3mo se debe realizar el mantenimiento del actuador de v\u00e1lvula de pasos m\u00faltiples tipo H?<\/h3>\n<p>Para garantizar la longevidad del actuador de v\u00e1lvula de varios pasos tipo H, se recomienda realizar un mantenimiento regular. El actuador est\u00e1 sellado y engrasado, lo que lo hace ideal para servicio enterrado o sumergido. <\/p>\n<h3>5. \u00bfQu\u00e9 otros productos ofrece Ever-Power?<\/h3>\n<p>Ever-Power ofrece una amplia gama de productos, entre los que se incluyen cajas de engranajes agr\u00edcolas, ejes de salida de potencia, ruedas dentadas, acoplamientos hidr\u00e1ulicos, reductores de engranajes helicoidales, engranajes y cremalleras, cadenas desmontables, poleas y poleas, cajas de engranajes planetarios, poleas de distribuci\u00f3n, bujes y m\u00e1s. Nos enorgullecemos de ofrecer productos de alta calidad, precios favorables y un servicio atento.<\/p>","protected":false},"excerpt":{"rendered":"<p>Multi-Steps Valve Actuator-H Type: A Comprehensive Guide Multi-Steps Valve Actuator-H Type is a high-performance valve actuator designed for various applications in fluid control systems. This actuator is designed to provide efficient and reliable operation in above ground, buried service, and submerged applications. With valve output torques up to 180,000 ft-lbs, Multi-Steps Valve Actuator-H Type provides [&hellip;]<\/p>","protected":false},"featured_media":3111,"template":"","meta":{"_et_pb_use_builder":"","_et_pb_old_content":"","_et_gb_content_width":""},"product_brand":[],"product_cat":[11281],"product_tag":[],"class_list":{"0":"post-3112","1":"product","2":"type-product","3":"status-publish","4":"has-post-thumbnail","6":"product_cat-worm-gearbox","8":"first","9":"instock","10":"shipping-taxable","11":"product-type-simple"},"_links":{"self":[{"href":"https:\/\/agricultural-gear-boxes.com\/es\/wp-json\/wp\/v2\/product\/3112","targetHints":{"allow":["GET"]}}],"collection":[{"href":"https:\/\/agricultural-gear-boxes.com\/es\/wp-json\/wp\/v2\/product"}],"about":[{"href":"https:\/\/agricultural-gear-boxes.com\/es\/wp-json\/wp\/v2\/types\/product"}],"wp:featuredmedia":[{"embeddable":true,"href":"https:\/\/agricultural-gear-boxes.com\/es\/wp-json\/wp\/v2\/media\/3111"}],"wp:attachment":[{"href":"https:\/\/agricultural-gear-boxes.com\/es\/wp-json\/wp\/v2\/media?parent=3112"}],"wp:term":[{"taxonomy":"product_brand","embeddable":true,"href":"https:\/\/agricultural-gear-boxes.com\/es\/wp-json\/wp\/v2\/product_brand?post=3112"},{"taxonomy":"product_cat","embeddable":true,"href":"https:\/\/agricultural-gear-boxes.com\/es\/wp-json\/wp\/v2\/product_cat?post=3112"},{"taxonomy":"product_tag","embeddable":true,"href":"https:\/\/agricultural-gear-boxes.com\/es\/wp-json\/wp\/v2\/product_tag?post=3112"}],"curies":[{"name":"wp","href":"https:\/\/api.w.org\/{rel}","templated":true}]}}