{"id":3118,"date":"2024-08-20T05:42:47","date_gmt":"2024-08-20T05:42:47","guid":{"rendered":"https:\/\/agricultural-gear-boxes.com\/product\/low-backlash-right-angle-servo-worm-reducer\/"},"modified":"2024-08-20T05:42:47","modified_gmt":"2024-08-20T05:42:47","slug":"low-backlash-right-angle-servo-worm-reducer","status":"publish","type":"product","link":"https:\/\/agricultural-gear-boxes.com\/es\/product\/low-backlash-right-angle-servo-worm-reducer\/","title":{"rendered":"Reductor de tornillo sin fin con servomotor en \u00e1ngulo recto y juego reducido"},"content":{"rendered":"<h2>Reductor de tornillo sin fin con servomotor en \u00e1ngulo recto y de bajo juego: una soluci\u00f3n ideal para lograr un alto rendimiento y repetibilidad <\/h2>\n<p>Los reductores de tornillo sin fin con servomotor en \u00e1ngulo recto se han vuelto cada vez m\u00e1s populares con el paso de los a\u00f1os debido a su alto rendimiento y repetibilidad, lo que los hace ideales para aplicaciones que requieren un movimiento rotatorio de precisi\u00f3n, dispositivos de indexaci\u00f3n y situaciones de cambio de velocidad. Se pueden utilizar en manipulaci\u00f3n de materiales y rob\u00f3tica y est\u00e1n disponibles en varios tipos y configuraciones.<\/p>\n<p>La serie de servoengranajes en \u00e1ngulo recto de Ever Power est\u00e1 dise\u00f1ada para proporcionar un funcionamiento suave y un rendimiento confiable. Son elegantes y son ideales para aplicaciones con espacio limitado. Est\u00e1n disponibles en diferentes configuraciones de salida y son f\u00e1ciles de configurar. Ofrecen una herramienta de dimensionamiento \u00fanica que ayuda a los clientes a seleccionar el mejor tren de transmisi\u00f3n para su aplicaci\u00f3n.<\/p>\n<h3>Caracter\u00edsticas de la caja de engranajes helicoidales en \u00e1ngulo recto de bajo juego<\/h3>\n<p>El juego de giro del engranaje helicoidal se puede ajustar a menos de 1 arco, lo que lo hace muy preciso. Se puede reajustar el espacio del reductor despu\u00e9s de su uso, lo que garantiza que siempre funcione al m\u00e1ximo rendimiento. La entrada con acoplamiento es confiable sin juego. La salida con acoplamientos de anillo de sujeci\u00f3n c\u00f3nico tambi\u00e9n es confiable sin juego.<\/p>\n<h3>Aplicaciones de la caja de cambios reductora de \u00e1ngulo recto<\/h3>\n<p>El reductor sinf\u00edn servo de \u00e1ngulo recto con juego reducido es ideal para las siguientes aplicaciones:<\/p>\n<h4>Movimiento rotatorio de precisi\u00f3n<\/h4>\n<p>La caja de cambios ayuda a reducir el ruido y la vibraci\u00f3n causados por el cambio de carga y el cambio de fuerza de corte. Tambi\u00e9n ayuda a reducir el ruido y el impacto causados por la corrotaci\u00f3n y la marcha atr\u00e1s. Adem\u00e1s, ayuda a reducir la abrasi\u00f3n del sinf\u00edn y a aumentar la velocidad de respuesta de salida del sinf\u00edn.<\/p>\n<h4>Dispositivo de indexaci\u00f3n de precisi\u00f3n<\/h4>\n<p>La caja de cambios es ideal para su uso en m\u00e1quinas CNC, l\u00edneas de montaje, m\u00e1quinas de corte y l\u00edneas de transmisi\u00f3n. Su mecanismo de lectura precisa requiere ocasiones de movimiento precisas.<\/p>\n<h4>Situaciones que cambian r\u00e1pidamente<\/h4>\n<p>La caja de cambios ayuda a reducir el ruido y el impacto causados por el cambio de velocidad, y tambi\u00e9n reduce la abrasi\u00f3n del sinf\u00edn que es causada por los cambios de velocidad.<\/p>\n<h3>Especificaciones de la caja de engranajes con transmisi\u00f3n por tornillo sin fin en \u00e1ngulo recto<\/h3>\n<p>El reductor sinf\u00edn servo de \u00e1ngulo recto de bajo juego tiene las siguientes especificaciones:<\/p>\n<p>&#8211; Input Power: 0.18kw \u2013 22kw<br \/>\n&#8211; Output torque: 2.6 Nm \u2013 2371 Nm<br \/>\n&#8211; Ratio: 5:1 \u2013 100:1<br \/>\n&#8211; Efficiency: 94% \u2013 98%<br \/>\n&#8211; Backlash: \u22641arcmin<\/p>\n<p>Si est\u00e1 interesado en el reductor sin fin servo de \u00e1ngulo recto con juego bajo, comun\u00edquese con nosotros para solicitar una cotizaci\u00f3n.<\/p>\n<h3>Acerca de Ever Power<\/h3>\n<p>Adem\u00e1s del reductor de tornillo sin fin de \u00e1ngulo recto de bajo juego, Ever Power tambi\u00e9n suministra varios engranajes de pl\u00e1stico utilizados en la industria, como cajas de engranajes agr\u00edcolas, ejes de salida de potencia, ruedas dentadas, acoplamientos de fluido, reductores de engranajes sin fin, engranajes y cremalleras, cadenas desmontables, poleas y poleas, cajas de engranajes planetarios, poleas de distribuci\u00f3n, bujes y m\u00e1s. Nos comprometemos a proporcionar productos de alta calidad a precios favorables con un servicio considerado. Damos la bienvenida a los clientes a que vengan a realizar el dibujo o la personalizaci\u00f3n de la muestra.<\/p>\n<h2>Preguntas y respuestas<\/h2>\n<p>1. \u00bfPara qu\u00e9 se utiliza el reductor sinf\u00edn servo de \u00e1ngulo recto de bajo juego?<br \/>\nR: Es ideal para aplicaciones que requieren movimiento rotatorio de precisi\u00f3n, dispositivos de indexaci\u00f3n y situaciones de cambio de velocidad.<\/p>\n<p>2. \u00bfCu\u00e1les son algunas caracter\u00edsticas del reductor helicoidal de \u00e1ngulo recto de bajo juego?<br \/>\nA: El juego de giro del engranaje helicoidal se puede ajustar a menos de 1 arco, se puede reajustar el espacio despu\u00e9s del uso y tanto la entrada como la salida son confiables sin juego.<\/p>\n<p>3. \u00bfCu\u00e1les son las especificaciones del reductor sin fin servo de \u00e1ngulo recto de bajo juego?<br \/>\nR: Tiene un rango de potencia de entrada de 0,18 kW a 22 kW, un rango de par de salida de 2,6 Nm a 2371 Nm, un rango de relaci\u00f3n de 5:1 a 100:1, un rango de eficiencia de 94% a 98% y un juego de \u22641 arcmin.<\/p>\n<p>4. \u00bfQu\u00e9 otros productos suministra Ever Power?<br \/>\nA: Ever Power suministra diversos engranajes pl\u00e1sticos utilizados en la industria, como cajas de engranajes agr\u00edcolas, ejes de salida de potencia, pi\u00f1ones, acoplamientos de fluido, reductores de tornillo sin fin, engranajes y cremalleras, cadenas desmontables, poleas y poleas, cajas de engranajes planetarios, poleas de distribuci\u00f3n y bujes.<\/p>\n<p>5. \u00bfPueden los clientes solicitar personalizaciones para los productos de Ever Power?<br \/>\nR: S\u00ed, los clientes pueden venir a realizar el dibujo o la personalizaci\u00f3n de la muestra.<\/p>","protected":false},"excerpt":{"rendered":"<p>Low Backlash Right Angle Servo Worm Reducer: An Ideal Solution for High Performance and Repeatability Right Angle Servo Worm Reducers have become increasingly popular over the years due to their high performance and repeatability, making them ideal for applications that require precision rotary motion, indexing devices, and speed changing situations. They can be used in [&hellip;]<\/p>","protected":false},"featured_media":3117,"template":"","meta":{"_et_pb_use_builder":"","_et_pb_old_content":"","_et_gb_content_width":""},"product_brand":[],"product_cat":[11281],"product_tag":[],"class_list":{"0":"post-3118","1":"product","2":"type-product","3":"status-publish","4":"has-post-thumbnail","6":"product_cat-worm-gearbox","8":"first","9":"instock","10":"shipping-taxable","11":"product-type-simple"},"_links":{"self":[{"href":"https:\/\/agricultural-gear-boxes.com\/es\/wp-json\/wp\/v2\/product\/3118","targetHints":{"allow":["GET"]}}],"collection":[{"href":"https:\/\/agricultural-gear-boxes.com\/es\/wp-json\/wp\/v2\/product"}],"about":[{"href":"https:\/\/agricultural-gear-boxes.com\/es\/wp-json\/wp\/v2\/types\/product"}],"wp:featuredmedia":[{"embeddable":true,"href":"https:\/\/agricultural-gear-boxes.com\/es\/wp-json\/wp\/v2\/media\/3117"}],"wp:attachment":[{"href":"https:\/\/agricultural-gear-boxes.com\/es\/wp-json\/wp\/v2\/media?parent=3118"}],"wp:term":[{"taxonomy":"product_brand","embeddable":true,"href":"https:\/\/agricultural-gear-boxes.com\/es\/wp-json\/wp\/v2\/product_brand?post=3118"},{"taxonomy":"product_cat","embeddable":true,"href":"https:\/\/agricultural-gear-boxes.com\/es\/wp-json\/wp\/v2\/product_cat?post=3118"},{"taxonomy":"product_tag","embeddable":true,"href":"https:\/\/agricultural-gear-boxes.com\/es\/wp-json\/wp\/v2\/product_tag?post=3118"}],"curies":[{"name":"wp","href":"https:\/\/api.w.org\/{rel}","templated":true}]}}