{"id":3122,"date":"2024-08-20T05:42:53","date_gmt":"2024-08-20T05:42:53","guid":{"rendered":"https:\/\/agricultural-gear-boxes.com\/product\/worm-gearbox-for-automatic-car-wash-machine\/"},"modified":"2024-08-20T05:42:54","modified_gmt":"2024-08-20T05:42:54","slug":"worm-gearbox-for-automatic-car-wash-machine","status":"publish","type":"product","link":"https:\/\/agricultural-gear-boxes.com\/es\/product\/worm-gearbox-for-automatic-car-wash-machine\/","title":{"rendered":"Caja de engranajes helicoidales para m\u00e1quina de lavado autom\u00e1tico de autom\u00f3viles"},"content":{"rendered":"<h2>Caja de engranajes helicoidales para m\u00e1quina de lavado autom\u00e1tico de autom\u00f3viles<\/h2>\n<p>Our worm gearbox is the perfect solution for automatic car wash machines. It&#8217;s an essential component that allows for smooth and efficient operation. The gearbox is designed to transmit power between nonintersecting shafts, making it an ideal choice for a wide range of applications. <\/p>\n<h3>Historia y clasificaci\u00f3n<\/h3>\n<p>Los reductores helicoidales existen desde hace siglos y se utilizaron por primera vez en civilizaciones antiguas. En la actualidad, se clasifican en funci\u00f3n de la cantidad de roscas del sinf\u00edn y del material utilizado para fabricar el engranaje. Ofrecemos diferentes tipos de reductores helicoidales para una variedad de aplicaciones.<\/p>\n<h3>Ventajas<\/h3>\n<ul>\n<li>Transmisi\u00f3n de alto par<\/li>\n<li>Salida de bajo ruido<\/li>\n<li>Funcionamiento suave<\/li>\n<li>Bajo mantenimiento<\/li>\n<\/ul>\n<h3>Materiales<\/h3>\n<p>Nuestros reductores helicoidales est\u00e1n fabricados con materiales de alta calidad, como hierro fundido, aluminio y acero. La elecci\u00f3n del material depende de la aplicaci\u00f3n espec\u00edfica y del rendimiento requerido del reductor.<\/p>\n<h3>Instalaci\u00f3n, mantenimiento y reparaci\u00f3n<\/h3>\n<p>Nuestra caja de engranajes helicoidales est\u00e1 dise\u00f1ada para una f\u00e1cil instalaci\u00f3n, mantenimiento y reparaci\u00f3n. El mantenimiento regular garantizar\u00e1 un rendimiento \u00f3ptimo y una vida \u00fatil m\u00e1s prolongada. En caso de problemas, nuestro equipo de expertos siempre est\u00e1 disponible para brindar asistencia y servicios de reparaci\u00f3n.<\/p>\n<h3>Reemplazo<\/h3>\n<p>Si es necesario un reemplazo, ofrecemos una amplia gama de opciones que se adaptan a cualquier requisito espec\u00edfico. Nuestro equipo de expertos siempre est\u00e1 disponible para ayudarlo a seleccionar la mejor caja de cambios de reemplazo para sus necesidades espec\u00edficas.<\/p>\n<h2>Otros productos<\/h2>\n<p>Adem\u00e1s de nuestros reductores de tornillo sin fin, ofrecemos una amplia gama de productos de engranajes de pl\u00e1stico de alta calidad para diversas aplicaciones industriales. Nuestra gama de productos incluye:<\/p>\n<ul>\n<li>Cajas de cambios agr\u00edcolas<\/li>\n<li>Ejes de salida de potencia<\/li>\n<li>Pi\u00f1ones<\/li>\n<li>Acoplamientos de fluidos<\/li>\n<li>Reductores de engranajes helicoidales<\/li>\n<li>Engranajes y cremalleras<\/li>\n<li>Cadenas desmontables<\/li>\n<li>Poleas y poleas<\/li>\n<li>Cajas de engranajes planetarios<\/li>\n<li>Poleas de distribuci\u00f3n<\/li>\n<li>Bujes<\/li>\n<\/ul>\n<p>Nos enorgullecemos de ofrecer productos de alta calidad a un precio favorable y un servicio al cliente excepcional. Damos la bienvenida a los clientes para que recurran a nosotros en busca de soluciones personalizadas en funci\u00f3n de sus necesidades espec\u00edficas.<\/p>\n<h2>Preguntas y respuestas<\/h2>\n<h3>1. \u00bfPor qu\u00e9 los reductores sinf\u00edn son la opci\u00f3n ideal para las m\u00e1quinas de lavado autom\u00e1tico de autom\u00f3viles?<\/h3>\n<p>Los reductores sinf\u00edn son la opci\u00f3n ideal para m\u00e1quinas de lavado autom\u00e1tico de autom\u00f3viles porque permiten un funcionamiento suave y eficiente, transmitiendo potencia entre ejes que no se cruzan.<\/p>\n<h3>2. \u00bfQu\u00e9 materiales se utilizan para fabricar reductores helicoidales?<\/h3>\n<p>Los reductores helicoidales est\u00e1n fabricados con materiales de alta calidad, como hierro fundido, aluminio y acero, seg\u00fan la aplicaci\u00f3n espec\u00edfica y el rendimiento requerido.<\/p>\n<h3>3. \u00bfC\u00f3mo instalo y mantengo mi reductor de tornillo sin fin?<\/h3>\n<p>Nuestra caja de engranajes helicoidales est\u00e1 dise\u00f1ada para una f\u00e1cil instalaci\u00f3n, mantenimiento y reparaci\u00f3n. El mantenimiento regular garantizar\u00e1 un rendimiento \u00f3ptimo y una vida \u00fatil m\u00e1s prolongada. Nuestro equipo de expertos siempre est\u00e1 disponible para brindar asistencia y servicios de reparaci\u00f3n.<\/p>\n<h3>4. \u00bfQu\u00e9 otros productos ofrece la empresa?<\/h3>\n<p>La empresa ofrece una amplia gama de productos de engranajes de pl\u00e1stico de alta calidad para diversas aplicaciones industriales, incluidas cajas de engranajes agr\u00edcolas, ejes de salida de potencia, pi\u00f1ones, acoplamientos de fluido, reductores de tornillo sin fin, engranajes y cremalleras, cadenas desmontables, poleas y poleas, cajas de engranajes planetarios, poleas de distribuci\u00f3n y bujes.<\/p>\n<h3>5. \u00bfPuedo obtener soluciones personalizadas en funci\u00f3n de mis necesidades espec\u00edficas?<\/h3>\n<p>S\u00ed, ofrecemos soluciones personalizadas en funci\u00f3n de las necesidades espec\u00edficas. Nuestro equipo de expertos est\u00e1 siempre disponible para ayudar a los clientes a seleccionar el mejor producto para sus necesidades espec\u00edficas.<\/p>","protected":false},"excerpt":{"rendered":"<p>Worm Gearbox For Automatic Car Wash Machine Our worm gearbox is the perfect solution for automatic car wash machines. It&#8217;s an essential component that allows for smooth and efficient operation. The gearbox is designed to transmit power between nonintersecting shafts, making it an ideal choice for a wide range of applications. History and Classification Worm [&hellip;]<\/p>","protected":false},"featured_media":3121,"template":"","meta":{"_et_pb_use_builder":"","_et_pb_old_content":"","_et_gb_content_width":""},"product_brand":[],"product_cat":[11281],"product_tag":[],"class_list":{"0":"post-3122","1":"product","2":"type-product","3":"status-publish","4":"has-post-thumbnail","6":"product_cat-worm-gearbox","8":"first","9":"instock","10":"shipping-taxable","11":"product-type-simple"},"_links":{"self":[{"href":"https:\/\/agricultural-gear-boxes.com\/es\/wp-json\/wp\/v2\/product\/3122","targetHints":{"allow":["GET"]}}],"collection":[{"href":"https:\/\/agricultural-gear-boxes.com\/es\/wp-json\/wp\/v2\/product"}],"about":[{"href":"https:\/\/agricultural-gear-boxes.com\/es\/wp-json\/wp\/v2\/types\/product"}],"wp:featuredmedia":[{"embeddable":true,"href":"https:\/\/agricultural-gear-boxes.com\/es\/wp-json\/wp\/v2\/media\/3121"}],"wp:attachment":[{"href":"https:\/\/agricultural-gear-boxes.com\/es\/wp-json\/wp\/v2\/media?parent=3122"}],"wp:term":[{"taxonomy":"product_brand","embeddable":true,"href":"https:\/\/agricultural-gear-boxes.com\/es\/wp-json\/wp\/v2\/product_brand?post=3122"},{"taxonomy":"product_cat","embeddable":true,"href":"https:\/\/agricultural-gear-boxes.com\/es\/wp-json\/wp\/v2\/product_cat?post=3122"},{"taxonomy":"product_tag","embeddable":true,"href":"https:\/\/agricultural-gear-boxes.com\/es\/wp-json\/wp\/v2\/product_tag?post=3122"}],"curies":[{"name":"wp","href":"https:\/\/api.w.org\/{rel}","templated":true}]}}