{"id":3128,"date":"2024-08-20T05:43:14","date_gmt":"2024-08-20T05:43:14","guid":{"rendered":"https:\/\/agricultural-gear-boxes.com\/product\/worm-reducer-for-construction-hoist\/"},"modified":"2024-08-20T05:43:15","modified_gmt":"2024-08-20T05:43:15","slug":"worm-reducer-for-construction-hoist","status":"publish","type":"product","link":"https:\/\/agricultural-gear-boxes.com\/es\/product\/worm-reducer-for-construction-hoist\/","title":{"rendered":"Reductor de tornillo sin fin para polipasto de construcci\u00f3n"},"content":{"rendered":"<h2>Reductor de tornillo sin fin para polipasto de construcci\u00f3n<\/h2>\n<p>\u00bfNecesita un reductor de tornillo sin fin confiable y eficiente para su polipasto de construcci\u00f3n? No busque m\u00e1s. Nuestro reductor de tornillo sin fin de primera calidad est\u00e1 dise\u00f1ado espec\u00edficamente para polipastos de construcci\u00f3n y ofrece una variedad de ventajas que lo distinguen de otras transmisiones de tornillo sin fin.<\/p>\n<h3>Ventajas de nuestro reductor de gusanos<\/h3>\n<ul>\n<li>Estructura compacta para f\u00e1cil instalaci\u00f3n y ahorro de espacio.<\/li>\n<li>Mayor capacidad de carga para aplicaciones pesadas<\/li>\n<li>Funcionamiento m\u00e1s suave que garantiza estabilidad y precisi\u00f3n.<\/li>\n<li>Alta eficiencia que ahorra energ\u00eda y reduce costos operativos<\/li>\n<li>Menor ruido de funcionamiento para un entorno de trabajo m\u00e1s silencioso y c\u00f3modo<\/li>\n<li>Mayor vida \u00fatil, lo que garantiza durabilidad y confiabilidad.<\/li>\n<\/ul>\n<p>Nuestro reductor sinf\u00edn para polipastos de construcci\u00f3n est\u00e1 fabricado con materias primas de primera calidad, lo que garantiza un rendimiento superior y una funcionalidad a largo plazo. La carcasa de aleaci\u00f3n de aluminio de alta resistencia lo hace liviano pero incre\u00edblemente resistente.<\/p>\n<h3>Reductor de tornillo sin fin de la serie To15 para polipastos de construcci\u00f3n<\/h3>\n<p><img loading=\"lazy\" decoding=\"async\" class=\"alignnone wp-image-4089 size-full\" src=\"https:\/\/www.ever-power.net\/wp-content\/uploads\/2019\/07\/Worm-Reducer-For-Construction-Hoist-1.jpg\" alt=\"\" width=\"338\" height=\"501\" \/><\/p>\n<table class=\"aligncenter\" width=\"665\">\n<tbody>\n<tr>\n<td rowspan=\"2\" width=\"95\">Tipo<\/td>\n<td width=\"95\">CD<\/td>\n<td rowspan=\"2\" width=\"95\">Relaci\u00f3n<\/td>\n<td rowspan=\"2\" width=\"95\">Potencia de entrada (kW)<\/td>\n<td rowspan=\"2\" width=\"95\">Velocidad de entrada (rpm)<\/td>\n<td rowspan=\"2\" width=\"95\">Eficiencia de transmisi\u00f3n (%)<\/td>\n<td rowspan=\"2\" width=\"95\">Temperatura de aceite de trabajo permitida (\u2103)<\/td>\n<\/tr>\n<tr>\n<td width=\"95\">(mm)<\/td>\n<\/tr>\n<tr>\n<td width=\"95\">T015c<\/td>\n<td width=\"95\">125<\/td>\n<td width=\"95\">14<\/td>\n<td width=\"95\">10<\/td>\n<td width=\"95\">1500<\/td>\n<td width=\"95\">85<\/td>\n<td width=\"95\">10-100<\/td>\n<\/tr>\n<tr>\n<td width=\"95\">T015d<\/td>\n<td width=\"95\">125<\/td>\n<td width=\"95\">16<\/td>\n<td width=\"95\">10<\/td>\n<td width=\"95\">1500<\/td>\n<td width=\"95\">85<\/td>\n<td width=\"95\">10-100<\/td>\n<\/tr>\n<\/tbody>\n<\/table>\n<p>Con nuestro reductor de sinf\u00edn, puede esperar un rendimiento eficiente y confiable en diversas aplicaciones de elevaci\u00f3n para la construcci\u00f3n. Ya sea que lo necesite para proyectos residenciales o comerciales, nuestro reductor de sinf\u00edn es la opci\u00f3n perfecta.<\/p>\n<h2>Otros productos<\/h2>\n<p>En nuestra empresa ofrecemos una amplia gama de productos industriales de alta calidad para satisfacer sus necesidades. Adem\u00e1s de reductores sinf\u00edn para polipastos de construcci\u00f3n, nos especializamos en el suministro de diversos engranajes de pl\u00e1stico, cajas de engranajes agr\u00edcolas, ejes de salida de potencia, ruedas dentadas, acoplamientos hidr\u00e1ulicos, engranajes y cremalleras, cadenas desmontables, poleas y poleas, cajas de engranajes planetarios, poleas de distribuci\u00f3n, bujes y m\u00e1s.<\/p>\n<p>Nos enorgullecemos de la calidad de nuestros productos y nos aseguramos de que est\u00e9n fabricados para durar y tener un rendimiento excepcional. Nuestros precios competitivos y nuestro excelente servicio al cliente nos convierten en una opci\u00f3n confiable en la industria. Tambi\u00e9n ofrecemos servicios de personalizaci\u00f3n para que pueda tener productos dise\u00f1ados a medida de sus necesidades espec\u00edficas.<\/p>\n<h2>Preguntas y respuestas<\/h2>\n<ol>\n<li>\u00bfCu\u00e1les son las ventajas de utilizar un reductor de sinf\u00edn para polipastos de construcci\u00f3n?<\/li>\n<li>\u00bfCu\u00e1l es el material utilizado en la construcci\u00f3n de su reductor de sinf\u00edn?<\/li>\n<li>\u00bfSe puede instalar f\u00e1cilmente el reductor de sinf\u00edn?<\/li>\n<li>\u00bfC\u00f3mo realizo el mantenimiento y reparaci\u00f3n del reductor de sinf\u00edn?<\/li>\n<li>\u00bfOfrecen servicios de personalizaci\u00f3n para sus productos?<\/li>\n<\/ol>","protected":false},"excerpt":{"rendered":"<p>Worm Reducer For Construction Hoist Are you in need of a reliable and efficient worm reducer for your construction hoist? Look no further. Our top-quality worm reducer is designed specifically for construction hoists, offering a range of advantages that set it apart from other worm transmissions. Advantages of Our Worm Reducer Compact structure for easy [&hellip;]<\/p>","protected":false},"featured_media":3127,"template":"","meta":{"_et_pb_use_builder":"","_et_pb_old_content":"","_et_gb_content_width":""},"product_brand":[],"product_cat":[11281],"product_tag":[],"class_list":{"0":"post-3128","1":"product","2":"type-product","3":"status-publish","4":"has-post-thumbnail","6":"product_cat-worm-gearbox","8":"first","9":"instock","10":"shipping-taxable","11":"product-type-simple"},"_links":{"self":[{"href":"https:\/\/agricultural-gear-boxes.com\/es\/wp-json\/wp\/v2\/product\/3128","targetHints":{"allow":["GET"]}}],"collection":[{"href":"https:\/\/agricultural-gear-boxes.com\/es\/wp-json\/wp\/v2\/product"}],"about":[{"href":"https:\/\/agricultural-gear-boxes.com\/es\/wp-json\/wp\/v2\/types\/product"}],"wp:featuredmedia":[{"embeddable":true,"href":"https:\/\/agricultural-gear-boxes.com\/es\/wp-json\/wp\/v2\/media\/3127"}],"wp:attachment":[{"href":"https:\/\/agricultural-gear-boxes.com\/es\/wp-json\/wp\/v2\/media?parent=3128"}],"wp:term":[{"taxonomy":"product_brand","embeddable":true,"href":"https:\/\/agricultural-gear-boxes.com\/es\/wp-json\/wp\/v2\/product_brand?post=3128"},{"taxonomy":"product_cat","embeddable":true,"href":"https:\/\/agricultural-gear-boxes.com\/es\/wp-json\/wp\/v2\/product_cat?post=3128"},{"taxonomy":"product_tag","embeddable":true,"href":"https:\/\/agricultural-gear-boxes.com\/es\/wp-json\/wp\/v2\/product_tag?post=3128"}],"curies":[{"name":"wp","href":"https:\/\/api.w.org\/{rel}","templated":true}]}}