{"id":3130,"date":"2024-08-20T05:43:18","date_gmt":"2024-08-20T05:43:18","guid":{"rendered":"https:\/\/agricultural-gear-boxes.com\/product\/worm-reducer-for-paper-cutting-machine\/"},"modified":"2024-08-20T05:43:18","modified_gmt":"2024-08-20T05:43:18","slug":"worm-reducer-for-paper-cutting-machine","status":"publish","type":"product","link":"https:\/\/agricultural-gear-boxes.com\/es\/product\/worm-reducer-for-paper-cutting-machine\/","title":{"rendered":"Reductor de tornillo sin fin para m\u00e1quina cortadora de papel"},"content":{"rendered":"<h2>Reductor de tornillo sin fin para m\u00e1quina cortadora de papel: una soluci\u00f3n confiable para un funcionamiento sin problemas<\/h2>\n<p>Los reductores sinf\u00edn desempe\u00f1an un papel fundamental en diversas aplicaciones industriales, incluidas las m\u00e1quinas cortadoras de papel. Los reductores sinf\u00edn son dispositivos mec\u00e1nicos que reducen la velocidad del eje de entrada mediante engranajes y una rueda helicoidal. La reducci\u00f3n de la velocidad ayuda a aumentar el par, lo que los convierte en una soluci\u00f3n ideal para operaciones de trabajo pesado. Los reductores sinf\u00edn se utilizan com\u00fanmente en m\u00e1quinas cortadoras de papel, ya que estas m\u00e1quinas requieren un alto nivel de precisi\u00f3n y estabilidad. <\/p>\n<h3>Ventajas del reductor de tornillo sin fin para m\u00e1quina cortadora de papel<\/h3>\n<ul>\n<li>Alto par: Los reductores de sinf\u00edn ofrecen un alto par, lo que los convierte en una soluci\u00f3n ideal para m\u00e1quinas de corte de papel. <\/li>\n<li>Precisi\u00f3n: Los reductores de sinf\u00edn proporcionan alta precisi\u00f3n en las operaciones, garantizando un corte preciso y reduciendo el desperdicio de material. <\/li>\n<li>Estabilidad: Los reductores de sinf\u00edn ofrecen un alto nivel de estabilidad, lo que los hace adecuados para operaciones pesadas. <\/li>\n<li>Bajo nivel de ruido: Los reductores de sinf\u00edn producen poco ruido, lo que garantiza un entorno de trabajo c\u00f3modo. <\/li>\n<\/ul>\n<h3>Instalaci\u00f3n, mantenimiento y reparaci\u00f3n de reductores de sinf\u00edn<\/h3>\n<p>Worm reducers are easy to install, maintain, and repair. It is essential to follow the manufacturer&#8217;s guidelines while installing the worm reducer. Regular maintenance of the reducer is necessary to ensure optimal performance and increase its lifespan. In case of any repair, it is recommended to seek professional help. The worm reducer is made up of high-quality materials, ensuring its durability and reliability.<\/p>\n<h3>Otros productos ofrecidos por nuestra empresa<\/h3>\n<p>Adem\u00e1s de los reductores sinf\u00edn, nuestra empresa ofrece una amplia gama de productos industriales, que incluyen cajas de engranajes agr\u00edcolas, ejes de salida de potencia, ruedas dentadas, acoplamientos de fluido, engranajes y cremalleras, cadenas desmontables, poleas y poleas, cajas de engranajes planetarios, poleas de distribuci\u00f3n, bujes y m\u00e1s. Ofrecemos productos de alta calidad a un precio razonable y ofrecemos un excelente servicio al cliente. Invitamos a los clientes a que vengan a nosotros para personalizar dibujos o muestras.<\/p>\n<h2>Preguntas y respuestas<\/h2>\n<h3>P1. \u00bfQu\u00e9 es un reductor de sinf\u00edn y para qu\u00e9 se utiliza?<\/h3>\n<p>A1. Un reductor de tornillo sin fin es un dispositivo mec\u00e1nico que reduce la velocidad del eje de entrada mediante engranajes y una rueda helicoidal. Se utiliza com\u00fanmente en diversas aplicaciones industriales, incluidas las m\u00e1quinas cortadoras de papel, para proporcionar un alto par, precisi\u00f3n y estabilidad.<\/p>\n<h3>P2. \u00bfCu\u00e1les son las ventajas de utilizar un reductor de tornillo sin fin en una m\u00e1quina cortadora de papel?<\/h3>\n<p>A2. Los reductores sinf\u00edn ofrecen un alto par, precisi\u00f3n, estabilidad y bajo nivel de ruido, lo que los convierte en una soluci\u00f3n ideal para m\u00e1quinas cortadoras de papel. Garantiza un corte preciso, reduce el desperdicio de material y proporciona un entorno de trabajo c\u00f3modo.<\/p>\n<h3>P3. \u00bfC\u00f3mo instalar un reductor de sinf\u00edn?<\/h3>\n<p>A3. It is essential to follow the manufacturer&#8217;s guidelines while installing the worm reducer. Seek professional help if needed.<\/p>\n<h3>P4. \u00bfC\u00f3mo realizar el mantenimiento de un reductor de sinfines?<\/h3>\n<p>A4. Es necesario realizar un mantenimiento peri\u00f3dico del reductor de sinf\u00edn para garantizar un rendimiento \u00f3ptimo y aumentar su vida \u00fatil.<\/p>\n<h3>P5. \u00bfQu\u00e9 otros productos ofrece la empresa?<\/h3>\n<p>A5. Adem\u00e1s de los reductores sinf\u00edn, nuestra empresa ofrece una amplia gama de productos industriales, entre los que se incluyen cajas de engranajes agr\u00edcolas, ejes de salida de potencia, ruedas dentadas, acoplamientos hidr\u00e1ulicos, engranajes y cremalleras, cadenas desmontables, poleas y poleas, cajas de engranajes planetarios, poleas de distribuci\u00f3n, bujes y m\u00e1s. Ofrecemos productos de alta calidad a un precio razonable y ofrecemos un excelente servicio al cliente.<\/p>","protected":false},"excerpt":{"rendered":"<p>Worm Reducer For Paper Cutting Machine: A Reliable Solution for Smooth Operations Worm reducers play a vital role in various industrial applications, including paper cutting machines. Worm reducers are mechanical devices that reduce the speed of the input shaft by using gears and a worm wheel. The reduction in speed helps in increasing the torque, [&hellip;]<\/p>","protected":false},"featured_media":3129,"template":"","meta":{"_et_pb_use_builder":"","_et_pb_old_content":"","_et_gb_content_width":""},"product_brand":[],"product_cat":[11281],"product_tag":[],"class_list":{"0":"post-3130","1":"product","2":"type-product","3":"status-publish","4":"has-post-thumbnail","6":"product_cat-worm-gearbox","8":"first","9":"instock","10":"shipping-taxable","11":"product-type-simple"},"_links":{"self":[{"href":"https:\/\/agricultural-gear-boxes.com\/es\/wp-json\/wp\/v2\/product\/3130","targetHints":{"allow":["GET"]}}],"collection":[{"href":"https:\/\/agricultural-gear-boxes.com\/es\/wp-json\/wp\/v2\/product"}],"about":[{"href":"https:\/\/agricultural-gear-boxes.com\/es\/wp-json\/wp\/v2\/types\/product"}],"wp:featuredmedia":[{"embeddable":true,"href":"https:\/\/agricultural-gear-boxes.com\/es\/wp-json\/wp\/v2\/media\/3129"}],"wp:attachment":[{"href":"https:\/\/agricultural-gear-boxes.com\/es\/wp-json\/wp\/v2\/media?parent=3130"}],"wp:term":[{"taxonomy":"product_brand","embeddable":true,"href":"https:\/\/agricultural-gear-boxes.com\/es\/wp-json\/wp\/v2\/product_brand?post=3130"},{"taxonomy":"product_cat","embeddable":true,"href":"https:\/\/agricultural-gear-boxes.com\/es\/wp-json\/wp\/v2\/product_cat?post=3130"},{"taxonomy":"product_tag","embeddable":true,"href":"https:\/\/agricultural-gear-boxes.com\/es\/wp-json\/wp\/v2\/product_tag?post=3130"}],"curies":[{"name":"wp","href":"https:\/\/api.w.org\/{rel}","templated":true}]}}