{"id":3138,"date":"2024-08-20T05:43:30","date_gmt":"2024-08-20T05:43:30","guid":{"rendered":"https:\/\/agricultural-gear-boxes.com\/product\/worm-reducer-for-continuous-casting-machine\/"},"modified":"2024-08-20T05:43:31","modified_gmt":"2024-08-20T05:43:31","slug":"worm-reducer-for-continuous-casting-machine","status":"publish","type":"product","link":"https:\/\/agricultural-gear-boxes.com\/es\/product\/worm-reducer-for-continuous-casting-machine\/","title":{"rendered":"Reductor de tornillo sin fin para m\u00e1quina de colada continua"},"content":{"rendered":"<h2>Reductor de tornillo sin fin para m\u00e1quinas de colada continua: un equipo de transmisi\u00f3n duradero y eficiente<\/h2>\n<p>\nEl reductor de tornillo sin fin para la m\u00e1quina de colada continua es un equipo de transmisi\u00f3n doble dise\u00f1ado con tornillo sin fin y rueda helicoidal. Su estructura compacta y funci\u00f3n de autobloqueo lo convierten en la opci\u00f3n preferida para diversas aplicaciones de transmisi\u00f3n. El reductor de engranajes tiene una gran relaci\u00f3n de transmisi\u00f3n, una ligera vibraci\u00f3n, un bajo ruido de funcionamiento y un bajo consumo de energ\u00eda. Se utiliza ampliamente en muchas industrias, como la metalurgia, la miner\u00eda y la construcci\u00f3n, para conectar maquinaria de trabajo y transmitir energ\u00eda.\n<\/p>\n<h3>Ventajas del reductor de tornillo sin fin para la m\u00e1quina de colada continua<\/h3>\n<ul>\n<li>Alta eficiencia<\/li>\n<li>Larga vida \u00fatil<\/li>\n<li>F\u00e1cil de conectar a la maquinaria en funcionamiento.<\/li>\n<li>Estructura compacta<\/li>\n<li>Funci\u00f3n de autobloqueo<\/li>\n<li>Bajo nivel de ruido al funcionar<\/li>\n<li>Bajo consumo de energ\u00eda<\/li>\n<\/ul>\n<h3>Clasificaci\u00f3n de reductores de tornillo sin fin para m\u00e1quinas de colada continua<\/h3>\n<p>\nEl reductor de tornillo sin fin para m\u00e1quina de colada continua se puede clasificar en diferentes tipos seg\u00fan su CD (mm), relaci\u00f3n, potencia de entrada, velocidad de entrada, eficiencia de transmisi\u00f3n y temperatura de aceite de trabajo permitida, etc. Ever-Power Machinery, un proveedor l\u00edder de reductores de tornillo sin fin en el mercado, ofrece una variedad de reductores de tornillo sin fin para que los clientes elijan, como RD-11-4.5-\u2162, RD-11-7.5, RD-11-10.5 y RD-11-12.5, etc.\n<\/p>\n<h3>Materiales del reductor de tornillo sin fin para m\u00e1quina de colada continua<\/h3>\n<p>\nLa carcasa del reductor de tornillo sin fin est\u00e1 fabricada en fundici\u00f3n en arena recubierta de resina, lo que le da un aspecto art\u00edstico y garantiza la durabilidad del producto. La caja de cambios est\u00e1 fabricada con materiales de alta calidad para garantizar un excelente rendimiento y una larga vida \u00fatil.\n<\/p>\n<h3>Instalaci\u00f3n, mantenimiento, reparaci\u00f3n y reemplazo de reductores de tornillo sin fin para m\u00e1quinas de colada continua<\/h3>\n<p>\nLa instalaci\u00f3n del reductor de tornillo sin fin para la m\u00e1quina de colada continua es relativamente sencilla. Es una estructura montada en el eje que se puede conectar directamente a la maquinaria de trabajo. Es necesario un mantenimiento regular para garantizar el buen funcionamiento de la caja de cambios. Se recomienda utilizar aceite lubricante con la viscosidad adecuada y cambiar el aceite peri\u00f3dicamente. Si hay alg\u00fan sonido o vibraci\u00f3n anormal durante el funcionamiento, debe repararse a tiempo. Al reemplazar el reductor de tornillo sin fin, es importante asegurarse de que el producto de reemplazo tenga el mismo rendimiento o uno superior al original.\n<\/p>\n<h3>Otros productos proporcionados por Ever-Power Machinery<\/h3>\n<p>\nAdem\u00e1s de los reductores sinf\u00edn, Ever-Power Machinery tambi\u00e9n suministra diversos engranajes de pl\u00e1stico utilizados en la industria, como cajas de engranajes agr\u00edcolas, ejes de salida de potencia, ruedas dentadas, acoplamientos de fluido, engranajes y cremalleras, cadenas desmontables, poleas y poleas, cajas de engranajes planetarios, poleas de distribuci\u00f3n, bujes y m\u00e1s. Siempre proporcionamos productos de alta calidad a precios favorables y ofrecemos servicios considerados a nuestros clientes. Tambi\u00e9n damos la bienvenida a los clientes que vienen a nosotros para la personalizaci\u00f3n de dibujos o muestras.\n<\/p>\n<h2>Preguntas y respuestas<\/h2>\n<h3>\u00bfCu\u00e1les son las ventajas del reductor de tornillo sin fin para la m\u00e1quina de colada continua?<\/h3>\n<p>\nEl reductor de tornillo sin fin para m\u00e1quina de colada continua tiene muchas ventajas, como alta eficiencia, larga vida \u00fatil, f\u00e1cil conexi\u00f3n a la maquinaria de trabajo, estructura compacta, funci\u00f3n de autobloqueo, bajo ruido de funcionamiento y bajo consumo de energ\u00eda, etc.\n<\/p>\n<h3>\u00bfCu\u00e1les son los escenarios de uso comunes del reductor de tornillo sin fin para la m\u00e1quina de colada continua?<\/h3>\n<p>\nEl reductor de tornillo sin fin para m\u00e1quinas de colada continua se utiliza ampliamente en muchas industrias, como la metalurgia, la miner\u00eda y la construcci\u00f3n, para conectar maquinaria de trabajo y transmitir energ\u00eda.\n<\/p>\n<h3>\u00bfQu\u00e9 materiales se utilizan para fabricar el reductor de tornillo sin fin para la m\u00e1quina de colada continua?<\/h3>\n<p>\nLa carcasa del reductor de tornillo sin fin est\u00e1 hecha de fundici\u00f3n en arena recubierta de resina y la caja de engranajes est\u00e1 hecha de materiales de alta calidad para garantizar un rendimiento excelente y una larga vida \u00fatil.\n<\/p>\n<h3>\u00bfC\u00f3mo instalar un reductor de tornillo sin fin para una m\u00e1quina de colada continua?<\/h3>\n<p>\nLa instalaci\u00f3n del reductor de tornillo sin fin para la m\u00e1quina de colada continua es relativamente sencilla. Se trata de una estructura montada sobre un eje que se puede conectar directamente a la maquinaria de trabajo.\n<\/p>\n<h3>\u00bfQu\u00e9 otros productos ofrece Ever-Power Machinery?<\/h3>\n<p>\nEver-Power Machinery proporciona diversos engranajes de pl\u00e1stico utilizados en la industria, como cajas de engranajes agr\u00edcolas, ejes de salida de potencia, pi\u00f1ones, acoplamientos de fluido, engranajes y cremalleras, cadenas desmontables, poleas y poleas, cajas de engranajes planetarios, poleas de distribuci\u00f3n, bujes y m\u00e1s.<\/p>","protected":false},"excerpt":{"rendered":"<p>Worm Reducer For Continuous Casting Machine: A Durable and Efficient Transmission Equipment Worm reducer for continuous casting machine is a double transmission equipment designed with worm and worm wheel. Its compact structure and self-locking function make it a preferred choice for various transmission applications. The gear reducer has a large transmission ratio, slight vibrating, low [&hellip;]<\/p>","protected":false},"featured_media":3137,"template":"","meta":{"_et_pb_use_builder":"","_et_pb_old_content":"","_et_gb_content_width":""},"product_brand":[],"product_cat":[11281],"product_tag":[],"class_list":{"0":"post-3138","1":"product","2":"type-product","3":"status-publish","4":"has-post-thumbnail","6":"product_cat-worm-gearbox","8":"first","9":"instock","10":"shipping-taxable","11":"product-type-simple"},"_links":{"self":[{"href":"https:\/\/agricultural-gear-boxes.com\/es\/wp-json\/wp\/v2\/product\/3138","targetHints":{"allow":["GET"]}}],"collection":[{"href":"https:\/\/agricultural-gear-boxes.com\/es\/wp-json\/wp\/v2\/product"}],"about":[{"href":"https:\/\/agricultural-gear-boxes.com\/es\/wp-json\/wp\/v2\/types\/product"}],"wp:featuredmedia":[{"embeddable":true,"href":"https:\/\/agricultural-gear-boxes.com\/es\/wp-json\/wp\/v2\/media\/3137"}],"wp:attachment":[{"href":"https:\/\/agricultural-gear-boxes.com\/es\/wp-json\/wp\/v2\/media?parent=3138"}],"wp:term":[{"taxonomy":"product_brand","embeddable":true,"href":"https:\/\/agricultural-gear-boxes.com\/es\/wp-json\/wp\/v2\/product_brand?post=3138"},{"taxonomy":"product_cat","embeddable":true,"href":"https:\/\/agricultural-gear-boxes.com\/es\/wp-json\/wp\/v2\/product_cat?post=3138"},{"taxonomy":"product_tag","embeddable":true,"href":"https:\/\/agricultural-gear-boxes.com\/es\/wp-json\/wp\/v2\/product_tag?post=3138"}],"curies":[{"name":"wp","href":"https:\/\/api.w.org\/{rel}","templated":true}]}}