{"id":3140,"date":"2024-08-20T05:43:32","date_gmt":"2024-08-20T05:43:32","guid":{"rendered":"https:\/\/agricultural-gear-boxes.com\/product\/worm-gear-reducers-for-hoists\/"},"modified":"2024-08-20T05:43:33","modified_gmt":"2024-08-20T05:43:33","slug":"worm-gear-reducers-for-hoists","status":"publish","type":"product","link":"https:\/\/agricultural-gear-boxes.com\/es\/product\/worm-gear-reducers-for-hoists\/","title":{"rendered":"Reductores de engranajes helicoidales para polipastos"},"content":{"rendered":"<h2>Reductores de tornillo sin fin para polipastos: soluciones duraderas y confiables para sus necesidades de infraestructura y marinas<\/h2>\n<p>Los reductores de engranajes helicoidales para polipastos son un componente esencial de cualquier aplicaci\u00f3n de infraestructura y marina. En Ever-Power, ofrecemos polipastos de engranajes helicoidales hechos a medida que ofrecen la durabilidad y confiabilidad que necesita. Con valores nominales de par de salida que van desde 3000 in-lbs (340 Nm) hasta 45 000 in-lbs (5114 Nm), nuestros polipastos de engranajes helicoidales pueden satisfacer una amplia gama de requisitos.<\/p>\n<h3>Escenarios de uso com\u00fan<\/h3>\n<p>Nuestros reductores de engranajes sinf\u00edn para polipastos se utilizan com\u00fanmente en los mercados de infraestructura y mar\u00edtimos. Estos polipastos de engranajes sinf\u00edn se fabrican a medida para cada aplicaci\u00f3n y pueden satisfacer una amplia gama de requisitos. Nuestros reductores de engranajes sinf\u00edn para polipastos est\u00e1n fabricados para durar y pueden proporcionar una soluci\u00f3n confiable para cualquier aplicaci\u00f3n que requiera elevaci\u00f3n de cargas pesadas.<\/p>\n<h3>Ventajas<\/h3>\n<ul>\n<li>Durable y confiable<\/li>\n<li>Hecho a medida para cada aplicaci\u00f3n<\/li>\n<li>Puede manejar una amplia gama de requisitos.<\/li>\n<li>Construido para durar<\/li>\n<\/ul>\n<h3>Materiales<\/h3>\n<p>Nuestros reductores de tornillo sin fin para polipastos est\u00e1n fabricados con materiales de alta calidad que pueden soportar cargas pesadas. Los materiales utilizados para fabricar nuestros polipastos de tornillo sin fin incluyen:<\/p>\n<ul>\n<li>Acero<\/li>\n<li>Hierro fundido<\/li>\n<li>Aluminio<\/li>\n<\/ul>\n<h3>Instalaci\u00f3n, mantenimiento y reparaci\u00f3n<\/h3>\n<p>La instalaci\u00f3n, el mantenimiento y la reparaci\u00f3n adecuados son esenciales para garantizar el rendimiento a largo plazo de nuestros reductores de engranajes sinf\u00edn para polipastos. A continuaci\u00f3n, se ofrecen algunos consejos para tener en cuenta:<\/p>\n<ul>\n<li>Always follow the manufacturer&#8217;s instructions when installing a worm gear hoist.<\/li>\n<li>El mantenimiento regular es esencial para mantener el polipasto de tornillo sin fin en buenas condiciones de funcionamiento. Esto incluye la limpieza y la lubricaci\u00f3n.<\/li>\n<li>Si su polipasto de tornillo sin fin necesita reparaci\u00f3n, consulte siempre con un t\u00e9cnico calificado.<\/li>\n<li>If replacement is necessary, follow the manufacturer&#8217;s instructions to ensure proper installation.<\/li>\n<\/ul>\n<h3>Otros productos<\/h3>\n<p>Ever-Power ofrece una amplia gama de productos para todas sus necesidades industriales. Adem\u00e1s de reductores de engranajes helicoidales para polipastos, suministramos diversos engranajes de pl\u00e1stico utilizados en la industria, incluidas cajas de engranajes agr\u00edcolas, ejes de salida de potencia, ruedas dentadas, acoplamientos de fluidos, engranajes y cremalleras, cadenas desmontables, poleas, cajas de engranajes planetarios, poleas de distribuci\u00f3n, bujes y m\u00e1s. Nos comprometemos a proporcionar productos de alta calidad a un precio favorable y con un servicio considerado. Damos la bienvenida a los clientes a que vengan a nosotros para personalizar dibujos o muestras.<\/p>\n<h2>Preguntas y respuestas<\/h2>\n<p><strong>P:<\/strong> \u00bfQu\u00e9 son los reductores de tornillo sin fin para polipastos?<\/p>\n<p><strong>A:<\/strong> Los reductores de engranajes sinf\u00edn para polipastos son un componente esencial de cualquier infraestructura y aplicaci\u00f3n marina. Estos polipastos de engranajes sinf\u00edn se fabrican a medida para cada aplicaci\u00f3n y pueden satisfacer una amplia gama de requisitos.<\/p>\n<p><strong>P:<\/strong> \u00bfQu\u00e9 materiales se utilizan para fabricar reductores de tornillo sin fin para polipastos?<\/p>\n<p><strong>A:<\/strong> Los materiales utilizados para fabricar nuestros polipastos de tornillo sin fin incluyen acero, hierro fundido y aluminio.<\/p>\n<p><strong>P:<\/strong> \u00bfCu\u00e1les son las ventajas de utilizar reductores de tornillo sin fin para polipastos?<\/p>\n<p><strong>A:<\/strong> Las ventajas de utilizar reductores de tornillo sin fin para polipastos incluyen durabilidad, confiabilidad, fabricaci\u00f3n personalizada para cada aplicaci\u00f3n, capacidad para manejar una amplia gama de requisitos y construcci\u00f3n para durar.<\/p>\n<p><strong>P:<\/strong> \u00bfQu\u00e9 debo hacer si mi polipasto de tornillo sin fin necesita reparaci\u00f3n?<\/p>\n<p><strong>A:<\/strong> Si su polipasto de tornillo sin fin necesita reparaci\u00f3n, consulte siempre con un t\u00e9cnico calificado.<\/p>\n<p><strong>P:<\/strong> \u00bfQu\u00e9 otros productos ofrece Ever-Power?<\/p>\n<p><strong>A:<\/strong> Ever-Power ofrece una amplia gama de productos para todas sus necesidades industriales, incluidas cajas de engranajes agr\u00edcolas, ejes de salida de potencia, pi\u00f1ones, acoplamientos de fluido, engranajes y cremalleras, cadenas desmontables, poleas, cajas de engranajes planetarios, poleas de distribuci\u00f3n, bujes y m\u00e1s.<\/p>","protected":false},"excerpt":{"rendered":"<p>Worm Gear Reducers For Hoists: Durable and Dependable Solutions for Your Infrastructure and Marine Needs Worm gear reducers for hoists are an essential component of any infrastructure and marine application. At Ever-Power, we provide custom-built worm gear hoists that offer the durability and dependability you need. With output torque ratings ranging from 3000 in-lbs (340 [&hellip;]<\/p>","protected":false},"featured_media":3139,"template":"","meta":{"_et_pb_use_builder":"","_et_pb_old_content":"","_et_gb_content_width":""},"product_brand":[],"product_cat":[11281],"product_tag":[],"class_list":{"0":"post-3140","1":"product","2":"type-product","3":"status-publish","4":"has-post-thumbnail","6":"product_cat-worm-gearbox","8":"first","9":"instock","10":"shipping-taxable","11":"product-type-simple"},"_links":{"self":[{"href":"https:\/\/agricultural-gear-boxes.com\/es\/wp-json\/wp\/v2\/product\/3140","targetHints":{"allow":["GET"]}}],"collection":[{"href":"https:\/\/agricultural-gear-boxes.com\/es\/wp-json\/wp\/v2\/product"}],"about":[{"href":"https:\/\/agricultural-gear-boxes.com\/es\/wp-json\/wp\/v2\/types\/product"}],"wp:featuredmedia":[{"embeddable":true,"href":"https:\/\/agricultural-gear-boxes.com\/es\/wp-json\/wp\/v2\/media\/3139"}],"wp:attachment":[{"href":"https:\/\/agricultural-gear-boxes.com\/es\/wp-json\/wp\/v2\/media?parent=3140"}],"wp:term":[{"taxonomy":"product_brand","embeddable":true,"href":"https:\/\/agricultural-gear-boxes.com\/es\/wp-json\/wp\/v2\/product_brand?post=3140"},{"taxonomy":"product_cat","embeddable":true,"href":"https:\/\/agricultural-gear-boxes.com\/es\/wp-json\/wp\/v2\/product_cat?post=3140"},{"taxonomy":"product_tag","embeddable":true,"href":"https:\/\/agricultural-gear-boxes.com\/es\/wp-json\/wp\/v2\/product_tag?post=3140"}],"curies":[{"name":"wp","href":"https:\/\/api.w.org\/{rel}","templated":true}]}}