{"id":3153,"date":"2024-08-20T05:53:15","date_gmt":"2024-08-20T05:53:15","guid":{"rendered":"https:\/\/agricultural-gear-boxes.com\/product\/planetary-gearboxes-for-slew-drive\/"},"modified":"2024-08-20T05:53:17","modified_gmt":"2024-08-20T05:53:17","slug":"planetary-gearboxes-for-slew-drive","status":"publish","type":"product","link":"https:\/\/agricultural-gear-boxes.com\/es\/product\/planetary-gearboxes-for-slew-drive\/","title":{"rendered":"Cajas de engranajes planetarios para transmisi\u00f3n de giro"},"content":{"rendered":"<h2>EP700 Planetary GearBoxes For Slew Drive &#8211; Features and Advantages<\/h2>\n<p>Ever-Power Group Co., Ltd. fabrica los reductores de giro de la serie EP700, que son altamente eficientes y duraderos con una amplia gama de caracter\u00edsticas. Estos reductores planetarios est\u00e1n dise\u00f1ados espec\u00edficamente para su uso en reductores de giro, que se utilizan para girar equipos pesados como gr\u00faas y excavadoras. Ever-Power Group Co., Ltd. est\u00e1 en el negocio desde 1998 y se ha convertido en uno de los principales fabricantes y proveedores de reductores planetarios del mundo. <\/p>\n<h3>EP700 Series Slew Drive &#8211; Features<\/h3>\n<ul>\n<li><strong>Rango de par de salida<\/strong>:1000-80000 Nm<\/li>\n<li><strong>Relaciones de transmisi\u00f3n<\/strong>: i=3,3 &#8230; 3000<\/li>\n<li><strong>Apoyo:<\/strong> Soporte de giro (con brida montada)<\/li>\n<li><strong>Freno el\u00e9ctrico<\/strong>:Tipo CC y CA<\/li>\n<li><strong>Eje de salida<\/strong>: estriado o con pi\u00f1\u00f3n integrado. Ejes de salida soportados por cojinetes de gran capacidad para trabajos pesados.<\/li>\n<li><strong>Motores aplicables:<\/strong> Motores hidr\u00e1ulicos de pistones axiales, motores orbitales hidr\u00e1ulicos, motores el\u00e9ctricos IEC <\/li>\n<li><strong>Opciones de motor hidr\u00e1ulico:<\/strong> V\u00e1lvula de alivio de presi\u00f3n, v\u00e1lvula de sobrecentro, freno de estacionamiento bajo pedido<\/li>\n<\/ul>\n<h3>EP700 Series Slew Drive &#8211; Advantages<\/h3>\n<ul>\n<li>Altamente eficiente y duradero.<\/li>\n<li>Amplia gama de relaciones de transmisi\u00f3n<\/li>\n<li>Se puede utilizar con diferentes tipos de motores.<\/li>\n<li>Freno el\u00e9ctrico para mayor seguridad<\/li>\n<li>Ejes de salida de alta resistencia soportados por cojinetes de alta capacidad<\/li>\n<li>Opciones de motor hidr\u00e1ulico disponibles<\/li>\n<\/ul>\n<h3>Instalaci\u00f3n, mantenimiento y reparaci\u00f3n<\/h3>\n<p>La instalaci\u00f3n de los variadores de velocidad de la serie EP700 es sencilla y puede ser realizada por profesionales capacitados. El mantenimiento de rutina tambi\u00e9n es f\u00e1cil e implica verificar los niveles de aceite, limpiar los componentes y ajustar los pernos o conexiones flojos. En caso de cualquier da\u00f1o o mal funcionamiento, Ever-Power Group Co., Ltd. ofrece servicios de reparaci\u00f3n y repuestos para garantizar que su equipo funcione sin problemas.<\/p>\n<h3>Otros productos de Ever-Power Group Co.,Ltd.<\/h3>\n<p>Adem\u00e1s de las cajas de engranajes planetarios de la serie EP700, Ever-Power Group Co., Ltd. tambi\u00e9n suministra diversos engranajes pl\u00e1sticos utilizados en la industria, como cajas de engranajes agr\u00edcolas, ejes de salida de potencia, ruedas dentadas, acoplamientos de fluidos, reductores de engranajes helicoidales, engranajes y cremalleras, cadenas desmontables, poleas y poleas, cajas de engranajes planetarios, poleas de distribuci\u00f3n, bujes y m\u00e1s. Utilizamos modernos sistemas de gesti\u00f3n inform\u00e1tica y hemos aprobado con \u00e9xito la certificaci\u00f3n del sistema de calidad ISO9001: 2000. <\/p>\n<h2>Preguntas y respuestas<\/h2>\n<ol>\n<li>\u00bfCu\u00e1les son las caracter\u00edsticas de los variadores de velocidad de la serie EP700?<\/li>\n<li>\u00bfQu\u00e9 tipos de motores se pueden utilizar con los variadores de giro de la serie EP700?<\/li>\n<li>\u00bfCu\u00e1l es el proceso de instalaci\u00f3n de los variadores de velocidad de la serie EP700?<\/li>\n<li>\u00bfQu\u00e9 mantenimiento de rutina se requiere para las unidades de giro de la serie EP700?<\/li>\n<li>\u00bfEver-Power Group Co., Ltd. ofrece servicios de reparaci\u00f3n para unidades de giro de la serie EP700?<\/li>\n<\/ol>","protected":false},"excerpt":{"rendered":"<p>EP700 Planetary GearBoxes For Slew Drive &#8211; Features and Advantages Ever-Power Group Co.,Ltd. manufactures the EP700 series slew drives that are highly efficient and durable with a wide range of features. These planetary gearboxes are specifically designed for use in slew drives, which are used to rotate heavy equipment like cranes and excavators. Ever-Power Group [&hellip;]<\/p>","protected":false},"featured_media":3152,"template":"","meta":{"_et_pb_use_builder":"","_et_pb_old_content":"","_et_gb_content_width":""},"product_brand":[],"product_cat":[11283],"product_tag":[],"class_list":{"0":"post-3153","1":"product","2":"type-product","3":"status-publish","4":"has-post-thumbnail","6":"product_cat-planetary-gearbox","8":"first","9":"instock","10":"shipping-taxable","11":"product-type-simple"},"_links":{"self":[{"href":"https:\/\/agricultural-gear-boxes.com\/es\/wp-json\/wp\/v2\/product\/3153","targetHints":{"allow":["GET"]}}],"collection":[{"href":"https:\/\/agricultural-gear-boxes.com\/es\/wp-json\/wp\/v2\/product"}],"about":[{"href":"https:\/\/agricultural-gear-boxes.com\/es\/wp-json\/wp\/v2\/types\/product"}],"wp:featuredmedia":[{"embeddable":true,"href":"https:\/\/agricultural-gear-boxes.com\/es\/wp-json\/wp\/v2\/media\/3152"}],"wp:attachment":[{"href":"https:\/\/agricultural-gear-boxes.com\/es\/wp-json\/wp\/v2\/media?parent=3153"}],"wp:term":[{"taxonomy":"product_brand","embeddable":true,"href":"https:\/\/agricultural-gear-boxes.com\/es\/wp-json\/wp\/v2\/product_brand?post=3153"},{"taxonomy":"product_cat","embeddable":true,"href":"https:\/\/agricultural-gear-boxes.com\/es\/wp-json\/wp\/v2\/product_cat?post=3153"},{"taxonomy":"product_tag","embeddable":true,"href":"https:\/\/agricultural-gear-boxes.com\/es\/wp-json\/wp\/v2\/product_tag?post=3153"}],"curies":[{"name":"wp","href":"https:\/\/api.w.org\/{rel}","templated":true}]}}