{"id":3164,"date":"2024-08-20T05:53:28","date_gmt":"2024-08-20T05:53:28","guid":{"rendered":"https:\/\/agricultural-gear-boxes.com\/product\/transit-mixer-gearboxes\/"},"modified":"2024-08-20T05:53:28","modified_gmt":"2024-08-20T05:53:28","slug":"transit-mixer-gearboxes","status":"publish","type":"product","link":"https:\/\/agricultural-gear-boxes.com\/es\/product\/transit-mixer-gearboxes\/","title":{"rendered":"Cajas de cambios para mezcladoras de tr\u00e1nsito"},"content":{"rendered":"<h2>Cajas de engranajes para mezcladoras de tr\u00e1nsito: el componente esencial para una mezcla de hormig\u00f3n eficiente<\/h2>\n<p>Las cajas de engranajes de las mezcladoras de tr\u00e1nsito son componentes esenciales que se utilizan para mezclar el hormig\u00f3n de manera eficiente. Estas cajas de engranajes est\u00e1n dise\u00f1adas para proporcionar un par elevado a bajas velocidades, lo que las hace ideales para su uso en mezcladoras de tr\u00e1nsito. Las cajas de engranajes de las mezcladoras de tr\u00e1nsito se utilizan ampliamente en la industria de la construcci\u00f3n, donde se utilizan para transportar el hormig\u00f3n desde la planta de dosificaci\u00f3n hasta el sitio de construcci\u00f3n.<\/p>\n<p>The hydrostatic transmission developed by Danfoss for transit mixers is based on more than 30 years of experience in the worldwide use of pumps\/motors in transit mixers. This transmission system comprises the axial piston variable displacement pump TMP and the axial piston fixed displacement motor TMM. The rotational group&#8217;s demonstrable reliability was decisive in continuing to use these in the new and innovative drive concept.<\/p>\n<p>En los modelos TMP y TMM se han adoptado los tama\u00f1os de conexi\u00f3n (brida de fijaci\u00f3n\/eje) de la serie 20. El eje de la TMP se dise\u00f1a de f\u00e1brica con la brida de conexi\u00f3n DIN habitual de 100 mm como est\u00e1ndar, lo que facilita su instalaci\u00f3n y mantenimiento. Se han tenido en cuenta los requisitos del mercado en cuanto a reducci\u00f3n del volumen total, peso y ruido, as\u00ed como el control el\u00e9ctrico del caudal de la bomba.<\/p>\n<h3>Ventajas de las cajas de cambios de los mezcladores de tr\u00e1nsito<\/h3>\n<ul>\n<li>Alto par a baja velocidad<\/li>\n<li>F\u00e1cil de instalar y mantener.<\/li>\n<li>Volumen general, peso y ruido reducidos.<\/li>\n<li>Control de desplazamiento de bomba el\u00e9ctrica<\/li>\n<li>Se puede utilizar una amplia gama de materiales.<\/li>\n<\/ul>\n<h3>Instalaci\u00f3n, mantenimiento y reparaci\u00f3n de cajas de engranajes de hormigoneras<\/h3>\n<p>Transit mixer gearboxes are relatively easy to install, maintain, and repair. However, it is important to follow the manufacturer&#8217;s guidelines when doing so. Regular maintenance is essential to ensure the longevity and optimal performance of the gearbox. Maintenance tasks include oil changes, inspection of gears and bearings, and checking for leaks.<\/p>\n<p>Si falla una caja de cambios, es importante repararla o reemplazarla lo antes posible. Esto evitar\u00e1 m\u00e1s da\u00f1os en la mezcladora y garantizar\u00e1 que el hormig\u00f3n se mezcle de manera eficiente. Las cajas de cambios de repuesto se pueden conseguir f\u00e1cilmente a trav\u00e9s de proveedores confiables y, por lo general, se pueden instalar de manera r\u00e1pida y sencilla.<\/p>\n<h3>Otros productos de nuestra empresa<\/h3>\n<p>Adem\u00e1s de las cajas de engranajes para mezcladoras de tr\u00e1nsito, suministramos una amplia gama de engranajes de pl\u00e1stico utilizados en diversas industrias. Nuestros productos incluyen cajas de engranajes agr\u00edcolas, ejes de salida de potencia, ruedas dentadas, acoplamientos de fluidos, reductores de engranajes sinf\u00edn, engranajes y cremalleras, cadenas desmontables, poleas y poleas, cajas de engranajes planetarios, poleas de distribuci\u00f3n, bujes y m\u00e1s.<\/p>\n<p>Nos enorgullecemos de ofrecer productos de alta calidad a precios favorables y brindar un excelente servicio al cliente. Invitamos a los clientes a que vengan a nosotros con sus dibujos o muestras para personalizarlos.<\/p>\n<h2>Preguntas y respuestas<\/h2>\n<h3>1. \u00bfQu\u00e9 son las cajas de engranajes de los mezcladores de tr\u00e1nsito?<\/h3>\n<p>Las cajas de engranajes de las mezcladoras de tr\u00e1nsito son componentes esenciales que se utilizan para mezclar el hormig\u00f3n de manera eficiente. Proporcionan un alto par a bajas velocidades y est\u00e1n dise\u00f1adas para transportar el hormig\u00f3n desde la planta de dosificaci\u00f3n hasta el sitio de construcci\u00f3n.<\/p>\n<h3>2. \u00bfCu\u00e1les son las ventajas de las cajas de engranajes de los mezcladores de tr\u00e1nsito?<\/h3>\n<p>Las ventajas de las cajas de engranajes de los mezcladores de tr\u00e1nsito incluyen alto torque a baja velocidad, f\u00e1cil instalaci\u00f3n y mantenimiento, menor volumen, peso y ruido general, control de desplazamiento de bomba el\u00e9ctrica y la capacidad de usar una amplia gama de materiales.<\/p>\n<h3>3. \u00bfC\u00f3mo se instalan y mantienen las cajas de engranajes de los mezcladores de tr\u00e1nsito?<\/h3>\n<p>Transit mixer gearboxes are relatively easy to install and maintain. It is important to follow the manufacturer&#8217;s guidelines when doing so. Regular maintenance is essential to ensure their longevity and optimal performance.<\/p>\n<h3>4. \u00bfQu\u00e9 se debe hacer si falla la caja de cambios de un mezclador de tr\u00e1nsito?<\/h3>\n<p>Si falla la caja de engranajes de una mezcladora de tr\u00e1nsito, es importante repararla o reemplazarla lo antes posible. Esto evitar\u00e1 m\u00e1s da\u00f1os a la mezcladora y garantizar\u00e1 que el hormig\u00f3n se mezcle de manera eficiente. Las cajas de engranajes de repuesto est\u00e1n disponibles en proveedores confiables y, por lo general, se pueden instalar de manera r\u00e1pida y sencilla.<\/p>\n<h3>5. \u00bfQu\u00e9 otros productos suministra su empresa?<\/h3>\n<p>Adem\u00e1s de las cajas de engranajes para mezcladoras de tr\u00e1nsito, suministramos una amplia gama de engranajes de pl\u00e1stico utilizados en diversas industrias. Nuestros productos incluyen cajas de engranajes agr\u00edcolas, ejes de salida de potencia, ruedas dentadas, acoplamientos de fluidos, reductores de engranajes sinf\u00edn, engranajes y cremalleras, cadenas desmontables, poleas y poleas, cajas de engranajes planetarios, poleas de distribuci\u00f3n, bujes y m\u00e1s.<\/p>","protected":false},"excerpt":{"rendered":"<p>Transit Mixer Gearboxes: The Essential Component for Efficient Concrete Mixing Transit mixer gearboxes are essential components used in the efficient mixing of concrete. These gearboxes are designed to provide high torque at low speeds, making them ideal for use in transit mixers. Transit mixer gearboxes are widely used in the construction industry, where they are [&hellip;]<\/p>","protected":false},"featured_media":3163,"template":"","meta":{"_et_pb_use_builder":"","_et_pb_old_content":"","_et_gb_content_width":""},"product_brand":[],"product_cat":[11283],"product_tag":[],"class_list":{"0":"post-3164","1":"product","2":"type-product","3":"status-publish","4":"has-post-thumbnail","6":"product_cat-planetary-gearbox","8":"first","9":"instock","10":"shipping-taxable","11":"product-type-simple"},"_links":{"self":[{"href":"https:\/\/agricultural-gear-boxes.com\/es\/wp-json\/wp\/v2\/product\/3164","targetHints":{"allow":["GET"]}}],"collection":[{"href":"https:\/\/agricultural-gear-boxes.com\/es\/wp-json\/wp\/v2\/product"}],"about":[{"href":"https:\/\/agricultural-gear-boxes.com\/es\/wp-json\/wp\/v2\/types\/product"}],"wp:featuredmedia":[{"embeddable":true,"href":"https:\/\/agricultural-gear-boxes.com\/es\/wp-json\/wp\/v2\/media\/3163"}],"wp:attachment":[{"href":"https:\/\/agricultural-gear-boxes.com\/es\/wp-json\/wp\/v2\/media?parent=3164"}],"wp:term":[{"taxonomy":"product_brand","embeddable":true,"href":"https:\/\/agricultural-gear-boxes.com\/es\/wp-json\/wp\/v2\/product_brand?post=3164"},{"taxonomy":"product_cat","embeddable":true,"href":"https:\/\/agricultural-gear-boxes.com\/es\/wp-json\/wp\/v2\/product_cat?post=3164"},{"taxonomy":"product_tag","embeddable":true,"href":"https:\/\/agricultural-gear-boxes.com\/es\/wp-json\/wp\/v2\/product_tag?post=3164"}],"curies":[{"name":"wp","href":"https:\/\/api.w.org\/{rel}","templated":true}]}}