{"id":3168,"date":"2024-08-20T05:53:31","date_gmt":"2024-08-20T05:53:31","guid":{"rendered":"https:\/\/agricultural-gear-boxes.com\/product\/planetary-gearboxes-for-excavators-slew-drive\/"},"modified":"2024-08-20T05:53:31","modified_gmt":"2024-08-20T05:53:31","slug":"planetary-gearboxes-for-excavators-slew-drive","status":"publish","type":"product","link":"https:\/\/agricultural-gear-boxes.com\/es\/product\/planetary-gearboxes-for-excavators-slew-drive\/","title":{"rendered":"Cajas de engranajes planetarios para transmisi\u00f3n de giro de excavadoras"},"content":{"rendered":"<h2>Cajas de engranajes planetarios para transmisi\u00f3n de giro de excavadoras<\/h2>\n<p>Si est\u00e1 buscando reductores planetarios fiables y de alta calidad para transmisiones de giro de excavadoras, ha llegado al lugar correcto. Nuestra empresa ofrece una amplia gama de transmisiones de giro de las series EP y NB, especialmente dise\u00f1adas para soportar las condiciones m\u00e1s extremas. Estas transmisiones se utilizan ampliamente en diversas aplicaciones, como seguidores solares, gr\u00faas, excavadoras, turbinas e\u00f3licas y muchas m\u00e1s.<\/p>\n<h3>Historia de la transmisi\u00f3n Slew<\/h3>\n<p>Los variadores de velocidad se introdujeron por primera vez a principios de la d\u00e9cada de 1960, cuando se utilizaron en la construcci\u00f3n de rascacielos en la ciudad de Nueva York. Desde entonces, estos variadores han evolucionado y ahora se utilizan en una amplia gama de industrias. Son conocidos por su alta precisi\u00f3n, durabilidad y confiabilidad.<\/p>\n<h3>Ventajas de las cajas de engranajes planetarios para el accionamiento de giro de excavadoras<\/h3>\n<ul>\n<li>Alta eficiencia y precisi\u00f3n<\/li>\n<li>Dise\u00f1o compacto y f\u00e1cil instalaci\u00f3n.<\/li>\n<li>Duradero y confiable<\/li>\n<li>Bajo mantenimiento<\/li>\n<li>Alta capacidad de par<\/li>\n<\/ul>\n<h3>Materiales utilizados en cajas de engranajes planetarios para transmisi\u00f3n de giro de excavadoras<\/h3>\n<p>Utilizamos materiales de alta calidad, como acero forjado y aleaci\u00f3n de aluminio, para la fabricaci\u00f3n de nuestros variadores de velocidad de las series EP y NB. Estos materiales garantizan la durabilidad y la longevidad de los variadores, incluso en condiciones extremas.<\/p>\n<h3>Instalaci\u00f3n, mantenimiento y reparaci\u00f3n de cajas de engranajes planetarios para excavadoras Slew Drive<\/h3>\n<p>Nuestros variadores de velocidad de las series EP y NB est\u00e1n dise\u00f1ados para una f\u00e1cil instalaci\u00f3n y mantenimiento. Se pueden integrar f\u00e1cilmente en su sistema con un m\u00ednimo esfuerzo. En caso de cualquier reparaci\u00f3n, nuestro equipo t\u00e9cnico est\u00e1 siempre disponible para ayudarle con las reparaciones necesarias.<\/p>\n<h3>Otros productos de nuestra empresa<\/h3>\n<p>Adem\u00e1s de cajas de engranajes planetarios para transmisi\u00f3n de giro de excavadoras, nuestra empresa tambi\u00e9n suministra otros productos de alta calidad como:<\/p>\n<ul>\n<li>Cajas de cambios agr\u00edcolas<\/li>\n<li>Ejes de salida de potencia<\/li>\n<li>Pi\u00f1ones<\/li>\n<li>Acoplamientos de fluidos<\/li>\n<li>Reductores de engranajes helicoidales<\/li>\n<li>Engranajes y cremalleras<\/li>\n<li>Cadenas desmontables<\/li>\n<li>Poleas y poleas<\/li>\n<li>Cajas de engranajes planetarios<\/li>\n<li>Poleas de distribuci\u00f3n<\/li>\n<li>Bujes<\/li>\n<\/ul>\n<p>Nos enorgullecemos de ofrecer productos de alta calidad a un precio favorable y un servicio atento. Damos la bienvenida a los clientes que vienen a nosotros para personalizar dibujos o muestras.<\/p>\n<h2>Preguntas y respuestas<\/h2>\n<h3>1. \u00bfCu\u00e1les son los escenarios de uso comunes de las cajas de engranajes planetarios para transmisi\u00f3n de giro de excavadoras?<\/h3>\n<p>Los reductores planetarios para excavadoras se utilizan ampliamente en diversas aplicaciones, como seguidores solares, gr\u00faas, excavadoras, turbinas e\u00f3licas y muchas m\u00e1s. Son conocidos por su alta precisi\u00f3n, durabilidad y confiabilidad.<\/p>\n<h3>2. \u00bfQu\u00e9 materiales se utilizan para la fabricaci\u00f3n de los accionamientos de giro de las series EP y NB?<\/h3>\n<p>Utilizamos materiales de alta calidad, como acero forjado y aleaci\u00f3n de aluminio, para la fabricaci\u00f3n de nuestros variadores de velocidad de las series EP y NB. Estos materiales garantizan la durabilidad y la longevidad de los variadores, incluso en condiciones extremas.<\/p>\n<h3>3. \u00bfSon f\u00e1ciles de instalar y mantener los engranajes planetarios para transmisi\u00f3n de giro de excavadoras?<\/h3>\n<p>S\u00ed, nuestros variadores de velocidad de las series EP y NB est\u00e1n dise\u00f1ados para una f\u00e1cil instalaci\u00f3n y mantenimiento. Se pueden integrar f\u00e1cilmente en su sistema con un m\u00ednimo esfuerzo. En caso de cualquier reparaci\u00f3n, nuestro equipo t\u00e9cnico siempre est\u00e1 disponible para ayudarlo con las reparaciones necesarias.<\/p>\n<h3>4. \u00bfCu\u00e1les son las ventajas de los engranajes planetarios para el accionamiento de giro de las excavadoras?<\/h3>\n<p>Las ventajas de las cajas de engranajes planetarios para transmisi\u00f3n de giro de excavadoras incluyen alta eficiencia y precisi\u00f3n, dise\u00f1o compacto y f\u00e1cil instalaci\u00f3n, durabilidad, confiabilidad, bajo mantenimiento y alta capacidad de torque.<\/p>\n<h3>5. \u00bfQu\u00e9 otros productos suministra su empresa?<\/h3>\n<p>Adem\u00e1s de cajas de engranajes planetarios para transmisi\u00f3n de giro de excavadoras, nuestra empresa tambi\u00e9n suministra varios otros productos de alta calidad como cajas de engranajes agr\u00edcolas, ejes de salida de potencia, pi\u00f1ones, acoplamientos de fluido, reductores de tornillo sin fin, engranajes y cremalleras, cadenas desmontables, poleas y poleas, cajas de engranajes planetarios, poleas de distribuci\u00f3n, bujes y m\u00e1s.<\/p>","protected":false},"excerpt":{"rendered":"<p>Planetary GearBoxes For Excavators Slew Drive If you are looking for high-quality and reliable Planetary GearBoxes for Excavators Slew Drive, then you have landed on the right page. Our company provides a wide range of EP and NB series Slew Drives that are specially designed to withstand the most extreme conditions. These drives are widely [&hellip;]<\/p>","protected":false},"featured_media":3167,"template":"","meta":{"_et_pb_use_builder":"","_et_pb_old_content":"","_et_gb_content_width":""},"product_brand":[],"product_cat":[11283],"product_tag":[],"class_list":{"0":"post-3168","1":"product","2":"type-product","3":"status-publish","4":"has-post-thumbnail","6":"product_cat-planetary-gearbox","8":"first","9":"instock","10":"shipping-taxable","11":"product-type-simple"},"_links":{"self":[{"href":"https:\/\/agricultural-gear-boxes.com\/es\/wp-json\/wp\/v2\/product\/3168","targetHints":{"allow":["GET"]}}],"collection":[{"href":"https:\/\/agricultural-gear-boxes.com\/es\/wp-json\/wp\/v2\/product"}],"about":[{"href":"https:\/\/agricultural-gear-boxes.com\/es\/wp-json\/wp\/v2\/types\/product"}],"wp:featuredmedia":[{"embeddable":true,"href":"https:\/\/agricultural-gear-boxes.com\/es\/wp-json\/wp\/v2\/media\/3167"}],"wp:attachment":[{"href":"https:\/\/agricultural-gear-boxes.com\/es\/wp-json\/wp\/v2\/media?parent=3168"}],"wp:term":[{"taxonomy":"product_brand","embeddable":true,"href":"https:\/\/agricultural-gear-boxes.com\/es\/wp-json\/wp\/v2\/product_brand?post=3168"},{"taxonomy":"product_cat","embeddable":true,"href":"https:\/\/agricultural-gear-boxes.com\/es\/wp-json\/wp\/v2\/product_cat?post=3168"},{"taxonomy":"product_tag","embeddable":true,"href":"https:\/\/agricultural-gear-boxes.com\/es\/wp-json\/wp\/v2\/product_tag?post=3168"}],"curies":[{"name":"wp","href":"https:\/\/api.w.org\/{rel}","templated":true}]}}