{"id":3170,"date":"2024-08-20T05:53:33","date_gmt":"2024-08-20T05:53:33","guid":{"rendered":"https:\/\/agricultural-gear-boxes.com\/product\/auger-drives\/"},"modified":"2024-08-20T05:53:34","modified_gmt":"2024-08-20T05:53:34","slug":"auger-drives","status":"publish","type":"product","link":"https:\/\/agricultural-gear-boxes.com\/es\/product\/auger-drives\/","title":{"rendered":"Accionamientos de barrena"},"content":{"rendered":"<h2>Accionamientos de barrena: liberando el poder de la innovaci\u00f3n<\/h2>\n<p>Lleve sus operaciones de excavaci\u00f3n al siguiente nivel con Auger Drives, un producto revolucionario dise\u00f1ado para afrontar las condiciones de perforaci\u00f3n m\u00e1s dif\u00edciles. Equipados con un motor hidr\u00e1ulico y una caja de engranajes planetarios, estos Auger Drives ofrecen un rendimiento y una fiabilidad incomparables, lo que los convierte en la opci\u00f3n ideal para excavadoras y minicargadoras.<\/p>\n<h3>Revelando la versatilidad de los accionamientos de barrena:<\/h3>\n<ul>\n<li>Motor hidr\u00e1ulico acoplado a una caja de engranajes planetarios para una transmisi\u00f3n de potencia \u00f3ptima<\/li>\n<li>Torques l\u00edderes en su clase que garantizan una capacidad de perforaci\u00f3n excepcional<\/li>\n<li>Carcasa completamente fundida para una mayor durabilidad y longevidad.<\/li>\n<li>2?? Impulsi\u00f3n hexagonal para compatibilidad con una amplia gama de barrenas<\/li>\n<\/ul>\n<h3>El ajuste perfecto para cada aplicaci\u00f3n:<\/h3>\n<table border=\"1\">\n<tbody>\n<tr>\n<td rowspan=\"2\" width=\"100\"><em><strong>Solicitud<\/strong><\/em><\/td>\n<td style=\"text-align: center; background-color: #00b0f0;\" colspan=\"2\" width=\"162\"><em><strong>Minicargadora compacta<\/strong><\/em><\/td>\n<td width=\"81\"><\/td>\n<td width=\"77\"><\/td>\n<\/tr>\n<tr>\n<td><\/td>\n<td style=\"text-align: center; background-color: #00b050;\" colspan=\"3\"><em><strong>Minicargadora de tama\u00f1o completo<\/strong><\/em><\/td>\n<\/tr>\n<tr>\n<td>Modelo<\/td>\n<td>HP21<\/td>\n<td>HP27<\/td>\n<td>HP41<\/td>\n<td>HP49<\/td>\n<\/tr>\n<tr>\n<td>Par m\u00e1ximo<\/td>\n<td>1500 pies-libras<\/td>\n<td>2730 pies-libras<\/td>\n<td>4080 pies-libras<\/td>\n<td>4860 pies-libras<\/td>\n<\/tr>\n<tr>\n<td>Flujo m\u00e1ximo<\/td>\n<td>23 galones por minuto<\/td>\n<td>23 galones por minuto<\/td>\n<td>23 galones por minuto<\/td>\n<td>23 galones por minuto<\/td>\n<\/tr>\n<tr>\n<td>Presi\u00f3n m\u00e1xima<\/td>\n<td>4000 psi<\/td>\n<td>4000 psi<\/td>\n<td>4000 psi<\/td>\n<td>4000 psi<\/td>\n<\/tr>\n<tr>\n<td>Velocidad m\u00e1xima<\/td>\n<td>153 RPM<\/td>\n<td>110 RPM<\/td>\n<td>71 RPM<\/td>\n<td>55 RPM<\/td>\n<\/tr>\n<tr>\n<td><\/td>\n<td style=\"text-align: center; background-color: #ffff00;\" colspan=\"2\"><strong>Tierra\/Suciedad<\/strong><\/td>\n<td><\/td>\n<td><\/td>\n<\/tr>\n<tr>\n<td><\/td>\n<td><\/td>\n<td style=\"text-align: center; background-color: #ed7d31;\" colspan=\"2\"><strong>Tierra dura\/roca<\/strong><\/td>\n<td><\/td>\n<\/tr>\n<tr>\n<td><\/td>\n<td><\/td>\n<td><\/td>\n<td style=\"text-align: center; color: #fff; background-color: #ff0000;\" colspan=\"2\"><strong>Rock\/Extremo<\/strong><\/td>\n<\/tr>\n<\/tbody>\n<\/table>\n<p>Experience the reliability and efficiency of Auger Drive&#8217;s extensive range of auger drive units. Developed through years of hands-on experience, these units have been rigorously tested in the most challenging drilling conditions, including the hardest rock. With innovative designs and advanced engineering, Auger Drive products provide superior performance and reduced maintenance, offering the ultimate solution in Earth Drill technology.<\/p>\n<h3>Libere el poder de la configuraci\u00f3n:<\/h3>\n<p>EP auger drives offer manufacturers the flexibility of choosing from multiple motor displacements, ensuring optimal performance for various auger applications. Whether it&#8217;s bevel gearboxes or high torque planetary gearboxes, Auger Drive provides the right solution based on your specific needs. The EP Series can also be equipped with a cross port relief, preventing shock load failures and ensuring longevity.<\/p>\n<p>Con una amplia gama de opciones de eje de salida disponibles, la Serie EP ofrece una capacidad de configuraci\u00f3n inigualable. Su versatilidad no tiene l\u00edmites, lo que le permite adaptar el accionamiento del sinf\u00edn a sus requisitos exclusivos.<\/p>\n<h3>Mejorando sus operaciones de excavaci\u00f3n:<\/h3>\n<p>Instalar, mantener y reparar su unidad de perforaci\u00f3n es muy f\u00e1cil. Con instrucciones f\u00e1ciles de seguir, puede configurar la unidad sin problemas, lo que garantiza un tiempo de inactividad m\u00ednimo y una productividad m\u00e1xima. Si surge la necesidad, reemplazar componentes es un proceso simple y eficiente, lo que garantiza un rendimiento de excavaci\u00f3n ininterrumpido.<\/p>\n<h2>Descubra nuestra gama completa de productos l\u00edderes en la industria<\/h2>\n<p>Adem\u00e1s de los accionamientos de barrena, nuestra empresa se enorgullece de ofrecer una amplia gama de productos de engranajes de pl\u00e1stico de alta calidad para diversas aplicaciones industriales. Nuestra amplia l\u00ednea de productos incluye cajas de engranajes agr\u00edcolas, ejes de salida de potencia, ruedas dentadas, acoplamientos de fluidos, reductores de engranajes helicoidales, engranajes y cremalleras, cadenas desmontables, poleas y poleas, cajas de engranajes planetarios, poleas de distribuci\u00f3n, bujes y m\u00e1s.<\/p>\n<p>En nuestra empresa, priorizamos la entrega de productos de primera calidad a precios competitivos, junto con un servicio al cliente excepcional. Invitamos a los clientes a explorar nuestra amplia gama de opciones y aprovechar nuestros servicios de personalizaci\u00f3n basados en dibujos o muestras, lo que garantiza una soluci\u00f3n a medida que se adapte perfectamente a sus necesidades.<\/p>\n<h2>Preguntas y respuestas<\/h2>\n<p><strong>1. \u00bfQu\u00e9 hace que Auger Drives se destaque de la competencia?<\/strong><\/p>\n<p>Los accionamientos de barrena se destacan por su rendimiento y confiabilidad gracias a su combinaci\u00f3n de motor hidr\u00e1ulico y caja de engranajes planetarios, que brindan un torque y una durabilidad excepcionales.<\/p>\n<p><strong>2. \u00bfSe pueden utilizar los accionamientos de barrena en diferentes escenarios de perforaci\u00f3n?<\/strong><\/p>\n<p>\u00a1Por supuesto! Los accionamientos de barrena est\u00e1n dise\u00f1ados para afrontar diversas condiciones de perforaci\u00f3n, desde tierra y suciedad hasta rocas duras o entornos de perforaci\u00f3n extremos.<\/p>\n<p><strong>3. \u00bfQu\u00e9 tan f\u00e1cil es instalar y mantener un Auger Drive?<\/strong><\/p>\n<p>La instalaci\u00f3n y el mantenimiento de un sistema de transmisi\u00f3n por barrena son muy sencillos gracias a las sencillas instrucciones que se proporcionan. Nuestros sistemas est\u00e1n dise\u00f1ados para una f\u00e1cil instalaci\u00f3n y un tiempo de inactividad m\u00ednimo.<\/p>\n<p><strong>4. \u00bfEs posible reemplazar los componentes de un sinf\u00edn si es necesario?<\/strong><\/p>\n<p>S\u00ed, los componentes del sistema de transmisi\u00f3n de la barrena se pueden reemplazar f\u00e1cilmente, lo que garantiza un rendimiento de excavaci\u00f3n ininterrumpido. Nuestro objetivo es brindarle una soluci\u00f3n confiable y eficiente.<\/p>\n<p><strong>5. \u00bfQu\u00e9 otros productos ofrece su empresa?<\/strong><\/p>\n<p>Adem\u00e1s de Auger Drives, ofrecemos una amplia gama de productos de engranajes de pl\u00e1stico, que incluyen cajas de engranajes agr\u00edcolas, ejes de salida de potencia, ruedas dentadas, acoplamientos de fluido, reductores de tornillo sin fin, engranajes y cremalleras, cadenas desmontables, poleas y poleas, cajas de engranajes planetarios, poleas de distribuci\u00f3n, bujes y m\u00e1s.<\/p>","protected":false},"excerpt":{"rendered":"<p>Auger Drives: Unleashing the Power of Innovation Take your digging operations to the next level with Auger Drives, a revolutionary product designed to tackle the toughest drilling conditions. Equipped with a hydraulic motor and a planetary gearbox, these Auger Drives deliver unparalleled performance and reliability, making them the go-to choice for excavators and skidsteers. Unveiling [&hellip;]<\/p>","protected":false},"featured_media":3169,"template":"","meta":{"_et_pb_use_builder":"","_et_pb_old_content":"","_et_gb_content_width":""},"product_brand":[],"product_cat":[11283],"product_tag":[],"class_list":{"0":"post-3170","1":"product","2":"type-product","3":"status-publish","4":"has-post-thumbnail","6":"product_cat-planetary-gearbox","8":"first","9":"instock","10":"shipping-taxable","11":"product-type-simple"},"_links":{"self":[{"href":"https:\/\/agricultural-gear-boxes.com\/es\/wp-json\/wp\/v2\/product\/3170","targetHints":{"allow":["GET"]}}],"collection":[{"href":"https:\/\/agricultural-gear-boxes.com\/es\/wp-json\/wp\/v2\/product"}],"about":[{"href":"https:\/\/agricultural-gear-boxes.com\/es\/wp-json\/wp\/v2\/types\/product"}],"wp:featuredmedia":[{"embeddable":true,"href":"https:\/\/agricultural-gear-boxes.com\/es\/wp-json\/wp\/v2\/media\/3169"}],"wp:attachment":[{"href":"https:\/\/agricultural-gear-boxes.com\/es\/wp-json\/wp\/v2\/media?parent=3170"}],"wp:term":[{"taxonomy":"product_brand","embeddable":true,"href":"https:\/\/agricultural-gear-boxes.com\/es\/wp-json\/wp\/v2\/product_brand?post=3170"},{"taxonomy":"product_cat","embeddable":true,"href":"https:\/\/agricultural-gear-boxes.com\/es\/wp-json\/wp\/v2\/product_cat?post=3170"},{"taxonomy":"product_tag","embeddable":true,"href":"https:\/\/agricultural-gear-boxes.com\/es\/wp-json\/wp\/v2\/product_tag?post=3170"}],"curies":[{"name":"wp","href":"https:\/\/api.w.org\/{rel}","templated":true}]}}