{"id":3176,"date":"2024-08-20T05:53:50","date_gmt":"2024-08-20T05:53:50","guid":{"rendered":"https:\/\/agricultural-gear-boxes.com\/product\/planetary-belt-conveyor-drives\/"},"modified":"2024-08-20T05:53:50","modified_gmt":"2024-08-20T05:53:50","slug":"planetary-belt-conveyor-drives","status":"publish","type":"product","link":"https:\/\/agricultural-gear-boxes.com\/es\/product\/planetary-belt-conveyor-drives\/","title":{"rendered":"Accionamientos de transportadores de banda planetarios"},"content":{"rendered":"<h2>Accionamientos planetarios para transportadores de banda: revolucionando la industria de los transportadores<\/h2>\n<p>Los reductores planetarios para cintas transportadoras son cajas de engranajes diferenciales y fabricados a medida que han revolucionado la industria de las cintas transportadoras. Estas cajas de engranajes est\u00e1n dise\u00f1adas para cumplir con los requisitos, especificaciones y aplicaciones precisas de un cliente y brindan una soluci\u00f3n eficiente, confiable y de bajo mantenimiento para las aplicaciones de cintas transportadoras m\u00e1s desafiantes.<\/p>\n<h3>\u00bfCu\u00e1les son los escenarios de uso comunes de los accionamientos de transportadores de cinta planetarios?<\/h3>\n<ul>\n<li>Transporte de cargas pesadas a altas velocidades<\/li>\n<li>Transporte de materiales abrasivos<\/li>\n<li>Transporte a larga distancia<\/li>\n<li>Transporte en entornos hostiles<\/li>\n<\/ul>\n<p>Los reductores planetarios para cintas transportadoras se utilizan ampliamente en diversas industrias, como la miner\u00eda, el cemento, el acero y la generaci\u00f3n de energ\u00eda. La alta capacidad de par y el dise\u00f1o compacto de estas cajas de engranajes las hacen adecuadas para aplicaciones de servicio pesado.<\/p>\n<h3>\u00bfCu\u00e1les son las ventajas de los accionamientos de cintas transportadoras planetarias?<\/h3>\n<ul>\n<li>Alta capacidad de par<\/li>\n<li>Dise\u00f1o compacto<\/li>\n<li>Bajo nivel de ruido y vibraci\u00f3n<\/li>\n<li>Larga vida \u00fatil<\/li>\n<\/ul>\n<p>El dise\u00f1o planetario de estas cajas de engranajes proporciona una alta capacidad de par y eficiencia, y el dise\u00f1o compacto reduce el tama\u00f1o y el peso totales del sistema transportador. El uso de materiales de alta calidad y procesos de fabricaci\u00f3n avanzados garantiza una larga vida \u00fatil con bajos requisitos de mantenimiento.<\/p>\n<h3>\u00bfC\u00f3mo instalar, mantener y reparar transmisiones por correa planetaria?<\/h3>\n<p>La instalaci\u00f3n, el mantenimiento y la reparaci\u00f3n adecuados de los sistemas de transmisi\u00f3n por correa planetaria son fundamentales para su \u00f3ptimo rendimiento y longevidad. La instalaci\u00f3n debe ser realizada por un t\u00e9cnico profesional y se debe realizar un mantenimiento regular para evitar problemas e identificar posibles problemas en una etapa temprana. En caso de cualquier reparaci\u00f3n o reemplazo, solo se deben utilizar repuestos originales y la reparaci\u00f3n debe ser realizada por un t\u00e9cnico calificado.<\/p>\n<h3>\u00bfCu\u00e1les son los materiales utilizados en las transmisiones por correa planetaria?<\/h3>\n<p>Los accionamientos de cintas transportadoras planetarias suelen estar fabricados con materiales de alta calidad, como acero aleado, hierro fundido y aluminio. La selecci\u00f3n de materiales depende de la aplicaci\u00f3n espec\u00edfica y de los requisitos del cliente.<\/p>\n<h3>\u00bfQu\u00e9 otros productos ofrece la empresa?<\/h3>\n<p>Adem\u00e1s de los accionamientos para transportadores de banda planetarios, nuestra empresa ofrece diversos engranajes de pl\u00e1stico utilizados en la industria, incluidas cajas de engranajes agr\u00edcolas, ejes de salida de potencia, ruedas dentadas, acoplamientos de fluidos, reductores de engranajes helicoidales, engranajes y cremalleras, cadenas desmontables, poleas y poleas, cajas de engranajes planetarios, poleas de distribuci\u00f3n, bujes y m\u00e1s. Nos comprometemos a proporcionar productos de alta calidad, precios favorables y servicios considerados a nuestros clientes, y damos la bienvenida a los clientes para que vengan a personalizar sus dibujos o muestras.<\/p>\n<h2>Preguntas y respuestas<\/h2>\n<h3>1. \u00bfCu\u00e1les son los escenarios de uso comunes de los accionamientos de transportadores de banda planetarios?<\/h3>\n<p>Los accionamientos para transportadores de cinta planetarios se utilizan com\u00fanmente en industrias como la miner\u00eda, el cemento, el acero y la generaci\u00f3n de energ\u00eda, donde es necesario transportar cargas pesadas a altas velocidades, transportar materiales abrasivos a largas distancias o lidiar con entornos hostiles.<\/p>\n<h3>2. \u00bfCu\u00e1les son las ventajas de los accionamientos de cintas transportadoras planetarias?<\/h3>\n<p>Las ventajas de los accionamientos de cintas transportadoras planetarias incluyen alta capacidad de torque, dise\u00f1o compacto, bajo nivel de ruido y vibraci\u00f3n y larga vida \u00fatil.<\/p>\n<h3>3. \u00bfC\u00f3mo se deben instalar los accionamientos de las cintas transportadoras planetarias?<\/h3>\n<p>Planetary Belt Conveyor Drives should be installed by a professional technician, and the installation should follow the manufacturer&#8217;s instructions and guidelines.<\/p>\n<h3>4. \u00bfC\u00f3mo se debe realizar el mantenimiento de las transmisiones por correa planetaria?<\/h3>\n<p>Se debe realizar un mantenimiento regular para evitar problemas e identificar posibles problemas en una etapa temprana. El mantenimiento debe ser realizado por un t\u00e9cnico calificado y se deben utilizar repuestos originales.<\/p>\n<h3>5. \u00bfQu\u00e9 materiales se utilizan en los accionamientos de transportadores de cinta planetarios?<\/h3>\n<p>Los accionamientos de cintas transportadoras planetarias suelen estar fabricados con materiales de alta calidad, como acero de aleaci\u00f3n, hierro fundido y aluminio, seg\u00fan la aplicaci\u00f3n espec\u00edfica y los requisitos del cliente.<\/p>","protected":false},"excerpt":{"rendered":"<p>Planetary Belt Conveyor Drives: Revolutionizing the Conveyor Industry Planetary Belt Conveyor Drives are custom-built and differential gear boxes that have revolutionized the conveyor industry. These gearboxes are designed to meet the precise requirements, specifications, and applications of a customer and provide an efficient, reliable, and low-maintenance solution to the most challenging belt conveyor applications. What [&hellip;]<\/p>","protected":false},"featured_media":3175,"template":"","meta":{"_et_pb_use_builder":"","_et_pb_old_content":"","_et_gb_content_width":""},"product_brand":[],"product_cat":[11283],"product_tag":[],"class_list":{"0":"post-3176","1":"product","2":"type-product","3":"status-publish","4":"has-post-thumbnail","6":"product_cat-planetary-gearbox","8":"first","9":"instock","10":"shipping-taxable","11":"product-type-simple"},"_links":{"self":[{"href":"https:\/\/agricultural-gear-boxes.com\/es\/wp-json\/wp\/v2\/product\/3176","targetHints":{"allow":["GET"]}}],"collection":[{"href":"https:\/\/agricultural-gear-boxes.com\/es\/wp-json\/wp\/v2\/product"}],"about":[{"href":"https:\/\/agricultural-gear-boxes.com\/es\/wp-json\/wp\/v2\/types\/product"}],"wp:featuredmedia":[{"embeddable":true,"href":"https:\/\/agricultural-gear-boxes.com\/es\/wp-json\/wp\/v2\/media\/3175"}],"wp:attachment":[{"href":"https:\/\/agricultural-gear-boxes.com\/es\/wp-json\/wp\/v2\/media?parent=3176"}],"wp:term":[{"taxonomy":"product_brand","embeddable":true,"href":"https:\/\/agricultural-gear-boxes.com\/es\/wp-json\/wp\/v2\/product_brand?post=3176"},{"taxonomy":"product_cat","embeddable":true,"href":"https:\/\/agricultural-gear-boxes.com\/es\/wp-json\/wp\/v2\/product_cat?post=3176"},{"taxonomy":"product_tag","embeddable":true,"href":"https:\/\/agricultural-gear-boxes.com\/es\/wp-json\/wp\/v2\/product_tag?post=3176"}],"curies":[{"name":"wp","href":"https:\/\/api.w.org\/{rel}","templated":true}]}}