{"id":3182,"date":"2024-08-20T05:53:55","date_gmt":"2024-08-20T05:53:55","guid":{"rendered":"https:\/\/agricultural-gear-boxes.com\/product\/precision-planetary-gearbox\/"},"modified":"2024-08-20T05:53:56","modified_gmt":"2024-08-20T05:53:56","slug":"precision-planetary-gearbox","status":"publish","type":"product","link":"https:\/\/agricultural-gear-boxes.com\/es\/product\/precision-planetary-gearbox\/","title":{"rendered":"Caja de engranajes planetarios de precisi\u00f3n"},"content":{"rendered":"<h2>Caja de engranajes planetarios de precisi\u00f3n: alta precisi\u00f3n y rendimiento superior<\/h2>\n<p>Precision planetary gearbox is a mechanical device that is widely used in the industrial automation and servo applications. It is designed to provide high precision, high dynamic, and low backlash, making it ideal for applications that require high accuracy and reliability. The gearboxes are made of high-quality materials, such as aluminum-alloy die casting ADC12, 40Cr, and 20CrMnTi, which ensures the gearboxes&#8217; durability and longevity. <\/p>\n<h3>Caracter\u00edsticas:<\/h3>\n<ul>\n<li>Cajas de engranajes planetarios de alta precisi\u00f3n EP que incluyen una serie completa de cajas de engranajes planetarios de precisi\u00f3n en l\u00ednea (lineales) y en \u00e1ngulo recto. <\/li>\n<li>Alta precisi\u00f3n, alta din\u00e1mica y bajo juego. <\/li>\n<li>Hasta 3 juegos opcionales: Juego de ultra precisi\u00f3n, Juego de alta precisi\u00f3n, Juego est\u00e1ndar. <\/li>\n<li>Rendimiento superior para automatizaci\u00f3n industrial de precisi\u00f3n y aplicaciones servo. <\/li>\n<\/ul>\n<h3>Componentes:<\/h3>\n<ul>\n<li>Carcasa y brida de la caja de cambios: fundici\u00f3n a presi\u00f3n de aleaci\u00f3n de aluminio ADC12 <\/li>\n<li>Juego de engranajes: Juego de engranajes planetarios de precisi\u00f3n <\/li>\n<li>Engranajes anulares: 40Cr <\/li>\n<li>Engranajes planetarios: 20CrMnTi, dureza superficial HRC58~62, dureza interna HRC33~40 <\/li>\n<li>Configuraciones de entrada: Eje hueco con chaveta y adaptador de motor <\/li>\n<li>Configuraciones de salida: Salida de eje s\u00f3lido con chaveta, Salida de eje s\u00f3lido sin chaveta <\/li>\n<li>Motores aplicables: servomotores, motores paso a paso <\/li>\n<\/ul>\n<h3>Modelos:<\/h3>\n<ul>\n<li>Serie PAB\/PABR, Serie PPG <\/li>\n<\/ul>\n<h3>Par\u00e1metros:<\/h3>\n<table>\n<thead>\n<tr>\n<th>Serie<\/th>\n<th>Escenario<\/th>\n<th>Modelos<\/th>\n<th>Relaci\u00f3n<\/th>\n<th>Par nominal<\/th>\n<th>Di\u00e1metro de brida de salida.<\/th>\n<th>Di\u00e1metro del eje de salida.<\/th>\n<th>Reacci\u00f3n<\/th>\n<th>Eficiencia<\/th>\n<\/tr>\n<\/thead>\n<tbody>\n<tr>\n<td rowspan=\"2\">PAB (lineal)<\/td>\n<td>1<\/td>\n<td>PAB042, PAB060, PAB090, PAB115, PAB142, PAB180, PAB220<\/td>\n<td>3, 4, 5, 6, 7, 8, 9, 10<\/td>\n<td>14 Nm ~ 2000 Nm<\/td>\n<td>42 mm ~ 220 mm<\/td>\n<td>??13, ??16, ??22, ??32, ??40, ??55, ??75<\/td>\n<td>??1, ??3, ??5 minutos de arco<\/td>\n<td>??97%<\/td>\n<\/tr>\n<tr>\n<td>2<\/td>\n<td>PAB042, PAB060, PAB060A, PAB090, PAB090A, PAB115, PAB142, PAB180, PAB220<\/td>\n<td>15, 20, 25, 30, 35, 40, 45, 50, 60, 70, 80, 90, 100<\/td>\n<td>14 Nm ~ 2000 Nm<\/td>\n<td>42 mm ~ 220 mm<\/td>\n<td>??13, ??16, ??22, ??32, ??40, ??55, ??75<\/td>\n<td>??3, ??5, ??7 minutos de arco<\/td>\n<td>??94%<\/td>\n<\/tr>\n<tr>\n<td rowspan=\"2\">PABR (\u00c1ngulo recto)<\/td>\n<td>1<\/td>\n<td>PABR042, PABR060, PABR090, PABR115, PABR142, PABR180, PABR220<\/td>\n<td>3, 4, 5, 6, 7, 8, 9, 10, 14, 20<\/td>\n<td>9 N.m ~ 2000 N.m<\/td>\n<td>42 mm ~ 220 mm<\/td>\n<td>??13, ??16, ??22, ??32, ??40, ??55, ??75<\/td>\n<td>??2, ??4, ??6 minutos de arco<\/td>\n<td>??95%<\/td>\n<\/tr>\n<tr>\n<td>2<\/td>\n<td>PABR042, PABR060, PABR090, PABR115, PABR142, PABR180, PABR220<\/td>\n<td>15, 20, 25, 30, 35, 40, 45, 50, 60, 70, 80, 90, 100, 120, 140, 160, 180, 200<\/td>\n<td>14 Nm ~ 2000 Nm<\/td>\n<td>42 mm ~ 220 mm<\/td>\n<td>??13, ??16, ??22, ??32, ??40, ??55, ??75<\/td>\n<td>??4, ??7, ??9 minutos de arco<\/td>\n<td>??92%<\/td>\n<\/tr>\n<tr>\n<td rowspan=\"2\">PPG (lineal)<\/td>\n<td>1<\/td>\n<td>PPG040, PPG060, PPG080, PPG080A, PPG120, PPG120A, PPG160<\/td>\n<td>3, 4, 5, 7, 10<\/td>\n<td>9 N.m ~ 423 N.m<\/td>\n<td>&#8211;<\/td>\n<td>??10, ??14, ??20, ??25, ??40<\/td>\n<td>??6, ??8 minutos de arco<\/td>\n<td>??97%<\/td>\n<\/tr>\n<tr>\n<td>2<\/td>\n<td>PPG040, PPG060, PPG080, PPG080A, PPG120, PPG120A, PPG160<\/td>\n<td>15, 16, 20, 25, 30, 35, 40, 50, 70, 100<\/td>\n<td>9 N.m ~ 423 N.m<\/td>\n<td>&#8211;<\/td>\n<td>??10, ??14, ??20, ??25, ??40<\/td>\n<td>??8, ??10 minutos de arco<\/td>\n<td>??94%<\/td>\n<\/tr>\n<\/tbody>\n<\/table>\n<h3>Instalaci\u00f3n, mantenimiento y reparaci\u00f3n:<\/h3>\n<ul>\n<li>Installation: Before installation, it is essential to ensure that the gearbox is clean, and the input and output shafts are aligned correctly. When installing the gearbox, make sure to use the appropriate tools and follow the manufacturer&#8217;s instructions carefully. <\/li>\n<li>Maintenance: To ensure the gearbox&#8217;s optimal performance, it is crucial to perform regular maintenance, including cleaning, lubrication, and inspection. <\/li>\n<li>Reparaci\u00f3n: Si la caja de cambios est\u00e1 da\u00f1ada o no funciona correctamente, se recomienda buscar servicios de reparaci\u00f3n profesionales. Intentar reparar la caja de cambios sin los conocimientos y las habilidades adecuados puede provocar m\u00e1s da\u00f1os y generar costos adicionales. <\/li>\n<li>Reemplazo: Si la caja de cambios no se puede reparar o ya no cumple con los requisitos de la aplicaci\u00f3n, es recomendable reemplazarla por una nueva. <\/li>\n<\/ul>\n<h3>Escenarios de uso com\u00fan:<\/h3>\n<p>Los reductores planetarios de precisi\u00f3n se utilizan ampliamente en diversas industrias, incluidas la rob\u00f3tica, la automatizaci\u00f3n, la industria aeroespacial, los equipos m\u00e9dicos y m\u00e1s. Se utilizan com\u00fanmente en aplicaciones que requieren alta precisi\u00f3n y exactitud, como m\u00e1quinas CNC, maquinaria de impresi\u00f3n, maquinaria de corte, etc. <\/p>\n<h3>Ventajas:<\/h3>\n<ul>\n<li>Alta precisi\u00f3n y exactitud. <\/li>\n<li>Bajo juego. <\/li>\n<li>Durable y de larga duraci\u00f3n. <\/li>\n<li>F\u00e1cil de instalar, mantener y reparar. <\/li>\n<li>Compatible con varios motores, como servomotores y motores paso a paso. <\/li>\n<\/ul>\n<h3>Otros productos de la empresa:<\/h3>\n<p>Adem\u00e1s de los reductores planetarios de precisi\u00f3n, nuestra empresa tambi\u00e9n suministra diversos engranajes de pl\u00e1stico utilizados en la industria, como reductores agr\u00edcolas, ejes de salida de potencia, ruedas dentadas, acoplamientos de fluidos, reductores de tornillo sin fin, engranajes y cremalleras, cadenas desmontables, poleas y poleas, reductores planetarios, poleas de distribuci\u00f3n, bujes y m\u00e1s. Nuestros productos son de alta calidad, tienen precios competitivos y vienen con un servicio considerado. Damos la bienvenida a los clientes a que vengan a nosotros para personalizar los dibujos o las muestras.<\/p>\n<h2>Preguntas y respuestas:<\/h2>\n<h3>1. \u00bfQu\u00e9 son los reductores planetarios de precisi\u00f3n?<\/h3>\n<p>Los reductores planetarios de precisi\u00f3n son dispositivos mec\u00e1nicos que brindan alta precisi\u00f3n, alta din\u00e1mica y bajo juego. Se utilizan ampliamente en diversas industrias, incluidas la rob\u00f3tica, la automatizaci\u00f3n, la industria aeroespacial, los equipos m\u00e9dicos y m\u00e1s.<\/p>\n<h3>2. \u00bfCu\u00e1les son las ventajas de los reductores planetarios de precisi\u00f3n?<\/h3>\n<p>Las ventajas de los reductores planetarios de precisi\u00f3n incluyen alta precisi\u00f3n y exactitud, bajo juego, durabilidad y longevidad, f\u00e1cil instalaci\u00f3n, mantenimiento y reparaci\u00f3n, y compatibilidad con varios motores como servomotores y motores paso a paso.<\/p>\n<h3>3. \u00bfCu\u00e1les son los escenarios de uso comunes de los reductores planetarios de precisi\u00f3n?<\/h3>\n<p>Los engranajes planetarios de precisi\u00f3n se utilizan com\u00fanmente en aplicaciones que requieren alta precisi\u00f3n y exactitud, como m\u00e1quinas CNC, maquinaria de impresi\u00f3n, maquinaria de corte y m\u00e1s.<\/p>\n<h3>4. \u00bfC\u00f3mo instalo una caja de engranajes planetarios de precisi\u00f3n?<\/h3>\n<p>Before installation, it is essential to ensure that the gearbox is clean, and the input and output shafts are aligned correctly. When installing the gearbox, make sure to use the appropriate tools and follow the manufacturer&#8217;s instructions carefully.<\/p>\n<h3>5. \u00bfQu\u00e9 debo hacer si mi caja de engranajes planetarios de precisi\u00f3n est\u00e1 da\u00f1ada o no funciona correctamente?<\/h3>\n<p>Si su caja de engranajes planetarios de precisi\u00f3n est\u00e1 da\u00f1ada o no funciona correctamente, se recomienda buscar servicios de reparaci\u00f3n profesionales. Intentar reparar la caja de engranajes sin los conocimientos y las habilidades adecuados puede provocar m\u00e1s da\u00f1os y generar costos adicionales.<\/p>","protected":false},"excerpt":{"rendered":"<p>Precision Planetary Gearbox: High Precision and Superior Performance Precision planetary gearbox is a mechanical device that is widely used in the industrial automation and servo applications. It is designed to provide high precision, high dynamic, and low backlash, making it ideal for applications that require high accuracy and reliability. The gearboxes are made of high-quality [&hellip;]<\/p>","protected":false},"featured_media":3181,"template":"","meta":{"_et_pb_use_builder":"","_et_pb_old_content":"","_et_gb_content_width":""},"product_brand":[],"product_cat":[11283],"product_tag":[],"class_list":{"0":"post-3182","1":"product","2":"type-product","3":"status-publish","4":"has-post-thumbnail","6":"product_cat-planetary-gearbox","8":"first","9":"instock","10":"shipping-taxable","11":"product-type-simple"},"_links":{"self":[{"href":"https:\/\/agricultural-gear-boxes.com\/es\/wp-json\/wp\/v2\/product\/3182","targetHints":{"allow":["GET"]}}],"collection":[{"href":"https:\/\/agricultural-gear-boxes.com\/es\/wp-json\/wp\/v2\/product"}],"about":[{"href":"https:\/\/agricultural-gear-boxes.com\/es\/wp-json\/wp\/v2\/types\/product"}],"wp:featuredmedia":[{"embeddable":true,"href":"https:\/\/agricultural-gear-boxes.com\/es\/wp-json\/wp\/v2\/media\/3181"}],"wp:attachment":[{"href":"https:\/\/agricultural-gear-boxes.com\/es\/wp-json\/wp\/v2\/media?parent=3182"}],"wp:term":[{"taxonomy":"product_brand","embeddable":true,"href":"https:\/\/agricultural-gear-boxes.com\/es\/wp-json\/wp\/v2\/product_brand?post=3182"},{"taxonomy":"product_cat","embeddable":true,"href":"https:\/\/agricultural-gear-boxes.com\/es\/wp-json\/wp\/v2\/product_cat?post=3182"},{"taxonomy":"product_tag","embeddable":true,"href":"https:\/\/agricultural-gear-boxes.com\/es\/wp-json\/wp\/v2\/product_tag?post=3182"}],"curies":[{"name":"wp","href":"https:\/\/api.w.org\/{rel}","templated":true}]}}