{"id":3184,"date":"2024-08-20T05:53:57","date_gmt":"2024-08-20T05:53:57","guid":{"rendered":"https:\/\/agricultural-gear-boxes.com\/product\/planetary-slew-drives\/"},"modified":"2024-08-20T05:53:58","modified_gmt":"2024-08-20T05:53:58","slug":"planetary-slew-drives","status":"publish","type":"product","link":"https:\/\/agricultural-gear-boxes.com\/es\/product\/planetary-slew-drives\/","title":{"rendered":"Accionamientos de giro planetario"},"content":{"rendered":"<h2>Accionamientos de giro planetario: caracter\u00edsticas y aplicaciones<\/h2>\n<p>Los variadores de velocidad planetarios fabricados por Ever-Power Co., Ltd est\u00e1n dise\u00f1ados para proporcionar un rendimiento \u00f3ptimo en una amplia gama de aplicaciones industriales. Estos variadores son muy eficientes y vers\u00e1tiles y ofrecen diversas caracter\u00edsticas que los hacen ideales para su uso en aplicaciones exigentes.<\/p>\n<h3>\u00bfQu\u00e9 son los motores de giro planetario?<\/h3>\n<p>Planetary Slew Drives are gearboxes that are specially designed to provide rotational power to heavy-duty machinery and equipment. These drives provide superior torque multiplication and can support several loads in various directions. Ever-Power&#8217;s planetary slew drives are highly efficient and suitable for use in a wide range of applications, including solar trackers, wind turbines, and heavy-duty construction equipment.<\/p>\n<h3>Caracter\u00edsticas de los accionamientos de giro planetario<\/h3>\n<ul>\n<li>Output Torque Range: 1000&#8230;80000 N.m<\/li>\n<li>Gear Ratios: i=3,3&#8230;3000<\/li>\n<li>Soporte: Soporte de giro (con brida montada)<\/li>\n<li>Freno el\u00e9ctrico: tipo CC y CA<\/li>\n<li>Eje de salida: Estriado o con pi\u00f1\u00f3n integrado<\/li>\n<li>Motores aplicables: motores hidr\u00e1ulicos de pistones axiales, motores orbitales hidr\u00e1ulicos, motores el\u00e9ctricos IEC<\/li>\n<li>Opciones de motor hidr\u00e1ulico: v\u00e1lvula de alivio de presi\u00f3n, v\u00e1lvula de sobrecentro, freno de estacionamiento a pedido<\/li>\n<li>Cojinetes de alta capacidad para soportar ejes de salida<\/li>\n<\/ul>\n<h3>Aplicaciones de los accionamientos de giro planetario<\/h3>\n<p>Los accionamientos de giro planetario se utilizan en una amplia gama de aplicaciones, entre las que se incluyen:<\/p>\n<ul>\n<li>Seguidores solares<\/li>\n<li>Turbinas de viento<\/li>\n<li>Maquinaria de construcci\u00f3n de servicio pesado<\/li>\n<li>Elevadores de personal<\/li>\n<li>Excavadoras<\/li>\n<li>Gr\u00faas<\/li>\n<li>Transportadores<\/li>\n<li>Mesas giratorias<\/li>\n<li>Aplicaciones marinas<\/li>\n<li>Y muchos m\u00e1s<\/li>\n<\/ul>\n<h3>Ventajas de los accionamientos de giro planetario<\/h3>\n<ul>\n<li>Alto par de salida<\/li>\n<li>Dise\u00f1o compacto<\/li>\n<li>Transmisi\u00f3n de potencia eficiente<\/li>\n<li>Movimiento suave y preciso<\/li>\n<li>Alta capacidad de carga radial y axial<\/li>\n<li>Bajo contragolpe<\/li>\n<li>F\u00e1cil instalaci\u00f3n y mantenimiento<\/li>\n<li>Larga vida \u00fatil<\/li>\n<\/ul>\n<h3>Instalaci\u00f3n, mantenimiento y reparaci\u00f3n de transmisiones planetarias<\/h3>\n<p>Installation, maintenance, and repair of Planetary Slew Drives should be carried out by qualified professionals. Users should follow the manufacturer&#8217;s instructions for proper installation, maintenance, and repair. Routine maintenance should be carried out to ensure optimal performance and to prevent downtime.<\/p>\n<h3>Company&#8217;s Other Products Business<\/h3>\n<p>Adem\u00e1s de los engranajes planetarios, Ever-Power Co., Ltd suministra diversos engranajes de pl\u00e1stico que se utilizan en la industria. Estos incluyen cajas de engranajes agr\u00edcolas, ejes de salida de potencia, ruedas dentadas, acoplamientos de fluido, reductores de engranajes helicoidales, engranajes y cremalleras, cadenas desmontables, poleas y poleas, cajas de engranajes planetarios, poleas de distribuci\u00f3n, bujes y m\u00e1s. Ever-Power Co., Ltd se compromete a proporcionar productos de alta calidad a precios favorables y a ofrecer un excelente servicio al cliente. Los clientes pueden venir con dibujos o muestras para personalizaciones. <\/p>\n<h2>Preguntas y respuestas<\/h2>\n<h3>Q1: What is the output torque range of Ever-Power&#8217;s Planetary Slew Drives?<\/h3>\n<p>A1: The output torque range of Ever-Power&#8217;s Planetary Slew Drives is from 1000&#8230;80000 N.m.<\/p>\n<h3>P2: \u00bfCu\u00e1les son las aplicaciones de los accionamientos de giro planetario?<\/h3>\n<p>A2: Los accionamientos de giro planetario se utilizan en diversas aplicaciones, incluidos seguidores solares, turbinas e\u00f3licas, equipos de construcci\u00f3n pesados, elevadores de personal, excavadoras, gr\u00faas, transportadores, mesas giratorias, aplicaciones marinas y m\u00e1s.<\/p>\n<h3>P3: \u00bfCu\u00e1les son las ventajas de los accionamientos de giro planetario?<\/h3>\n<p>A3: Las ventajas de los accionamientos de giro planetario incluyen alto torque de salida, dise\u00f1o compacto, transmisi\u00f3n de potencia eficiente, movimiento suave y preciso, alta capacidad de carga radial y axial, bajo juego, f\u00e1cil instalaci\u00f3n y mantenimiento, y larga vida \u00fatil.<\/p>\n<h3>P4: \u00bfQu\u00e9 otros productos suministra Ever-Power Co., Ltd?<\/h3>\n<p>A4: Ever-Power Co., Ltd suministra diversos engranajes de pl\u00e1stico que se utilizan en la industria, incluidas cajas de engranajes agr\u00edcolas, ejes de salida de potencia, pi\u00f1ones, acoplamientos de fluido, reductores de tornillo sin fin, engranajes y cremalleras, cadenas desmontables, poleas y poleas, cajas de engranajes planetarios, poleas de distribuci\u00f3n, bujes y m\u00e1s.<\/p>\n<h3>P5: \u00bfC\u00f3mo se deben instalar, mantener y reparar los accionamientos de giro planetario?<\/h3>\n<p>A5: Installation, maintenance, and repair of Planetary Slew Drives should be carried out by qualified professionals. Users should follow the manufacturer&#8217;s instructions for proper installation, maintenance, and repair. Routine maintenance should be carried out to ensure optimal performance and to prevent downtime.<\/p>","protected":false},"excerpt":{"rendered":"<p>Planetary Slew Drives: Features and Applications Planetary Slew Drives manufactured by Ever-Power Co., Ltd are designed to provide optimal performance in a wide range of industrial applications. These drives are highly efficient and versatile and offer various features that make them ideal for use in demanding applications. What are Planetary Slew Drives? Planetary Slew Drives [&hellip;]<\/p>","protected":false},"featured_media":3183,"template":"","meta":{"_et_pb_use_builder":"","_et_pb_old_content":"","_et_gb_content_width":""},"product_brand":[],"product_cat":[11283],"product_tag":[],"class_list":{"0":"post-3184","1":"product","2":"type-product","3":"status-publish","4":"has-post-thumbnail","6":"product_cat-planetary-gearbox","8":"first","9":"instock","10":"shipping-taxable","11":"product-type-simple"},"_links":{"self":[{"href":"https:\/\/agricultural-gear-boxes.com\/es\/wp-json\/wp\/v2\/product\/3184","targetHints":{"allow":["GET"]}}],"collection":[{"href":"https:\/\/agricultural-gear-boxes.com\/es\/wp-json\/wp\/v2\/product"}],"about":[{"href":"https:\/\/agricultural-gear-boxes.com\/es\/wp-json\/wp\/v2\/types\/product"}],"wp:featuredmedia":[{"embeddable":true,"href":"https:\/\/agricultural-gear-boxes.com\/es\/wp-json\/wp\/v2\/media\/3183"}],"wp:attachment":[{"href":"https:\/\/agricultural-gear-boxes.com\/es\/wp-json\/wp\/v2\/media?parent=3184"}],"wp:term":[{"taxonomy":"product_brand","embeddable":true,"href":"https:\/\/agricultural-gear-boxes.com\/es\/wp-json\/wp\/v2\/product_brand?post=3184"},{"taxonomy":"product_cat","embeddable":true,"href":"https:\/\/agricultural-gear-boxes.com\/es\/wp-json\/wp\/v2\/product_cat?post=3184"},{"taxonomy":"product_tag","embeddable":true,"href":"https:\/\/agricultural-gear-boxes.com\/es\/wp-json\/wp\/v2\/product_tag?post=3184"}],"curies":[{"name":"wp","href":"https:\/\/api.w.org\/{rel}","templated":true}]}}